{"id":4742,"date":"2024-10-08T16:47:02","date_gmt":"2024-10-08T14:47:02","guid":{"rendered":"https:\/\/divinginadream.com\/avis-legal\/"},"modified":"2025-08-13T11:48:18","modified_gmt":"2025-08-13T09:48:18","slug":"avis-legal","status":"publish","type":"page","link":"https:\/\/puravidalanzarotediving.com\/ca\/avis-legal\/","title":{"rendered":"Av\u00eds Legal"},"content":{"rendered":"\t\t<div data-elementor-type=\"wp-page\" data-elementor-id=\"4742\" class=\"elementor elementor-4742 elementor-2427\" data-elementor-post-type=\"page\">\n\t\t\t\t<div class=\"wd-negative-gap elementor-element elementor-element-4da9fbd wd-section-stretch-content e-flex e-con-boxed e-con e-parent\" data-id=\"4da9fbd\" data-element_type=\"container\" data-e-type=\"container\">\n\t\t\t\t\t<div class=\"e-con-inner\">\n\t\t<div class=\"elementor-element elementor-element-88dfa7f e-con-full wd-section-stretch-content e-flex e-con e-child\" data-id=\"88dfa7f\" data-element_type=\"container\" data-e-type=\"container\" data-settings=\"{&quot;background_background&quot;:&quot;classic&quot;}\">\n\t\t<div class=\"elementor-element elementor-element-cdc99a9 e-con-full wd-section-stretch-content e-flex e-con e-child\" data-id=\"cdc99a9\" data-element_type=\"container\" data-e-type=\"container\">\n\t\t\t\t<div class=\"elementor-element elementor-element-48d038c elementor--h-position-center elementor--v-position-middle elementor-arrows-position-inside elementor-pagination-position-inside elementor-widget elementor-widget-slides\" data-id=\"48d038c\" data-element_type=\"widget\" data-e-type=\"widget\" data-settings=\"{&quot;navigation&quot;:&quot;both&quot;,&quot;autoplay&quot;:&quot;yes&quot;,&quot;pause_on_hover&quot;:&quot;yes&quot;,&quot;pause_on_interaction&quot;:&quot;yes&quot;,&quot;autoplay_speed&quot;:5000,&quot;infinite&quot;:&quot;yes&quot;,&quot;transition&quot;:&quot;slide&quot;,&quot;transition_speed&quot;:500}\" data-widget_type=\"slides.default\">\n\t\t\t\t<div class=\"elementor-widget-container\">\n\t\t\t\t\t\t\t\t\t<div class=\"elementor-swiper\">\n\t\t\t\t\t<div class=\"elementor-slides-wrapper elementor-main-swiper swiper\" role=\"region\" aria-roledescription=\"carousel\" aria-label=\"Diapositives\" dir=\"ltr\" data-animation=\"fadeInUp\">\n\t\t\t\t<div class=\"swiper-wrapper elementor-slides\">\n\t\t\t\t\t\t\t\t\t\t<div class=\"elementor-repeater-item-4094fd2 swiper-slide\" role=\"group\" aria-roledescription=\"slide\"><div class=\"swiper-slide-bg elementor-ken-burns elementor-ken-burns--in\" role=\"img\" aria-label=\"Fondo del mar\"><\/div><div class=\"elementor-background-overlay\"><\/div><div class=\"swiper-slide-inner\" ><div class=\"swiper-slide-contents\"><h1 class=\"elementor-slide-heading\">Av\u00eds Legal<\/h1><\/div><\/div><\/div>\t\t\t\t<\/div>\n\t\t\t\t\t\t\t<\/div>\n\t\t\t\t<\/div>\n\t\t\t\t\t\t\t\t<\/div>\n\t\t\t\t<\/div>\n\t\t\t\t<\/div>\n\t\t\t\t<\/div>\n\t\t\t\t\t<\/div>\n\t\t\t\t<\/div>\n\t\t<div class=\"wd-negative-gap elementor-element elementor-element-d7626b4 e-flex e-con-boxed e-con e-parent\" data-id=\"d7626b4\" data-element_type=\"container\" data-e-type=\"container\">\n\t\t\t\t\t<div class=\"e-con-inner\">\n\t\t\t\t<div class=\"elementor-element elementor-element-5e12ac3 color-scheme-inherit text-left elementor-widget elementor-widget-text-editor\" data-id=\"5e12ac3\" data-element_type=\"widget\" data-e-type=\"widget\" data-widget_type=\"text-editor.default\">\n\t\t\t\t<div class=\"elementor-widget-container\">\n\t\t\t\t\t\t\t\t\t<h3>Avis Legal Web<\/h3><p><strong><br>1. DADES IDENTIFICATIVES<\/strong><\/p><p>En compliment del Reglament General de Protecci\u00f3 de Dades (UE) 2016\/679 del Parlament Europeu i del Consell de 27 d&#8217;abril de 2016, i de la Llei Org\u00e0nica 3\/2018 de 5 de desembre de Protecci\u00f3 de Dades Personals i Garantia dels Drets Digitals, es reflecteixen les dades seg\u00fcents:<\/p><p>L&#8217; empresa titular de present domini web <a href=\"http:\/\/www.puravidalanzarotediving.com\" target=\"_new\" rel=\"noopener\">www.puravidalanzarotediving.com<\/a> es <strong>PURA VIDA DIVING ISLAS CANARIA SL<\/strong>, n\u00famero de CIF: B76249564, amd domicili a aquests efectes a Avda Islas Canarias 1 CC Punta Limones, 33 Playa Blanca (Lanzarote).<\/p><p>Correu electr\u00f2nic de Protecci\u00f3 de Dades: <a rel=\"noopener\">admin@puravidalanzarotediving.com<\/a>.<\/p><p><strong><br>2. USUARIS<\/strong><\/p><p>L&#8217;acc\u00e9s i\/o \u00fas d&#8217;aquest portal o lloc web li atribueix la condici\u00f3 d&#8217;USUARI, que accepta, des d&#8217;aquest acc\u00e9s i\/o \u00fas, les Condicions Generals d&#8217;\u00das reflectides en aquest av\u00eds.<\/p><p>Les Condicions seran d&#8217;aplicaci\u00f3 independentment de les Condicions Generals de Contractaci\u00f3 que, si escau, resultin d&#8217;obligat compliment. En tot cas, per a qualsevol finalitat espec\u00edfica es demanar\u00e0 el seu consentiment expr\u00e9s. <\/p><p><strong><br>3. \u00daS DEL PORTAL<\/strong><\/p><p>La nostra web proporciona l&#8217;acc\u00e9s a informacions, serveis, programes o dades (d&#8217;ara endavant anomenats \u201cels continguts\u201d) a Internet pertanyents a <strong>PURA VIDA DIVING ILLES CAN\u00c0RIA SL<\/strong> o als seus llicenciants, als quals l&#8217;USUARI pugui tenir acc\u00e9s.<\/p><p>L&#8217;USUARI assumeix la responsabilitat de fer un \u00fas correcte del portal, la qual cosa s&#8217;est\u00e9n al registre necessari per accedir a determinats serveis o continguts. En aquest registre, l&#8217;USUARI ser\u00e0 responsable d&#8217;aportar informaci\u00f3 vera\u00e7 i l\u00edcita. Com a conseq\u00fc\u00e8ncia d&#8217;aquest registre, a l&#8217;USUARI se li pot proporcionar una contrasenya de la qual ser\u00e0 responsable, comprometent-se a fer-ne un \u00fas diligent, \u00e8tic i confidencial.  <\/p><p>L&#8217;USUARI es compromet a fer un \u00fas adequat dels continguts i serveis (com ara serveis de xat, f\u00f2rums de discussi\u00f3 o grups de not\u00edcies) oferts a trav\u00e9s del portal, i a no emprar-los per a:<\/p><ul><li>Realitzar activitats il\u00b7l\u00edcites, il\u00b7legals o contr\u00e0ries a la bona fe i a l&#8217;ordre p\u00fablic.<\/li><li>Difondre continguts o propaganda de car\u00e0cter racista, xen\u00f2fob, pornogr\u00e0fic-il\u00b7legal, d&#8217;apologia del terrorisme o que atempti contra els drets humans.<\/li><li>Provocar danys als sistemes f\u00edsics i l\u00f2gics del propietari, dels seus prove\u00efdors o de terceres persones, introduir o difondre a la xarxa virus inform\u00e0tics o qualsevol altre sistema f\u00edsic o l\u00f2gic que sigui susceptible de provocar danys.<\/li><li>Intentar acceder, y en su caso, utilizar las cuentas de correo electr\u00f3nico de otros usuarios y modificar o manipular sus mensajes.<\/li><\/ul><p>El propietari del portal es reserva el dret de retirar tots aquells comentaris i aportacions que vulnerin el respecte a la dignitat de la persona, que siguin discriminatoris, xen\u00f2fobs, racistes, pornogr\u00e0fics, que atemptin contra la joventut o la inf\u00e0ncia, l&#8217;ordre o la seguretat p\u00fablica o que, al seu judici, no resultin adequats o convenients per a la seva publicaci\u00f3. En qualsevol cas, el propietari del portal no ser\u00e0 responsable de les opinions expressades pels usuaris a trav\u00e9s dels f\u00f2rums, xats o altres eines de participaci\u00f3. <\/p><p><strong><br>4. PROTECCI\u00d3 DE DADES<\/strong><\/p><p>L&#8217;\u00fas de les dades personals est\u00e0 definit d&#8217;acord amb el Reglament General de Protecci\u00f3 de Dades i la normativa espanyola vigent. Amb l&#8217;objectiu de aconseguir la m\u00e0xima transpar\u00e8ncia i basant-nos en la nostra pol\u00edtica proactiva, li informem: <\/p><ul><li><p><strong>\u00bfPer qu\u00e9 solicitem les seves dades?<\/strong><br><strong>PURA VIDA DIVING ISLAS CANARIA SL<\/strong> informa al client que el tractament de les dades es realitza amb les seg\u00fcents finalitats:<\/p><ul><li>Realitzar totes les gestions relacionades amb l&#8217;elaboraci\u00f3 de pressupostos, contractaci\u00f3 i prestaci\u00f3 de serveis de <strong>PURA VIDA DIVING ISLAS CANARIA SL<\/strong> a l&#8217; empresa a la que pertany o, si escau, a l&#8217;interessat que ho sol\u00b7liciti.<\/li><li>Atendre i respondre les comunicacions rebudes, aix\u00ed com les de prospecci\u00f3 comercial per mantenir informats els usuaris d&#8217;eventuals promocions.<\/li><\/ul><\/li><li><p><strong>Quin tipus de dades recollim?<\/strong><br>Dades personals corresponents a la seva pr\u00f2pia identitat i que siguin adequades, pertinents, actuals, exactes i vertaderes. L&#8217;usuari ser\u00e0 l&#8217;\u00fanic responsable davant de qualsevol dany, directe i\/o indirecte, que causin a tercers o a <strong>PURA VIDA DIVING ISLAS CANARIA SL<\/strong>, per l&#8217;\u00fas de dades personals d&#8217;una altra persona o per usar dades personals falses, err\u00f2nies, no actuals, inadequades o impertinents <\/p><\/li><li><p><strong>Com es recullen?<\/strong><br>\u00das de formularis per a la recollida de dades personals. Als formularis de contacte existents a la web, on es recullen dades de car\u00e0cter personal, l&#8217;usuari haur\u00e0 de consentir de manera expressa i pr\u00e8via a l&#8217;enviament dels mateixos, l&#8217;acceptaci\u00f3 i coneixement de la pol\u00edtica de privadesa mitjan\u00e7ant l&#8217;emplenament del check \u00abhe llegit i accepto la pol\u00edtica de privadesa\u00bb, el contingut de la qual podr\u00e0 consultar mitjan\u00e7ant l&#8217;enlla\u00e7 adjunt en aquest av\u00eds legal.  Si el camp check no \u00e9s marcat per l&#8217;usuari, no es realitzar\u00e0 l&#8217;enviament de les dades contingudes en aquests formularis.<\/p><\/li><li><p><strong>\u00das compartit amb tercers:<\/strong><br>Les dades no es cediran a tercers, excepte en els casos en qu\u00e8 existeixi una obligaci\u00f3 legal. No estan previstes transfer\u00e8ncies de dades a tercers pa\u00efsos. <\/p><\/li><li><p><strong>Drets:<\/strong><br>T\u00e9 dret a accedir a les seves dades, rectificar-les, suprimir-les, limitar-les i oposar-se al seu tractament en qualsevol moment. Tamb\u00e9 pot retirar el consentiment prestat i reclamar davant l&#8217;autoritat de control (Ag\u00e8ncia Espanyola de Protecci\u00f3 de Dades, c\/ Jorge Juan n\u00ba6, 28001 Madrid). Per a l&#8217;exercici dels seus drets disposa d&#8217;un canal directe amb la nostra empresa a l&#8217;email de Protecci\u00f3 de Dades <a rel=\"noopener\">admin@puravidalanzarotediving.com<\/a> o a l&#8217;adre\u00e7a postal Avda Islas Canarias 1 CC Punta Limones, 33 Playa Blanca (Les Palmas), indicant en l&#8217;assumpte \u201cprotecci\u00f3 de dades\u201d.  <\/p><\/li><\/ul><p>Aix\u00ed mateix, <strong>PURA VIDA DIVING ISLAS CANARIA SL<\/strong> informa que compleix amb la Llei 34\/2002, de 11 de juliol, de Serveis de la Societat de la Informaci\u00f3 i del Comer\u00e7 Electr\u00f2nic, i sol\u00b7licitar\u00e0 el seu consentiment per al tractament del seu correu electr\u00f2nic amb fins comercials en cada moment.<\/p><p><strong><br>5. PROPIETAT INTEL\u00b7LECTUAL I INDUSTRIAL<\/strong><\/p><p>El propietari, per si mateix o com a cessionari, \u00e9s titular de tots els drets de propietat intel\u00b7lectual i industrial del seu lloc web, aix\u00ed com dels elements continguts en el mateix (a t\u00edtol enunciatiu, imatges, so, \u00e0udio, v\u00eddeo, programari o textos; marques o logotips, combinacions de colors, estructura i disseny, selecci\u00f3 de materials utilitzats, programes d&#8217;ordinador necessaris per al seu funcionament, acc\u00e9s i \u00fas, etc.).<\/p><p>Tots els drets reservats. En virtut del que disposen els articles 8 i 32.1, par\u00e0graf segon, de la Llei de Propietat Intel\u00b7lectual, queden expressament prohibides la reproducci\u00f3, distribuci\u00f3 i comunicaci\u00f3 p\u00fablica, incloent la seva modalitat de posada a disposici\u00f3, de la totalitat o part dels continguts d&#8217;aquesta p\u00e0gina web amb fins comercials, en qualsevol suport i per qualsevol mitj\u00e0 t\u00e8cnic, sense l&#8217;autoritzaci\u00f3 de <strong>PURA VIDA DIVING ISLAS CANARIA SL<\/strong>. <\/p><p>L&#8217;USUARI es compromet a respectar els drets de Propietat Intel\u00b7lectual i Industrial titularitat de <strong>PURA VIDA DIVING ISLAS CANARIA SL<\/strong>. Podr\u00e0 visualitzar els elements del portal i fins i tot imprimir-los, copiar-los i emmagatzemar-los al disc dur del seu ordinador o en qualsevol altre suport f\u00edsic, sempre que sigui \u00fanica i exclusivament per a la seva utilitzaci\u00f3 personal i privada. <\/p><p>L&#8217;USUARI haur\u00e0 d&#8217;abstenir-se de suprimir, alterar, eludir o manipular qualsevol dispositiu de protecci\u00f3 o sistema de seguretat que estigu\u00e9s instal\u00b7lat a les p\u00e0gines de <strong>PURA VIDA DIVING ISLAS CANARIA SL<\/strong>.<\/p><p><strong><br>6. EXCLUSI\u00d3 DE GARANTIES I RESPONSABILITAT<\/strong><\/p><p><strong>PURA VIDA DIVING ISLAS CANARIA SL<\/strong> no es fa responsable, en cap cas, dels danys i perjudicis de qualsevol naturalesa que poguessin ocasionar, a t\u00edtol enunciatiu: errors o omissions en els continguts, falta de disponibilitat del portal, o la transmissi\u00f3 de virus o programes maliciosos o perjudicials en els continguts, malgrat haver adoptat totes les mesures tecnol\u00f2giques necess\u00e0ries per evitar-ho.<\/p><p><strong><br>7. MODIFICACIONS<\/strong><\/p><p><strong>PURA VIDA DIVING ISLAS CANARIA SL<\/strong> es reserva el dret d&#8217;efectuar sense previ av\u00eds les modificacions que consideri oportunes al seu portal, podent canviar, suprimir o afegir tant els continguts i serveis que s&#8217;ofereixen a trav\u00e9s del mateix, com la manera en qu\u00e8 aquests apareguin presentats o localitzats al portal.<\/p><p><strong><br>8. ENLLA\u00c7OS<\/strong><\/p><p>En el cas que a <strong>PURA VIDA DIVING ISLAS CANARIA SL<\/strong> es disposessin enlla\u00e7os o hiperv\u00ednculos cap a altres llocs d&#8217;Internet, no exercir\u00e0 cap tipus de control sobre aquests llocs i continguts. En cap cas, <strong>PURA VIDA DIVING ISLAS CANARIA SL<\/strong> assumir\u00e0 responsabilitat alguna pels continguts d&#8217;algun enlla\u00e7 pertanyent a un lloc web ali\u00e8, ni garantir\u00e0 la disponibilitat t\u00e8cnica, qualitat, fiabilitat, exactitud, amplitud, veracitat, validesa i constitucionalitat de qualsevol material o informaci\u00f3 continguda en aquests hiperv\u00edncles o altres llocs d&#8217;Internet. En cas d&#8217;utilitzar els enlla\u00e7os, li preguem que accedeixi a la pol\u00edtica de privadesa i a l&#8217;av\u00eds legal del lloc visitat.  <\/p><p>Igualment, la inclusi\u00f3 d&#8217;aquestes connexions externes no implicar\u00e0 cap tipus d&#8217;associaci\u00f3, fusi\u00f3 o participaci\u00f3 amb les entitats connectades.<\/p><p><strong><br>9. DRET D&#8217;EXCLUSI\u00d3<\/strong><\/p><p><strong>PURA VIDA DIVING ISLAS CANARIA SL<\/strong> es reserva el dret a denegar o retirar l&#8217;acc\u00e9s al portal i\/o als serveis oferts sense necessitat de preav\u00eds, a inst\u00e0ncia pr\u00f2pia o d&#8217;un tercer, a aquells usuaris que incompleixin les presents Condicions Generals d&#8217;\u00das.<\/p><p><strong><br>10. GENERALITATS<\/strong><\/p><p><strong>PURA VIDA DIVING ISLAS CANARIA SL<\/strong> perseguir\u00e0 l&#8217;incompliment d&#8217;aquestes condicions, aix\u00ed com qualsevol utilitzaci\u00f3 indeguda del seu portal, exercint totes les accions civils i penals que li puguin correspondre en dret.<\/p><p><strong><br>11. MODIFICACI\u00d3 DE LES PRESENTS CONDICIONS I DURADA<\/strong><\/p><p><strong>PURA VIDA DIVING ISLAS CANARIA SL <\/strong>podr\u00e0 modificar en qualsevol moment les condicions aqu\u00ed establertes, sent degudament publicades tal com apareixen aqu\u00ed.<\/p><p>La vig\u00e8ncia de les esmentades condicions anir\u00e0 en funci\u00f3 de la seva exposici\u00f3 i estaran vigents fins que siguin modificades per altres degudament publicades.<\/p><p><strong><br>12. LEGISLACI\u00d3 APLICABLE I JURISDICCI\u00d3<\/strong><\/p><p>La relaci\u00f3 entre <strong>PURA VIDA DIVING ISLAS CANARIA SL<\/strong> i l&#8217;USUARI es regir\u00e0 per la normativa espanyola vigent i qualsevol controv\u00e8rsia es sotmetr\u00e0 als Jutjats i tribunals espanyols.<\/p>\t\t\t\t\t\t\t\t<\/div>\n\t\t\t\t<\/div>\n\t\t\t\t\t<\/div>\n\t\t\t\t<\/div>\n\t\t\t\t<\/div>\n\t\t","protected":false},"excerpt":{"rendered":"<p>Av\u00eds Legal Avis Legal Web 1. DADES IDENTIFICATIVES En compliment del Reglament General de Protecci\u00f3 de Dades (UE) 2016\/679 del<\/p>\n","protected":false},"author":1,"featured_media":0,"parent":0,"menu_order":0,"comment_status":"closed","ping_status":"closed","template":"","meta":{"_joinchat":[],"footnotes":""},"class_list":["post-4742","page","type-page","status-publish","hentry"],"_links":{"self":[{"href":"https:\/\/puravidalanzarotediving.com\/ca\/wp-json\/wp\/v2\/pages\/4742","targetHints":{"allow":["GET"]}}],"collection":[{"href":"https:\/\/puravidalanzarotediving.com\/ca\/wp-json\/wp\/v2\/pages"}],"about":[{"href":"https:\/\/puravidalanzarotediving.com\/ca\/wp-json\/wp\/v2\/types\/page"}],"author":[{"embeddable":true,"href":"https:\/\/puravidalanzarotediving.com\/ca\/wp-json\/wp\/v2\/users\/1"}],"replies":[{"embeddable":true,"href":"https:\/\/puravidalanzarotediving.com\/ca\/wp-json\/wp\/v2\/comments?post=4742"}],"version-history":[{"count":0,"href":"https:\/\/puravidalanzarotediving.com\/ca\/wp-json\/wp\/v2\/pages\/4742\/revisions"}],"wp:attachment":[{"href":"https:\/\/puravidalanzarotediving.com\/ca\/wp-json\/wp\/v2\/media?parent=4742"}],"curies":[{"name":"wp","href":"https:\/\/api.w.org\/{rel}","templated":true}]}}