{"id":4755,"date":"2024-04-11T12:51:21","date_gmt":"2024-04-11T10:51:21","guid":{"rendered":"https:\/\/divinginadream.com\/politica-de-privacitat\/"},"modified":"2024-12-15T13:43:48","modified_gmt":"2024-12-15T12:43:48","slug":"politica-de-privacitat","status":"publish","type":"page","link":"https:\/\/puravidalanzarotediving.com\/ca\/politica-de-privacitat\/","title":{"rendered":"Pol\u00edtica de privacitat"},"content":{"rendered":"\t\t<div data-elementor-type=\"wp-page\" data-elementor-id=\"4755\" class=\"elementor elementor-4755 elementor-3\" data-elementor-post-type=\"page\">\n\t\t\t\t<div class=\"wd-negative-gap elementor-element elementor-element-4da9fbd wd-section-stretch-content e-flex e-con-boxed e-con e-parent\" data-id=\"4da9fbd\" data-element_type=\"container\" data-e-type=\"container\">\n\t\t\t\t\t<div class=\"e-con-inner\">\n\t\t<div class=\"elementor-element elementor-element-88dfa7f e-con-full wd-section-stretch-content e-flex e-con e-child\" data-id=\"88dfa7f\" data-element_type=\"container\" data-e-type=\"container\" data-settings=\"{&quot;background_background&quot;:&quot;classic&quot;}\">\n\t\t<div class=\"elementor-element elementor-element-cdc99a9 e-con-full wd-section-stretch-content e-flex e-con e-child\" data-id=\"cdc99a9\" data-element_type=\"container\" data-e-type=\"container\">\n\t\t\t\t<div class=\"elementor-element elementor-element-48d038c elementor--h-position-center elementor--v-position-middle elementor-arrows-position-inside elementor-pagination-position-inside elementor-widget elementor-widget-slides\" data-id=\"48d038c\" data-element_type=\"widget\" data-e-type=\"widget\" data-settings=\"{&quot;navigation&quot;:&quot;both&quot;,&quot;autoplay&quot;:&quot;yes&quot;,&quot;pause_on_hover&quot;:&quot;yes&quot;,&quot;pause_on_interaction&quot;:&quot;yes&quot;,&quot;autoplay_speed&quot;:5000,&quot;infinite&quot;:&quot;yes&quot;,&quot;transition&quot;:&quot;slide&quot;,&quot;transition_speed&quot;:500}\" data-widget_type=\"slides.default\">\n\t\t\t\t<div class=\"elementor-widget-container\">\n\t\t\t\t\t\t\t\t\t<div class=\"elementor-swiper\">\n\t\t\t\t\t<div class=\"elementor-slides-wrapper elementor-main-swiper swiper\" role=\"region\" aria-roledescription=\"carousel\" aria-label=\"Diapositives\" dir=\"ltr\" data-animation=\"fadeInUp\">\n\t\t\t\t<div class=\"swiper-wrapper elementor-slides\">\n\t\t\t\t\t\t\t\t\t\t<div class=\"elementor-repeater-item-4094fd2 swiper-slide\" role=\"group\" aria-roledescription=\"slide\"><div class=\"swiper-slide-bg elementor-ken-burns elementor-ken-burns--in\" role=\"img\" aria-label=\"Fondo del mar\"><\/div><div class=\"elementor-background-overlay\"><\/div><div class=\"swiper-slide-inner\" ><div class=\"swiper-slide-contents\"><h1 class=\"elementor-slide-heading\">Pol\u00edtica de privacitat<\/h1><\/div><\/div><\/div>\t\t\t\t<\/div>\n\t\t\t\t\t\t\t<\/div>\n\t\t\t\t<\/div>\n\t\t\t\t\t\t\t\t<\/div>\n\t\t\t\t<\/div>\n\t\t\t\t<\/div>\n\t\t\t\t<\/div>\n\t\t\t\t\t<\/div>\n\t\t\t\t<\/div>\n\t\t<div class=\"wd-negative-gap elementor-element elementor-element-d7626b4 e-flex e-con-boxed e-con e-parent\" data-id=\"d7626b4\" data-element_type=\"container\" data-e-type=\"container\">\n\t\t\t\t\t<div class=\"e-con-inner\">\n\t\t\t\t<div class=\"elementor-element elementor-element-5e12ac3 color-scheme-inherit text-left elementor-widget elementor-widget-text-editor\" data-id=\"5e12ac3\" data-element_type=\"widget\" data-e-type=\"widget\" data-widget_type=\"text-editor.default\">\n\t\t\t\t<div class=\"elementor-widget-container\">\n\t\t\t\t\t\t\t\t\t<h3>Pol\u00edtica de privacitat WEB<\/h3>\n<p>En compliment del Reglament General de Protecci\u00f3 de Dades (UE) 2016\/679 del Parlament Europeu i del Consell del 27 d&#8217;abril de 2016, i de la Llei Org\u00e0nica 3\/2018 de 5 de desembre de Protecci\u00f3 de Dades Personals i de Garantia dels Drets Digitals, l&#8217;informem que:<\/p>\n<p>L&#8217;empresa titular del present domini i Responsable del Tractament de la web <a href=\"https:\/\/www.puravidalanzarotediving.com\" target=\"_new\" rel=\"noopener\">https:\/\/www.puravidalanzarotediving.com <\/a>\u00e9s <strong>PURA VIDA DIVING ISLAS CANARIA SL<\/strong>, amb domicili a aquests efectes a C\/ Avda Islas Canarias, 1 CC Punta Limones, 33 Playa Blanca, n\u00famero de C.I.F.: B76249564.<\/p>\n<p>Correu electr\u00f2nic de Protecci\u00f3 de Dades: <a rel=\"noopener\">admin@puravidalanzarotediving.com<\/a>.<\/p>\n<p>El Responsable del tractament, <strong>PURA VIDA DIVING ISLAS CANARIA SL<\/strong>, t\u00e9 la finalitat de gestionar la recollida de les seves dades mitjan\u00e7ant l&#8217;\u00fas dels nostres formularis.<\/p>\n<p>Als formularis de contacte existents a la web, on es recullen dades de car\u00e0cter personal, l&#8217;usuari haur\u00e0 de consentir de manera expressa i amb car\u00e0cter previ a l&#8217;enviament dels mateixos, l&#8217;acceptaci\u00f3 i coneixement de la pol\u00edtica de privacitat mitjan\u00e7ant el compliment del check \u00abhe llegit i accepto la pol\u00edtica de privacitat\u00bb, el contingut del qual podr\u00e0 consultar mitjan\u00e7ant l&#8217;enlla\u00e7 adjunt en el present av\u00eds legal.<\/p>\n<p>Si el camp check no \u00e9s marcat per l&#8217;usuari, no es realitzar\u00e0 l&#8217;enviament de les dades contingudes en aquests formularis.<\/p>\n<p>Entenc que estic donant el meu perm\u00eds per a l&#8217;\u00fas i tractament de les meves dades personals, aix\u00ed com de la informaci\u00f3 sol\u00b7licitada o a contractar.<\/p>\n<p>La base legal per al tractament de les seves dades \u00e9s el consentiment atorgat. Aquest consentiment podr\u00e0 ser revocat en qualsevol moment per vost\u00e8 o el seu representant legal. <\/p>\n<p>Conservarem les seves dades el temps estrictament necessari per respondre a exig\u00e8ncies legals. Les dades no es cediran a tercers llevat que hi hagi una obligaci\u00f3 legal. No estan previstes transfer\u00e8ncies de dades a pa\u00efsos tercers.  <\/p>\n<p>Pot exercir els seus drets d&#8217;acc\u00e9s, rectificaci\u00f3, supressi\u00f3 i portabilitat de les seves dades, aix\u00ed com la limitaci\u00f3 o oposici\u00f3 al seu tractament, a trav\u00e9s del correu electr\u00f2nic <a rel=\"noopener\">admin@puravidalanzarotediving.com<\/a> o a l&#8217;adre\u00e7a postal Avda Islas Canarias 1 CC Punta Limones 33 Playa Blanca.<\/p>\n<p>De la mateixa manera, podr\u00e0 interposar una reclamaci\u00f3 davant l&#8217;Autoritat de Control a <a href=\"http:\/\/www.aepd.es\" target=\"_new\" rel=\"noopener\">www.aepd.es.<\/a><\/p>\n<p>Les seves dades han estat proporcionades directament per vost\u00e8 a trav\u00e9s de la web. Tractem les seves dades identificatives, adre\u00e7a postal, adre\u00e7a electr\u00f2nica i la informaci\u00f3 comercial relativa als nostres serveis sol\u00b7licitats. <\/p>\n\t\t\t\t\t\t\t\t<\/div>\n\t\t\t\t<\/div>\n\t\t\t\t\t<\/div>\n\t\t\t\t<\/div>\n\t\t\t\t<\/div>\n\t\t","protected":false},"excerpt":{"rendered":"<p>Pol\u00edtica de privacitat Pol\u00edtica de privacitat WEB En compliment del Reglament General de Protecci\u00f3 de Dades (UE) 2016\/679 del Parlament<\/p>\n","protected":false},"author":1,"featured_media":0,"parent":0,"menu_order":0,"comment_status":"closed","ping_status":"closed","template":"","meta":{"_joinchat":[],"footnotes":""},"class_list":["post-4755","page","type-page","status-publish","hentry"],"_links":{"self":[{"href":"https:\/\/puravidalanzarotediving.com\/ca\/wp-json\/wp\/v2\/pages\/4755","targetHints":{"allow":["GET"]}}],"collection":[{"href":"https:\/\/puravidalanzarotediving.com\/ca\/wp-json\/wp\/v2\/pages"}],"about":[{"href":"https:\/\/puravidalanzarotediving.com\/ca\/wp-json\/wp\/v2\/types\/page"}],"author":[{"embeddable":true,"href":"https:\/\/puravidalanzarotediving.com\/ca\/wp-json\/wp\/v2\/users\/1"}],"replies":[{"embeddable":true,"href":"https:\/\/puravidalanzarotediving.com\/ca\/wp-json\/wp\/v2\/comments?post=4755"}],"version-history":[{"count":0,"href":"https:\/\/puravidalanzarotediving.com\/ca\/wp-json\/wp\/v2\/pages\/4755\/revisions"}],"wp:attachment":[{"href":"https:\/\/puravidalanzarotediving.com\/ca\/wp-json\/wp\/v2\/media?parent=4755"}],"curies":[{"name":"wp","href":"https:\/\/api.w.org\/{rel}","templated":true}]}}