{"id":4763,"date":"2024-07-31T13:48:17","date_gmt":"2024-07-31T11:48:17","guid":{"rendered":"https:\/\/divinginadream.com\/regala-busseig\/"},"modified":"2024-12-18T13:07:32","modified_gmt":"2024-12-18T12:07:32","slug":"regala-busseig","status":"publish","type":"page","link":"https:\/\/puravidalanzarotediving.com\/ca\/regala-busseig\/","title":{"rendered":"Regala Busseig"},"content":{"rendered":"\t\t<div data-elementor-type=\"wp-page\" data-elementor-id=\"4763\" class=\"elementor elementor-4763 elementor-479\" data-elementor-post-type=\"page\">\n\t\t\t\t<div class=\"wd-negative-gap elementor-element elementor-element-b6c5e38 wd-section-stretch-content e-flex e-con-boxed e-con e-parent\" data-id=\"b6c5e38\" data-element_type=\"container\" data-e-type=\"container\">\n\t\t\t\t\t<div class=\"e-con-inner\">\n\t\t\t\t<div class=\"elementor-element elementor-element-b893bdb elementor--h-position-center elementor--v-position-middle elementor-arrows-position-inside elementor-pagination-position-inside elementor-widget elementor-widget-slides\" data-id=\"b893bdb\" data-element_type=\"widget\" data-e-type=\"widget\" data-settings=\"{&quot;navigation&quot;:&quot;both&quot;,&quot;autoplay&quot;:&quot;yes&quot;,&quot;pause_on_hover&quot;:&quot;yes&quot;,&quot;pause_on_interaction&quot;:&quot;yes&quot;,&quot;autoplay_speed&quot;:5000,&quot;infinite&quot;:&quot;yes&quot;,&quot;transition&quot;:&quot;slide&quot;,&quot;transition_speed&quot;:500}\" data-widget_type=\"slides.default\">\n\t\t\t\t<div class=\"elementor-widget-container\">\n\t\t\t\t\t\t\t\t\t<div class=\"elementor-swiper\">\n\t\t\t\t\t<div class=\"elementor-slides-wrapper elementor-main-swiper swiper\" role=\"region\" aria-roledescription=\"carousel\" aria-label=\"Diapositivas\" dir=\"ltr\" data-animation=\"fadeInUp\">\n\t\t\t\t<div class=\"swiper-wrapper elementor-slides\">\n\t\t\t\t\t\t\t\t\t\t<div class=\"elementor-repeater-item-4094fd2 swiper-slide\" role=\"group\" aria-roledescription=\"slide\"><div class=\"swiper-slide-bg elementor-ken-burns elementor-ken-burns--in\" role=\"img\" aria-label=\"regala buceo en pura vida diving lanzarote\"><\/div><div class=\"elementor-background-overlay\"><\/div><a class=\"swiper-slide-inner\" href=\"https:\/\/fareharbor.com\/embeds\/book\/puravidalanzarotediving\/items\/124198\/calendar\/?flow=131814&#038;u=5ae00ee7-ee28-4455-b022-98be1980e05b&#038;from-ssl=yes&#038;ga4t=G-86TFL0C285%2C895130654.1701195923__1723474195%3BG-6WXE90X597%2C895130654.1701195923__1723474195%3B&#038;g4=yes&#038;cp=yes&#038;csp=yes&#038;back=https%3A%2F%2Fpuravidalanzarotediving.com%2Fregala-buceo%2F&#038;language=es-es\" target=\"_blank\"><div class=\"swiper-slide-contents\"><h1 class=\"elementor-slide-heading\">Regala busseig<\/h1><div  class=\"elementor-button elementor-slide-button elementor-size-sm\">FER UN REGAL ARA<\/div><\/div><\/a><\/div>\t\t\t\t<\/div>\n\t\t\t\t\t\t\t<\/div>\n\t\t\t\t<\/div>\n\t\t\t\t\t\t\t\t<\/div>\n\t\t\t\t<\/div>\n\t\t\t\t\t<\/div>\n\t\t\t\t<\/div>\n\t\t<div class=\"wd-negative-gap elementor-element elementor-element-41cdd56 e-flex e-con-boxed e-con e-parent\" data-id=\"41cdd56\" data-element_type=\"container\" data-e-type=\"container\">\n\t\t\t\t\t<div class=\"e-con-inner\">\n\t\t<div class=\"elementor-element elementor-element-5f38366 e-con-full e-flex e-con e-child\" data-id=\"5f38366\" data-element_type=\"container\" data-e-type=\"container\">\n\t\t\t\t<div class=\"elementor-element elementor-element-7e1054b elementor-widget elementor-widget-heading\" data-id=\"7e1054b\" data-element_type=\"widget\" data-e-type=\"widget\" data-widget_type=\"heading.default\">\n\t\t\t\t<div class=\"elementor-widget-container\">\n\t\t\t\t\t<h2 class=\"elementor-heading-title elementor-size-default\">Busques un regal per a una boda, aniversari, comiat...<\/h2>\t\t\t\t<\/div>\n\t\t\t\t<\/div>\n\t\t\t\t<div class=\"elementor-element elementor-element-5a2cf9e color-scheme-inherit text-left elementor-widget elementor-widget-text-editor\" data-id=\"5a2cf9e\" data-element_type=\"widget\" data-e-type=\"widget\" data-widget_type=\"text-editor.default\">\n\t\t\t\t<div class=\"elementor-widget-container\">\n\t\t\t\t\t\t\t\t\t<p>Si vols que es converteixi en una experi\u00e8ncia inoblidable,<\/p>\n<p>\u00a1Aleshores regala busseig! Aqu\u00ed trobar\u00e0s vals regal de tot tipus: des del bateig de busseig per a alg\u00fa que no ho hagi provat mai, passant pel curs d&#8217;iniciaci\u00f3 fins a cursos avan\u00e7ats per als que ja s\u00f3n bussejadors titulats. <\/p>\n\t\t\t\t\t\t\t\t<\/div>\n\t\t\t\t<\/div>\n\t\t\t\t<div class=\"elementor-element elementor-element-e18e9d0 elementor-align-center elementor-widget elementor-widget-button\" data-id=\"e18e9d0\" data-element_type=\"widget\" data-e-type=\"widget\" data-widget_type=\"button.default\">\n\t\t\t\t<div class=\"elementor-widget-container\">\n\t\t\t\t\t\t\t\t\t<div class=\"elementor-button-wrapper\">\n\t\t\t\t\t<a class=\"elementor-button elementor-button-link elementor-size-sm\" href=\"https:\/\/fareharbor.com\/embeds\/book\/puravidalanzarotediving\/items\/124198\/calendar\/?flow=131814&#038;u=5ae00ee7-ee28-4455-b022-98be1980e05b&#038;from-ssl=yes&#038;ga4t=G-86TFL0C285%2C895130654.1701195923__1723474195%3BG-6WXE90X597%2C895130654.1701195923__1723474195%3B&#038;g4=yes&#038;cp=yes&#038;csp=yes&#038;back=https%3A%2F%2Fpuravidalanzarotediving.com%2Fregala-buceo%2F&#038;language=es-es\">\n\t\t\t\t\t\t<span class=\"elementor-button-content-wrapper\">\n\t\t\t\t\t\t<span class=\"elementor-button-icon\">\n\t\t\t\t<i aria-hidden=\"true\" class=\"icon icon-gift11\"><\/i>\t\t\t<\/span>\n\t\t\t\t\t\t\t\t\t<span class=\"elementor-button-text\">Regala Busseig<\/span>\n\t\t\t\t\t<\/span>\n\t\t\t\t\t<\/a>\n\t\t\t\t<\/div>\n\t\t\t\t\t\t\t\t<\/div>\n\t\t\t\t<\/div>\n\t\t\t\t<\/div>\n\t\t\t\t\t<\/div>\n\t\t\t\t<\/div>\n\t\t<div class=\"wd-negative-gap elementor-element elementor-element-7487b90 e-flex e-con-boxed e-con e-parent\" data-id=\"7487b90\" data-element_type=\"container\" data-e-type=\"container\">\n\t\t\t\t\t<div class=\"e-con-inner\">\n\t\t<div class=\"elementor-element elementor-element-7e77b29 e-con-full e-flex e-con e-child\" data-id=\"7e77b29\" data-element_type=\"container\" data-e-type=\"container\">\n\t\t\t\t<div class=\"elementor-element elementor-element-9f85604 elementor-hidden-tablet elementor-hidden-mobile elementor-widget elementor-widget-image\" data-id=\"9f85604\" data-element_type=\"widget\" data-e-type=\"widget\" data-widget_type=\"image.default\">\n\t\t\t\t<div class=\"elementor-widget-container\">\n\t\t\t\t\t\t\t\t\t\t\t\t\t\t\t<img decoding=\"async\" width=\"450\" height=\"289\" src=\"https:\/\/puravidalanzarotediving.com\/wp-content\/uploads\/2024\/08\/cupon-WEBconnombre.jpg\" class=\"attachment-full size-full wp-image-3446\" alt=\"\" srcset=\"https:\/\/puravidalanzarotediving.com\/wp-content\/uploads\/2024\/08\/cupon-WEBconnombre.jpg 450w, https:\/\/puravidalanzarotediving.com\/wp-content\/uploads\/2024\/08\/cupon-WEBconnombre-300x193.jpg 300w\" sizes=\"(max-width: 450px) 100vw, 450px\" \/>\t\t\t\t\t\t\t\t\t\t\t\t\t\t\t<\/div>\n\t\t\t\t<\/div>\n\t\t\t\t<div class=\"elementor-element elementor-element-adb8439 elementor-hidden-tablet elementor-hidden-mobile elementor-widget elementor-widget-image\" data-id=\"adb8439\" data-element_type=\"widget\" data-e-type=\"widget\" data-widget_type=\"image.default\">\n\t\t\t\t<div class=\"elementor-widget-container\">\n\t\t\t\t\t\t\t\t\t\t\t\t\t\t\t<img decoding=\"async\" width=\"450\" height=\"289\" src=\"https:\/\/puravidalanzarotediving.com\/wp-content\/uploads\/2024\/08\/cuponkidscon-nombre.jpg\" class=\"attachment-full size-full wp-image-3451\" alt=\"\" srcset=\"https:\/\/puravidalanzarotediving.com\/wp-content\/uploads\/2024\/08\/cuponkidscon-nombre.jpg 450w, https:\/\/puravidalanzarotediving.com\/wp-content\/uploads\/2024\/08\/cuponkidscon-nombre-300x193.jpg 300w\" sizes=\"(max-width: 450px) 100vw, 450px\" \/>\t\t\t\t\t\t\t\t\t\t\t\t\t\t\t<\/div>\n\t\t\t\t<\/div>\n\t\t\t\t<\/div>\n\t\t<div class=\"elementor-element elementor-element-8ad7225 e-con-full e-flex e-con e-child\" data-id=\"8ad7225\" data-element_type=\"container\" data-e-type=\"container\">\n\t\t\t\t<div class=\"elementor-element elementor-element-e9655a2 elementor-widget elementor-widget-heading\" data-id=\"e9655a2\" data-element_type=\"widget\" data-e-type=\"widget\" data-widget_type=\"heading.default\">\n\t\t\t\t<div class=\"elementor-widget-container\">\n\t\t\t\t\t<h2 class=\"elementor-heading-title elementor-size-default\">Regala Busseig amb el nostre vale<\/h2>\t\t\t\t<\/div>\n\t\t\t\t<\/div>\n\t\t\t\t<div class=\"elementor-element elementor-element-184e494 color-scheme-inherit text-left elementor-widget elementor-widget-text-editor\" data-id=\"184e494\" data-element_type=\"widget\" data-e-type=\"widget\" data-widget_type=\"text-editor.default\">\n\t\t\t\t<div class=\"elementor-widget-container\">\n\t\t\t\t\t\t\t\t\t<p>Tenim regals per a persones <strong>adultes i petites.<\/strong><\/p>\n<p>Amb aquest val <strong>podr\u00e0s regalar el curs de busseig que m\u00e9s t&#8217;agradi, una immersi\u00f3 o ambdues experi\u00e8ncies.<\/strong><\/p>\n<p>Nom\u00e9s <strong>has de contactar amb nosaltres i especificar el que t&#8217;agradaria regalar<\/strong>, i aix\u00ed de f\u00e0cil et manarem el val regal perqu\u00e8 el puguis lliurar quan vulguis.<\/p>\n<p>El val regal <strong>es pot utilitzar quan et vingui de gust<\/strong>; fins i tot si per mala sort \u00e9s un regal que ja t\u00e9, pot canviar-lo per un altre del mateix valor.<\/p>\n<p><strong>La persona a qui li regalis nom\u00e9s haur\u00e0 de contactar amb nosaltres amb antelaci\u00f3 per reservar dia i hora per a l&#8217;activitat<\/strong>.<\/p>\n<p>El dia de l&#8217;activitat, <strong>nom\u00e9s haur\u00e0 de portar banyador i tovallola i gaudir de l&#8217;experi\u00e8ncia.<\/strong><\/p>\n<p><strong>Si tens dubtes, regala un val regal per la quantitat que desitgis<\/strong> perqu\u00e8 ell o ella el canvi\u00ef pel que m\u00e9s li agradi de la nostra botiga: cursos de buceig, material de buceig, snorkel, nataci\u00f3, apnea&#8230;<\/p>\n<p>Comen\u00e7a a regalar experi\u00e8ncies de buceig!<strong> Mai no ho oblidaran!<\/strong><\/p>\n\t\t\t\t\t\t\t\t<\/div>\n\t\t\t\t<\/div>\n\t\t\t\t<div class=\"elementor-element elementor-element-809fa55 elementor-hidden-desktop elementor-widget elementor-widget-image\" data-id=\"809fa55\" data-element_type=\"widget\" data-e-type=\"widget\" data-widget_type=\"image.default\">\n\t\t\t\t<div class=\"elementor-widget-container\">\n\t\t\t\t\t\t\t\t\t\t\t\t\t\t\t<img decoding=\"async\" width=\"450\" height=\"289\" src=\"https:\/\/puravidalanzarotediving.com\/wp-content\/uploads\/2024\/08\/cupon-WEBconnombre.jpg\" class=\"attachment-full size-full wp-image-3446\" alt=\"\" srcset=\"https:\/\/puravidalanzarotediving.com\/wp-content\/uploads\/2024\/08\/cupon-WEBconnombre.jpg 450w, https:\/\/puravidalanzarotediving.com\/wp-content\/uploads\/2024\/08\/cupon-WEBconnombre-300x193.jpg 300w\" sizes=\"(max-width: 450px) 100vw, 450px\" \/>\t\t\t\t\t\t\t\t\t\t\t\t\t\t\t<\/div>\n\t\t\t\t<\/div>\n\t\t\t\t<div class=\"elementor-element elementor-element-46167b8 elementor-hidden-desktop elementor-widget elementor-widget-image\" data-id=\"46167b8\" data-element_type=\"widget\" data-e-type=\"widget\" data-widget_type=\"image.default\">\n\t\t\t\t<div class=\"elementor-widget-container\">\n\t\t\t\t\t\t\t\t\t\t\t\t\t\t\t<img decoding=\"async\" width=\"450\" height=\"289\" src=\"https:\/\/puravidalanzarotediving.com\/wp-content\/uploads\/2024\/08\/cuponkidscon-nombre.jpg\" class=\"attachment-full size-full wp-image-3451\" alt=\"\" srcset=\"https:\/\/puravidalanzarotediving.com\/wp-content\/uploads\/2024\/08\/cuponkidscon-nombre.jpg 450w, https:\/\/puravidalanzarotediving.com\/wp-content\/uploads\/2024\/08\/cuponkidscon-nombre-300x193.jpg 300w\" sizes=\"(max-width: 450px) 100vw, 450px\" \/>\t\t\t\t\t\t\t\t\t\t\t\t\t\t\t<\/div>\n\t\t\t\t<\/div>\n\t\t\t\t<\/div>\n\t\t\t\t\t<\/div>\n\t\t\t\t<\/div>\n\t\t<div class=\"wd-negative-gap elementor-element elementor-element-93b08c8 e-flex e-con-boxed e-con e-parent\" data-id=\"93b08c8\" data-element_type=\"container\" data-e-type=\"container\">\n\t\t\t\t\t<div class=\"e-con-inner\">\n\t\t\t\t<div class=\"elementor-element elementor-element-b83323a elementor-align-center elementor-widget elementor-widget-button\" data-id=\"b83323a\" data-element_type=\"widget\" data-e-type=\"widget\" data-widget_type=\"button.default\">\n\t\t\t\t<div class=\"elementor-widget-container\">\n\t\t\t\t\t\t\t\t\t<div class=\"elementor-button-wrapper\">\n\t\t\t\t\t<a class=\"elementor-button elementor-button-link elementor-size-sm\" href=\"https:\/\/fareharbor.com\/embeds\/book\/puravidalanzarotediving\/items\/124198\/calendar\/?flow=131814&#038;u=5ae00ee7-ee28-4455-b022-98be1980e05b&#038;from-ssl=yes&#038;ga4t=G-86TFL0C285%2C895130654.1701195923__1723474195%3BG-6WXE90X597%2C895130654.1701195923__1723474195%3B&#038;g4=yes&#038;cp=yes&#038;csp=yes&#038;back=https%3A%2F%2Fpuravidalanzarotediving.com%2Fregala-buceo%2F&#038;language=es-es\">\n\t\t\t\t\t\t<span class=\"elementor-button-content-wrapper\">\n\t\t\t\t\t\t<span class=\"elementor-button-icon\">\n\t\t\t\t<i aria-hidden=\"true\" class=\"icon icon-gift11\"><\/i>\t\t\t<\/span>\n\t\t\t\t\t\t\t\t\t<span class=\"elementor-button-text\">Regala Busseig<\/span>\n\t\t\t\t\t<\/span>\n\t\t\t\t\t<\/a>\n\t\t\t\t<\/div>\n\t\t\t\t\t\t\t\t<\/div>\n\t\t\t\t<\/div>\n\t\t\t\t\t<\/div>\n\t\t\t\t<\/div>\n\t\t\t\t<\/div>\n\t\t","protected":false},"excerpt":{"rendered":"<p>Regala busseig FER UN REGAL ARA Busques un regal per a una boda, aniversari, comiat&#8230; Si vols que es converteixi<\/p>\n","protected":false},"author":1,"featured_media":0,"parent":0,"menu_order":0,"comment_status":"closed","ping_status":"closed","template":"","meta":{"_joinchat":[],"footnotes":""},"class_list":["post-4763","page","type-page","status-publish","hentry"],"_links":{"self":[{"href":"https:\/\/puravidalanzarotediving.com\/ca\/wp-json\/wp\/v2\/pages\/4763","targetHints":{"allow":["GET"]}}],"collection":[{"href":"https:\/\/puravidalanzarotediving.com\/ca\/wp-json\/wp\/v2\/pages"}],"about":[{"href":"https:\/\/puravidalanzarotediving.com\/ca\/wp-json\/wp\/v2\/types\/page"}],"author":[{"embeddable":true,"href":"https:\/\/puravidalanzarotediving.com\/ca\/wp-json\/wp\/v2\/users\/1"}],"replies":[{"embeddable":true,"href":"https:\/\/puravidalanzarotediving.com\/ca\/wp-json\/wp\/v2\/comments?post=4763"}],"version-history":[{"count":0,"href":"https:\/\/puravidalanzarotediving.com\/ca\/wp-json\/wp\/v2\/pages\/4763\/revisions"}],"wp:attachment":[{"href":"https:\/\/puravidalanzarotediving.com\/ca\/wp-json\/wp\/v2\/media?parent=4763"}],"curies":[{"name":"wp","href":"https:\/\/api.w.org\/{rel}","templated":true}]}}