{"id":4767,"date":"2024-07-09T16:27:42","date_gmt":"2024-07-09T14:27:42","guid":{"rendered":"https:\/\/divinginadream.com\/eco-dive\/"},"modified":"2024-12-17T20:59:16","modified_gmt":"2024-12-17T19:59:16","slug":"eco-dive","status":"publish","type":"page","link":"https:\/\/puravidalanzarotediving.com\/ca\/eco-dive\/","title":{"rendered":"Eco Dive"},"content":{"rendered":"\t\t<div data-elementor-type=\"wp-page\" data-elementor-id=\"4767\" class=\"elementor elementor-4767 elementor-274\" data-elementor-post-type=\"page\">\n\t\t\t\t<div class=\"elementor-element elementor-element-89085c4 e-con-full wd-section-stretch-content e-flex e-con e-parent\" data-id=\"89085c4\" data-element_type=\"container\" data-e-type=\"container\">\n\t\t\t\t<div class=\"elementor-element elementor-element-514135a elementor--h-position-center elementor--v-position-middle elementor-arrows-position-inside elementor-pagination-position-inside elementor-widget elementor-widget-slides\" data-id=\"514135a\" data-element_type=\"widget\" data-e-type=\"widget\" data-settings=\"{&quot;navigation&quot;:&quot;both&quot;,&quot;autoplay&quot;:&quot;yes&quot;,&quot;pause_on_hover&quot;:&quot;yes&quot;,&quot;pause_on_interaction&quot;:&quot;yes&quot;,&quot;autoplay_speed&quot;:5000,&quot;infinite&quot;:&quot;yes&quot;,&quot;transition&quot;:&quot;slide&quot;,&quot;transition_speed&quot;:500}\" data-widget_type=\"slides.default\">\n\t\t\t\t<div class=\"elementor-widget-container\">\n\t\t\t\t\t\t\t\t\t<div class=\"elementor-swiper\">\n\t\t\t\t\t<div class=\"elementor-slides-wrapper elementor-main-swiper swiper\" role=\"region\" aria-roledescription=\"carousel\" aria-label=\"Diapositivas\" dir=\"ltr\" data-animation=\"fadeInUp\">\n\t\t\t\t<div class=\"swiper-wrapper elementor-slides\">\n\t\t\t\t\t\t\t\t\t\t<div class=\"elementor-repeater-item-4094fd2 swiper-slide\" role=\"group\" aria-roledescription=\"slide\"><div class=\"swiper-slide-bg elementor-ken-burns elementor-ken-burns--in\" role=\"img\" aria-label=\"Pura vida Eco dive\"><\/div><div class=\"elementor-background-overlay\"><\/div><div class=\"swiper-slide-inner\" ><div class=\"swiper-slide-contents\"><h1 class=\"elementor-slide-heading\">Pura Vida \u00e9s Eco Dive<\/h1><\/div><\/div><\/div>\t\t\t\t<\/div>\n\t\t\t\t\t\t\t<\/div>\n\t\t\t\t<\/div>\n\t\t\t\t\t\t\t\t<\/div>\n\t\t\t\t<\/div>\n\t\t\t\t<\/div>\n\t\t<div class=\"wd-negative-gap elementor-element elementor-element-80892e6 e-flex e-con-boxed e-con e-parent\" data-id=\"80892e6\" data-element_type=\"container\" data-e-type=\"container\">\n\t\t\t\t\t<div class=\"e-con-inner\">\n\t\t\t\t<div class=\"elementor-element elementor-element-4d712eb color-scheme-inherit text-left elementor-widget elementor-widget-text-editor\" data-id=\"4d712eb\" data-element_type=\"widget\" data-e-type=\"widget\" data-widget_type=\"text-editor.default\">\n\t\t\t\t<div class=\"elementor-widget-container\">\n\t\t\t\t\t\t\t\t\t<div class=\"wpb_text_column wpb_content_element vc_custom_1581675963960\">\n<div class=\"wpb_wrapper\">\n<p>Pura Vida Lanzarote practica l&#8217;<strong>eco busseig <\/strong>di\u00e0riament per contribuir, des del nostre esport, a preservar el nostre entorn dins i fora de l&#8217;aigua, i continuar gaudint de les meravelles de la natura en harmonia.<\/p>\n<p><em>El desenvolupament que satisf\u00e0 les necessitats de la generaci\u00f3 present sense comprometre la capacitat de les generacions futures per satisfer les seves pr\u00f2pies necessitats.<\/em><\/p>\n<p>Pura Vida \u00e9s molt m\u00e9s que un centre de busseig; \u00e9s una filosofia basada en el respecte al medi natural, cultural i social, i als valors d&#8217;una comunitat que permet gaudir d&#8217;un intercanvi positiu d&#8217;experi\u00e8ncies, on la relaci\u00f3 entre el turista i la comunitat \u00e9s justa i els beneficis de l&#8217;activitat es reparteixen de manera equitativa.<\/p>\n<\/div>\n<\/div>\n\t\t\t\t\t\t\t\t<\/div>\n\t\t\t\t<\/div>\n\t\t\t\t\t<\/div>\n\t\t\t\t<\/div>\n\t\t\t\t<section class=\"wd-negative-gap elementor-section elementor-top-section elementor-element elementor-element-2364e353 elementor-section-full_width elementor-section-height-default elementor-section-height-default\" data-id=\"2364e353\" data-element_type=\"section\" data-e-type=\"section\" id=\"xs_team_9\">\n\t\t\t\t\t\t<div class=\"elementor-container elementor-column-gap-default\">\n\t\t\t\t\t<div class=\"elementor-column elementor-col-100 elementor-top-column elementor-element elementor-element-425a7d9a\" data-id=\"425a7d9a\" data-element_type=\"column\" data-e-type=\"column\">\n\t\t\t<div class=\"elementor-widget-wrap elementor-element-populated\">\n\t\t\t\t<div class=\"wd-negative-gap elementor-element elementor-element-52b24d7 e-grid e-con-boxed e-con e-parent\" data-id=\"52b24d7\" data-element_type=\"container\" data-e-type=\"container\">\n\t\t\t\t\t<div class=\"e-con-inner\">\n\t\t\t\t<div class=\"elementor-element elementor-element-2bde375 elementor-position-top elementor-widget elementor-widget-image-box\" data-id=\"2bde375\" data-element_type=\"widget\" data-e-type=\"widget\" data-widget_type=\"image-box.default\">\n\t\t\t\t<div class=\"elementor-widget-container\">\n\t\t\t\t\t<div class=\"elementor-image-box-wrapper\"><figure class=\"elementor-image-box-img\"><a href=\"https:\/\/www.divessi.com\/es\/get-certified\/environment\/blue-oceans\" target=\"_blank\" tabindex=\"-1\" rel=\"noopener\"><img decoding=\"async\" width=\"871\" height=\"343\" src=\"https:\/\/puravidalanzarotediving.com\/wp-content\/uploads\/2024\/07\/blue-ocean.jpg\" class=\"attachment-full size-full wp-image-2779\" alt=\"Blue Ocean\" srcset=\"https:\/\/puravidalanzarotediving.com\/wp-content\/uploads\/2024\/07\/blue-ocean.jpg 871w, https:\/\/puravidalanzarotediving.com\/wp-content\/uploads\/2024\/07\/blue-ocean-300x118.jpg 300w, https:\/\/puravidalanzarotediving.com\/wp-content\/uploads\/2024\/07\/blue-ocean-768x302.jpg 768w\" sizes=\"(max-width: 871px) 100vw, 871px\" \/><\/a><\/figure><div class=\"elementor-image-box-content\"><h3 class=\"elementor-image-box-title\"><a href=\"https:\/\/www.divessi.com\/es\/get-certified\/environment\/blue-oceans\" target=\"_blank\" rel=\"noopener\">SSI Blue Oceans <\/a><\/h3><p class=\"elementor-image-box-description\">Portem bussejant des de l'any 2000 i des del 2008 gestionant centres de busseig a diferents pa\u00efsos. M\u00e9s de 17.000 alumnes han passat per les nostres mans des de llavors. <\/p><\/div><\/div>\t\t\t\t<\/div>\n\t\t\t\t<\/div>\n\t\t\t\t<div class=\"elementor-element elementor-element-9874911 elementor-position-top elementor-widget elementor-widget-image-box\" data-id=\"9874911\" data-element_type=\"widget\" data-e-type=\"widget\" data-widget_type=\"image-box.default\">\n\t\t\t\t<div class=\"elementor-widget-container\">\n\t\t\t\t\t<div class=\"elementor-image-box-wrapper\"><figure class=\"elementor-image-box-img\"><a href=\"https:\/\/angelsharknetwork.com\/canaryislands-es\/\" target=\"_blank\" tabindex=\"-1\" rel=\"noopener\"><img decoding=\"async\" width=\"871\" height=\"343\" src=\"https:\/\/puravidalanzarotediving.com\/wp-content\/uploads\/2024\/07\/angel-shark-project.jpg\" class=\"attachment-full size-full wp-image-2784\" alt=\"Angel Shark Project\" srcset=\"https:\/\/puravidalanzarotediving.com\/wp-content\/uploads\/2024\/07\/angel-shark-project.jpg 871w, https:\/\/puravidalanzarotediving.com\/wp-content\/uploads\/2024\/07\/angel-shark-project-300x118.jpg 300w, https:\/\/puravidalanzarotediving.com\/wp-content\/uploads\/2024\/07\/angel-shark-project-768x302.jpg 768w\" sizes=\"(max-width: 871px) 100vw, 871px\" \/><\/a><\/figure><div class=\"elementor-image-box-content\"><h3 class=\"elementor-image-box-title\"><a href=\"https:\/\/angelsharknetwork.com\/canaryislands-es\/\" target=\"_blank\" rel=\"noopener\">Angel Shark Proyect<\/a><\/h3><p class=\"elementor-image-box-description\">El nostre centre compleix al m\u00e0xim amb la seguretat i les normes per aix\u00f2 pertanyem a: BUCO (A. Centres Busseig)|AETUR (Fed Empresaris Tur\u00edstics)|C\u00e0mera Hiperb\u00e0rica Lanzarote<\/p><\/div><\/div>\t\t\t\t<\/div>\n\t\t\t\t<\/div>\n\t\t\t\t<div class=\"elementor-element elementor-element-7fab674 elementor-position-top elementor-widget elementor-widget-image-box\" data-id=\"7fab674\" data-element_type=\"widget\" data-e-type=\"widget\" data-widget_type=\"image-box.default\">\n\t\t\t\t<div class=\"elementor-widget-container\">\n\t\t\t\t\t<div class=\"elementor-image-box-wrapper\"><figure class=\"elementor-image-box-img\"><a href=\"https:\/\/redpromar.org\/\" target=\"_blank\" tabindex=\"-1\" rel=\"noopener\"><img decoding=\"async\" width=\"871\" height=\"343\" src=\"https:\/\/puravidalanzarotediving.com\/wp-content\/uploads\/2024\/07\/redpromar-logo.jpg\" class=\"attachment-full size-full wp-image-2789\" alt=\"Redpromar logo\" srcset=\"https:\/\/puravidalanzarotediving.com\/wp-content\/uploads\/2024\/07\/redpromar-logo.jpg 871w, https:\/\/puravidalanzarotediving.com\/wp-content\/uploads\/2024\/07\/redpromar-logo-300x118.jpg 300w, https:\/\/puravidalanzarotediving.com\/wp-content\/uploads\/2024\/07\/redpromar-logo-768x302.jpg 768w\" sizes=\"(max-width: 871px) 100vw, 871px\" \/><\/a><\/figure><div class=\"elementor-image-box-content\"><h3 class=\"elementor-image-box-title\"><a href=\"https:\/\/redpromar.org\/\" target=\"_blank\" rel=\"noopener\">Red Promar<\/a><\/h3><p class=\"elementor-image-box-description\">Estem associats amb l'Ag\u00e8ncia de Busseig SSI, cosa que garanteix els millors est\u00e0ndards de qualitat, seguretat, aprenentatge i validesa internacional de les teves titulacions.<\/p><\/div><\/div>\t\t\t\t<\/div>\n\t\t\t\t<\/div>\n\t\t\t\t<div class=\"elementor-element elementor-element-53df33a elementor-position-top elementor-widget elementor-widget-image-box\" data-id=\"53df33a\" data-element_type=\"widget\" data-e-type=\"widget\" data-widget_type=\"image-box.default\">\n\t\t\t\t<div class=\"elementor-widget-container\">\n\t\t\t\t\t<div class=\"elementor-image-box-wrapper\"><figure class=\"elementor-image-box-img\"><a href=\"https:\/\/bucolanzarote.com\/\" target=\"_blank\" tabindex=\"-1\" rel=\"noopener\"><img decoding=\"async\" width=\"400\" height=\"158\" src=\"https:\/\/puravidalanzarotediving.com\/wp-content\/uploads\/2024\/07\/logo-buco-lanarote.jpg\" class=\"attachment-full size-full wp-image-2804\" alt=\"\" srcset=\"https:\/\/puravidalanzarotediving.com\/wp-content\/uploads\/2024\/07\/logo-buco-lanarote.jpg 400w, https:\/\/puravidalanzarotediving.com\/wp-content\/uploads\/2024\/07\/logo-buco-lanarote-300x119.jpg 300w\" sizes=\"(max-width: 400px) 100vw, 400px\" \/><\/a><\/figure><div class=\"elementor-image-box-content\"><h3 class=\"elementor-image-box-title\"><a href=\"https:\/\/bucolanzarote.com\/\" target=\"_blank\" rel=\"noopener\">Buco Lanzarote<\/a><\/h3><p class=\"elementor-image-box-description\">Cursos a Mida | Flexibilitat Hor\u00e0ria | Facilitat de pagament | Material F\u00edsic &amp; Online | Ensenyament al teu Idioma | Equip de Busseig a Pr\u00e9stec<\/p><\/div><\/div>\t\t\t\t<\/div>\n\t\t\t\t<\/div>\n\t\t\t\t<div class=\"elementor-element elementor-element-750ccdc elementor-position-top elementor-widget elementor-widget-image-box\" data-id=\"750ccdc\" data-element_type=\"widget\" data-e-type=\"widget\" data-widget_type=\"image-box.default\">\n\t\t\t\t<div class=\"elementor-widget-container\">\n\t\t\t\t\t<div class=\"elementor-image-box-wrapper\"><figure class=\"elementor-image-box-img\"><a href=\"https:\/\/ecoturismo.lanzarotebiosfera.org\/\" target=\"_blank\" tabindex=\"-1\" rel=\"noopener\"><img decoding=\"async\" width=\"400\" height=\"158\" src=\"https:\/\/puravidalanzarotediving.com\/wp-content\/uploads\/2024\/07\/revivir-lanzarote.jpg\" class=\"attachment-full size-full wp-image-2814\" alt=\"Revivir Lanzarote\" srcset=\"https:\/\/puravidalanzarotediving.com\/wp-content\/uploads\/2024\/07\/revivir-lanzarote.jpg 400w, https:\/\/puravidalanzarotediving.com\/wp-content\/uploads\/2024\/07\/revivir-lanzarote-300x119.jpg 300w\" sizes=\"(max-width: 400px) 100vw, 400px\" \/><\/a><\/figure><div class=\"elementor-image-box-content\"><h3 class=\"elementor-image-box-title\"><a href=\"https:\/\/ecoturismo.lanzarotebiosfera.org\/\" target=\"_blank\" rel=\"noopener\">Revivir Lanzarote<\/a><\/h3><p class=\"elementor-image-box-description\">Per a la vostra comoditat i seguretat tenint un tracte personalitzat restringim els grups a 4 alumnes per Instructor\/DiveMaster.<\/p><\/div><\/div>\t\t\t\t<\/div>\n\t\t\t\t<\/div>\n\t\t\t\t<div class=\"elementor-element elementor-element-3971853 elementor-position-top elementor-widget elementor-widget-image-box\" data-id=\"3971853\" data-element_type=\"widget\" data-e-type=\"widget\" data-widget_type=\"image-box.default\">\n\t\t\t\t<div class=\"elementor-widget-container\">\n\t\t\t\t\t<div class=\"elementor-image-box-wrapper\"><figure class=\"elementor-image-box-img\"><a href=\"https:\/\/lanzaroteesd.com\/\" target=\"_blank\" tabindex=\"-1\" rel=\"noopener\"><img decoding=\"async\" width=\"250\" height=\"99\" src=\"https:\/\/puravidalanzarotediving.com\/wp-content\/uploads\/2024\/07\/lanzarote-sports-destination.jpg\" class=\"attachment-full size-full wp-image-2809\" alt=\"Lanzarote Sports Destination\" \/><\/a><\/figure><div class=\"elementor-image-box-content\"><h3 class=\"elementor-image-box-title\"><a href=\"https:\/\/lanzaroteesd.com\/\" target=\"_blank\" rel=\"noopener\">Lanzarote European Destination <\/a><\/h3><p class=\"elementor-image-box-description\">Modernes instal\u00b7lacions | Recepci\u00f3 &amp; Botiga | Equips de Busseig Nous | Taquilles | Zona Rentat Equips | C\u00f2modes Classes | Dutxes | Zona Wifi<\/p><\/div><\/div>\t\t\t\t<\/div>\n\t\t\t\t<\/div>\n\t\t\t\t\t<\/div>\n\t\t\t\t<\/div>\n\t\t\t\t\t<\/div>\n\t\t<\/div>\n\t\t\t\t\t<\/div>\n\t\t<\/section>\n\t\t<div class=\"wd-negative-gap elementor-element elementor-element-0503dac e-flex e-con-boxed e-con e-parent\" data-id=\"0503dac\" data-element_type=\"container\" data-e-type=\"container\">\n\t\t\t\t\t<div class=\"e-con-inner\">\n\t\t\t\t<div class=\"elementor-element elementor-element-ae27afd color-scheme-inherit text-left elementor-widget elementor-widget-text-editor\" data-id=\"ae27afd\" data-element_type=\"widget\" data-e-type=\"widget\" data-widget_type=\"text-editor.default\">\n\t\t\t\t<div class=\"elementor-widget-container\">\n\t\t\t\t\t\t\t\t\t<div class=\"wpb_text_column wpb_content_element vc_custom_1581675963960\">\n<div class=\"wpb_wrapper\">\n<div class=\"vc_row wpb_row section vc_row-fluid vc_custom_1565774283376 grid_section\">\n<div class=\" section_inner clearfix\">\n<div class=\"section_inner_margin clearfix\">\n<div class=\"wpb_column vc_column_container vc_col-sm-12\">\n<div class=\"vc_column-inner\">\n<div class=\"wpb_wrapper\">\n<div class=\"wpb_text_column wpb_content_element \">\n<div class=\"wpb_wrapper\">\n<p>Cobrint <strong>dos ter\u00e7os del nostre planeta<\/strong> , els mars contenen el 80% dels organismes vius de la Terra. <strong>La meitat de l&#8217;oxigen<\/strong> que respirem prov\u00e9 dels oceans, que aix\u00ed mateix estabilitzen el clima i permeten la circulaci\u00f3 dels nutrients al voltant del planeta.<\/p>\n<p>Regulen l&#8217;aigua i s\u00f3n <strong>essencials per a la producci\u00f3 d&#8217;aigua dol\u00e7a<\/strong> i per absorbir el carboni. Tamb\u00e9 proporcionen aliments i altres recursos, comer\u00e7 i rutes de migraci\u00f3. <\/p>\n<p>La llista d&#8217; <strong>amenaces<\/strong> \u00e9s llarga: pesca destructiva, abocament de residus, petroli i productes qu\u00edmics, \u00fas d&#8217;aparells ac\u00fastics submarins, activitat militar, invasi\u00f3 d&#8217;esp\u00e8cies no aut\u00f2ctones, impacte del canvi clim\u00e0tic, extracci\u00f3 de sorra o mat\u00e8ria de construcci\u00f3, explotaci\u00f3 d&#8217;hidrocarburs, expansi\u00f3 urbana a la costa, entre alguns exemples.<\/p>\n<p><strong>En xifres<\/strong> , cada any el material pl\u00e0stic que ha acabat al fons del mar ha causat la mort d&#8217; <strong>un mili\u00f3 d&#8217;aus<\/strong> marines, <strong>100.000 mam\u00edfers<\/strong> i innombrables peixos! A l&#8217;\u00faltima d\u00e8cada s&#8217;ha abocat accidentalment una mitjana de <strong>600.000 barrils<\/strong> de petroli a l&#8217;any. <\/p>\n<p>Les poblacions de peixos grans com la tonyina, el bacall\u00e0 o el peix espasa han <strong>disminu\u00eft fins a un 90%<\/strong> a l&#8217;\u00faltim segle. Hi ha una amena\u00e7a real i provada sobre els taurons. Anualment <strong>es maten<\/strong> <strong>100 milions (270.000 al dia) de taurons<\/strong> a tot el m\u00f3n i algunes de les seves esp\u00e8cies estan en perill d&#8217;extinci\u00f3 que, si arrib\u00e9s, tindria nefastes conseq\u00fc\u00e8ncies a la vida en superf\u00edcie.  <\/p>\n<\/div>\n<\/div>\n<\/div>\n<\/div>\n<\/div>\n<\/div>\n<\/div>\n<\/div>\n<\/div>\n<\/div>\n\t\t\t\t\t\t\t\t<\/div>\n\t\t\t\t<\/div>\n\t\t\t\t\t<\/div>\n\t\t\t\t<\/div>\n\t\t<div class=\"wd-negative-gap elementor-element elementor-element-cb13ecb e-flex e-con-boxed e-con e-parent\" data-id=\"cb13ecb\" data-element_type=\"container\" data-e-type=\"container\">\n\t\t\t\t\t<div class=\"e-con-inner\">\n\t\t<div class=\"elementor-element elementor-element-9f4510e e-con-full e-flex e-con e-child\" data-id=\"9f4510e\" data-element_type=\"container\" data-e-type=\"container\">\n\t\t\t\t<div class=\"elementor-element elementor-element-4e51f49 elementor-widget elementor-widget-heading\" data-id=\"4e51f49\" data-element_type=\"widget\" data-e-type=\"widget\" data-widget_type=\"heading.default\">\n\t\t\t\t<div class=\"elementor-widget-container\">\n\t\t\t\t\t<h2 class=\"elementor-heading-title elementor-size-default\">Neteges de Platja Mensuals<\/h2>\t\t\t\t<\/div>\n\t\t\t\t<\/div>\n\t\t\t\t<div class=\"elementor-element elementor-element-a908104 color-scheme-inherit text-left elementor-widget elementor-widget-text-editor\" data-id=\"a908104\" data-element_type=\"widget\" data-e-type=\"widget\" data-widget_type=\"text-editor.default\">\n\t\t\t\t<div class=\"elementor-widget-container\">\n\t\t\t\t\t\t\t\t\t<div class=\"wpb_text_column wpb_content_element vc_custom_1581675963960\">\n<div class=\"wpb_wrapper\">\n<div class=\"vc_row wpb_row section vc_row-fluid vc_custom_1565774283376 grid_section\">\n<div class=\" section_inner clearfix\">\n<div class=\"section_inner_margin clearfix\">\n<div class=\"wpb_column vc_column_container vc_col-sm-12\">\n<div class=\"vc_column-inner\">\n<div class=\"wpb_wrapper\">\n<div class=\"wpb_text_column wpb_content_element \">\n<div class=\"wpb_wrapper\">\n<p>El primer dissabte de mar\u00e7 de 2018 vam iniciar el projecte de neteges de platja i fons mar\u00ed al municipi de Yaiza. La idea era generar una periodicitat fixa perqu\u00e8 la poblaci\u00f3 i el turisme acabessin sabent que a Playa Blanca cada primer dissabte hi ha neteges on participar. <\/p>\n<p><strong>Des de l&#8217;any 2018 hem celebrat<\/strong> <strong>m\u00e9s de 6 neteges anuals<\/strong> tant sota l&#8217;aigua com des de la superf\u00edcie.<\/p>\n<p>Amb la satisfacci\u00f3 d&#8217;haver establert una data fixa al calendari del sud de l&#8217;illa per dedicar-lo a cuidar el nostre entorn el <strong>2n dissabte de cada mes<\/strong> . Per a m\u00e9s info <a href=\"https:\/\/puravidalanzarotediving.com\/contacta\/\">Contacta Aqu\u00ed<\/a> <\/p>\n<p>Els Objectius que ens marquem per a aquest any s\u00f3n:<\/p>\n<ul>\n<li><i>Netejar platges i fons mar\u00ed.  <\/i><\/li>\n<\/ul>\n<ul>\n<li>Crear un espai dacci\u00f3 col\u00b7lectiva i relaci\u00f3 entre institucions p\u00fabliques, empreses, poblaci\u00f3 local i turisme.  <\/li>\n<\/ul>\n<ul>\n<li>Sensibilitzar la pr\u00f2pia administraci\u00f3 p\u00fablica, altres empreses, poblaci\u00f3 local i turisme que ens visita.  <\/li>\n<li>Treballar a la configuraci\u00f3 d&#8217;un turisme sostenible a Lanzarote.<\/li>\n<\/ul>\n<ul class=\"checkgreen\">\n<li><strong>Als Mitjans:<\/strong><\/li>\n<li><a href=\"https:\/\/www.lancelotdigital.com\/municipios\/mas-de-cien-voluntarios-en-la-decimoquinta-accion-medioambiental-en-playa-blanca\" target=\"_blank\" rel=\"noopener noreferrer\">Lancelot TV<\/a><\/li>\n<li><a href=\"https:\/\/revistaalsolajero.com\/nueva-limpieza-de-litoral-y-fondo-marino-con-voluntarios-en-playa-flamingo\/\" target=\"_blank\" rel=\"noopener noreferrer\">Revista Alsolajero<\/a><\/li>\n<li><a href=\"https:\/\/yaiza.es\/yaiza-homenajea-al-voluntariado-que-limpia-playas-en-el-primer-aniversario-de-las-jornadas\" target=\"_blank\" rel=\"noopener noreferrer\">Yaiza t&#8217;informa<\/a><\/li>\n<\/ul>\n<\/div>\n<\/div>\n<\/div>\n<\/div>\n<\/div>\n<\/div>\n<\/div>\n<\/div>\n<\/div>\n<\/div>\n\t\t\t\t\t\t\t\t<\/div>\n\t\t\t\t<\/div>\n\t\t\t\t<\/div>\n\t\t<div class=\"elementor-element elementor-element-3512a1f e-con-full e-flex e-con e-child\" data-id=\"3512a1f\" data-element_type=\"container\" data-e-type=\"container\">\n\t\t\t\t<div class=\"elementor-element elementor-element-9efbc86 elementor-widget elementor-widget-image\" data-id=\"9efbc86\" data-element_type=\"widget\" data-e-type=\"widget\" data-widget_type=\"image.default\">\n\t\t\t\t<div class=\"elementor-widget-container\">\n\t\t\t\t\t\t\t\t\t\t\t\t\t\t\t<img decoding=\"async\" width=\"2172\" height=\"2250\" src=\"https:\/\/puravidalanzarotediving.com\/wp-content\/uploads\/2024\/07\/Limpieza-de-Playas-Lanzarote.jpg\" class=\"attachment-full size-full wp-image-2794\" alt=\"Limpieza de Playas Lanzarote\" srcset=\"https:\/\/puravidalanzarotediving.com\/wp-content\/uploads\/2024\/07\/Limpieza-de-Playas-Lanzarote.jpg 2172w, https:\/\/puravidalanzarotediving.com\/wp-content\/uploads\/2024\/07\/Limpieza-de-Playas-Lanzarote-290x300.jpg 290w, https:\/\/puravidalanzarotediving.com\/wp-content\/uploads\/2024\/07\/Limpieza-de-Playas-Lanzarote-989x1024.jpg 989w, https:\/\/puravidalanzarotediving.com\/wp-content\/uploads\/2024\/07\/Limpieza-de-Playas-Lanzarote-768x796.jpg 768w, https:\/\/puravidalanzarotediving.com\/wp-content\/uploads\/2024\/07\/Limpieza-de-Playas-Lanzarote-1483x1536.jpg 1483w, https:\/\/puravidalanzarotediving.com\/wp-content\/uploads\/2024\/07\/Limpieza-de-Playas-Lanzarote-1977x2048.jpg 1977w\" sizes=\"(max-width: 2172px) 100vw, 2172px\" \/>\t\t\t\t\t\t\t\t\t\t\t\t\t\t\t<\/div>\n\t\t\t\t<\/div>\n\t\t\t\t<\/div>\n\t\t\t\t\t<\/div>\n\t\t\t\t<\/div>\n\t\t<div class=\"wd-negative-gap elementor-element elementor-element-01f9eec e-flex e-con-boxed e-con e-parent\" data-id=\"01f9eec\" data-element_type=\"container\" data-e-type=\"container\">\n\t\t\t\t\t<div class=\"e-con-inner\">\n\t\t<div class=\"elementor-element elementor-element-709f07c e-con-full e-flex e-con e-child\" data-id=\"709f07c\" data-element_type=\"container\" data-e-type=\"container\">\n\t\t\t\t<div class=\"elementor-element elementor-element-b74d4ad elementor-widget elementor-widget-image\" data-id=\"b74d4ad\" data-element_type=\"widget\" data-e-type=\"widget\" data-widget_type=\"image.default\">\n\t\t\t\t<div class=\"elementor-widget-container\">\n\t\t\t\t\t\t\t\t\t\t\t\t\t\t\t<img decoding=\"async\" width=\"1000\" height=\"1000\" src=\"https:\/\/puravidalanzarotediving.com\/wp-content\/uploads\/2024\/07\/blue-oceans-ssi.jpg\" class=\"attachment-full size-full wp-image-2799\" alt=\"Blue Oceans SSI\" srcset=\"https:\/\/puravidalanzarotediving.com\/wp-content\/uploads\/2024\/07\/blue-oceans-ssi.jpg 1000w, https:\/\/puravidalanzarotediving.com\/wp-content\/uploads\/2024\/07\/blue-oceans-ssi-300x300.jpg 300w, https:\/\/puravidalanzarotediving.com\/wp-content\/uploads\/2024\/07\/blue-oceans-ssi-150x150.jpg 150w, https:\/\/puravidalanzarotediving.com\/wp-content\/uploads\/2024\/07\/blue-oceans-ssi-768x768.jpg 768w, https:\/\/puravidalanzarotediving.com\/wp-content\/uploads\/2024\/07\/blue-oceans-ssi-600x600.jpg 600w\" sizes=\"(max-width: 1000px) 100vw, 1000px\" \/>\t\t\t\t\t\t\t\t\t\t\t\t\t\t\t<\/div>\n\t\t\t\t<\/div>\n\t\t\t\t<\/div>\n\t\t<div class=\"elementor-element elementor-element-62e57c3 e-con-full e-flex e-con e-child\" data-id=\"62e57c3\" data-element_type=\"container\" data-e-type=\"container\">\n\t\t\t\t<div class=\"elementor-element elementor-element-e915126 elementor-widget elementor-widget-heading\" data-id=\"e915126\" data-element_type=\"widget\" data-e-type=\"widget\" data-widget_type=\"heading.default\">\n\t\t\t\t<div class=\"elementor-widget-container\">\n\t\t\t\t\t<h2 class=\"elementor-heading-title elementor-size-default\">Normes d'un Bussejador Comprom\u00e8s<\/h2>\t\t\t\t<\/div>\n\t\t\t\t<\/div>\n\t\t\t\t<div class=\"elementor-element elementor-element-862d99d color-scheme-inherit text-left elementor-widget elementor-widget-text-editor\" data-id=\"862d99d\" data-element_type=\"widget\" data-e-type=\"widget\" data-widget_type=\"text-editor.default\">\n\t\t\t\t<div class=\"elementor-widget-container\">\n\t\t\t\t\t\t\t\t\t<ul class=\"checkgreen\">\n<li>Recolza projectes dedicats a la protecci\u00f3 marina, com les nostres neteges mensuals.<\/li>\n<li>Si \u00e9s possible, recull escombraries a les teves immersions, per\u00f2 nom\u00e9s si fer-ho no causa m\u00e9s mal al medi ambient.<\/li>\n<li>Si \u00e9s possible, talla cordes penjants i recol\u00b7lecti xarxes i pl\u00e0stics.<\/li>\n<li>Mai llences deixalles inorg\u00e0niques al mar: els pl\u00e0stics es descomponen de forma incre\u00efblement lenta.<\/li>\n<li>Minimitza les teves escombraries: fes servir tasses de caf\u00e8 i carmanyoles reutilitzables, ampolles de vidre o metall i bosses de la compra<\/li>\n<li>No alimentis ni molestis els animals marins<\/li>\n<li>No t&#8217;emportis records del mar: trossos de coral trencats o cargols buits encara serveixen com a h\u00e0bitat \u00fatil.<\/li>\n<\/ul>\n\t\t\t\t\t\t\t\t<\/div>\n\t\t\t\t<\/div>\n\t\t\t\t<\/div>\n\t\t\t\t\t<\/div>\n\t\t\t\t<\/div>\n\t\t\t\t<\/div>\n\t\t","protected":false},"excerpt":{"rendered":"<p>Pura Vida \u00e9s Eco Dive Pura Vida Lanzarote practica l&#8217;eco busseig di\u00e0riament per contribuir, des del nostre esport, a preservar<\/p>\n","protected":false},"author":1,"featured_media":0,"parent":0,"menu_order":0,"comment_status":"closed","ping_status":"closed","template":"","meta":{"_joinchat":[],"footnotes":""},"class_list":["post-4767","page","type-page","status-publish","hentry"],"_links":{"self":[{"href":"https:\/\/puravidalanzarotediving.com\/ca\/wp-json\/wp\/v2\/pages\/4767","targetHints":{"allow":["GET"]}}],"collection":[{"href":"https:\/\/puravidalanzarotediving.com\/ca\/wp-json\/wp\/v2\/pages"}],"about":[{"href":"https:\/\/puravidalanzarotediving.com\/ca\/wp-json\/wp\/v2\/types\/page"}],"author":[{"embeddable":true,"href":"https:\/\/puravidalanzarotediving.com\/ca\/wp-json\/wp\/v2\/users\/1"}],"replies":[{"embeddable":true,"href":"https:\/\/puravidalanzarotediving.com\/ca\/wp-json\/wp\/v2\/comments?post=4767"}],"version-history":[{"count":0,"href":"https:\/\/puravidalanzarotediving.com\/ca\/wp-json\/wp\/v2\/pages\/4767\/revisions"}],"wp:attachment":[{"href":"https:\/\/puravidalanzarotediving.com\/ca\/wp-json\/wp\/v2\/media?parent=4767"}],"curies":[{"name":"wp","href":"https:\/\/api.w.org\/{rel}","templated":true}]}}