{"id":4783,"date":"2024-08-07T12:29:24","date_gmt":"2024-08-07T10:29:24","guid":{"rendered":"https:\/\/divinginadream.com\/lemissari\/"},"modified":"2024-10-23T09:30:19","modified_gmt":"2024-10-23T07:30:19","slug":"lemissari","status":"publish","type":"page","link":"https:\/\/puravidalanzarotediving.com\/ca\/immersions\/lemissari\/","title":{"rendered":"L&#8217; Emisari"},"content":{"rendered":"\t\t<div data-elementor-type=\"wp-page\" data-elementor-id=\"4783\" class=\"elementor elementor-4783 elementor-685\" data-elementor-post-type=\"page\">\n\t\t\t\t<div class=\"elementor-element elementor-element-89085c4 e-con-full wd-section-stretch-content e-flex e-con e-parent\" data-id=\"89085c4\" data-element_type=\"container\" data-e-type=\"container\">\n\t\t\t\t<div class=\"elementor-element elementor-element-514135a elementor--h-position-center elementor--v-position-middle elementor-arrows-position-inside elementor-pagination-position-inside elementor-widget elementor-widget-slides\" data-id=\"514135a\" data-element_type=\"widget\" data-e-type=\"widget\" data-settings=\"{&quot;navigation&quot;:&quot;both&quot;,&quot;autoplay&quot;:&quot;yes&quot;,&quot;pause_on_hover&quot;:&quot;yes&quot;,&quot;pause_on_interaction&quot;:&quot;yes&quot;,&quot;autoplay_speed&quot;:5000,&quot;infinite&quot;:&quot;yes&quot;,&quot;transition&quot;:&quot;slide&quot;,&quot;transition_speed&quot;:500}\" data-widget_type=\"slides.default\">\n\t\t\t\t<div class=\"elementor-widget-container\">\n\t\t\t\t\t\t\t\t\t<div class=\"elementor-swiper\">\n\t\t\t\t\t<div class=\"elementor-slides-wrapper elementor-main-swiper swiper\" role=\"region\" aria-roledescription=\"carousel\" aria-label=\"Diapositives\" dir=\"ltr\" data-animation=\"fadeInUp\">\n\t\t\t\t<div class=\"swiper-wrapper elementor-slides\">\n\t\t\t\t\t\t\t\t\t\t<div class=\"elementor-repeater-item-4094fd2 swiper-slide\" role=\"group\" aria-roledescription=\"slide\"><div class=\"swiper-slide-bg elementor-ken-burns elementor-ken-burns--in\" role=\"img\" aria-label=\"inmersion en el emisario\"><\/div><div class=\"elementor-background-overlay\"><\/div><div class=\"swiper-slide-inner\" ><div class=\"swiper-slide-contents\"><h1 class=\"elementor-slide-heading\">L&#8217; Emisari<\/h1><p class=\"elementor-slide-description\"><p>Diversi\u00f3 per un tub<\/p>\n<\/p><\/div><\/div><\/div>\t\t\t\t<\/div>\n\t\t\t\t\t\t\t<\/div>\n\t\t\t\t<\/div>\n\t\t\t\t\t\t\t\t<\/div>\n\t\t\t\t<\/div>\n\t\t\t\t<\/div>\n\t\t<div class=\"wd-negative-gap elementor-element elementor-element-80892e6 e-flex e-con-boxed e-con e-parent\" data-id=\"80892e6\" data-element_type=\"container\" data-e-type=\"container\">\n\t\t\t\t\t<div class=\"e-con-inner\">\n\t\t\t\t<div class=\"elementor-element elementor-element-4d712eb color-scheme-inherit text-left elementor-widget elementor-widget-text-editor\" data-id=\"4d712eb\" data-element_type=\"widget\" data-e-type=\"widget\" data-widget_type=\"text-editor.default\">\n\t\t\t\t<div class=\"elementor-widget-container\">\n\t\t\t\t\t\t\t\t\t<div class=\"wpb_text_column wpb_content_element \">\n<div class=\"wpb_wrapper\">\n<div class=\"wpb_text_column wpb_content_element \">\n<div class=\"wpb_wrapper\">\n<p>Els tubs enormes d&#8217;un emissari submar\u00ed, que es perden en la immensitat de la plataforma, serveixen de font de vida i refugi en aquesta curiosa i freq\u00fcentada immersi\u00f3.<\/p>\n<p>Sens dubte, \u00e9s un lloc diferent que d\u00f3na varietat a l&#8217;ampli ventall d&#8217;opcions que presenta Lanzarote.<\/p>\n<div class=\"wpb_text_column wpb_content_element \">\n<div class=\"wpb_wrapper\">\n<p>Es poden recon\u00e8ixer les <strong>escasses restes d&#8217;un antic derelicte<\/strong> que el mar ja gaireb\u00e9 ha desintegrat.<\/p>\n<p>Es tracta d&#8217;una <strong>immersi\u00f3 senzilla, entretinguda i variada<\/strong> perqu\u00e8 podem gaudir d&#8217;ambients molt diversos com coves, petits verils i grans bancs de sorra.<\/p>\n<p>Aquesta immersi\u00f3 no t\u00e9 un recorregut \u00fanic. Per facilitar l&#8217;orientaci\u00f3, el m\u00e9s senzill \u00e9s partir del punt de fondeig i seguir el veril deixant sempre la roca a un costat. Per tornar, n&#8217;hi ha prou amb continuar el <strong>veril amb la roca a l&#8217;altre costat.<\/strong>  <\/p>\n<p>Si volem, podem arribar fins i tot al derelicte. La profunditat \u00e9s perfecta per al busseig, ja que nedarem entre<strong> 12 i 18 m<\/strong>, aix\u00ed que la reserva d&#8217;aire ens permetr\u00e0 gaudir d&#8217;una immersi\u00f3 relativament llarga i c\u00f2moda. <\/p>\n<\/div>\n<\/div>\n<\/div>\n<\/div>\n<\/div>\n<\/div>\n\t\t\t\t\t\t\t\t<\/div>\n\t\t\t\t<\/div>\n\t\t\t\t\t<\/div>\n\t\t\t\t<\/div>\n\t\t\t\t<section class=\"wd-negative-gap elementor-section elementor-top-section elementor-element elementor-element-2364e353 elementor-section-full_width elementor-section-height-default elementor-section-height-default\" data-id=\"2364e353\" data-element_type=\"section\" data-e-type=\"section\" id=\"xs_team_9\">\n\t\t\t\t\t\t<div class=\"elementor-container elementor-column-gap-default\">\n\t\t\t\t\t<div class=\"elementor-column elementor-col-100 elementor-top-column elementor-element elementor-element-425a7d9a\" data-id=\"425a7d9a\" data-element_type=\"column\" data-e-type=\"column\">\n\t\t\t<div class=\"elementor-widget-wrap elementor-element-populated\">\n\t\t\t\t\t\t<div class=\"elementor-element elementor-element-a75f765 elementor-widget elementor-widget-image\" data-id=\"a75f765\" data-element_type=\"widget\" data-e-type=\"widget\" data-widget_type=\"image.default\">\n\t\t\t\t<div class=\"elementor-widget-container\">\n\t\t\t\t\t\t\t\t\t\t\t\t\t\t\t<img decoding=\"async\" width=\"1038\" height=\"124\" src=\"https:\/\/puravidalanzarotediving.com\/wp-content\/uploads\/2024\/08\/La-Roncadera-Mapa.jpg\" class=\"attachment-full size-full wp-image-3226\" alt=\"\" srcset=\"https:\/\/puravidalanzarotediving.com\/wp-content\/uploads\/2024\/08\/La-Roncadera-Mapa.jpg 1038w, https:\/\/puravidalanzarotediving.com\/wp-content\/uploads\/2024\/08\/La-Roncadera-Mapa-300x36.jpg 300w, https:\/\/puravidalanzarotediving.com\/wp-content\/uploads\/2024\/08\/La-Roncadera-Mapa-1024x122.jpg 1024w, https:\/\/puravidalanzarotediving.com\/wp-content\/uploads\/2024\/08\/La-Roncadera-Mapa-768x92.jpg 768w\" sizes=\"(max-width: 1038px) 100vw, 1038px\" \/>\t\t\t\t\t\t\t\t\t\t\t\t\t\t\t<\/div>\n\t\t\t\t<\/div>\n\t\t\t\t\t<\/div>\n\t\t<\/div>\n\t\t\t\t\t<\/div>\n\t\t<\/section>\n\t\t\t\t<\/div>\n\t\t","protected":false},"excerpt":{"rendered":"<p>Diversi\u00f3 per un tub Els tubs enormes d&#8217;un emissari submar\u00ed, que es perden en la immensitat de la plataforma, serveixen<\/p>\n","protected":false},"author":1,"featured_media":0,"parent":4906,"menu_order":0,"comment_status":"closed","ping_status":"closed","template":"","meta":{"_joinchat":[],"footnotes":""},"class_list":["post-4783","page","type-page","status-publish","hentry"],"_links":{"self":[{"href":"https:\/\/puravidalanzarotediving.com\/ca\/wp-json\/wp\/v2\/pages\/4783","targetHints":{"allow":["GET"]}}],"collection":[{"href":"https:\/\/puravidalanzarotediving.com\/ca\/wp-json\/wp\/v2\/pages"}],"about":[{"href":"https:\/\/puravidalanzarotediving.com\/ca\/wp-json\/wp\/v2\/types\/page"}],"author":[{"embeddable":true,"href":"https:\/\/puravidalanzarotediving.com\/ca\/wp-json\/wp\/v2\/users\/1"}],"replies":[{"embeddable":true,"href":"https:\/\/puravidalanzarotediving.com\/ca\/wp-json\/wp\/v2\/comments?post=4783"}],"version-history":[{"count":0,"href":"https:\/\/puravidalanzarotediving.com\/ca\/wp-json\/wp\/v2\/pages\/4783\/revisions"}],"up":[{"embeddable":true,"href":"https:\/\/puravidalanzarotediving.com\/ca\/wp-json\/wp\/v2\/pages\/4906"}],"wp:attachment":[{"href":"https:\/\/puravidalanzarotediving.com\/ca\/wp-json\/wp\/v2\/media?parent=4783"}],"curies":[{"name":"wp","href":"https:\/\/api.w.org\/{rel}","templated":true}]}}