{"id":4794,"date":"2024-10-08T16:28:55","date_gmt":"2024-10-08T14:28:55","guid":{"rendered":"https:\/\/divinginadream.com\/politica-de-cancelacio\/"},"modified":"2024-12-18T09:49:57","modified_gmt":"2024-12-18T08:49:57","slug":"politica-de-cancelacio","status":"publish","type":"page","link":"https:\/\/puravidalanzarotediving.com\/ca\/politica-de-cancelacio\/","title":{"rendered":"Pol\u00edtica de Cancelaci\u00f3"},"content":{"rendered":"\t\t<div data-elementor-type=\"wp-page\" data-elementor-id=\"4794\" class=\"elementor elementor-4794 elementor-2411\" data-elementor-post-type=\"page\">\n\t\t\t\t<div class=\"elementor-element elementor-element-22631cf e-con-full wd-section-stretch-content e-flex e-con e-parent\" data-id=\"22631cf\" data-element_type=\"container\" data-e-type=\"container\">\n\t\t\t\t<div class=\"elementor-element elementor-element-5da3a5c elementor--h-position-center elementor--v-position-middle elementor-arrows-position-inside elementor-pagination-position-inside elementor-widget elementor-widget-slides\" data-id=\"5da3a5c\" data-element_type=\"widget\" data-e-type=\"widget\" data-settings=\"{&quot;navigation&quot;:&quot;both&quot;,&quot;autoplay&quot;:&quot;yes&quot;,&quot;pause_on_hover&quot;:&quot;yes&quot;,&quot;pause_on_interaction&quot;:&quot;yes&quot;,&quot;autoplay_speed&quot;:5000,&quot;infinite&quot;:&quot;yes&quot;,&quot;transition&quot;:&quot;slide&quot;,&quot;transition_speed&quot;:500}\" data-widget_type=\"slides.default\">\n\t\t\t\t<div class=\"elementor-widget-container\">\n\t\t\t\t\t\t\t\t\t<div class=\"elementor-swiper\">\n\t\t\t\t\t<div class=\"elementor-slides-wrapper elementor-main-swiper swiper\" role=\"region\" aria-roledescription=\"carousel\" aria-label=\"Diapositivas\" dir=\"ltr\" data-animation=\"fadeInUp\">\n\t\t\t\t<div class=\"swiper-wrapper elementor-slides\">\n\t\t\t\t\t\t\t\t\t\t<div class=\"elementor-repeater-item-4094fd2 swiper-slide\" role=\"group\" aria-roledescription=\"slide\"><div class=\"swiper-slide-bg elementor-ken-burns elementor-ken-burns--in\" role=\"img\" aria-label=\"Fondo del mar\"><\/div><div class=\"elementor-background-overlay\"><\/div><div class=\"swiper-slide-inner\" ><div class=\"swiper-slide-contents\"><h1 class=\"elementor-slide-heading\">Pol\u00edtica de Cancelaci\u00f3<\/h1><\/div><\/div><\/div>\t\t\t\t<\/div>\n\t\t\t\t\t\t\t<\/div>\n\t\t\t\t<\/div>\n\t\t\t\t\t\t\t\t<\/div>\n\t\t\t\t<\/div>\n\t\t\t\t<\/div>\n\t\t<div class=\"wd-negative-gap elementor-element elementor-element-b4bdf58 e-flex e-con-boxed e-con e-parent\" data-id=\"b4bdf58\" data-element_type=\"container\" data-e-type=\"container\">\n\t\t\t\t\t<div class=\"e-con-inner\">\n\t\t\t\t<div class=\"elementor-element elementor-element-7deeebe color-scheme-inherit text-left elementor-widget elementor-widget-text-editor\" data-id=\"7deeebe\" data-element_type=\"widget\" data-e-type=\"widget\" data-widget_type=\"text-editor.default\">\n\t\t\t\t<div class=\"elementor-widget-container\">\n\t\t\t\t\t\t\t\t\t<div class=\"et_pb_text et_pb_module et_pb_bg_layout_light et_pb_text_align_left et_pb_text_0\">\n<h3>Totes les activitats (abans de l&#8217;activitat) &#8211; Cancel\u00b7laci\u00f3<\/h3>\n<p><strong>24 hores o m\u00e9s <\/strong><br \/>Deixar la reserva oberta sense data perqu\u00e8 puguin tornar quan vulguin mantenint el preu i les condicions de l&#8217;activitat. <br \/>Devoluci\u00f3 econ\u00f2mica completa.<\/p>\n<p><strong>Menys de 24 hores<\/strong><\/p>\n<p>No hi ha devoluci\u00f3<\/p>\n<p>\u00ba Excepcions menys de 24 hores<\/p>\n<p>Per salut (malestar \/ formulari m\u00e8dic amb un S\u00ed) <br \/>12 hores abans (20:00 del dia anterior) <br \/>canvi a una altra data mantenint preu i condicions de l&#8217;activitat <br \/>devoluci\u00f3 completa \u2013 taxa instructor (50\u20ac per persona) <br \/>Menys de 12 hores (al mat\u00ed) <br \/>devoluci\u00f3 completa \u2013 taxa instructor (50\u20ac per persona)<\/p>\n<p>* cas excepcional (l&#8217;instructor tenia un altre alumne i la seva activitat no ha canviat) \u2013 canvi a una altra data mantenint preu i condicions de l&#8217;activitat possible<\/p>\n<p>A la botiga (formulari m\u00e8dic) <br \/>Canvi d&#8217;activitat a snorkel (m\u00ednim 2 persones = 110 euros) si \u00e9s possible (dep\u00e8n de disponibilitat) i devoluci\u00f3 de la resta <br \/>devoluci\u00f3 completa<\/p>\n<p><strong>Taxa instructor<\/strong><\/p>\n<p>Busseig dem\u00e0 <br \/>Busseig tarda <br \/>50 euros per persona <br \/>50 euros per persona<\/p>\n<p><strong>Cursos<\/strong><\/p>\n<p>Els cursos inclouen una taxa addicional de cancel\u00b7laci\u00f3 de 80 \u20ac pels materials del curs en cas d&#8217;escollir devoluci\u00f3 i no canvi de data: <br \/>Scuba Diver \/ Open Water Diver <br \/>Advanced Adventurer <br \/>Totes les especialitats (1 taxa de cancel\u00b7laci\u00f3 per especialitat)<\/p>\n<h3>Totes les activitats (durant l&#8217;activitat)<\/h3>\n<p><strong>Bateig <\/strong><br \/><strong>Bateig Doble <\/strong><br \/>\u2013 Si una persona contracta un bateig doble i no pot fer la segona immersi\u00f3:<\/p>\n<p>a) per por. A Pura Vida sempre intentarem que qualsevol persona surti de l\u2019aigua amb la sensaci\u00f3 de \u201cpuc amb tot\u201d. Cercarem solucions juntament amb un altre instructor en el moment perqu\u00e8, en el pitjor dels casos, pugui fer snorkel amb equip. En cas d\u2019estar sol, valorar l\u2019opci\u00f3 de fer 2 torns de 30 minuts. Si res no \u00e9s possible, tindr\u00e0 una samarreta de regal. <br \/>Nota: a les tardes i en funci\u00f3 de disponibilitat.    <\/p>\n<p>b) per fred: intentarem millorar les seves condicions d&#8217;equip i fer aquesta segona immersi\u00f3 un altre dia si la disponibilitat ho permet. Si no, samarreta de regal. <\/p>\n<p>c) perqu\u00e8 no vol: no hi ha devoluci\u00f3.<\/p>\n<p>d) per problemes m\u00e8dics (compensaci\u00f3, dolor en alguna lesi\u00f3, etc.): devoluci\u00f3 de 35\u20ac.<\/p>\n<p><strong>Bateig Triple<\/strong><\/p>\n<p>\u2013 Si una persona contracta un bateig triple i considerem que no \u00e9s apta per fer el busseig al Museu de manera segura:<\/p>\n<p>a) S&#8217;explicar\u00e0 a la persona la casu\u00edstica. La devoluci\u00f3 ser\u00e0 de 35\u20ac per la immersi\u00f3 que no fa o podr\u00e0 fer una tercera immersi\u00f3 a Flamingo en comptes del Museu. <\/p>\n<p>b) Si la persona no vol el museu per fred o por se li tornar\u00e0n els 35\u20ac.<\/p>\n<p><strong>Bussejador<\/strong><\/p>\n<p>\u2013 Si una persona bussejadora contracta el pack de dues inmersions desde terra o desde vaixell<\/p>\n<p>a) i no vol fer la segona per fred o cansament no hi ha devoluci\u00f3 econ\u00f2mica per\u00f2 li regalarem una samarreta.<\/p>\n<p>b) si s&#8217;annula la segona immersi\u00f3 per condicions clim\u00e0tiques o m\u00e8diques se li tornar\u00e0 la part corresponent. Exemple en paquet de 2 immersions \u2013 de 115 li tornem 35 (1 immersi\u00f3 80\u20ac). <\/p>\n<\/div>\n<div class=\"et_pb_text et_pb_module et_pb_bg_layout_light et_pb_text_align_left et_pb_text_0\">\n<p><strong>Curs<\/strong><\/p>\n<p>\u2013 Si una persona contracta i per motius m\u00e8dics (malestar) o per incapacitat de completar els requisits: <br \/>a) guardem el curs obert durant 12 mesos.<\/p>\n<\/div>\n<div class=\"et_pb_text et_pb_module et_pb_bg_layout_light et_pb_text_align_left et_pb_text_3\">\n<p>Si tingu\u00e9s alguna dubte o consulta sobre la Pol\u00edtica de Cancel\u00b7laci\u00f3, si us plau, escrigui a: <a href=\"mailto:info@puravidalanzarotediving.com\">info@puravidalanzarotediving.com<\/a>.<\/p>\n<\/div>\n\t\t\t\t\t\t\t\t<\/div>\n\t\t\t\t<\/div>\n\t\t\t\t\t<\/div>\n\t\t\t\t<\/div>\n\t\t\t\t<\/div>\n\t\t","protected":false},"excerpt":{"rendered":"<p>Pol\u00edtica de Cancelaci\u00f3 Totes les activitats (abans de l&#8217;activitat) &#8211; Cancel\u00b7laci\u00f3 24 hores o m\u00e9s Deixar la reserva oberta sense<\/p>\n","protected":false},"author":1,"featured_media":0,"parent":0,"menu_order":0,"comment_status":"closed","ping_status":"closed","template":"elementor_header_footer","meta":{"_joinchat":[],"footnotes":""},"class_list":["post-4794","page","type-page","status-publish","hentry"],"_links":{"self":[{"href":"https:\/\/puravidalanzarotediving.com\/ca\/wp-json\/wp\/v2\/pages\/4794","targetHints":{"allow":["GET"]}}],"collection":[{"href":"https:\/\/puravidalanzarotediving.com\/ca\/wp-json\/wp\/v2\/pages"}],"about":[{"href":"https:\/\/puravidalanzarotediving.com\/ca\/wp-json\/wp\/v2\/types\/page"}],"author":[{"embeddable":true,"href":"https:\/\/puravidalanzarotediving.com\/ca\/wp-json\/wp\/v2\/users\/1"}],"replies":[{"embeddable":true,"href":"https:\/\/puravidalanzarotediving.com\/ca\/wp-json\/wp\/v2\/comments?post=4794"}],"version-history":[{"count":0,"href":"https:\/\/puravidalanzarotediving.com\/ca\/wp-json\/wp\/v2\/pages\/4794\/revisions"}],"wp:attachment":[{"href":"https:\/\/puravidalanzarotediving.com\/ca\/wp-json\/wp\/v2\/media?parent=4794"}],"curies":[{"name":"wp","href":"https:\/\/api.w.org\/{rel}","templated":true}]}}