{"id":4887,"date":"2024-08-07T13:05:31","date_gmt":"2024-08-07T11:05:31","guid":{"rendered":"https:\/\/divinginadream.com\/l-ascensor-i-puerto-moro\/"},"modified":"2024-10-17T12:48:10","modified_gmt":"2024-10-17T10:48:10","slug":"l-ascensor-i-puerto-moro","status":"publish","type":"page","link":"https:\/\/puravidalanzarotediving.com\/ca\/immersions\/l-ascensor-i-puerto-moro\/","title":{"rendered":"L&#8217; ascensor i Puerto Moro"},"content":{"rendered":"\t\t<div data-elementor-type=\"wp-page\" data-elementor-id=\"4887\" class=\"elementor elementor-4887 elementor-708\" data-elementor-post-type=\"page\">\n\t\t\t\t<div class=\"elementor-element elementor-element-89085c4 e-con-full wd-section-stretch-content e-flex e-con e-parent\" data-id=\"89085c4\" data-element_type=\"container\" data-e-type=\"container\">\n\t\t\t\t<div class=\"elementor-element elementor-element-514135a elementor--h-position-center elementor--v-position-middle elementor-arrows-position-inside elementor-pagination-position-inside elementor-widget elementor-widget-slides\" data-id=\"514135a\" data-element_type=\"widget\" data-e-type=\"widget\" data-settings=\"{&quot;navigation&quot;:&quot;both&quot;,&quot;autoplay&quot;:&quot;yes&quot;,&quot;pause_on_hover&quot;:&quot;yes&quot;,&quot;pause_on_interaction&quot;:&quot;yes&quot;,&quot;autoplay_speed&quot;:5000,&quot;infinite&quot;:&quot;yes&quot;,&quot;transition&quot;:&quot;slide&quot;,&quot;transition_speed&quot;:500}\" data-widget_type=\"slides.default\">\n\t\t\t\t<div class=\"elementor-widget-container\">\n\t\t\t\t\t\t\t\t\t<div class=\"elementor-swiper\">\n\t\t\t\t\t<div class=\"elementor-slides-wrapper elementor-main-swiper swiper\" role=\"region\" aria-roledescription=\"carousel\" aria-label=\"Diapositives\" dir=\"ltr\" data-animation=\"fadeInUp\">\n\t\t\t\t<div class=\"swiper-wrapper elementor-slides\">\n\t\t\t\t\t\t\t\t\t\t<div class=\"elementor-repeater-item-4094fd2 swiper-slide\" role=\"group\" aria-roledescription=\"slide\"><div class=\"swiper-slide-bg elementor-ken-burns elementor-ken-burns--in\" role=\"img\" aria-label=\"El ascensor y puerto moro\"><\/div><div class=\"elementor-background-overlay\"><\/div><div class=\"swiper-slide-inner\" ><div class=\"swiper-slide-contents\"><h1 class=\"elementor-slide-heading\">L&#8217; ascensor i Puerto Moro<\/h1><p class=\"elementor-slide-description\"><p>Viatge a les entranyes del volc\u00e0<\/p>\n<\/p><\/div><\/div><\/div>\t\t\t\t<\/div>\n\t\t\t\t\t\t\t<\/div>\n\t\t\t\t<\/div>\n\t\t\t\t\t\t\t\t<\/div>\n\t\t\t\t<\/div>\n\t\t\t\t<\/div>\n\t\t<div class=\"wd-negative-gap elementor-element elementor-element-80892e6 e-flex e-con-boxed e-con e-parent\" data-id=\"80892e6\" data-element_type=\"container\" data-e-type=\"container\">\n\t\t\t\t\t<div class=\"e-con-inner\">\n\t\t\t\t<div class=\"elementor-element elementor-element-4d712eb color-scheme-inherit text-left elementor-widget elementor-widget-text-editor\" data-id=\"4d712eb\" data-element_type=\"widget\" data-e-type=\"widget\" data-widget_type=\"text-editor.default\">\n\t\t\t\t<div class=\"elementor-widget-container\">\n\t\t\t\t\t\t\t\t\t<div class=\"wpb_text_column wpb_content_element \">\n<div class=\"wpb_wrapper\">\n<div class=\"wpb_text_column wpb_content_element \">\n<div class=\"wpb_wrapper\">\n<p>Els enormes tubs d&#8217;un emissari submar\u00ed, que es perden en la immensitat de la plataforma, serveixen de font de vida i refugi en aquesta curiosa i freq\u00fcentada immersi\u00f3.<\/p>\n<p>Resulta, sens dubte, un lloc diferent que aporta varietat a l&#8217;ampli ventall d&#8217;opcions que presenta Lanzarote.<\/p>\n<div class=\"wpb_text_column wpb_content_element \">\n<div class=\"wpb_wrapper\">\n<p>A la zona hi ha altres punts dignes de ser visitats, com \u00e9s el cas de l&#8217;<strong>Ascensor Chico o Puerto Moro<\/strong>, caracteritzats per un paisatge volc\u00e0nic amb buits, t\u00fanels i grans arcs.<\/p>\n<p>Des del punt d&#8217; entrada hi ha dos recorreguts alternatius. El primer ens porta a l&#8217;<strong>Ascensor Gran<\/strong>. El trobem nedant gaireb\u00e9 200 metres amb rumb 170 \u00ba. El tub volc\u00e0nic baixa des dels 15 m fins als 30 m i presenta diverses finestres al llarg del recorregut que il\u00b7luminen l&#8217;interior. A les parets, entapissades d&#8217;esponges, s&#8217;hi amaguen gran quantitat de gambetes narval. Aquesta immersi\u00f3 requereix un <a href=\"http:\/\/curso-avanzado-de-buceo\/\" target=\"_blank\" rel=\"noopener\">nivell avan\u00e7at de busseig<\/a>.     <\/p>\n<p>El segon recorregut ens porta a la zona coneguda com a <strong>Puerto Moro i l&#8217;Ascensor Chico<\/strong>. Nedant 100m en direcci\u00f3 a 65\u00ba arribem a la baixa, una roca que sobresurt de l&#8217;aigua. \u00c9s una alternativa molt interessant per a les persones menys experimentades ja que presenta una espectacular cova sota ella aix\u00ed com passadissos i arcs. Seguint <strong>fins als 30 m, trobem un petit tub volc\u00e0nic <\/strong>de menys de 10 m de longitud tamb\u00e9 amb diverses lluernes conegut com l&#8217;Ascensor Chico.   <\/p>\n<p>Com que la zona de busseig \u00e9s molt \u00e0mplia, se suggereixen dos recorreguts, un cap a la dreta del punt d&#8217;entrada i l&#8217;altre cap a l&#8217;esquerra<strong>. Ambas rutas permiten adaptarse a diferentes niveles, variando la profundidad m\u00e1xima de la inmersi\u00f3n <\/strong>. En cuevas y oquedades resulta interesante buscar animales como <strong>morenas, pulpos, an\u00e9monas gigantes, briotas e incluso camarones narval<\/strong>. <\/p>\n<p>Quan es neda per sobre de la sorra, \u00e9s important observar amb atenci\u00f3 ja que s\u00f3n freq\u00fcents els <strong>Angelotes, Tembladeras i Chuchos<\/strong>.<\/p>\n<\/div>\n<\/div>\n<\/div>\n<\/div>\n<\/div>\n<\/div>\n\t\t\t\t\t\t\t\t<\/div>\n\t\t\t\t<\/div>\n\t\t\t\t\t<\/div>\n\t\t\t\t<\/div>\n\t\t\t\t<section class=\"wd-negative-gap elementor-section elementor-top-section elementor-element elementor-element-2364e353 elementor-section-full_width elementor-section-height-default elementor-section-height-default\" data-id=\"2364e353\" data-element_type=\"section\" data-e-type=\"section\" id=\"xs_team_9\">\n\t\t\t\t\t\t<div class=\"elementor-container elementor-column-gap-default\">\n\t\t\t\t\t<div class=\"elementor-column elementor-col-100 elementor-top-column elementor-element elementor-element-425a7d9a\" data-id=\"425a7d9a\" data-element_type=\"column\" data-e-type=\"column\">\n\t\t\t<div class=\"elementor-widget-wrap elementor-element-populated\">\n\t\t\t\t\t\t<div class=\"elementor-element elementor-element-a75f765 elementor-widget elementor-widget-image\" data-id=\"a75f765\" data-element_type=\"widget\" data-e-type=\"widget\" data-widget_type=\"image.default\">\n\t\t\t\t<div class=\"elementor-widget-container\">\n\t\t\t\t\t\t\t\t\t\t\t\t\t\t\t<img decoding=\"async\" width=\"1038\" height=\"124\" src=\"https:\/\/puravidalanzarotediving.com\/wp-content\/uploads\/2024\/08\/Mapa-ascensor-y-puerto-moro.jpg\" class=\"attachment-full size-full wp-image-3246\" alt=\"\" srcset=\"https:\/\/puravidalanzarotediving.com\/wp-content\/uploads\/2024\/08\/Mapa-ascensor-y-puerto-moro.jpg 1038w, https:\/\/puravidalanzarotediving.com\/wp-content\/uploads\/2024\/08\/Mapa-ascensor-y-puerto-moro-300x36.jpg 300w, https:\/\/puravidalanzarotediving.com\/wp-content\/uploads\/2024\/08\/Mapa-ascensor-y-puerto-moro-1024x122.jpg 1024w, https:\/\/puravidalanzarotediving.com\/wp-content\/uploads\/2024\/08\/Mapa-ascensor-y-puerto-moro-768x92.jpg 768w\" sizes=\"(max-width: 1038px) 100vw, 1038px\" \/>\t\t\t\t\t\t\t\t\t\t\t\t\t\t\t<\/div>\n\t\t\t\t<\/div>\n\t\t\t\t\t<\/div>\n\t\t<\/div>\n\t\t\t\t\t<\/div>\n\t\t<\/section>\n\t\t\t\t<\/div>\n\t\t","protected":false},"excerpt":{"rendered":"<p>Viatge a les entranyes del volc\u00e0 Els enormes tubs d&#8217;un emissari submar\u00ed, que es perden en la immensitat de la<\/p>\n","protected":false},"author":1,"featured_media":0,"parent":4906,"menu_order":0,"comment_status":"closed","ping_status":"closed","template":"","meta":{"_joinchat":[],"footnotes":""},"class_list":["post-4887","page","type-page","status-publish","hentry"],"_links":{"self":[{"href":"https:\/\/puravidalanzarotediving.com\/ca\/wp-json\/wp\/v2\/pages\/4887","targetHints":{"allow":["GET"]}}],"collection":[{"href":"https:\/\/puravidalanzarotediving.com\/ca\/wp-json\/wp\/v2\/pages"}],"about":[{"href":"https:\/\/puravidalanzarotediving.com\/ca\/wp-json\/wp\/v2\/types\/page"}],"author":[{"embeddable":true,"href":"https:\/\/puravidalanzarotediving.com\/ca\/wp-json\/wp\/v2\/users\/1"}],"replies":[{"embeddable":true,"href":"https:\/\/puravidalanzarotediving.com\/ca\/wp-json\/wp\/v2\/comments?post=4887"}],"version-history":[{"count":0,"href":"https:\/\/puravidalanzarotediving.com\/ca\/wp-json\/wp\/v2\/pages\/4887\/revisions"}],"up":[{"embeddable":true,"href":"https:\/\/puravidalanzarotediving.com\/ca\/wp-json\/wp\/v2\/pages\/4906"}],"wp:attachment":[{"href":"https:\/\/puravidalanzarotediving.com\/ca\/wp-json\/wp\/v2\/media?parent=4887"}],"curies":[{"name":"wp","href":"https:\/\/api.w.org\/{rel}","templated":true}]}}