{"id":4851,"date":"2024-10-08T16:47:02","date_gmt":"2024-10-08T14:47:02","guid":{"rendered":"https:\/\/divinginadream.com\/aviso-legal\/"},"modified":"2025-08-13T11:48:47","modified_gmt":"2025-08-13T09:48:47","slug":"impressum","status":"publish","type":"page","link":"https:\/\/puravidalanzarotediving.com\/de\/impressum\/","title":{"rendered":"Rechtlicher Hinweis"},"content":{"rendered":"\t\t<div data-elementor-type=\"wp-page\" data-elementor-id=\"4851\" class=\"elementor elementor-4851 elementor-2427\" data-elementor-post-type=\"page\">\n\t\t\t\t<div class=\"wd-negative-gap elementor-element elementor-element-4da9fbd wd-section-stretch-content e-flex e-con-boxed e-con e-parent\" data-id=\"4da9fbd\" data-element_type=\"container\" data-e-type=\"container\">\n\t\t\t\t\t<div class=\"e-con-inner\">\n\t\t<div class=\"elementor-element elementor-element-88dfa7f e-con-full wd-section-stretch-content e-flex e-con e-child\" data-id=\"88dfa7f\" data-element_type=\"container\" data-e-type=\"container\" data-settings=\"{&quot;background_background&quot;:&quot;classic&quot;}\">\n\t\t<div class=\"elementor-element elementor-element-cdc99a9 e-con-full wd-section-stretch-content e-flex e-con e-child\" data-id=\"cdc99a9\" data-element_type=\"container\" data-e-type=\"container\">\n\t\t\t\t<div class=\"elementor-element elementor-element-48d038c elementor--h-position-center elementor--v-position-middle elementor-arrows-position-inside elementor-pagination-position-inside elementor-widget elementor-widget-slides\" data-id=\"48d038c\" data-element_type=\"widget\" data-e-type=\"widget\" data-settings=\"{&quot;navigation&quot;:&quot;both&quot;,&quot;autoplay&quot;:&quot;yes&quot;,&quot;pause_on_hover&quot;:&quot;yes&quot;,&quot;pause_on_interaction&quot;:&quot;yes&quot;,&quot;autoplay_speed&quot;:5000,&quot;infinite&quot;:&quot;yes&quot;,&quot;transition&quot;:&quot;slide&quot;,&quot;transition_speed&quot;:500}\" data-widget_type=\"slides.default\">\n\t\t\t\t<div class=\"elementor-widget-container\">\n\t\t\t\t\t\t\t\t\t<div class=\"elementor-swiper\">\n\t\t\t\t\t<div class=\"elementor-slides-wrapper elementor-main-swiper swiper\" role=\"region\" aria-roledescription=\"carousel\" aria-label=\"Slider\" dir=\"ltr\" data-animation=\"fadeInUp\">\n\t\t\t\t<div class=\"swiper-wrapper elementor-slides\">\n\t\t\t\t\t\t\t\t\t\t<div class=\"elementor-repeater-item-4094fd2 swiper-slide\" role=\"group\" aria-roledescription=\"slide\"><div class=\"swiper-slide-bg elementor-ken-burns elementor-ken-burns--in\" role=\"img\" aria-label=\"Fondo del mar\"><\/div><div class=\"elementor-background-overlay\"><\/div><div class=\"swiper-slide-inner\" ><div class=\"swiper-slide-contents\"><h1 class=\"elementor-slide-heading\">Rechtlicher Hinweis<\/h1><\/div><\/div><\/div>\t\t\t\t<\/div>\n\t\t\t\t\t\t\t<\/div>\n\t\t\t\t<\/div>\n\t\t\t\t\t\t\t\t<\/div>\n\t\t\t\t<\/div>\n\t\t\t\t<\/div>\n\t\t\t\t<\/div>\n\t\t\t\t\t<\/div>\n\t\t\t\t<\/div>\n\t\t<div class=\"wd-negative-gap elementor-element elementor-element-d7626b4 e-flex e-con-boxed e-con e-parent\" data-id=\"d7626b4\" data-element_type=\"container\" data-e-type=\"container\">\n\t\t\t\t\t<div class=\"e-con-inner\">\n\t\t\t\t<div class=\"elementor-element elementor-element-5e12ac3 color-scheme-inherit text-left elementor-widget elementor-widget-text-editor\" data-id=\"5e12ac3\" data-element_type=\"widget\" data-e-type=\"widget\" data-widget_type=\"text-editor.default\">\n\t\t\t\t<div class=\"elementor-widget-container\">\n\t\t\t\t\t\t\t\t\t<h3>Rechtlicher Hinweis Web<\/h3><p><strong><br>1. IDENTIFIZIERUNGSDATEN<\/strong><\/p><p>In \u00dcbereinstimmung mit der Datenschutz-Grundverordnung (EU) 2016\/679 des Europ\u00e4ischen Parlaments und des Rates vom 27. April 2016 und dem Organgesetz 3\/2018 vom 5. Dezember \u00fcber den Schutz personenbezogener Daten und die Gew\u00e4hrleistung digitaler Rechte, Folgende Daten werden wiedergegeben:<\/p><p>Das Unternehmen, dem diese Webdom\u00e4ne <a href=\"http:\/\/www.puravidalanzarotediving.com\" target=\"_new\" rel=\"noopener\">www.puravidalanzarotediving.com<\/a> geh\u00f6rt, ist <strong>PURA VIDA DIVING ISLAS CANARIA SL <\/strong>strong, CIF-Nummer: B76249564, mit der Adresse f\u00fcr diese Zwecke: Avda Islas Canarias 1 CC Punta Limones, 33 Playa Blanca (Lanzarote).<\/p><p>Datenschutz-E-Mail:: <a rel=\"noopener\">admin@puravidalanzarotediving.com<\/a>.<\/p><p><strong><br>2. BENUTZER<\/strong><\/p><p>Durch den Zugriff auf und\/oder die Nutzung dieses Portals oder dieser Website gelten Sie als NUTZER, der durch diesen Zugriff und\/oder die Nutzung die in dieser Mitteilung dargelegten Allgemeinen Nutzungsbedingungen akzeptiert.<\/p><p>Die Bedingungen gelten unabh\u00e4ngig von den gegebenenfalls zwingenden Allgemeinen Vertragsbedingungen. In jedem Fall wird f\u00fcr jeden bestimmten Zweck Ihre ausdr\u00fcckliche Zustimmung eingeholt. <\/p><p><strong><br>3. NUTZUNG DES PORTALS<\/strong><\/p><p>Unsere Website bietet Zugang zu Informationen, Diensten, Programmen oder Daten (im Folgenden als \u201eInhalte\u201c bezeichnet) im Internet, die <strong>PURA VIDA DIVING ISLAS CANARIA SL<\/strong> oder seinen Lizenzgebern geh\u00f6ren und auf die der NUTZER Zugriff haben kann.<\/p><p>Der NUTZER \u00fcbernimmt die Verantwortung f\u00fcr die ordnungsgem\u00e4\u00dfe Nutzung des Portals, die sich auch auf die f\u00fcr den Zugriff auf bestimmte Dienste oder Inhalte erforderliche Registrierung erstreckt. Bei dieser Registrierung ist der NUTZER daf\u00fcr verantwortlich, wahrheitsgem\u00e4\u00dfe und rechtm\u00e4\u00dfige Angaben zu machen. Als Folge dieser Registrierung erh\u00e4lt der NUTZER m\u00f6glicherweise ein Passwort, f\u00fcr das er verantwortlich ist, und verpflichtet sich, dieses sorgf\u00e4ltig, ethisch und vertraulich zu verwenden.  <\/p><p>Der NUTZER verpflichtet sich, die \u00fcber das Portal angebotenen Inhalte und Dienste (z. B. Chat-Dienste, Diskussionsforen oder Newsgroups) angemessen zu nutzen und sie nicht zu verwenden, um:<\/p><ul><li>Beteiligen Sie sich an illegalen, rechtswidrigen Aktivit\u00e4ten oder Aktivit\u00e4ten, die gegen Treu und Glauben und die \u00f6ffentliche Ordnung versto\u00dfen.<\/li><li>Inhalte oder Propaganda verbreiten, die rassistischer, fremdenfeindlicher, pornographisch-illegaler Natur sind, Terrorismus bef\u00fcrworten oder Menschenrechte verletzen.<\/li><li>Sch\u00e4den an den physischen und logischen Systemen des Eigent\u00fcmers, seiner Lieferanten oder Dritter verursachen, Computerviren oder andere physische oder logische Systeme einf\u00fchren oder verbreiten, die wahrscheinlich Sch\u00e4den im Netzwerk verursachen.<\/li><li>Versuchen Sie, auf die E-Mail-Konten anderer Benutzer zuzugreifen und diese gegebenenfalls zu nutzen und deren Nachrichten zu \u00e4ndern oder zu manipulieren.<\/li><\/ul><p>Der Betreiber des Portals beh\u00e4lt sich das Recht vor, alle Kommentare und Beitr\u00e4ge zu entfernen, die die Achtung der W\u00fcrde der Person verletzen, diskriminierend, fremdenfeindlich, rassistisch, pornographisch sind, die Jugend oder Kindheit, die Ordnung oder die Sicherheit der \u00d6ffentlichkeit verletzen Meinung, sind nicht f\u00fcr die Ver\u00f6ffentlichung geeignet oder geeignet. In keinem Fall ist der Eigent\u00fcmer des Portals f\u00fcr die Meinungen verantwortlich, die Benutzer in Foren, Chats oder anderen Beteiligungstools \u00e4u\u00dfern. <\/p><p><strong><br>4. DATENSCHUTZ<\/strong><\/p><p>Die Verwendung personenbezogener Daten richtet sich nach der Datenschutz-Grundverordnung und den geltenden spanischen Vorschriften. Um gr\u00f6\u00dftm\u00f6gliche Transparenz zu erreichen und basierend auf unserer proaktiven Politik, informieren wir Sie: <\/p><ul><li><p><strong>Warum fordern wir Ihre Daten an?<\/strong><br><strong>PURA VIDA DIVING ISLAS CANARIA SL<\/strong> informiert den Kunden dar\u00fcber, dass die Datenverarbeitung zu folgenden Zwecken erfolgt:<\/p><ul><li>Durchf\u00fchrung aller Verfahren im Zusammenhang mit der Erstellung von Budgets, Vertragsabschl\u00fcssen und der Bereitstellung von Dienstleistungen durch <strong>PURA VIDA DIVING ISLAS CANARIA SL <\/strong>f\u00fcr das Unternehmen, zu dem es geh\u00f6rt, oder gegebenenfalls f\u00fcr den Interessenten, der dies anfordert.<\/li><li>Nehmen Sie an den erhaltenen Mitteilungen sowie an Mitteilungen \u00fcber kommerzielle Interessenten teil und reagieren Sie darauf, um Benutzer \u00fcber m\u00f6gliche Werbeaktionen auf dem Laufenden zu halten.<\/li><\/ul><\/li><li><p><strong>Welche Art von Daten erfassen wir?<\/strong><br>Personenbezogene Daten, die Ihrer eigenen Identit\u00e4t entsprechen und angemessen, relevant, aktuell, genau und wahr sind. Der Benutzer tr\u00e4gt die alleinige Verantwortung f\u00fcr alle direkten und\/oder indirekten Sch\u00e4den, die Dritten oder<strong> PURA VIDA DIVING ISLAS CANARIA SL<\/strong> durch die Verwendung personenbezogener Daten einer anderen Person oder durch die Verwendung falscher, fehlerhafter und nicht aktueller personenbezogener Daten entstehen , unangemessen oder unversch\u00e4mt. <\/p><\/li><li><p><strong>Wie werden sie gesammelt?<\/strong><br>Verwendung von Formularen zur Erhebung personenbezogener Daten. In den auf der Website vorhandenen Kontaktformularen, in denen personenbezogene Daten erhoben werden, muss der Nutzer vor dem Absenden ausdr\u00fccklich der Annahme und Kenntnisnahme der Datenschutzbestimmungen zustimmen, indem er das H\u00e4kchen \u201eIch habe die Datenschutzbestimmungen gelesen und akzeptiere sie\u201c ausf\u00fcllt. , deren Inhalt \u00fcber den diesem rechtlichen Hinweis beigef\u00fcgten Link eingesehen werden kann.  Wird das H\u00e4kchenfeld vom Nutzer nicht markiert, werden die in diesen Formularen enthaltenen Daten nicht versendet.<\/p><\/li><li><p><strong>Weitergabe an Dritte:stark<\/strong><br>Eine Weitergabe der Daten an Dritte erfolgt nicht, sofern keine gesetzliche Verpflichtung besteht. Es sind keine Daten\u00fcbermittlungen in Drittl\u00e4nder geplant. <\/p><\/li><li><p><strong>Rechte:<\/strong><br>Sie haben das Recht, jederzeit auf Ihre Daten zuzugreifen, sie zu berichtigen, zu l\u00f6schen, einzuschr\u00e4nken und der Verarbeitung zu widersprechen. Sie k\u00f6nnen die erteilte Einwilligung auch widerrufen und sich bei der Kontrollbeh\u00f6rde (spanische Datenschutzbeh\u00f6rde, c\/ Jorge Juan Nr. 6, 28001 Madrid) beschweren. Zur Aus\u00fcbung Ihrer Rechte haben Sie \u00fcber die Datenschutz-E-Mail den direkten Weg zu unserem Unternehmen <a rel=\"noopener\">admin@puravidalanzarotediving.com<\/a> oder an die Postadresse Avda Islas Canarias 1 CC Punta Limones, 33 Playa Blanca (Las Palmas) unter Angabe von \u201eDatenschutz\u201c in der Betreffzeile.  <\/p><\/li><\/ul><p>Ebenso informiert <strong>PURA VIDA DIVING ISLAS CANARIA SL<\/strong> dar\u00fcber, dass es das Gesetz 34\/2002 vom 11. Juli \u00fcber Dienste der Informationsgesellschaft und den elektronischen Handel einh\u00e4lt, und wird Sie jederzeit um Ihre Zustimmung zur Verarbeitung Ihrer E-Mail f\u00fcr kommerzielle Zwecke bitten.<\/p><p><strong><br>5. GEISTIGES UND INDUSTRIELLES EIGENTUM<\/strong><\/p><p>Der Eigent\u00fcmer ist allein oder als Bevollm\u00e4chtigter Eigent\u00fcmer aller geistigen und gewerblichen Eigentumsrechte seiner Website sowie der darin enthaltenen Elemente (z. B. Bilder, Ton, Audio, Video, Software oder Texte). Marken oder Logos, Farbkombinationen, Struktur und Design, Auswahl der verwendeten Materialien, f\u00fcr den Betrieb erforderliche Computerprogramme, Zugang und Nutzung usw.).<\/p><p>Alle Rechte vorbehalten. Gem\u00e4\u00df den Bestimmungen der Artikel 8 und 32.1 Absatz 2 des Gesetzes \u00fcber geistiges Eigentum ist die Vervielf\u00e4ltigung, Verbreitung und \u00f6ffentliche Kommunikation, einschlie\u00dflich der Art der Zug\u00e4nglichmachung, aller oder eines Teils der Inhalte dieser Website f\u00fcr kommerzielle Zwecke gestattet jeglichem Medium und mit jeglichen technischen Mitteln, ohne die Genehmigung von <strong>PURA VIDA DIVING ISLAS CANARIA SL.<\/strong> <\/p><p>Der NUTZER verpflichtet sich, die geistigen und gewerblichen Eigentumsrechte von <strong>PURA VIDA DIVING ISLAS CANARIA SL <\/strong>zu respektieren. Sie d\u00fcrfen die Elemente des Portals ansehen und sogar ausdrucken, kopieren und auf der Festplatte Ihres Computers oder einem anderen physischen Medium speichern, sofern dies ausschlie\u00dflich f\u00fcr Ihren pers\u00f6nlichen und privaten Gebrauch bestimmt ist. <\/p><p>Der NUTZER darf keine Schutzvorrichtungen oder Sicherheitssysteme, die auf den Seiten von <strong>PURA VIDA DIVING ISLAS CANARIA SL<\/strong> installiert wurden, l\u00f6schen, ver\u00e4ndern, umgehen oder manipulieren.<\/p><p><strong><br>6. GEW\u00c4HRLEISTUNGS- UND HAFTUNGSAUSSCHLUSS<\/strong><\/p><p><strong>PURA VIDA DIVING ISLAS CANARIA SL<\/strong> haftet in keinem Fall f\u00fcr Sch\u00e4den jeglicher Art, die beispielsweise durch Fehler oder Auslassungen in den Inhalten, mangelnde Verf\u00fcgbarkeit des Portals oder die \u00dcbertragung von Viren oder Schadsoftware entstehen k\u00f6nnen oder sch\u00e4dliche Programme in den Inhalten enthalten, obwohl alle notwendigen technischen Ma\u00dfnahmen ergriffen wurden, um dies zu verhindern.<\/p><p><strong><br>7. \u00c4NDERUNGEN<\/strong><\/p><p><strong>PURA VIDA DIVING ISLAS CANARIA SL<\/strong> beh\u00e4lt sich das Recht vor, ohne vorherige Ank\u00fcndigung alle \u00c4nderungen an seinem Portal vorzunehmen, die es f\u00fcr angemessen h\u00e4lt, und kann sowohl die \u00fcber das Portal bereitgestellten Inhalte und Dienste als auch deren Art und Weise \u00e4ndern, l\u00f6schen oder hinzuf\u00fcgen bereitgestellt werden, werden auf dem Portal angezeigt oder angezeigt.<\/p><p><strong><br>8. LINKS<\/strong><\/p><p>F\u00fcr den Fall, dass <strong>PURA VIDA DIVING ISLAS CANARIA SL<\/strong> Links oder Hyperlinks zu anderen Internetseiten bereitstellt, \u00fcbt sie keinerlei Kontrolle \u00fcber diese Websites und Inhalte aus. In keinem Fall \u00fcbernimmt <strong>PURA VIDA DIVING ISLAS CANARIA SL <\/strong>die Verantwortung f\u00fcr den Inhalt eines Links, der zu einer Website Dritter geh\u00f6rt, und garantiert auch nicht deren technische Verf\u00fcgbarkeit, Qualit\u00e4t, Zuverl\u00e4ssigkeit, Genauigkeit, Breite, Wahrhaftigkeit, G\u00fcltigkeit und Verfassungsm\u00e4\u00dfigkeit Material oder Informationen, die in diesen Hyperlinks oder anderen Internetseiten enthalten sind. Wenn Sie die Links nutzen, rufen Sie bitte die Datenschutzbestimmungen und rechtlichen Hinweise der besuchten Website auf.  <\/p><p>Ebenso bedeutet die Einbeziehung dieser externen Verbindungen keinerlei Verbindung, Fusion oder Beteiligung mit den verbundenen Unternehmen.<\/p><p><strong><br>9. AUSSCHLUSSRECHT<\/strong><\/p><p><strong>PURA VIDA DIVING ISLAS CANARIA SL <\/strong>beh\u00e4lt sich das Recht vor, den Zugang zum Portal und\/oder den angebotenen Diensten ohne vorherige Ank\u00fcndigung auf eigenen Wunsch oder den eines Dritten zu verweigern oder zu entziehen, wenn Benutzer diese Allgemeinen Gesch\u00e4ftsbedingungen nicht einhalten Verwenden.<\/p><p><strong><br>10. ALLGEMEINES<\/strong><\/p><p><strong>PURA VIDA DIVING ISLAS CANARIA <\/strong>SLstrong wird die Nichteinhaltung dieser Bedingungen sowie jede missbr\u00e4uchliche Nutzung seines Portals verfolgen und alle zivil- und strafrechtlichen Schritte einleiten, die ihm gesetzlich zustehen.<\/p><p><strong><br>11. \u00c4NDERUNG DIESER BEDINGUNGEN UND DAUER<\/strong><\/p><p><strong>PURA VIDA DIVING ISLAS CANARIA SL<\/strong> kann die hier festgelegten Bedingungen jederzeit \u00e4ndern und wird ordnungsgem\u00e4\u00df in der hier erscheinenden Form ver\u00f6ffentlicht.<\/p><p>Die G\u00fcltigkeit der oben genannten Bedingungen h\u00e4ngt von ihrer Offenlegung ab und bleibt in Kraft, bis sie von anderen ordnungsgem\u00e4\u00df ver\u00f6ffentlichten ge\u00e4ndert werden.<\/p><p><strong><br>12. ANWENDBARE GESETZE UND GERICHTSSTAND<\/strong><\/p><p>Die Beziehung zwischen<strong> PURA VIDA DIVING ISLAS CANARIA SL <\/strong>und dem BENUTZER unterliegt den geltenden spanischen Vorschriften und alle Streitigkeiten werden den spanischen Gerichten vorgelegt.<\/p>\t\t\t\t\t\t\t\t<\/div>\n\t\t\t\t<\/div>\n\t\t\t\t\t<\/div>\n\t\t\t\t<\/div>\n\t\t\t\t<\/div>\n\t\t","protected":false},"excerpt":{"rendered":"<p>Rechtlicher Hinweis Rechtlicher Hinweis Web 1. IDENTIFIZIERUNGSDATEN In \u00dcbereinstimmung mit der Datenschutz-Grundverordnung (EU) 2016\/679 des Europ\u00e4ischen Parlaments und des Rates<\/p>\n","protected":false},"author":1,"featured_media":0,"parent":0,"menu_order":0,"comment_status":"closed","ping_status":"closed","template":"","meta":{"_joinchat":[],"footnotes":""},"class_list":["post-4851","page","type-page","status-publish","hentry"],"_links":{"self":[{"href":"https:\/\/puravidalanzarotediving.com\/de\/wp-json\/wp\/v2\/pages\/4851","targetHints":{"allow":["GET"]}}],"collection":[{"href":"https:\/\/puravidalanzarotediving.com\/de\/wp-json\/wp\/v2\/pages"}],"about":[{"href":"https:\/\/puravidalanzarotediving.com\/de\/wp-json\/wp\/v2\/types\/page"}],"author":[{"embeddable":true,"href":"https:\/\/puravidalanzarotediving.com\/de\/wp-json\/wp\/v2\/users\/1"}],"replies":[{"embeddable":true,"href":"https:\/\/puravidalanzarotediving.com\/de\/wp-json\/wp\/v2\/comments?post=4851"}],"version-history":[{"count":0,"href":"https:\/\/puravidalanzarotediving.com\/de\/wp-json\/wp\/v2\/pages\/4851\/revisions"}],"wp:attachment":[{"href":"https:\/\/puravidalanzarotediving.com\/de\/wp-json\/wp\/v2\/media?parent=4851"}],"curies":[{"name":"wp","href":"https:\/\/api.w.org\/{rel}","templated":true}]}}