{"id":6122,"date":"2024-04-11T12:51:21","date_gmt":"2024-04-11T10:51:21","guid":{"rendered":"https:\/\/divinginadream.com\/datenschutzrichtlinie\/"},"modified":"2024-12-15T13:43:50","modified_gmt":"2024-12-15T12:43:50","slug":"datenschutzrichtlinie","status":"publish","type":"page","link":"https:\/\/puravidalanzarotediving.com\/de\/datenschutzrichtlinie\/","title":{"rendered":"Datenschutzrichtlinie"},"content":{"rendered":"\t\t<div data-elementor-type=\"wp-page\" data-elementor-id=\"6122\" class=\"elementor elementor-6122 elementor-3\" data-elementor-post-type=\"page\">\n\t\t\t\t<div class=\"wd-negative-gap elementor-element elementor-element-4da9fbd wd-section-stretch-content e-flex e-con-boxed e-con e-parent\" data-id=\"4da9fbd\" data-element_type=\"container\" data-e-type=\"container\">\n\t\t\t\t\t<div class=\"e-con-inner\">\n\t\t<div class=\"elementor-element elementor-element-88dfa7f e-con-full wd-section-stretch-content e-flex e-con e-child\" data-id=\"88dfa7f\" data-element_type=\"container\" data-e-type=\"container\" data-settings=\"{&quot;background_background&quot;:&quot;classic&quot;}\">\n\t\t<div class=\"elementor-element elementor-element-cdc99a9 e-con-full wd-section-stretch-content e-flex e-con e-child\" data-id=\"cdc99a9\" data-element_type=\"container\" data-e-type=\"container\">\n\t\t\t\t<div class=\"elementor-element elementor-element-48d038c elementor--h-position-center elementor--v-position-middle elementor-arrows-position-inside elementor-pagination-position-inside elementor-widget elementor-widget-slides\" data-id=\"48d038c\" data-element_type=\"widget\" data-e-type=\"widget\" data-settings=\"{&quot;navigation&quot;:&quot;both&quot;,&quot;autoplay&quot;:&quot;yes&quot;,&quot;pause_on_hover&quot;:&quot;yes&quot;,&quot;pause_on_interaction&quot;:&quot;yes&quot;,&quot;autoplay_speed&quot;:5000,&quot;infinite&quot;:&quot;yes&quot;,&quot;transition&quot;:&quot;slide&quot;,&quot;transition_speed&quot;:500}\" data-widget_type=\"slides.default\">\n\t\t\t\t<div class=\"elementor-widget-container\">\n\t\t\t\t\t\t\t\t\t<div class=\"elementor-swiper\">\n\t\t\t\t\t<div class=\"elementor-slides-wrapper elementor-main-swiper swiper\" role=\"region\" aria-roledescription=\"carousel\" aria-label=\"Slider\" dir=\"ltr\" data-animation=\"fadeInUp\">\n\t\t\t\t<div class=\"swiper-wrapper elementor-slides\">\n\t\t\t\t\t\t\t\t\t\t<div class=\"elementor-repeater-item-4094fd2 swiper-slide\" role=\"group\" aria-roledescription=\"slide\"><div class=\"swiper-slide-bg elementor-ken-burns elementor-ken-burns--in\" role=\"img\" aria-label=\"Fondo del mar\"><\/div><div class=\"elementor-background-overlay\"><\/div><div class=\"swiper-slide-inner\" ><div class=\"swiper-slide-contents\"><h1 class=\"elementor-slide-heading\">Datenschutzrichtlinie<\/h1><\/div><\/div><\/div>\t\t\t\t<\/div>\n\t\t\t\t\t\t\t<\/div>\n\t\t\t\t<\/div>\n\t\t\t\t\t\t\t\t<\/div>\n\t\t\t\t<\/div>\n\t\t\t\t<\/div>\n\t\t\t\t<\/div>\n\t\t\t\t\t<\/div>\n\t\t\t\t<\/div>\n\t\t<div class=\"wd-negative-gap elementor-element elementor-element-d7626b4 e-flex e-con-boxed e-con e-parent\" data-id=\"d7626b4\" data-element_type=\"container\" data-e-type=\"container\">\n\t\t\t\t\t<div class=\"e-con-inner\">\n\t\t\t\t<div class=\"elementor-element elementor-element-5e12ac3 color-scheme-inherit text-left elementor-widget elementor-widget-text-editor\" data-id=\"5e12ac3\" data-element_type=\"widget\" data-e-type=\"widget\" data-widget_type=\"text-editor.default\">\n\t\t\t\t<div class=\"elementor-widget-container\">\n\t\t\t\t\t\t\t\t\t<h3>WEB-Datenschutzrichtlinie<\/h3>\n<p>In \u00dcbereinstimmung mit der Datenschutz-Grundverordnung (EU) 2016\/679 des Europ\u00e4ischen Parlaments und des Rates vom 27. April 2016 und dem Organgesetz 3\/2018 vom 5. Dezember \u00fcber den Schutz personenbezogener Daten und die Gew\u00e4hrleistung digitaler Rechte, Wir informieren Sie dar\u00fcber:<\/p>\n<p>Das Unternehmen, dem diese Domain geh\u00f6rt und das f\u00fcr die Verwaltung der Website <a href=\"https:\/\/www.puravidalanzarotediving.com\" target=\"_new\" rel=\"noopener\">https:\/\/www.puravidalanzarotediving.com <\/a>verantwortlich ist, ist <strong>PURA VIDA DIVING ISLAS CANARIA SL<\/strong>, mit der Adresse f\u00fcr diese Zwecke in C\/ Avda Islas Canarias, 1 CC Punta Limones, 33 Playa Blanca, C.I.F.-Nummer: B76249564.<\/p>\n<p>Datenschutz-E-Mail:: <a rel=\"noopener\">admin@puravidalanzarotediving.com<\/a>.<\/p>\n<p>Der Datenverantwortliche, <strong>PURA VIDA DIVING ISLAS CANARIA SL<\/strong>, hat den Zweck, die Erfassung Ihrer Daten durch die Nutzung unserer Formulare zu verwalten.<\/p>\n<p>In den auf der Website vorhandenen Kontaktformularen, in denen personenbezogene Daten erfasst werden, muss der Benutzer vor dem Absenden ausdr\u00fccklich der Annahme und Kenntnisnahme der Datenschutzbestimmungen zustimmen, indem er das H\u00e4kchen \u201eIch habe die Datenschutzbestimmungen gelesen und akzeptiere sie\u201c ausf\u00fcllt. Deren Inhalt kann \u00fcber den diesem rechtlichen Hinweis beigef\u00fcgten Link eingesehen werden.<\/p>\n<p>Wird das H\u00e4kchenfeld vom Nutzer nicht markiert, werden die in diesen Formularen enthaltenen Daten nicht versendet.<\/p>\n<p>Mir ist bewusst, dass ich der Nutzung und Verarbeitung meiner personenbezogenen Daten sowie der angeforderten oder zu beauftragenden Informationen zustimme.<\/p>\n<p>Rechtsgrundlage f\u00fcr die Verarbeitung Ihrer Daten ist die erteilte Einwilligung. Diese Einwilligung kann jederzeit von Ihnen oder Ihrem gesetzlichen Vertreter widerrufen werden. <\/p>\n<p>Wir bewahren Ihre Daten so lange auf, wie es f\u00fcr die Erf\u00fcllung gesetzlicher Anforderungen unbedingt erforderlich ist. Eine Weitergabe der Daten an Dritte erfolgt nicht, sofern keine gesetzliche Verpflichtung besteht. Es sind keine Daten\u00fcbermittlungen in Drittl\u00e4nder geplant.  <\/p>\n<p>Sie k\u00f6nnen Ihr Recht auf Zugang, Berichtigung, L\u00f6schung und \u00dcbertragbarkeit Ihrer Daten sowie die Einschr\u00e4nkung oder den Widerspruch gegen deren Verarbeitung per E-Mail aus\u00fcben <a rel=\"noopener\">admin@puravidalanzarotediving.com<\/a> oder an die Postadresse Avda Islas Canarias 1 CC Punta Limones 33 Playa Blanca.<\/p>\n<p>Ebenso k\u00f6nnen Sie einen Anspruch bei der Kontrollbeh\u00f6rde unter <a href=\"http:\/\/www.aepd.es\" target=\"_new\" rel=\"noopener\">www.aepd.es<\/a> einreichen.<\/p>\n<p>Ihre Daten wurden direkt von Ihnen \u00fcber die Website bereitgestellt. Wir verarbeiten Ihre Identifikationsdaten, Postanschrift, E-Mail-Adresse und Gesch\u00e4ftsinformationen im Zusammenhang mit unseren angeforderten Dienstleistungen. <\/p>\n\t\t\t\t\t\t\t\t<\/div>\n\t\t\t\t<\/div>\n\t\t\t\t\t<\/div>\n\t\t\t\t<\/div>\n\t\t\t\t<\/div>\n\t\t","protected":false},"excerpt":{"rendered":"<p>Datenschutzrichtlinie WEB-Datenschutzrichtlinie In \u00dcbereinstimmung mit der Datenschutz-Grundverordnung (EU) 2016\/679 des Europ\u00e4ischen Parlaments und des Rates vom 27. April 2016 und<\/p>\n","protected":false},"author":1,"featured_media":0,"parent":0,"menu_order":0,"comment_status":"closed","ping_status":"closed","template":"","meta":{"_joinchat":[],"footnotes":""},"class_list":["post-6122","page","type-page","status-publish","hentry"],"_links":{"self":[{"href":"https:\/\/puravidalanzarotediving.com\/de\/wp-json\/wp\/v2\/pages\/6122","targetHints":{"allow":["GET"]}}],"collection":[{"href":"https:\/\/puravidalanzarotediving.com\/de\/wp-json\/wp\/v2\/pages"}],"about":[{"href":"https:\/\/puravidalanzarotediving.com\/de\/wp-json\/wp\/v2\/types\/page"}],"author":[{"embeddable":true,"href":"https:\/\/puravidalanzarotediving.com\/de\/wp-json\/wp\/v2\/users\/1"}],"replies":[{"embeddable":true,"href":"https:\/\/puravidalanzarotediving.com\/de\/wp-json\/wp\/v2\/comments?post=6122"}],"version-history":[{"count":0,"href":"https:\/\/puravidalanzarotediving.com\/de\/wp-json\/wp\/v2\/pages\/6122\/revisions"}],"wp:attachment":[{"href":"https:\/\/puravidalanzarotediving.com\/de\/wp-json\/wp\/v2\/media?parent=6122"}],"curies":[{"name":"wp","href":"https:\/\/api.w.org\/{rel}","templated":true}]}}