{"id":6126,"date":"2024-08-08T19:25:22","date_gmt":"2024-08-08T17:25:22","guid":{"rendered":"https:\/\/divinginadream.com\/veril-de-las-anclas\/"},"modified":"2024-11-30T16:34:31","modified_gmt":"2024-11-30T15:34:31","slug":"veril-de-las-anclas","status":"publish","type":"page","link":"https:\/\/puravidalanzarotediving.com\/de\/taucht\/veril-de-las-anclas\/","title":{"rendered":"Veril de las Anclas"},"content":{"rendered":"\t\t<div data-elementor-type=\"wp-page\" data-elementor-id=\"6126\" class=\"elementor elementor-6126 elementor-878\" data-elementor-post-type=\"page\">\n\t\t\t\t<div class=\"elementor-element elementor-element-89085c4 e-con-full wd-section-stretch-content e-flex e-con e-parent\" data-id=\"89085c4\" data-element_type=\"container\" data-e-type=\"container\">\n\t\t\t\t<div class=\"elementor-element elementor-element-514135a elementor--h-position-center elementor--v-position-middle elementor-arrows-position-inside elementor-pagination-position-inside elementor-widget elementor-widget-slides\" data-id=\"514135a\" data-element_type=\"widget\" data-e-type=\"widget\" data-settings=\"{&quot;navigation&quot;:&quot;both&quot;,&quot;autoplay&quot;:&quot;yes&quot;,&quot;pause_on_hover&quot;:&quot;yes&quot;,&quot;pause_on_interaction&quot;:&quot;yes&quot;,&quot;autoplay_speed&quot;:5000,&quot;infinite&quot;:&quot;yes&quot;,&quot;transition&quot;:&quot;slide&quot;,&quot;transition_speed&quot;:500}\" data-widget_type=\"slides.default\">\n\t\t\t\t<div class=\"elementor-widget-container\">\n\t\t\t\t\t\t\t\t\t<div class=\"elementor-swiper\">\n\t\t\t\t\t<div class=\"elementor-slides-wrapper elementor-main-swiper swiper\" role=\"region\" aria-roledescription=\"carousel\" aria-label=\"Slider\" dir=\"ltr\" data-animation=\"fadeInUp\">\n\t\t\t\t<div class=\"swiper-wrapper elementor-slides\">\n\t\t\t\t\t\t\t\t\t\t<div class=\"elementor-repeater-item-4094fd2 swiper-slide\" role=\"group\" aria-roledescription=\"slide\"><div class=\"swiper-slide-bg elementor-ken-burns elementor-ken-burns--in\" role=\"img\" aria-label=\"Veril de las Anclas Punto de Buceo en Lanzarote\"><\/div><div class=\"elementor-background-overlay\"><\/div><div class=\"swiper-slide-inner\" ><div class=\"swiper-slide-contents\"><h1 class=\"elementor-slide-heading\">Veril de las Anclas<\/h1><p class=\"elementor-slide-description\"><p>Eintauchen in die Geschichte<\/p>\n<\/p><\/div><\/div><\/div>\t\t\t\t<\/div>\n\t\t\t\t\t\t\t<\/div>\n\t\t\t\t<\/div>\n\t\t\t\t\t\t\t\t<\/div>\n\t\t\t\t<\/div>\n\t\t\t\t<\/div>\n\t\t<div class=\"wd-negative-gap elementor-element elementor-element-80892e6 e-flex e-con-boxed e-con e-parent\" data-id=\"80892e6\" data-element_type=\"container\" data-e-type=\"container\">\n\t\t\t\t\t<div class=\"e-con-inner\">\n\t\t\t\t<div class=\"elementor-element elementor-element-4d712eb color-scheme-inherit text-left elementor-widget elementor-widget-text-editor\" data-id=\"4d712eb\" data-element_type=\"widget\" data-e-type=\"widget\" data-widget_type=\"text-editor.default\">\n\t\t\t\t<div class=\"elementor-widget-container\">\n\t\t\t\t\t\t\t\t\t<div class=\"wpb_text_column wpb_content_element \">\n<div class=\"wpb_wrapper\">\n<div class=\"wpb_text_column wpb_content_element \">\n<div class=\"wpb_wrapper\">\n<p>Zwischen Lanzarote und La Graciosa erhebt sich auf einer sandigen Ebene ein dicker Felsriegel, der sich etwa einen Kilometer lang erstreckt und den Fluss El R\u00edo senkrecht durchquert: der Veril de las Agujas.<\/p>\n<p>Es gibt darin mehrere Tauchgebiete, wie den Veril de las Langostas im S\u00fcden oder die Cueva de los Jureles im Norden, unter denen der Veril de las Anclas hervorsticht.<\/p>\n<div class=\"wpb_text_column wpb_content_element \">\n<div class=\"wpb_wrapper\">\n<p>Seine durch die Erosion des Meeres geformten W\u00e4nde dienen als Zufluchtsort f\u00fcr eine gro\u00dfe Anzahl von <strong>Fischen wie Chuchos, Pejeperros, Abades, Negra und, \u00fcberraschenderweise<\/strong>, wenn man bedenkt, dass sie auf den \u00fcbrigen Kanarischen Inseln selten sind, auch f\u00fcr den Schwarzen Meerbarsch.<\/p>\n<\/p>\n<p>Der Tauchgang hat eine historische Attraktion: <strong>die Anzahl der alten Anker, die entlang der Route ruhen<\/strong>.<\/p>\n<p>Die S\u00fcdwestwand des Veril ist diejenige mit den <strong>ausgepr\u00e4gtesten und attraktivsten W\u00e4nden<\/strong>. Hier befinden sich die meisten Anker und die spektakul\u00e4rsten Felsformen. <\/p>\n<p>Der Tauchgang besteht aus der Erkundung des Weges, <strong>wobei zu ber\u00fccksichtigen ist<\/strong>, dass dieser viel l\u00e4nger ist, als mit einem einzigen Tauchgang zur\u00fcckgelegt werden kann.<\/p>\n<\/div>\n<\/div>\n<\/div>\n<\/div>\n<\/div>\n<\/div>\n\t\t\t\t\t\t\t\t<\/div>\n\t\t\t\t<\/div>\n\t\t\t\t\t<\/div>\n\t\t\t\t<\/div>\n\t\t\t\t<section class=\"wd-negative-gap elementor-section elementor-top-section elementor-element elementor-element-2364e353 elementor-section-full_width elementor-section-height-default elementor-section-height-default\" data-id=\"2364e353\" data-element_type=\"section\" data-e-type=\"section\" id=\"xs_team_9\">\n\t\t\t\t\t\t<div class=\"elementor-container elementor-column-gap-default\">\n\t\t\t\t\t<div class=\"elementor-column elementor-col-100 elementor-top-column elementor-element elementor-element-425a7d9a\" data-id=\"425a7d9a\" data-element_type=\"column\" data-e-type=\"column\">\n\t\t\t<div class=\"elementor-widget-wrap elementor-element-populated\">\n\t\t\t\t\t\t<div class=\"elementor-element elementor-element-a75f765 elementor-widget elementor-widget-image\" data-id=\"a75f765\" data-element_type=\"widget\" data-e-type=\"widget\" data-widget_type=\"image.default\">\n\t\t\t\t<div class=\"elementor-widget-container\">\n\t\t\t\t\t\t\t\t\t\t\t\t\t\t\t<img decoding=\"async\" width=\"1110\" height=\"654\" src=\"https:\/\/puravidalanzarotediving.com\/wp-content\/uploads\/2024\/08\/Mapa-Veril-de-las-Anclas-1.jpg\" class=\"attachment-full size-full wp-image-3369\" alt=\"\" srcset=\"https:\/\/puravidalanzarotediving.com\/wp-content\/uploads\/2024\/08\/Mapa-Veril-de-las-Anclas-1.jpg 1110w, https:\/\/puravidalanzarotediving.com\/wp-content\/uploads\/2024\/08\/Mapa-Veril-de-las-Anclas-1-300x177.jpg 300w, https:\/\/puravidalanzarotediving.com\/wp-content\/uploads\/2024\/08\/Mapa-Veril-de-las-Anclas-1-1024x603.jpg 1024w, https:\/\/puravidalanzarotediving.com\/wp-content\/uploads\/2024\/08\/Mapa-Veril-de-las-Anclas-1-768x452.jpg 768w\" sizes=\"(max-width: 1110px) 100vw, 1110px\" \/>\t\t\t\t\t\t\t\t\t\t\t\t\t\t\t<\/div>\n\t\t\t\t<\/div>\n\t\t\t\t\t<\/div>\n\t\t<\/div>\n\t\t\t\t\t<\/div>\n\t\t<\/section>\n\t\t\t\t<\/div>\n\t\t","protected":false},"excerpt":{"rendered":"<p>Eintauchen in die Geschichte Zwischen Lanzarote und La Graciosa erhebt sich auf einer sandigen Ebene ein dicker Felsriegel, der sich<\/p>\n","protected":false},"author":1,"featured_media":0,"parent":6183,"menu_order":0,"comment_status":"closed","ping_status":"closed","template":"","meta":{"_joinchat":[],"footnotes":""},"class_list":["post-6126","page","type-page","status-publish","hentry"],"_links":{"self":[{"href":"https:\/\/puravidalanzarotediving.com\/de\/wp-json\/wp\/v2\/pages\/6126","targetHints":{"allow":["GET"]}}],"collection":[{"href":"https:\/\/puravidalanzarotediving.com\/de\/wp-json\/wp\/v2\/pages"}],"about":[{"href":"https:\/\/puravidalanzarotediving.com\/de\/wp-json\/wp\/v2\/types\/page"}],"author":[{"embeddable":true,"href":"https:\/\/puravidalanzarotediving.com\/de\/wp-json\/wp\/v2\/users\/1"}],"replies":[{"embeddable":true,"href":"https:\/\/puravidalanzarotediving.com\/de\/wp-json\/wp\/v2\/comments?post=6126"}],"version-history":[{"count":0,"href":"https:\/\/puravidalanzarotediving.com\/de\/wp-json\/wp\/v2\/pages\/6126\/revisions"}],"up":[{"embeddable":true,"href":"https:\/\/puravidalanzarotediving.com\/de\/wp-json\/wp\/v2\/pages\/6183"}],"wp:attachment":[{"href":"https:\/\/puravidalanzarotediving.com\/de\/wp-json\/wp\/v2\/media?parent=6126"}],"curies":[{"name":"wp","href":"https:\/\/api.w.org\/{rel}","templated":true}]}}