{"id":6144,"date":"2024-07-24T12:30:36","date_gmt":"2024-07-24T10:30:36","guid":{"rendered":"https:\/\/divinginadream.com\/papagayo\/"},"modified":"2025-03-25T13:22:56","modified_gmt":"2025-03-25T12:22:56","slug":"papagayo","status":"publish","type":"page","link":"https:\/\/puravidalanzarotediving.com\/de\/taucht\/papagayo\/","title":{"rendered":"Papagayo"},"content":{"rendered":"\t\t<div data-elementor-type=\"wp-page\" data-elementor-id=\"6144\" class=\"elementor elementor-6144 elementor-389\" data-elementor-post-type=\"page\">\n\t\t\t\t<div class=\"elementor-element elementor-element-89085c4 e-con-full wd-section-stretch-content e-flex e-con e-parent\" data-id=\"89085c4\" data-element_type=\"container\" data-e-type=\"container\">\n\t\t\t\t<div class=\"elementor-element elementor-element-514135a elementor--h-position-center elementor--v-position-middle elementor-arrows-position-inside elementor-pagination-position-inside elementor-widget elementor-widget-slides\" data-id=\"514135a\" data-element_type=\"widget\" data-e-type=\"widget\" data-settings=\"{&quot;navigation&quot;:&quot;both&quot;,&quot;autoplay&quot;:&quot;yes&quot;,&quot;pause_on_hover&quot;:&quot;yes&quot;,&quot;pause_on_interaction&quot;:&quot;yes&quot;,&quot;autoplay_speed&quot;:5000,&quot;infinite&quot;:&quot;yes&quot;,&quot;transition&quot;:&quot;slide&quot;,&quot;transition_speed&quot;:500}\" data-widget_type=\"slides.default\">\n\t\t\t\t<div class=\"elementor-widget-container\">\n\t\t\t\t\t\t\t\t\t<div class=\"elementor-swiper\">\n\t\t\t\t\t<div class=\"elementor-slides-wrapper elementor-main-swiper swiper\" role=\"region\" aria-roledescription=\"carousel\" aria-label=\"Diapositivas\" dir=\"ltr\" data-animation=\"fadeInUp\">\n\t\t\t\t<div class=\"swiper-wrapper elementor-slides\">\n\t\t\t\t\t\t\t\t\t\t<div class=\"elementor-repeater-item-4094fd2 swiper-slide\" role=\"group\" aria-roledescription=\"slide\"><div class=\"swiper-slide-bg elementor-ken-burns elementor-ken-burns--in\" role=\"img\" aria-label=\"Playa-Papagayo-lanzarote\"><\/div><div class=\"elementor-background-overlay\"><\/div><div class=\"swiper-slide-inner\" ><div class=\"swiper-slide-contents\"><h1 class=\"elementor-slide-heading\">Papagayo<\/h1><p class=\"elementor-slide-description\"><p>Ein paradiesischer Strand, den man mit Brille und Schnorchel besuchen kann<\/p>\n<\/p><\/div><\/div><\/div>\t\t\t\t<\/div>\n\t\t\t\t\t\t\t<\/div>\n\t\t\t\t<\/div>\n\t\t\t\t\t\t\t\t<\/div>\n\t\t\t\t<\/div>\n\t\t\t\t<\/div>\n\t\t<div class=\"wd-negative-gap elementor-element elementor-element-80892e6 e-flex e-con-boxed e-con e-parent\" data-id=\"80892e6\" data-element_type=\"container\" data-e-type=\"container\">\n\t\t\t\t\t<div class=\"e-con-inner\">\n\t\t\t\t<div class=\"elementor-element elementor-element-4d712eb color-scheme-inherit text-left elementor-widget elementor-widget-text-editor\" data-id=\"4d712eb\" data-element_type=\"widget\" data-e-type=\"widget\" data-widget_type=\"text-editor.default\">\n\t\t\t\t<div class=\"elementor-widget-container\">\n\t\t\t\t\t\t\t\t\t<div class=\"wpb_text_column wpb_content_element \">\n<div class=\"wpb_wrapper\">\n<p>T\u00fcrkisfarbenes Wasser, goldener Sand, ruhiges Meer, Sonne und eine gesch\u00fctzte Bucht; Diese Umgebung bietet alles, um ins Wasser zu springen und einen Blick unter die Oberfl\u00e4che zu werfen.<\/p>\n<p>Papagayo l\u00e4dt sowohl f\u00fcr Anf\u00e4nger im Schnorcheln als auch f\u00fcr Fortgeschrittene in diesem Sport zum Eintauchen ein.<\/p>\n<div class=\"wpb_text_column wpb_content_element \">\n<div class=\"wpb_wrapper\">\n<p>Die Landschaft im Wasser ist ebenso spektakul\u00e4r wie au\u00dferhalb. Das <strong>Meeresleben <\/strong>wird Ihre Neugier wecken, das Verhalten der verschiedenen Meerestiere zu beobachten, wie zum <strong>Beispiel den ruhelosen Gr\u00fcnbarsch, die farbenfrohen alten Damen oder die urspr\u00fcnglichen Seespinnen<\/strong>. <\/p>\n<p>Um diese abgelegene Bucht zu erkunden, gen\u00fcgen eine Taucherbrille und ein Schnorchel. Es wird empfohlen, den Strand zu verlassen und sich auf dem <strong>Wasserweg <\/strong>einem der Felsriffe zu n\u00e4hern, wo sich das Leben konzentriert. <\/p>\n<p>Wenn wir zum Horizont blicken und links an der Wand entlanggehen, finden wir einen gro\u00dfen Felsen, <strong>der von einem<\/strong> kleinen Tunnel <strong>durchquert wird<\/strong>.<\/p>\n<p>Es ist eine weitere der vielen und merkw\u00fcrdigen Formen, die uns die <strong>Landschaft <\/strong>in dieser einzigartigen Umgebung bietet. Aber das Besondere an diesem Ort ist die M\u00f6glichkeit, dieses Hobby zu teilen und es vor allem mit den Kleinen auszu\u00fcben. <\/p>\n<\/div>\n<\/div>\n<\/div>\n<\/div>\n\t\t\t\t\t\t\t\t<\/div>\n\t\t\t\t<\/div>\n\t\t\t\t\t<\/div>\n\t\t\t\t<\/div>\n\t\t\t\t<section class=\"wd-negative-gap elementor-section elementor-top-section elementor-element elementor-element-2364e353 elementor-section-full_width elementor-section-height-default elementor-section-height-default\" data-id=\"2364e353\" data-element_type=\"section\" data-e-type=\"section\" id=\"xs_team_9\">\n\t\t\t\t\t\t<div class=\"elementor-container elementor-column-gap-default\">\n\t\t\t\t\t<div class=\"elementor-column elementor-col-100 elementor-top-column elementor-element elementor-element-425a7d9a\" data-id=\"425a7d9a\" data-element_type=\"column\" data-e-type=\"column\">\n\t\t\t<div class=\"elementor-widget-wrap elementor-element-populated\">\n\t\t\t\t\t\t<div class=\"elementor-element elementor-element-a75f765 elementor-widget elementor-widget-image\" data-id=\"a75f765\" data-element_type=\"widget\" data-e-type=\"widget\" data-widget_type=\"image.default\">\n\t\t\t\t<div class=\"elementor-widget-container\">\n\t\t\t\t\t\t\t\t\t\t\t\t\t\t\t<img decoding=\"async\" width=\"1110\" height=\"654\" src=\"https:\/\/puravidalanzarotediving.com\/wp-content\/uploads\/2024\/07\/mapa-papgayo.jpg\" class=\"attachment-full size-full wp-image-2952\" alt=\"mapa de papagayo\" srcset=\"https:\/\/puravidalanzarotediving.com\/wp-content\/uploads\/2024\/07\/mapa-papgayo.jpg 1110w, https:\/\/puravidalanzarotediving.com\/wp-content\/uploads\/2024\/07\/mapa-papgayo-300x177.jpg 300w, https:\/\/puravidalanzarotediving.com\/wp-content\/uploads\/2024\/07\/mapa-papgayo-1024x603.jpg 1024w, https:\/\/puravidalanzarotediving.com\/wp-content\/uploads\/2024\/07\/mapa-papgayo-768x452.jpg 768w\" sizes=\"(max-width: 1110px) 100vw, 1110px\" \/>\t\t\t\t\t\t\t\t\t\t\t\t\t\t\t<\/div>\n\t\t\t\t<\/div>\n\t\t\t\t\t<\/div>\n\t\t<\/div>\n\t\t\t\t\t<\/div>\n\t\t<\/section>\n\t\t\t\t<\/div>\n\t\t","protected":false},"excerpt":{"rendered":"<p>Papagayo Ein paradiesischer Strand, den man mit Brille und Schnorchel besuchen kann T\u00fcrkisfarbenes Wasser, goldener Sand, ruhiges Meer, Sonne und<\/p>\n","protected":false},"author":1,"featured_media":0,"parent":6183,"menu_order":0,"comment_status":"closed","ping_status":"closed","template":"","meta":{"_joinchat":[],"footnotes":""},"class_list":["post-6144","page","type-page","status-publish","hentry"],"_links":{"self":[{"href":"https:\/\/puravidalanzarotediving.com\/de\/wp-json\/wp\/v2\/pages\/6144","targetHints":{"allow":["GET"]}}],"collection":[{"href":"https:\/\/puravidalanzarotediving.com\/de\/wp-json\/wp\/v2\/pages"}],"about":[{"href":"https:\/\/puravidalanzarotediving.com\/de\/wp-json\/wp\/v2\/types\/page"}],"author":[{"embeddable":true,"href":"https:\/\/puravidalanzarotediving.com\/de\/wp-json\/wp\/v2\/users\/1"}],"replies":[{"embeddable":true,"href":"https:\/\/puravidalanzarotediving.com\/de\/wp-json\/wp\/v2\/comments?post=6144"}],"version-history":[{"count":0,"href":"https:\/\/puravidalanzarotediving.com\/de\/wp-json\/wp\/v2\/pages\/6144\/revisions"}],"up":[{"embeddable":true,"href":"https:\/\/puravidalanzarotediving.com\/de\/wp-json\/wp\/v2\/pages\/6183"}],"wp:attachment":[{"href":"https:\/\/puravidalanzarotediving.com\/de\/wp-json\/wp\/v2\/media?parent=6144"}],"curies":[{"name":"wp","href":"https:\/\/api.w.org\/{rel}","templated":true}]}}