{"id":6146,"date":"2024-08-08T19:27:19","date_gmt":"2024-08-08T17:27:19","guid":{"rendered":"https:\/\/divinginadream.com\/montana-amarilla\/"},"modified":"2025-03-25T16:26:31","modified_gmt":"2025-03-25T15:26:31","slug":"montana-amarilla","status":"publish","type":"page","link":"https:\/\/puravidalanzarotediving.com\/de\/taucht\/montana-amarilla\/","title":{"rendered":"Monta\u00f1a Amarilla"},"content":{"rendered":"\t\t<div data-elementor-type=\"wp-page\" data-elementor-id=\"6146\" class=\"elementor elementor-6146 elementor-877\" data-elementor-post-type=\"page\">\n\t\t\t\t<div class=\"elementor-element elementor-element-89085c4 e-con-full wd-section-stretch-content e-flex e-con e-parent\" data-id=\"89085c4\" data-element_type=\"container\" data-e-type=\"container\">\n\t\t\t\t<div class=\"elementor-element elementor-element-514135a elementor--h-position-center elementor--v-position-middle elementor-arrows-position-inside elementor-pagination-position-inside elementor-widget elementor-widget-slides\" data-id=\"514135a\" data-element_type=\"widget\" data-e-type=\"widget\" data-settings=\"{&quot;navigation&quot;:&quot;both&quot;,&quot;autoplay&quot;:&quot;yes&quot;,&quot;pause_on_hover&quot;:&quot;yes&quot;,&quot;pause_on_interaction&quot;:&quot;yes&quot;,&quot;autoplay_speed&quot;:5000,&quot;infinite&quot;:&quot;yes&quot;,&quot;transition&quot;:&quot;slide&quot;,&quot;transition_speed&quot;:500}\" data-widget_type=\"slides.default\">\n\t\t\t\t<div class=\"elementor-widget-container\">\n\t\t\t\t\t\t\t\t\t<div class=\"elementor-swiper\">\n\t\t\t\t\t<div class=\"elementor-slides-wrapper elementor-main-swiper swiper\" role=\"region\" aria-roledescription=\"carousel\" aria-label=\"Diapositivas\" dir=\"ltr\" data-animation=\"fadeInUp\">\n\t\t\t\t<div class=\"swiper-wrapper elementor-slides\">\n\t\t\t\t\t\t\t\t\t\t<div class=\"elementor-repeater-item-4094fd2 swiper-slide\" role=\"group\" aria-roledescription=\"slide\"><div class=\"swiper-slide-bg elementor-ken-burns elementor-ken-burns--in\" role=\"img\" aria-label=\"Monta\u00f1a-Amarilla\"><\/div><div class=\"elementor-background-overlay\"><\/div><div class=\"swiper-slide-inner\" ><div class=\"swiper-slide-contents\"><h1 class=\"elementor-slide-heading\">Monta\u00f1a Amarilla<\/h1><p class=\"elementor-slide-description\"><p>Eine Traumbucht<\/p>\n<\/p><\/div><\/div><\/div>\t\t\t\t<\/div>\n\t\t\t\t\t\t\t<\/div>\n\t\t\t\t<\/div>\n\t\t\t\t\t\t\t\t<\/div>\n\t\t\t\t<\/div>\n\t\t\t\t<\/div>\n\t\t<div class=\"wd-negative-gap elementor-element elementor-element-80892e6 e-flex e-con-boxed e-con e-parent\" data-id=\"80892e6\" data-element_type=\"container\" data-e-type=\"container\">\n\t\t\t\t\t<div class=\"e-con-inner\">\n\t\t\t\t<div class=\"elementor-element elementor-element-4d712eb color-scheme-inherit text-left elementor-widget elementor-widget-text-editor\" data-id=\"4d712eb\" data-element_type=\"widget\" data-e-type=\"widget\" data-widget_type=\"text-editor.default\">\n\t\t\t\t<div class=\"elementor-widget-container\">\n\t\t\t\t\t\t\t\t\t<div class=\"wpb_text_column wpb_content_element \">\n<div class=\"wpb_wrapper\">\n<div class=\"wpb_text_column wpb_content_element \">\n<div class=\"wpb_wrapper\">\n<p>Monta\u00f1a Amarilla ist einer der symboltr\u00e4chtigen Orte von La Graciosa und den Kanarischen Inseln. Seine Farbe ist auf die Art des Ausbruchs zur\u00fcckzuf\u00fchren, den dieser Vulkan verursachte und bei dem sich Magma mit Meerwasser vermischte. Die malerischen Felsformationen an der Oberfl\u00e4che setzen sich unter Wasser fort und schaffen charakteristische Landschaften am Grund des Chinijo-Archipels.  <\/p>\n<div class=\"wpb_text_column wpb_content_element \">\n<div class=\"wpb_wrapper\">\n<p>Mit autonomer Ausr\u00fcstung wie Schutzbrille und Schnorchel hilft uns dieser Tauchgang, die <strong>Geheimnisse des Meeresschutzgebiets zu entdecken<\/strong>. Ganz in der N\u00e4he dieses Punktes befindet sich ein sehr interessantes Tauchgebiet namens <strong>Punta de la Cocina<\/strong> mit Korridoren, B\u00f6gen und H\u00f6hlen, in denen wir Bryoten, Riesenanemonen oder sogar Seeadler und Bisch\u00f6fe sehen k\u00f6nnen. <\/p>\n<\/p>\n<p>Wer La Graciosa besucht, sollte sich die <strong>Route zur Monta\u00f1a Amarilla nicht entgehen lassen<\/strong>. Es wird empfohlen, den Ausflug mit einer Brille und einem Schnorchel abzuschlie\u00dfen, um einem entspannten Tag am Strand mit einem Bad und der Beobachtung der unter Wasser liegenden Natur den letzten Schliff zu geben. <\/p>\n<p>Das Eintauchen besteht darin, den <strong>Weg zu erkunden und dabei die Landschaft und das Leben zu betrachten, das die Gegend bev\u00f6lkert<\/strong>. Unter dem Berg gibt es eine interessante Plattform, die auch auf der Suche nach einer unerwarteten Begegnung erkundet werden kann. <\/p>\n<p>Dieses Gebiet ist flacher und wenn wir bei Ebbe mit Brille und Schnorchel hindurchgehen, k\u00f6nnen wir den Grund und sein ganzes Leben ganz aus der N\u00e4he sehen.<\/p>\n<\/div>\n<\/div>\n<\/div>\n<\/div>\n<\/div>\n<\/div>\n\t\t\t\t\t\t\t\t<\/div>\n\t\t\t\t<\/div>\n\t\t\t\t\t<\/div>\n\t\t\t\t<\/div>\n\t\t\t\t<section class=\"wd-negative-gap elementor-section elementor-top-section elementor-element elementor-element-2364e353 elementor-section-full_width elementor-section-height-default elementor-section-height-default\" data-id=\"2364e353\" data-element_type=\"section\" data-e-type=\"section\" id=\"xs_team_9\">\n\t\t\t\t\t\t<div class=\"elementor-container elementor-column-gap-default\">\n\t\t\t\t\t<div class=\"elementor-column elementor-col-100 elementor-top-column elementor-element elementor-element-425a7d9a\" data-id=\"425a7d9a\" data-element_type=\"column\" data-e-type=\"column\">\n\t\t\t<div class=\"elementor-widget-wrap elementor-element-populated\">\n\t\t\t\t\t\t<div class=\"elementor-element elementor-element-a75f765 elementor-widget elementor-widget-image\" data-id=\"a75f765\" data-element_type=\"widget\" data-e-type=\"widget\" data-widget_type=\"image.default\">\n\t\t\t\t<div class=\"elementor-widget-container\">\n\t\t\t\t\t\t\t\t\t\t\t\t\t\t\t<img decoding=\"async\" width=\"1110\" height=\"654\" src=\"https:\/\/puravidalanzarotediving.com\/wp-content\/uploads\/2024\/08\/mapa-buceo-montana-amarilla.jpg\" class=\"attachment-full size-full wp-image-3379\" alt=\"\" srcset=\"https:\/\/puravidalanzarotediving.com\/wp-content\/uploads\/2024\/08\/mapa-buceo-montana-amarilla.jpg 1110w, https:\/\/puravidalanzarotediving.com\/wp-content\/uploads\/2024\/08\/mapa-buceo-montana-amarilla-300x177.jpg 300w, https:\/\/puravidalanzarotediving.com\/wp-content\/uploads\/2024\/08\/mapa-buceo-montana-amarilla-1024x603.jpg 1024w, https:\/\/puravidalanzarotediving.com\/wp-content\/uploads\/2024\/08\/mapa-buceo-montana-amarilla-768x452.jpg 768w\" sizes=\"(max-width: 1110px) 100vw, 1110px\" \/>\t\t\t\t\t\t\t\t\t\t\t\t\t\t\t<\/div>\n\t\t\t\t<\/div>\n\t\t\t\t\t<\/div>\n\t\t<\/div>\n\t\t\t\t\t<\/div>\n\t\t<\/section>\n\t\t\t\t<\/div>\n\t\t","protected":false},"excerpt":{"rendered":"<p>Eine Traumbucht Monta\u00f1a Amarilla ist einer der symboltr\u00e4chtigen Orte von La Graciosa und den Kanarischen Inseln. Seine Farbe ist auf<\/p>\n","protected":false},"author":1,"featured_media":0,"parent":6183,"menu_order":0,"comment_status":"closed","ping_status":"closed","template":"","meta":{"_joinchat":[],"footnotes":""},"class_list":["post-6146","page","type-page","status-publish","hentry"],"_links":{"self":[{"href":"https:\/\/puravidalanzarotediving.com\/de\/wp-json\/wp\/v2\/pages\/6146","targetHints":{"allow":["GET"]}}],"collection":[{"href":"https:\/\/puravidalanzarotediving.com\/de\/wp-json\/wp\/v2\/pages"}],"about":[{"href":"https:\/\/puravidalanzarotediving.com\/de\/wp-json\/wp\/v2\/types\/page"}],"author":[{"embeddable":true,"href":"https:\/\/puravidalanzarotediving.com\/de\/wp-json\/wp\/v2\/users\/1"}],"replies":[{"embeddable":true,"href":"https:\/\/puravidalanzarotediving.com\/de\/wp-json\/wp\/v2\/comments?post=6146"}],"version-history":[{"count":0,"href":"https:\/\/puravidalanzarotediving.com\/de\/wp-json\/wp\/v2\/pages\/6146\/revisions"}],"up":[{"embeddable":true,"href":"https:\/\/puravidalanzarotediving.com\/de\/wp-json\/wp\/v2\/pages\/6183"}],"wp:attachment":[{"href":"https:\/\/puravidalanzarotediving.com\/de\/wp-json\/wp\/v2\/media?parent=6146"}],"curies":[{"name":"wp","href":"https:\/\/api.w.org\/{rel}","templated":true}]}}