{"id":6770,"date":"2024-07-31T13:48:17","date_gmt":"2024-07-31T11:48:17","guid":{"rendered":"https:\/\/divinginadream.com\/geben-sie-tauchen\/"},"modified":"2024-12-18T13:07:32","modified_gmt":"2024-12-18T12:07:32","slug":"geben-sie-tauchen","status":"publish","type":"page","link":"https:\/\/puravidalanzarotediving.com\/de\/geben-sie-tauchen\/","title":{"rendered":"Geben Sie Tauchen"},"content":{"rendered":"\t\t<div data-elementor-type=\"wp-page\" data-elementor-id=\"6770\" class=\"elementor elementor-6770 elementor-479\" data-elementor-post-type=\"page\">\n\t\t\t\t<div class=\"wd-negative-gap elementor-element elementor-element-b6c5e38 wd-section-stretch-content e-flex e-con-boxed e-con e-parent\" data-id=\"b6c5e38\" data-element_type=\"container\" data-e-type=\"container\">\n\t\t\t\t\t<div class=\"e-con-inner\">\n\t\t\t\t<div class=\"elementor-element elementor-element-b893bdb elementor--h-position-center elementor--v-position-middle elementor-arrows-position-inside elementor-pagination-position-inside elementor-widget elementor-widget-slides\" data-id=\"b893bdb\" data-element_type=\"widget\" data-e-type=\"widget\" data-settings=\"{&quot;navigation&quot;:&quot;both&quot;,&quot;autoplay&quot;:&quot;yes&quot;,&quot;pause_on_hover&quot;:&quot;yes&quot;,&quot;pause_on_interaction&quot;:&quot;yes&quot;,&quot;autoplay_speed&quot;:5000,&quot;infinite&quot;:&quot;yes&quot;,&quot;transition&quot;:&quot;slide&quot;,&quot;transition_speed&quot;:500}\" data-widget_type=\"slides.default\">\n\t\t\t\t<div class=\"elementor-widget-container\">\n\t\t\t\t\t\t\t\t\t<div class=\"elementor-swiper\">\n\t\t\t\t\t<div class=\"elementor-slides-wrapper elementor-main-swiper swiper\" role=\"region\" aria-roledescription=\"carousel\" aria-label=\"Diapositivas\" dir=\"ltr\" data-animation=\"fadeInUp\">\n\t\t\t\t<div class=\"swiper-wrapper elementor-slides\">\n\t\t\t\t\t\t\t\t\t\t<div class=\"elementor-repeater-item-4094fd2 swiper-slide\" role=\"group\" aria-roledescription=\"slide\"><div class=\"swiper-slide-bg elementor-ken-burns elementor-ken-burns--in\" role=\"img\" aria-label=\"regala buceo en pura vida diving lanzarote\"><\/div><div class=\"elementor-background-overlay\"><\/div><a class=\"swiper-slide-inner\" href=\"https:\/\/fareharbor.com\/embeds\/book\/puravidalanzarotediving\/items\/124198\/calendar\/?flow=131814&#038;u=5ae00ee7-ee28-4455-b022-98be1980e05b&#038;from-ssl=yes&#038;ga4t=G-86TFL0C285%2C895130654.1701195923__1723474195%3BG-6WXE90X597%2C895130654.1701195923__1723474195%3B&#038;g4=yes&#038;cp=yes&#038;csp=yes&#038;back=https%3A%2F%2Fpuravidalanzarotediving.com%2Fregala-buceo%2F&#038;language=es-es\" target=\"_blank\"><div class=\"swiper-slide-contents\"><h1 class=\"elementor-slide-heading\">Verschenken Sie das Tauchen<\/h1><div  class=\"elementor-button elementor-slide-button elementor-size-sm\">JETZT EIN GESCHENK MACHEN<\/div><\/div><\/a><\/div>\t\t\t\t<\/div>\n\t\t\t\t\t\t\t<\/div>\n\t\t\t\t<\/div>\n\t\t\t\t\t\t\t\t<\/div>\n\t\t\t\t<\/div>\n\t\t\t\t\t<\/div>\n\t\t\t\t<\/div>\n\t\t<div class=\"wd-negative-gap elementor-element elementor-element-41cdd56 e-flex e-con-boxed e-con e-parent\" data-id=\"41cdd56\" data-element_type=\"container\" data-e-type=\"container\">\n\t\t\t\t\t<div class=\"e-con-inner\">\n\t\t<div class=\"elementor-element elementor-element-5f38366 e-con-full e-flex e-con e-child\" data-id=\"5f38366\" data-element_type=\"container\" data-e-type=\"container\">\n\t\t\t\t<div class=\"elementor-element elementor-element-7e1054b elementor-widget elementor-widget-heading\" data-id=\"7e1054b\" data-element_type=\"widget\" data-e-type=\"widget\" data-widget_type=\"heading.default\">\n\t\t\t\t<div class=\"elementor-widget-container\">\n\t\t\t\t\t<h2 class=\"elementor-heading-title elementor-size-default\">Suchen Sie ein Geschenk f\u00fcr Hochzeit, Geburtstag, Jubil\u00e4um, Abschied...<\/h2>\t\t\t\t<\/div>\n\t\t\t\t<\/div>\n\t\t\t\t<div class=\"elementor-element elementor-element-5a2cf9e color-scheme-inherit text-left elementor-widget elementor-widget-text-editor\" data-id=\"5a2cf9e\" data-element_type=\"widget\" data-e-type=\"widget\" data-widget_type=\"text-editor.default\">\n\t\t\t\t<div class=\"elementor-widget-container\">\n\t\t\t\t\t\t\t\t\t<p>Wenn Sie m\u00f6chten, dass es zu einem unvergesslichen Erlebnis wird,<\/p>\n<p>Dann verschenken Sie Tauchen! Hier finden Sie Geschenkgutscheine aller Art: vom Schnuppertauchen f\u00fcr jemanden, der es noch nie ausprobiert hat, \u00fcber den Schnupperkurs bis zum Aufbaukurs f\u00fcr bereits zertifizierte Taucher. <\/p>\n\t\t\t\t\t\t\t\t<\/div>\n\t\t\t\t<\/div>\n\t\t\t\t<div class=\"elementor-element elementor-element-e18e9d0 elementor-align-center elementor-widget elementor-widget-button\" data-id=\"e18e9d0\" data-element_type=\"widget\" data-e-type=\"widget\" data-widget_type=\"button.default\">\n\t\t\t\t<div class=\"elementor-widget-container\">\n\t\t\t\t\t\t\t\t\t<div class=\"elementor-button-wrapper\">\n\t\t\t\t\t<a class=\"elementor-button elementor-button-link elementor-size-sm\" href=\"https:\/\/fareharbor.com\/embeds\/book\/puravidalanzarotediving\/items\/124198\/calendar\/?flow=131814&#038;u=5ae00ee7-ee28-4455-b022-98be1980e05b&#038;from-ssl=yes&#038;ga4t=G-86TFL0C285%2C895130654.1701195923__1723474195%3BG-6WXE90X597%2C895130654.1701195923__1723474195%3B&#038;g4=yes&#038;cp=yes&#038;csp=yes&#038;back=https%3A%2F%2Fpuravidalanzarotediving.com%2Fregala-buceo%2F&#038;language=es-es\">\n\t\t\t\t\t\t<span class=\"elementor-button-content-wrapper\">\n\t\t\t\t\t\t<span class=\"elementor-button-icon\">\n\t\t\t\t<i aria-hidden=\"true\" class=\"icon icon-gift11\"><\/i>\t\t\t<\/span>\n\t\t\t\t\t\t\t\t\t<span class=\"elementor-button-text\">Geben Sie Tauchen<\/span>\n\t\t\t\t\t<\/span>\n\t\t\t\t\t<\/a>\n\t\t\t\t<\/div>\n\t\t\t\t\t\t\t\t<\/div>\n\t\t\t\t<\/div>\n\t\t\t\t<\/div>\n\t\t\t\t\t<\/div>\n\t\t\t\t<\/div>\n\t\t<div class=\"wd-negative-gap elementor-element elementor-element-7487b90 e-flex e-con-boxed e-con e-parent\" data-id=\"7487b90\" data-element_type=\"container\" data-e-type=\"container\">\n\t\t\t\t\t<div class=\"e-con-inner\">\n\t\t<div class=\"elementor-element elementor-element-7e77b29 e-con-full e-flex e-con e-child\" data-id=\"7e77b29\" data-element_type=\"container\" data-e-type=\"container\">\n\t\t\t\t<div class=\"elementor-element elementor-element-9f85604 elementor-hidden-tablet elementor-hidden-mobile elementor-widget elementor-widget-image\" data-id=\"9f85604\" data-element_type=\"widget\" data-e-type=\"widget\" data-widget_type=\"image.default\">\n\t\t\t\t<div class=\"elementor-widget-container\">\n\t\t\t\t\t\t\t\t\t\t\t\t\t\t\t<img decoding=\"async\" width=\"450\" height=\"289\" src=\"https:\/\/puravidalanzarotediving.com\/wp-content\/uploads\/2024\/08\/cupon-WEBconnombre.jpg\" class=\"attachment-full size-full wp-image-3449\" alt=\"\" srcset=\"https:\/\/puravidalanzarotediving.com\/wp-content\/uploads\/2024\/08\/cupon-WEBconnombre.jpg 450w, https:\/\/puravidalanzarotediving.com\/wp-content\/uploads\/2024\/08\/cupon-WEBconnombre-300x193.jpg 300w\" sizes=\"(max-width: 450px) 100vw, 450px\" \/>\t\t\t\t\t\t\t\t\t\t\t\t\t\t\t<\/div>\n\t\t\t\t<\/div>\n\t\t\t\t<div class=\"elementor-element elementor-element-adb8439 elementor-hidden-tablet elementor-hidden-mobile elementor-widget elementor-widget-image\" data-id=\"adb8439\" data-element_type=\"widget\" data-e-type=\"widget\" data-widget_type=\"image.default\">\n\t\t\t\t<div class=\"elementor-widget-container\">\n\t\t\t\t\t\t\t\t\t\t\t\t\t\t\t<img decoding=\"async\" width=\"450\" height=\"289\" src=\"https:\/\/puravidalanzarotediving.com\/wp-content\/uploads\/2024\/08\/cuponkidscon-nombre.jpg\" class=\"attachment-full size-full wp-image-3454\" alt=\"\" srcset=\"https:\/\/puravidalanzarotediving.com\/wp-content\/uploads\/2024\/08\/cuponkidscon-nombre.jpg 450w, https:\/\/puravidalanzarotediving.com\/wp-content\/uploads\/2024\/08\/cuponkidscon-nombre-300x193.jpg 300w\" sizes=\"(max-width: 450px) 100vw, 450px\" \/>\t\t\t\t\t\t\t\t\t\t\t\t\t\t\t<\/div>\n\t\t\t\t<\/div>\n\t\t\t\t<\/div>\n\t\t<div class=\"elementor-element elementor-element-8ad7225 e-con-full e-flex e-con e-child\" data-id=\"8ad7225\" data-element_type=\"container\" data-e-type=\"container\">\n\t\t\t\t<div class=\"elementor-element elementor-element-e9655a2 elementor-widget elementor-widget-heading\" data-id=\"e9655a2\" data-element_type=\"widget\" data-e-type=\"widget\" data-widget_type=\"heading.default\">\n\t\t\t\t<div class=\"elementor-widget-container\">\n\t\t\t\t\t<h2 class=\"elementor-heading-title elementor-size-default\">Verschenken Sie Tauchen mit unserem Gutschein<\/h2>\t\t\t\t<\/div>\n\t\t\t\t<\/div>\n\t\t\t\t<div class=\"elementor-element elementor-element-184e494 color-scheme-inherit text-left elementor-widget elementor-widget-text-editor\" data-id=\"184e494\" data-element_type=\"widget\" data-e-type=\"widget\" data-widget_type=\"text-editor.default\">\n\t\t\t\t<div class=\"elementor-widget-container\">\n\t\t\t\t\t\t\t\t\t<p>Wir haben Geschenke f\u00fcr <strong>Erwachsene und Kinder<\/strong>.<\/p>\n<p>Mit diesem <strong>Gutschein k\u00f6nnen Sie den Tauchkurs, der Ihnen am besten gef\u00e4llt, einen Tauchgang oder beide Erlebnisse verschenken<\/strong>.<\/p>\n<p>Sie <strong>m\u00fcssen uns nur kontaktieren und angeben, was Sie verschenken m\u00f6chten<\/strong>, und wir senden Ihnen den Geschenkgutschein ganz einfach zu, damit Sie ihn wann immer Sie m\u00f6chten liefern k\u00f6nnen.<\/p>\n<p>Der G<strong>eschenkgutschein kann jederzeit verwendet werden<\/strong>. Auch wenn es sich ungl\u00fccklicherweise um ein Geschenk handelt, das Sie bereits haben, k\u00f6nnen Sie ihn gegen ein anderes Geschenk mit demselben Wert eintauschen.<\/p>\n<p>Die Person, der Sie es geben, <strong>muss sich lediglich im Voraus mit uns in Verbindung setzen, um einen Tag und eine Uhrzeit f\u00fcr die Aktivit\u00e4t zu reservieren<\/strong>.<\/p>\n<p>Am Tag der Aktivit\u00e4t <strong>m\u00fcssen Sie lediglich Badekleidung und ein Handtuch mitbringen und das Erlebnis genie\u00dfen.<\/strong><\/p>\n<p><strong>Wenn Sie Zweifel haben, verschenken Sie einen Gutschein<\/strong> \u00fcber den gew\u00fcnschten Betrag, damit er oder sie ihn gegen das eintauschen kann, was ihm in unserem Shop am besten gef\u00e4llt: Tauchkurse, Tauchausr\u00fcstung, Schnorcheln, Schwimmen, Freitauchen &#8230;<\/p>\n<p>Verschenken Sie Taucherlebnisse. <strong>Sie werden es nie vergessen!<\/strong><\/p>\n\t\t\t\t\t\t\t\t<\/div>\n\t\t\t\t<\/div>\n\t\t\t\t<div class=\"elementor-element elementor-element-809fa55 elementor-hidden-desktop elementor-widget elementor-widget-image\" data-id=\"809fa55\" data-element_type=\"widget\" data-e-type=\"widget\" data-widget_type=\"image.default\">\n\t\t\t\t<div class=\"elementor-widget-container\">\n\t\t\t\t\t\t\t\t\t\t\t\t\t\t\t<img decoding=\"async\" width=\"450\" height=\"289\" src=\"https:\/\/puravidalanzarotediving.com\/wp-content\/uploads\/2024\/08\/cupon-WEBconnombre.jpg\" class=\"attachment-full size-full wp-image-3449\" alt=\"\" srcset=\"https:\/\/puravidalanzarotediving.com\/wp-content\/uploads\/2024\/08\/cupon-WEBconnombre.jpg 450w, https:\/\/puravidalanzarotediving.com\/wp-content\/uploads\/2024\/08\/cupon-WEBconnombre-300x193.jpg 300w\" sizes=\"(max-width: 450px) 100vw, 450px\" \/>\t\t\t\t\t\t\t\t\t\t\t\t\t\t\t<\/div>\n\t\t\t\t<\/div>\n\t\t\t\t<div class=\"elementor-element elementor-element-46167b8 elementor-hidden-desktop elementor-widget elementor-widget-image\" data-id=\"46167b8\" data-element_type=\"widget\" data-e-type=\"widget\" data-widget_type=\"image.default\">\n\t\t\t\t<div class=\"elementor-widget-container\">\n\t\t\t\t\t\t\t\t\t\t\t\t\t\t\t<img decoding=\"async\" width=\"450\" height=\"289\" src=\"https:\/\/puravidalanzarotediving.com\/wp-content\/uploads\/2024\/08\/cuponkidscon-nombre.jpg\" class=\"attachment-full size-full wp-image-3454\" alt=\"\" srcset=\"https:\/\/puravidalanzarotediving.com\/wp-content\/uploads\/2024\/08\/cuponkidscon-nombre.jpg 450w, https:\/\/puravidalanzarotediving.com\/wp-content\/uploads\/2024\/08\/cuponkidscon-nombre-300x193.jpg 300w\" sizes=\"(max-width: 450px) 100vw, 450px\" \/>\t\t\t\t\t\t\t\t\t\t\t\t\t\t\t<\/div>\n\t\t\t\t<\/div>\n\t\t\t\t<\/div>\n\t\t\t\t\t<\/div>\n\t\t\t\t<\/div>\n\t\t<div class=\"wd-negative-gap elementor-element elementor-element-93b08c8 e-flex e-con-boxed e-con e-parent\" data-id=\"93b08c8\" data-element_type=\"container\" data-e-type=\"container\">\n\t\t\t\t\t<div class=\"e-con-inner\">\n\t\t\t\t<div class=\"elementor-element elementor-element-b83323a elementor-align-center elementor-widget elementor-widget-button\" data-id=\"b83323a\" data-element_type=\"widget\" data-e-type=\"widget\" data-widget_type=\"button.default\">\n\t\t\t\t<div class=\"elementor-widget-container\">\n\t\t\t\t\t\t\t\t\t<div class=\"elementor-button-wrapper\">\n\t\t\t\t\t<a class=\"elementor-button elementor-button-link elementor-size-sm\" href=\"https:\/\/fareharbor.com\/embeds\/book\/puravidalanzarotediving\/items\/124198\/calendar\/?flow=131814&#038;u=5ae00ee7-ee28-4455-b022-98be1980e05b&#038;from-ssl=yes&#038;ga4t=G-86TFL0C285%2C895130654.1701195923__1723474195%3BG-6WXE90X597%2C895130654.1701195923__1723474195%3B&#038;g4=yes&#038;cp=yes&#038;csp=yes&#038;back=https%3A%2F%2Fpuravidalanzarotediving.com%2Fregala-buceo%2F&#038;language=es-es\">\n\t\t\t\t\t\t<span class=\"elementor-button-content-wrapper\">\n\t\t\t\t\t\t<span class=\"elementor-button-icon\">\n\t\t\t\t<i aria-hidden=\"true\" class=\"icon icon-gift11\"><\/i>\t\t\t<\/span>\n\t\t\t\t\t\t\t\t\t<span class=\"elementor-button-text\">Geben Sie Tauchen<\/span>\n\t\t\t\t\t<\/span>\n\t\t\t\t\t<\/a>\n\t\t\t\t<\/div>\n\t\t\t\t\t\t\t\t<\/div>\n\t\t\t\t<\/div>\n\t\t\t\t\t<\/div>\n\t\t\t\t<\/div>\n\t\t\t\t<\/div>\n\t\t","protected":false},"excerpt":{"rendered":"<p>Verschenken Sie das Tauchen JETZT EIN GESCHENK MACHEN Suchen Sie ein Geschenk f\u00fcr Hochzeit, Geburtstag, Jubil\u00e4um, Abschied&#8230; Wenn Sie m\u00f6chten,<\/p>\n","protected":false},"author":1,"featured_media":0,"parent":0,"menu_order":0,"comment_status":"closed","ping_status":"closed","template":"","meta":{"_joinchat":[],"footnotes":""},"class_list":["post-6770","page","type-page","status-publish","hentry"],"_links":{"self":[{"href":"https:\/\/puravidalanzarotediving.com\/de\/wp-json\/wp\/v2\/pages\/6770","targetHints":{"allow":["GET"]}}],"collection":[{"href":"https:\/\/puravidalanzarotediving.com\/de\/wp-json\/wp\/v2\/pages"}],"about":[{"href":"https:\/\/puravidalanzarotediving.com\/de\/wp-json\/wp\/v2\/types\/page"}],"author":[{"embeddable":true,"href":"https:\/\/puravidalanzarotediving.com\/de\/wp-json\/wp\/v2\/users\/1"}],"replies":[{"embeddable":true,"href":"https:\/\/puravidalanzarotediving.com\/de\/wp-json\/wp\/v2\/comments?post=6770"}],"version-history":[{"count":0,"href":"https:\/\/puravidalanzarotediving.com\/de\/wp-json\/wp\/v2\/pages\/6770\/revisions"}],"wp:attachment":[{"href":"https:\/\/puravidalanzarotediving.com\/de\/wp-json\/wp\/v2\/media?parent=6770"}],"curies":[{"name":"wp","href":"https:\/\/api.w.org\/{rel}","templated":true}]}}