{"id":6800,"date":"2024-08-07T14:06:01","date_gmt":"2024-08-07T12:06:01","guid":{"rendered":"https:\/\/divinginadream.com\/taucht\/la-pared\/"},"modified":"2024-12-09T10:22:35","modified_gmt":"2024-12-09T09:22:35","slug":"la-pared","status":"publish","type":"page","link":"https:\/\/puravidalanzarotediving.com\/de\/taucht\/la-pared\/","title":{"rendered":"La pared"},"content":{"rendered":"\t\t<div data-elementor-type=\"wp-page\" data-elementor-id=\"6800\" class=\"elementor elementor-6800 elementor-792\" data-elementor-post-type=\"page\">\n\t\t\t\t<div class=\"elementor-element elementor-element-89085c4 e-con-full wd-section-stretch-content e-flex e-con e-parent\" data-id=\"89085c4\" data-element_type=\"container\" data-e-type=\"container\">\n\t\t\t\t<div class=\"elementor-element elementor-element-514135a elementor--h-position-center elementor--v-position-middle elementor-arrows-position-inside elementor-pagination-position-inside elementor-widget elementor-widget-slides\" data-id=\"514135a\" data-element_type=\"widget\" data-e-type=\"widget\" data-settings=\"{&quot;navigation&quot;:&quot;both&quot;,&quot;autoplay&quot;:&quot;yes&quot;,&quot;pause_on_hover&quot;:&quot;yes&quot;,&quot;pause_on_interaction&quot;:&quot;yes&quot;,&quot;autoplay_speed&quot;:5000,&quot;infinite&quot;:&quot;yes&quot;,&quot;transition&quot;:&quot;slide&quot;,&quot;transition_speed&quot;:500}\" data-widget_type=\"slides.default\">\n\t\t\t\t<div class=\"elementor-widget-container\">\n\t\t\t\t\t\t\t\t\t<div class=\"elementor-swiper\">\n\t\t\t\t\t<div class=\"elementor-slides-wrapper elementor-main-swiper swiper\" role=\"region\" aria-roledescription=\"carousel\" aria-label=\"Slider\" dir=\"ltr\" data-animation=\"fadeInUp\">\n\t\t\t\t<div class=\"swiper-wrapper elementor-slides\">\n\t\t\t\t\t\t\t\t\t\t<div class=\"elementor-repeater-item-4094fd2 swiper-slide\" role=\"group\" aria-roledescription=\"slide\"><div class=\"swiper-slide-bg elementor-ken-burns elementor-ken-burns--in\" role=\"img\" aria-label=\"La pared punto de buceo en Lanzarote\"><\/div><div class=\"elementor-background-overlay\"><\/div><div class=\"swiper-slide-inner\" ><div class=\"swiper-slide-contents\"><h1 class=\"elementor-slide-heading\">La pared<\/h1><p class=\"elementor-slide-description\"><p>Eine Klippe voller Leben<\/p>\n<\/p><\/div><\/div><\/div>\t\t\t\t<\/div>\n\t\t\t\t\t\t\t<\/div>\n\t\t\t\t<\/div>\n\t\t\t\t\t\t\t\t<\/div>\n\t\t\t\t<\/div>\n\t\t\t\t<\/div>\n\t\t<div class=\"wd-negative-gap elementor-element elementor-element-80892e6 e-flex e-con-boxed e-con e-parent\" data-id=\"80892e6\" data-element_type=\"container\" data-e-type=\"container\">\n\t\t\t\t\t<div class=\"e-con-inner\">\n\t\t\t\t<div class=\"elementor-element elementor-element-4d712eb color-scheme-inherit text-left elementor-widget elementor-widget-text-editor\" data-id=\"4d712eb\" data-element_type=\"widget\" data-e-type=\"widget\" data-widget_type=\"text-editor.default\">\n\t\t\t\t<div class=\"elementor-widget-container\">\n\t\t\t\t\t\t\t\t\t<div class=\"wpb_text_column wpb_content_element \">\n<div class=\"wpb_wrapper\">\n<div class=\"wpb_text_column wpb_content_element \">\n<div class=\"wpb_wrapper\">\n<div class=\"wpb_text_column wpb_content_element \">\n<div class=\"wpb_wrapper\">\n<p>Egal wie oft wir dieses Eintauchen wiederholen, es wird sich immer kurz anf\u00fchlen. Der unglaubliche Weg, auf dem er verl\u00e4uft, birgt allerlei \u00dcberraschungen, wie auff\u00e4llige h\u00e4ngende Gerardien, einen Zweig orangefarbener Korallen, Schweizer K\u00fche oder gro\u00dfe Zackenbarsche und Trompetenfische, die immer aufmerksam auf unsere Bewegungen achten. <\/p>\n<div class=\"wpb_text_column wpb_content_element \">\n<div class=\"wpb_wrapper\">\n<p>Oben, nur 5 m tief, beherbergt eine gro\u00dfe Felsgruppe allerlei Kleinlebewesen, die wir sowohl beim <strong>Sicherheitsstopp <\/strong>als auch beim Schnorcheln genie\u00dfen k\u00f6nnen.<\/p>\n<p>Die bequemste Art, die Tour zu machen, ist von einem Boot aus, das direkt zum Ufer hinabsteigt, wo wir sowohl auf der gigantischen <strong>Wand <\/strong>als auch im <strong>Blau nach Leben suchen k\u00f6nnen<\/strong>. Im westlichen Teil des Verils, am Fu\u00df, wachsen einige auff\u00e4llige h\u00e4ngende Gerardien, die nicht unbemerkt bleiben. <\/p>\n<p>Wenn wir an der Wand entlanggehen, warnt uns der Computer, bevor wir uns versehen, dass es Zeit ist, aus dem Wasser zu steigen. Wir steigen zu den Oberfl\u00e4chenfelsen hinauf und genie\u00dfen das Leben, <strong>das sich darin abspielt<\/strong>. Dank der Unterhaltung, die die Artenvielfalt, die sie beherbergen, bietet, werden wir einen Sicherheitsstopp eingelegt haben. <\/p>\n<p>Wenn der Zugang von der K\u00fcste aus erfolgt, ist es ratsam, an der Oberfl\u00e4che zu navigieren, um den Tauchgang an der tiefsten Stelle zu beginnen, die Route zu verk\u00fcrzen und den <strong>Tauchgang mit dem Aufstieg zum Meeresgrund zu beenden<\/strong>.<\/p>\n<\/div>\n<\/div>\n<\/div>\n<\/div>\n<\/div>\n<\/div>\n<\/div>\n<\/div>\n\t\t\t\t\t\t\t\t<\/div>\n\t\t\t\t<\/div>\n\t\t\t\t\t<\/div>\n\t\t\t\t<\/div>\n\t\t\t\t<section class=\"wd-negative-gap elementor-section elementor-top-section elementor-element elementor-element-2364e353 elementor-section-full_width elementor-section-height-default elementor-section-height-default\" data-id=\"2364e353\" data-element_type=\"section\" data-e-type=\"section\" id=\"xs_team_9\">\n\t\t\t\t\t\t<div class=\"elementor-container elementor-column-gap-default\">\n\t\t\t\t\t<div class=\"elementor-column elementor-col-100 elementor-top-column elementor-element elementor-element-425a7d9a\" data-id=\"425a7d9a\" data-element_type=\"column\" data-e-type=\"column\">\n\t\t\t<div class=\"elementor-widget-wrap elementor-element-populated\">\n\t\t\t\t\t\t<div class=\"elementor-element elementor-element-a75f765 elementor-widget elementor-widget-image\" data-id=\"a75f765\" data-element_type=\"widget\" data-e-type=\"widget\" data-widget_type=\"image.default\">\n\t\t\t\t<div class=\"elementor-widget-container\">\n\t\t\t\t\t\t\t\t\t\t\t\t\t\t\t<img decoding=\"async\" width=\"1038\" height=\"124\" src=\"https:\/\/puravidalanzarotediving.com\/wp-content\/uploads\/2024\/08\/info-la-pared.jpg\" class=\"attachment-full size-full wp-image-3264\" alt=\"\" srcset=\"https:\/\/puravidalanzarotediving.com\/wp-content\/uploads\/2024\/08\/info-la-pared.jpg 1038w, https:\/\/puravidalanzarotediving.com\/wp-content\/uploads\/2024\/08\/info-la-pared-300x36.jpg 300w, https:\/\/puravidalanzarotediving.com\/wp-content\/uploads\/2024\/08\/info-la-pared-1024x122.jpg 1024w, https:\/\/puravidalanzarotediving.com\/wp-content\/uploads\/2024\/08\/info-la-pared-768x92.jpg 768w\" sizes=\"(max-width: 1038px) 100vw, 1038px\" \/>\t\t\t\t\t\t\t\t\t\t\t\t\t\t\t<\/div>\n\t\t\t\t<\/div>\n\t\t\t\t\t<\/div>\n\t\t<\/div>\n\t\t\t\t\t<\/div>\n\t\t<\/section>\n\t\t\t\t<\/div>\n\t\t","protected":false},"excerpt":{"rendered":"<p>Eine Klippe voller Leben Egal wie oft wir dieses Eintauchen wiederholen, es wird sich immer kurz anf\u00fchlen. Der unglaubliche Weg,<\/p>\n","protected":false},"author":1,"featured_media":0,"parent":6183,"menu_order":0,"comment_status":"closed","ping_status":"closed","template":"","meta":{"_joinchat":[],"footnotes":""},"class_list":["post-6800","page","type-page","status-publish","hentry"],"_links":{"self":[{"href":"https:\/\/puravidalanzarotediving.com\/de\/wp-json\/wp\/v2\/pages\/6800","targetHints":{"allow":["GET"]}}],"collection":[{"href":"https:\/\/puravidalanzarotediving.com\/de\/wp-json\/wp\/v2\/pages"}],"about":[{"href":"https:\/\/puravidalanzarotediving.com\/de\/wp-json\/wp\/v2\/types\/page"}],"author":[{"embeddable":true,"href":"https:\/\/puravidalanzarotediving.com\/de\/wp-json\/wp\/v2\/users\/1"}],"replies":[{"embeddable":true,"href":"https:\/\/puravidalanzarotediving.com\/de\/wp-json\/wp\/v2\/comments?post=6800"}],"version-history":[{"count":0,"href":"https:\/\/puravidalanzarotediving.com\/de\/wp-json\/wp\/v2\/pages\/6800\/revisions"}],"up":[{"embeddable":true,"href":"https:\/\/puravidalanzarotediving.com\/de\/wp-json\/wp\/v2\/pages\/6183"}],"wp:attachment":[{"href":"https:\/\/puravidalanzarotediving.com\/de\/wp-json\/wp\/v2\/media?parent=6800"}],"curies":[{"name":"wp","href":"https:\/\/api.w.org\/{rel}","templated":true}]}}