{"id":6806,"date":"2024-08-07T13:05:31","date_gmt":"2024-08-07T11:05:31","guid":{"rendered":"https:\/\/divinginadream.com\/taucht\/el-ascensor-y-puerto-moro\/"},"modified":"2024-12-09T10:23:38","modified_gmt":"2024-12-09T09:23:38","slug":"el-ascensor-y-puerto-moro","status":"publish","type":"page","link":"https:\/\/puravidalanzarotediving.com\/de\/taucht\/el-ascensor-y-puerto-moro\/","title":{"rendered":"El Ascensor y Puerto Moro"},"content":{"rendered":"\t\t<div data-elementor-type=\"wp-page\" data-elementor-id=\"6806\" class=\"elementor elementor-6806 elementor-708\" data-elementor-post-type=\"page\">\n\t\t\t\t<div class=\"elementor-element elementor-element-89085c4 e-con-full wd-section-stretch-content e-flex e-con e-parent\" data-id=\"89085c4\" data-element_type=\"container\" data-e-type=\"container\">\n\t\t\t\t<div class=\"elementor-element elementor-element-514135a elementor--h-position-center elementor--v-position-middle elementor-arrows-position-inside elementor-pagination-position-inside elementor-widget elementor-widget-slides\" data-id=\"514135a\" data-element_type=\"widget\" data-e-type=\"widget\" data-settings=\"{&quot;navigation&quot;:&quot;both&quot;,&quot;autoplay&quot;:&quot;yes&quot;,&quot;pause_on_hover&quot;:&quot;yes&quot;,&quot;pause_on_interaction&quot;:&quot;yes&quot;,&quot;autoplay_speed&quot;:5000,&quot;infinite&quot;:&quot;yes&quot;,&quot;transition&quot;:&quot;slide&quot;,&quot;transition_speed&quot;:500}\" data-widget_type=\"slides.default\">\n\t\t\t\t<div class=\"elementor-widget-container\">\n\t\t\t\t\t\t\t\t\t<div class=\"elementor-swiper\">\n\t\t\t\t\t<div class=\"elementor-slides-wrapper elementor-main-swiper swiper\" role=\"region\" aria-roledescription=\"carousel\" aria-label=\"Slider\" dir=\"ltr\" data-animation=\"fadeInUp\">\n\t\t\t\t<div class=\"swiper-wrapper elementor-slides\">\n\t\t\t\t\t\t\t\t\t\t<div class=\"elementor-repeater-item-4094fd2 swiper-slide\" role=\"group\" aria-roledescription=\"slide\"><div class=\"swiper-slide-bg elementor-ken-burns elementor-ken-burns--in\" role=\"img\" aria-label=\"El ascensor y puerto moro\"><\/div><div class=\"elementor-background-overlay\"><\/div><div class=\"swiper-slide-inner\" ><div class=\"swiper-slide-contents\"><h1 class=\"elementor-slide-heading\">El Ascensor y Puerto Moro<\/h1><p class=\"elementor-slide-description\"><p>Reise in die Eingeweide des Vulkans<\/p>\n<\/p><\/div><\/div><\/div>\t\t\t\t<\/div>\n\t\t\t\t\t\t\t<\/div>\n\t\t\t\t<\/div>\n\t\t\t\t\t\t\t\t<\/div>\n\t\t\t\t<\/div>\n\t\t\t\t<\/div>\n\t\t<div class=\"wd-negative-gap elementor-element elementor-element-80892e6 e-flex e-con-boxed e-con e-parent\" data-id=\"80892e6\" data-element_type=\"container\" data-e-type=\"container\">\n\t\t\t\t\t<div class=\"e-con-inner\">\n\t\t\t\t<div class=\"elementor-element elementor-element-4d712eb color-scheme-inherit text-left elementor-widget elementor-widget-text-editor\" data-id=\"4d712eb\" data-element_type=\"widget\" data-e-type=\"widget\" data-widget_type=\"text-editor.default\">\n\t\t\t\t<div class=\"elementor-widget-container\">\n\t\t\t\t\t\t\t\t\t<div class=\"wpb_text_column wpb_content_element \">\n<div class=\"wpb_wrapper\">\n<div class=\"wpb_text_column wpb_content_element \">\n<div class=\"wpb_wrapper\">\n<p>Die riesigen R\u00f6hren eines Unterwasserabflusses, die in der Unermesslichkeit der Plattform verloren gehen, dienen bei diesem kuriosen und h\u00e4ufig besuchten Tauchgang als Lebensquelle und Zufluchtsort.<\/p>\n<p>Zweifellos ist es ein anderer Ort, der die vielf\u00e4ltigen M\u00f6glichkeiten, die Lanzarote bietet, abwechslungsreicher macht.<\/p>\n<div class=\"wpb_text_column wpb_content_element \">\n<div class=\"wpb_wrapper\">\n<p>In der Umgebung gibt es weitere sehenswerte Orte wie den <strong>Ascensor Chico oder Puerto Moro<\/strong>, die durch eine Vulkanlandschaft mit Hohlr\u00e4umen, Tunneln und gro\u00dfen B\u00f6gen gekennzeichnet sind.<\/p>\n<p>Vom Einstiegspunkt aus gibt es zwei alternative Routen. Der erste f\u00fchrt uns zum gro\u00dfen <strong>Aufzug<\/strong>. Wir stellten fest, dass es fast 200 Meter mit einem Kurs von 170\u00b0 schwamm. Die Vulkanr\u00f6hre f\u00e4llt von 15 m auf 30 m ab und verf\u00fcgt entlang der Route \u00fcber mehrere Fenster, die das Innere erhellen. In seinen mit Schw\u00e4mmen bedeckten W\u00e4nden verstecken sich zahlreiche Narwalgarnelen. F\u00fcr diesen <a href=\"http:\/\/curso-avanzado-de-buceo\/\" target=\"_blank\" rel=\"noopener\">Tauchgang ist ein fortgeschrittenes Tauchniveau erforderlich<\/a>.     <\/p>\n<p>Die zweite Route f\u00fchrt uns in die Gegend, die als <strong>Puerto Moro und Ascensor Chico<\/strong> bekannt ist. Wir schwimmen 100 m in einer 65\u00b0-Richtung und erreichen die Baja, einen Felsen, der aus dem Wasser ragt. Es ist eine sehr interessante Alternative f\u00fcr weniger erfahrene Menschen, da es unter ihm eine spektakul\u00e4re H\u00f6hle sowie G\u00e4nge und B\u00f6gen gibt. Weiter <strong>bis zu 30 m finden wir eine kleine Vulkanr\u00f6hre von weniger<\/strong> als 10 m L\u00e4nge, ebenfalls mit mehreren Oberlichtern, bekannt als El Ascensor Chico.   <\/p>\n<p>Da das Tauchgebiet sehr gro\u00df ist, werden zwei Routen vorgeschlagen, eine rechts vom Einstiegspunkt und die andere links.<strong>. Ambas rutas permiten adaptarse a diferentes niveles, variando la profundidad m\u00e1xima de la inmersi\u00f3n <\/strong>. En cuevas y oquedades resulta interesante buscar animales como <strong>morenas, pulpos, an\u00e9monas gigantes, briotas e incluso camarones narval<\/strong>. <\/p>\n<p>Beim Schwimmen \u00fcber dem Sand ist es wichtig, genau zu beobachten, <strong>da Engelhaie, Scrappies und K\u00f6ter h\u00e4ufig vorkommen<\/strong>.<\/p>\n<\/div>\n<\/div>\n<\/div>\n<\/div>\n<\/div>\n<\/div>\n\t\t\t\t\t\t\t\t<\/div>\n\t\t\t\t<\/div>\n\t\t\t\t\t<\/div>\n\t\t\t\t<\/div>\n\t\t\t\t<section class=\"wd-negative-gap elementor-section elementor-top-section elementor-element elementor-element-2364e353 elementor-section-full_width elementor-section-height-default elementor-section-height-default\" data-id=\"2364e353\" data-element_type=\"section\" data-e-type=\"section\" id=\"xs_team_9\">\n\t\t\t\t\t\t<div class=\"elementor-container elementor-column-gap-default\">\n\t\t\t\t\t<div class=\"elementor-column elementor-col-100 elementor-top-column elementor-element elementor-element-425a7d9a\" data-id=\"425a7d9a\" data-element_type=\"column\" data-e-type=\"column\">\n\t\t\t<div class=\"elementor-widget-wrap elementor-element-populated\">\n\t\t\t\t\t\t<div class=\"elementor-element elementor-element-a75f765 elementor-widget elementor-widget-image\" data-id=\"a75f765\" data-element_type=\"widget\" data-e-type=\"widget\" data-widget_type=\"image.default\">\n\t\t\t\t<div class=\"elementor-widget-container\">\n\t\t\t\t\t\t\t\t\t\t\t\t\t\t\t<img decoding=\"async\" width=\"1038\" height=\"124\" src=\"https:\/\/puravidalanzarotediving.com\/wp-content\/uploads\/2024\/08\/Mapa-ascensor-y-puerto-moro.jpg\" class=\"attachment-full size-full wp-image-3249\" alt=\"\" srcset=\"https:\/\/puravidalanzarotediving.com\/wp-content\/uploads\/2024\/08\/Mapa-ascensor-y-puerto-moro.jpg 1038w, https:\/\/puravidalanzarotediving.com\/wp-content\/uploads\/2024\/08\/Mapa-ascensor-y-puerto-moro-300x36.jpg 300w, https:\/\/puravidalanzarotediving.com\/wp-content\/uploads\/2024\/08\/Mapa-ascensor-y-puerto-moro-1024x122.jpg 1024w, https:\/\/puravidalanzarotediving.com\/wp-content\/uploads\/2024\/08\/Mapa-ascensor-y-puerto-moro-768x92.jpg 768w\" sizes=\"(max-width: 1038px) 100vw, 1038px\" \/>\t\t\t\t\t\t\t\t\t\t\t\t\t\t\t<\/div>\n\t\t\t\t<\/div>\n\t\t\t\t\t<\/div>\n\t\t<\/div>\n\t\t\t\t\t<\/div>\n\t\t<\/section>\n\t\t\t\t<\/div>\n\t\t","protected":false},"excerpt":{"rendered":"<p>Reise in die Eingeweide des Vulkans Die riesigen R\u00f6hren eines Unterwasserabflusses, die in der Unermesslichkeit der Plattform verloren gehen, dienen<\/p>\n","protected":false},"author":1,"featured_media":0,"parent":6183,"menu_order":0,"comment_status":"closed","ping_status":"closed","template":"","meta":{"_joinchat":[],"footnotes":""},"class_list":["post-6806","page","type-page","status-publish","hentry"],"_links":{"self":[{"href":"https:\/\/puravidalanzarotediving.com\/de\/wp-json\/wp\/v2\/pages\/6806","targetHints":{"allow":["GET"]}}],"collection":[{"href":"https:\/\/puravidalanzarotediving.com\/de\/wp-json\/wp\/v2\/pages"}],"about":[{"href":"https:\/\/puravidalanzarotediving.com\/de\/wp-json\/wp\/v2\/types\/page"}],"author":[{"embeddable":true,"href":"https:\/\/puravidalanzarotediving.com\/de\/wp-json\/wp\/v2\/users\/1"}],"replies":[{"embeddable":true,"href":"https:\/\/puravidalanzarotediving.com\/de\/wp-json\/wp\/v2\/comments?post=6806"}],"version-history":[{"count":0,"href":"https:\/\/puravidalanzarotediving.com\/de\/wp-json\/wp\/v2\/pages\/6806\/revisions"}],"up":[{"embeddable":true,"href":"https:\/\/puravidalanzarotediving.com\/de\/wp-json\/wp\/v2\/pages\/6183"}],"wp:attachment":[{"href":"https:\/\/puravidalanzarotediving.com\/de\/wp-json\/wp\/v2\/media?parent=6806"}],"curies":[{"name":"wp","href":"https:\/\/api.w.org\/{rel}","templated":true}]}}