{"id":6820,"date":"2024-10-08T18:39:08","date_gmt":"2024-10-08T16:39:08","guid":{"rendered":"https:\/\/divinginadream.com\/cookie-richtlinie\/"},"modified":"2024-12-10T18:40:22","modified_gmt":"2024-12-10T17:40:22","slug":"cookie-richtlinie","status":"publish","type":"page","link":"https:\/\/puravidalanzarotediving.com\/de\/cookie-richtlinie\/","title":{"rendered":"Cookie-Richtlinie"},"content":{"rendered":"\t\t<div data-elementor-type=\"wp-page\" data-elementor-id=\"6820\" class=\"elementor elementor-6820 elementor-2439\" data-elementor-post-type=\"page\">\n\t\t\t\t<div class=\"elementor-element elementor-element-22631cf e-con-full wd-section-stretch-content e-flex e-con e-parent\" data-id=\"22631cf\" data-element_type=\"container\" data-e-type=\"container\">\n\t\t\t\t<div class=\"elementor-element elementor-element-5da3a5c elementor--h-position-center elementor--v-position-middle elementor-arrows-position-inside elementor-pagination-position-inside elementor-widget elementor-widget-slides\" data-id=\"5da3a5c\" data-element_type=\"widget\" data-e-type=\"widget\" data-settings=\"{&quot;navigation&quot;:&quot;both&quot;,&quot;autoplay&quot;:&quot;yes&quot;,&quot;pause_on_hover&quot;:&quot;yes&quot;,&quot;pause_on_interaction&quot;:&quot;yes&quot;,&quot;autoplay_speed&quot;:5000,&quot;infinite&quot;:&quot;yes&quot;,&quot;transition&quot;:&quot;slide&quot;,&quot;transition_speed&quot;:500}\" data-widget_type=\"slides.default\">\n\t\t\t\t<div class=\"elementor-widget-container\">\n\t\t\t\t\t\t\t\t\t<div class=\"elementor-swiper\">\n\t\t\t\t\t<div class=\"elementor-slides-wrapper elementor-main-swiper swiper\" role=\"region\" aria-roledescription=\"carousel\" aria-label=\"Slider\" dir=\"ltr\" data-animation=\"fadeInUp\">\n\t\t\t\t<div class=\"swiper-wrapper elementor-slides\">\n\t\t\t\t\t\t\t\t\t\t<div class=\"elementor-repeater-item-4094fd2 swiper-slide\" role=\"group\" aria-roledescription=\"slide\"><div class=\"swiper-slide-bg elementor-ken-burns elementor-ken-burns--in\" role=\"img\" aria-label=\"Fondo del mar\"><\/div><div class=\"elementor-background-overlay\"><\/div><div class=\"swiper-slide-inner\" ><div class=\"swiper-slide-contents\"><h1 class=\"elementor-slide-heading\">Cookie-Richtlinie<\/h1><\/div><\/div><\/div>\t\t\t\t<\/div>\n\t\t\t\t\t\t\t<\/div>\n\t\t\t\t<\/div>\n\t\t\t\t\t\t\t\t<\/div>\n\t\t\t\t<\/div>\n\t\t\t\t<\/div>\n\t\t<div class=\"wd-negative-gap elementor-element elementor-element-b4bdf58 e-flex e-con-boxed e-con e-parent\" data-id=\"b4bdf58\" data-element_type=\"container\" data-e-type=\"container\">\n\t\t\t\t\t<div class=\"e-con-inner\">\n\t\t\t\t<div class=\"elementor-element elementor-element-7deeebe color-scheme-inherit text-left elementor-widget elementor-widget-text-editor\" data-id=\"7deeebe\" data-element_type=\"widget\" data-e-type=\"widget\" data-widget_type=\"text-editor.default\">\n\t\t\t\t<div class=\"elementor-widget-container\">\n\t\t\t\t\t\t\t\t\t<h2>Cookie-Richtlinie<\/h2>\n<p>Ein Cookie ist eine Datei, die auf Ihren Computer heruntergeladen wird, wenn Sie auf bestimmte Webseiten zugreifen. Cookies erm\u00f6glichen es einer Website unter anderem, Informationen \u00fcber die Surfgewohnheiten eines Benutzers oder seiner Ger\u00e4te zu speichern und abzurufen. Abh\u00e4ngig von den darin enthaltenen Informationen und der Art und Weise, wie Sie Ihre Ger\u00e4te verwenden, k\u00f6nnen sie dazu verwendet werden, den Benutzer wiederzuerkennen. <\/p>\n<p>Cookies sind f\u00fcr das Funktionieren des Internets unerl\u00e4sslich, bieten unz\u00e4hlige Vorteile bei der Bereitstellung interaktiver Dienste und erleichtern die Navigation und Benutzerfreundlichkeit unserer Website. Die folgenden Informationen helfen Ihnen, die verschiedenen Arten von Cookies zu verstehen: <\/p>\n<h3>Arten von Cookies<\/h3>\n<h4>Abh\u00e4ngig von der Entit\u00e4t, die sie verwaltet<\/h4>\n<ul>\n<li><strong>Eigene Cookies<\/strong>: Hierbei handelt es sich um solche, die vom Herausgeber selbst gesammelt werden, um den vom Benutzer gew\u00fcnschten Dienst bereitzustellen.<\/li>\n<li><strong>Cookies von Drittanbietern<\/strong>: Hierbei handelt es sich um Cookies, die von Dritten gesammelt und verwaltet werden. Diese k\u00f6nnen nicht als eigene Cookies betrachtet werden.<\/li>\n<\/ul>\n<h4>Je nach Zeitraum bleiben sie aktiviert<\/h4>\n<ul>\n<li><strong>Sitzungscookies<\/strong>: Sie sammeln Daten, w\u00e4hrend der Benutzer im Internet surft, um den angeforderten Dienst bereitzustellen.<\/li>\n<li><strong>Permanente Cookies:<\/strong> Sie werden im Endger\u00e4t gespeichert und die erhaltenen Informationen werden von der f\u00fcr das Cookie verantwortlichen Person verwendet, um den angeforderten Dienst bereitzustellen.<\/li>\n<\/ul>\n<h4>Entsprechend seinem Zweck<\/h4>\n<ul>\n<li><strong>Technische Cookies:<\/strong> Diese sind f\u00fcr die korrekte Navigation durch die Website erforderlich.<\/li>\n<li><strong>Personalisierungscookies<\/strong>: Sie erm\u00f6glichen dem Benutzer die Eigenschaften (Sprache) zum Navigieren auf der Website.<\/li>\n<li><strong>Analyse-Cookies<\/strong>: Sie erm\u00f6glichen es dem Anbieter, die Navigation des Benutzers zu analysieren, um die Nutzung der Website zu verfolgen und Statistiken \u00fcber die am h\u00e4ufigsten besuchten Inhalte, die Anzahl der Besucher usw. zu erstellen.<\/li>\n<li><strong>Werbe-Cookies<\/strong>: Sie erm\u00f6glichen es dem Herausgeber, je nach Inhalt der Website Werbefl\u00e4chen auf der Website einzubinden.<\/li>\n<li><strong>Verhaltensbezogene Werbe-Cookies<\/strong>: Sie erm\u00f6glichen es dem Herausgeber, Werbefl\u00e4chen auf der Website entsprechend den durch die Surfgewohnheiten des Benutzers gewonnenen Informationen einzubinden.<\/li>\n<\/ul>\n<h3>Verwendung von Cookies gem\u00e4\u00df LSSI-CE<\/h3>\n<p>Gem\u00e4\u00df den Bestimmungen von Artikel 22.2 des Gesetzes 34\/2002 vom 11. Juli \u00fcber Dienste der Informationsgesellschaft und elektronischen Handel (LSSI-CE) informiert PURA VIDA DIVING ISLAS CANARIAS SL \u00fcber die auf unserer Website verwendeten Cookies:<\/p>\n<table border=\"1\">\n<thead>\n<tr>\n<th>Art der Cookies <\/th>\n<th>Erstanbieter-Cookies <\/th>\n<th>Drittanbieter-Cookies <\/th>\n<th>Sitzungscookies <\/th>\n<th>Persistente Cookies<\/th>\n<\/tr>\n<\/thead>\n<tbody>\n<tr>\n<td>Technische Cookies <\/td>\n<td>X<\/td>\n<td>X<\/td>\n<td>X<\/td>\n<td>X<\/td>\n<\/tr>\n<tr>\n<td>Personalisierungs cookies <\/td>\n<td>X<\/td>\n<td>X<\/td>\n<td>X<\/td>\n<td>X<\/td>\n<\/tr>\n<tr>\n<td>Analyse-Cookies <\/td>\n<td>X<\/td>\n<td>X<\/td>\n<td>X<\/td>\n<td>X<\/td>\n<\/tr>\n<tr>\n<td>Werbe-Cookies<\/td>\n<td> X<\/td>\n<td> <\/td>\n<td> <\/td>\n<td> <\/td>\n<\/tr>\n<tr>\n<td>Verhaltensbezogene Werbe-Cookies<\/td>\n<td> <\/td>\n<td> <\/td>\n<td> <\/td>\n<td> <\/td>\n<\/tr>\n<\/tbody>\n<\/table>\n<h3>Google Analytics<\/h3>\n<p>Speichert Cookies, um Statistiken \u00fcber den Verkehr und das Besuchsvolumen auf dieser Website erstellen zu k\u00f6nnen. Durch die Nutzung dieser Website erkl\u00e4ren Sie sich mit der Verarbeitung der \u00fcber Sie erhobenen Daten durch Google einverstanden. Daher muss die Aus\u00fcbung jeglicher diesbez\u00fcglicher Rechte durch direkte Kommunikation mit Google erfolgen.  <\/p>\n<p>Google Analytics-Cookies werden auf Servern in den Vereinigten Staaten gespeichert und Sie erkl\u00e4ren sich damit einverstanden, sie nicht an Dritte weiterzugeben, au\u00dfer in F\u00e4llen, in denen dies f\u00fcr den Betrieb des Systems erforderlich ist oder dies gesetzlich vorgeschrieben ist. Nach Angaben von Google wird Ihre IP-Adresse nicht gespeichert. <\/p>\n<p>Google Inc. ist ein Unternehmen, das dem Safe-Harbor-Abkommen beigetreten ist, das garantiert, dass alle \u00fcbertragenen Daten mit einem den europ\u00e4ischen Vorschriften entsprechenden Schutzniveau behandelt werden. Detaillierte Informationen hierzu k\u00f6nnen Sie \u00fcber den folgenden Link einsehen: <a href=\"https:\/\/support.google.com\/analytics\/answer\/6004245\" target=\"_blank\" rel=\"noopener\">https:\/\/support.google.com\/analytics\/answer\/6004245.<\/a>  <\/p>\n<p>Wenn Sie m\u00f6chten, k\u00f6nnen Sie das <a href=\"https:\/\/tools.google.com\/dlpage\/gaoptout\" target=\"_blank\" rel=\"noopener\">Browser-Add-on zur Deaktivierung von Google Analytics<\/a> verwenden, mit dessen Anweisungen Sie die analytischen Cookies dieses Dienstes in allen Browsern ablehnen k\u00f6nnen.<\/p>\n<h3>Wie l\u00f6sche, aktiviere und verwalte ich Cookies im Browser?<\/h3>\n<p>Sie k\u00f6nnen Ihren Browser so konfigurieren, dass Sie \u00fcber den Empfang von Cookies informiert werden und auf Wunsch die Installation von Cookies auf Ihrer Festplatte verhindern. Nachfolgend stellen wir Links zu verschiedenen Browsern bereit, \u00fcber die Sie diese Konfiguration vornehmen k\u00f6nnen: <\/p>\n<ul>\n<li><a href=\"https:\/\/support.mozilla.org\/es\/kb\/habilitar-y-deshabilitar-cookies-que-los-sitios-we\" target=\"_blank\" rel=\"noopener\">Firefox<\/a><\/li>\n<li><a href=\"https:\/\/support.google.com\/chrome\/bin\/answer.py?hl=es&amp;answer=95647\" target=\"_blank\" rel=\"noopener\">Chrome<\/a><\/li>\n<li><a href=\"https:\/\/windows.microsoft.com\/es-es\/internet-explorer\/delete-manage-cookies#ie=ie-10\" target=\"_blank\" rel=\"noopener\">Explorer<\/a><\/li>\n<li><a href=\"https:\/\/support.apple.com\/kb\/ph17191?locale=es_ES\" target=\"_blank\" rel=\"noopener\">Safari<\/a><\/li>\n<li><a href=\"https:\/\/help.opera.com\/Windows\/11.50\/es-ES\/cookies.html\" target=\"_blank\" rel=\"noopener\">Opera<\/a><\/li>\n<\/ul>\n<h3>Was passiert, wenn Cookies deaktiviert sind?<\/h3>\n<p>Wenn Sie Cookies ablehnen, k\u00f6nnen Sie unsere Website weiterhin nutzen, einige der Dienste und\/oder Links funktionieren jedoch m\u00f6glicherweise nicht mehr ordnungsgem\u00e4\u00df und wir k\u00f6nnen keine wertvollen Informationen erhalten, um Ihnen Inhalte entsprechend Ihren Interessen anzubieten.<\/p>\n<h3>\u00c4nderungen in der Cookie-Richtlinie<\/h3>\n<p>Diese Cookie-Richtlinie ist Version 2.0 und seit dem 1. Oktober 2020 g\u00fcltig. Der Eigent\u00fcmer der Website beh\u00e4lt sich das Recht vor, diese Richtlinie aufgrund neuer gesetzlicher Anforderungen oder der Einbindung neuer Cookies, die f\u00fcr den Betrieb der Website erforderlich sind, zu \u00e4ndern. <\/p>\n<h3>Aus\u00fcbung der Rechte bez\u00fcglich Cookies<\/h3>\n<p>Sie k\u00f6nnen Ihre Rechte zum Schutz personenbezogener Daten kennen und aus\u00fcben, indem Sie auf die <a href=\"https:\/\/puravidalanzarotediving.com\/de\/datenschutzrichtlinie\/\">Datenschutzrichtlinie <\/a>dieser Website zugreifen.<\/p>\n<p>Wenn Sie Fragen zu dieser Cookie-Richtlinie haben, k\u00f6nnen Sie uns unter <a href=\"mailto:info@puravidalanzarotediving.com\">info@puravidalanzarotediving.com<\/a> kontaktieren.<\/p>\n\t\t\t\t\t\t\t\t<\/div>\n\t\t\t\t<\/div>\n\t\t\t\t\t<\/div>\n\t\t\t\t<\/div>\n\t\t\t\t<\/div>\n\t\t","protected":false},"excerpt":{"rendered":"<p>Cookie-Richtlinie Cookie-Richtlinie Ein Cookie ist eine Datei, die auf Ihren Computer heruntergeladen wird, wenn Sie auf bestimmte Webseiten zugreifen. Cookies<\/p>\n","protected":false},"author":1,"featured_media":0,"parent":0,"menu_order":0,"comment_status":"closed","ping_status":"closed","template":"elementor_header_footer","meta":{"_joinchat":[],"footnotes":""},"class_list":["post-6820","page","type-page","status-publish","hentry"],"_links":{"self":[{"href":"https:\/\/puravidalanzarotediving.com\/de\/wp-json\/wp\/v2\/pages\/6820","targetHints":{"allow":["GET"]}}],"collection":[{"href":"https:\/\/puravidalanzarotediving.com\/de\/wp-json\/wp\/v2\/pages"}],"about":[{"href":"https:\/\/puravidalanzarotediving.com\/de\/wp-json\/wp\/v2\/types\/page"}],"author":[{"embeddable":true,"href":"https:\/\/puravidalanzarotediving.com\/de\/wp-json\/wp\/v2\/users\/1"}],"replies":[{"embeddable":true,"href":"https:\/\/puravidalanzarotediving.com\/de\/wp-json\/wp\/v2\/comments?post=6820"}],"version-history":[{"count":0,"href":"https:\/\/puravidalanzarotediving.com\/de\/wp-json\/wp\/v2\/pages\/6820\/revisions"}],"wp:attachment":[{"href":"https:\/\/puravidalanzarotediving.com\/de\/wp-json\/wp\/v2\/media?parent=6820"}],"curies":[{"name":"wp","href":"https:\/\/api.w.org\/{rel}","templated":true}]}}