{"id":9425,"date":"2024-07-09T16:27:42","date_gmt":"2024-07-09T14:27:42","guid":{"rendered":"https:\/\/puravidalanzarotediving.com\/eco-dive\/"},"modified":"2024-12-18T09:42:24","modified_gmt":"2024-12-18T08:42:24","slug":"eco-dive","status":"publish","type":"page","link":"https:\/\/puravidalanzarotediving.com\/de\/eco-dive\/","title":{"rendered":"Eco Dive"},"content":{"rendered":"\t\t<div data-elementor-type=\"wp-page\" data-elementor-id=\"9425\" class=\"elementor elementor-9425 elementor-274\" data-elementor-post-type=\"page\">\n\t\t\t\t<div class=\"elementor-element elementor-element-89085c4 e-con-full wd-section-stretch-content e-flex e-con e-parent\" data-id=\"89085c4\" data-element_type=\"container\" data-e-type=\"container\">\n\t\t\t\t<div class=\"elementor-element elementor-element-514135a elementor--h-position-center elementor--v-position-middle elementor-arrows-position-inside elementor-pagination-position-inside elementor-widget elementor-widget-slides\" data-id=\"514135a\" data-element_type=\"widget\" data-e-type=\"widget\" data-settings=\"{&quot;navigation&quot;:&quot;both&quot;,&quot;autoplay&quot;:&quot;yes&quot;,&quot;pause_on_hover&quot;:&quot;yes&quot;,&quot;pause_on_interaction&quot;:&quot;yes&quot;,&quot;autoplay_speed&quot;:5000,&quot;infinite&quot;:&quot;yes&quot;,&quot;transition&quot;:&quot;slide&quot;,&quot;transition_speed&quot;:500}\" data-widget_type=\"slides.default\">\n\t\t\t\t<div class=\"elementor-widget-container\">\n\t\t\t\t\t\t\t\t\t<div class=\"elementor-swiper\">\n\t\t\t\t\t<div class=\"elementor-slides-wrapper elementor-main-swiper swiper\" role=\"region\" aria-roledescription=\"carousel\" aria-label=\"Diapositivas\" dir=\"ltr\" data-animation=\"fadeInUp\">\n\t\t\t\t<div class=\"swiper-wrapper elementor-slides\">\n\t\t\t\t\t\t\t\t\t\t<div class=\"elementor-repeater-item-4094fd2 swiper-slide\" role=\"group\" aria-roledescription=\"slide\"><div class=\"swiper-slide-bg elementor-ken-burns elementor-ken-burns--in\" role=\"img\" aria-label=\"Pura vida Eco dive\"><\/div><div class=\"elementor-background-overlay\"><\/div><div class=\"swiper-slide-inner\" ><div class=\"swiper-slide-contents\"><h1 class=\"elementor-slide-heading\">Pura Vida ist Eco Dive<\/h1><\/div><\/div><\/div>\t\t\t\t<\/div>\n\t\t\t\t\t\t\t<\/div>\n\t\t\t\t<\/div>\n\t\t\t\t\t\t\t\t<\/div>\n\t\t\t\t<\/div>\n\t\t\t\t<\/div>\n\t\t<div class=\"wd-negative-gap elementor-element elementor-element-80892e6 e-flex e-con-boxed e-con e-parent\" data-id=\"80892e6\" data-element_type=\"container\" data-e-type=\"container\">\n\t\t\t\t\t<div class=\"e-con-inner\">\n\t\t\t\t<div class=\"elementor-element elementor-element-4d712eb color-scheme-inherit text-left elementor-widget elementor-widget-text-editor\" data-id=\"4d712eb\" data-element_type=\"widget\" data-e-type=\"widget\" data-widget_type=\"text-editor.default\">\n\t\t\t\t<div class=\"elementor-widget-container\">\n\t\t\t\t\t\t\t\t\t<div class=\"wpb_text_column wpb_content_element vc_custom_1581675963960\">\n<div class=\"wpb_wrapper\">\n<p>Pura Vida Lanzarote praktiziert t\u00e4glich <strong>\u00d6ko-Tauchen<\/strong>, um durch unseren Sport dazu beizutragen, unsere Umwelt au\u00dferhalb und unter Wasser zu sch\u00fctzen und weiterhin die Wunder der Natur in Harmonie zu genie\u00dfen.<\/p>\n<p><em>Eine Entwicklung, die den Bed\u00fcrfnissen der heutigen Generation entspricht, ohne die F\u00e4higkeit k\u00fcnftiger Generationen zu gef\u00e4hrden, ihre eigenen Bed\u00fcrfnisse zu befriedigen.<\/em><\/p>\n<p>Pura Vida ist viel mehr als ein Tauchzentrum, es ist eine Philosophie, die auf dem Respekt vor der nat\u00fcrlichen, kulturellen und sozialen Umgebung sowie den Werten einer Gemeinschaft basiert und es Ihnen erm\u00f6glicht, einen positiven Erfahrungsaustausch zu genie\u00dfen, in dem die Beziehung zwischen den Menschen w\u00e4chst Der Tourist und die Gemeinschaft sind fair und die Vorteile der Aktivit\u00e4t werden gerecht verteilt.<\/p>\n<\/div>\n<\/div>\n\t\t\t\t\t\t\t\t<\/div>\n\t\t\t\t<\/div>\n\t\t\t\t\t<\/div>\n\t\t\t\t<\/div>\n\t\t\t\t<section class=\"wd-negative-gap elementor-section elementor-top-section elementor-element elementor-element-2364e353 elementor-section-full_width elementor-section-height-default elementor-section-height-default\" data-id=\"2364e353\" data-element_type=\"section\" data-e-type=\"section\" id=\"xs_team_9\">\n\t\t\t\t\t\t<div class=\"elementor-container elementor-column-gap-default\">\n\t\t\t\t\t<div class=\"elementor-column elementor-col-100 elementor-top-column elementor-element elementor-element-425a7d9a\" data-id=\"425a7d9a\" data-element_type=\"column\" data-e-type=\"column\">\n\t\t\t<div class=\"elementor-widget-wrap elementor-element-populated\">\n\t\t\t\t<div class=\"wd-negative-gap elementor-element elementor-element-52b24d7 e-grid e-con-boxed e-con e-parent\" data-id=\"52b24d7\" data-element_type=\"container\" data-e-type=\"container\">\n\t\t\t\t\t<div class=\"e-con-inner\">\n\t\t\t\t<div class=\"elementor-element elementor-element-2bde375 elementor-position-top elementor-widget elementor-widget-image-box\" data-id=\"2bde375\" data-element_type=\"widget\" data-e-type=\"widget\" data-widget_type=\"image-box.default\">\n\t\t\t\t<div class=\"elementor-widget-container\">\n\t\t\t\t\t<div class=\"elementor-image-box-wrapper\"><figure class=\"elementor-image-box-img\"><a href=\"https:\/\/www.divessi.com\/es\/get-certified\/environment\/blue-oceans\" target=\"_blank\" tabindex=\"-1\" rel=\"noopener\"><img decoding=\"async\" width=\"871\" height=\"343\" src=\"https:\/\/puravidalanzarotediving.com\/wp-content\/uploads\/2024\/07\/blue-ocean.jpg\" class=\"attachment-full size-full wp-image-2782\" alt=\"Blue Ocean\" srcset=\"https:\/\/puravidalanzarotediving.com\/wp-content\/uploads\/2024\/07\/blue-ocean.jpg 871w, https:\/\/puravidalanzarotediving.com\/wp-content\/uploads\/2024\/07\/blue-ocean-300x118.jpg 300w, https:\/\/puravidalanzarotediving.com\/wp-content\/uploads\/2024\/07\/blue-ocean-768x302.jpg 768w\" sizes=\"(max-width: 871px) 100vw, 871px\" \/><\/a><\/figure><div class=\"elementor-image-box-content\"><h3 class=\"elementor-image-box-title\"><a href=\"https:\/\/www.divessi.com\/es\/get-certified\/environment\/blue-oceans\" target=\"_blank\" rel=\"noopener\">SSI Blue Oceans <\/a><\/h3><p class=\"elementor-image-box-description\">Wir tauchen seit 2000 und leiten seit 2008 Tauchbasen in verschiedenen L\u00e4ndern. + Mehr als 17.000 Tauchsch\u00fcler sind seither durch unsere H\u00e4nde gegangen. <\/p><\/div><\/div>\t\t\t\t<\/div>\n\t\t\t\t<\/div>\n\t\t\t\t<div class=\"elementor-element elementor-element-9874911 elementor-position-top elementor-widget elementor-widget-image-box\" data-id=\"9874911\" data-element_type=\"widget\" data-e-type=\"widget\" data-widget_type=\"image-box.default\">\n\t\t\t\t<div class=\"elementor-widget-container\">\n\t\t\t\t\t<div class=\"elementor-image-box-wrapper\"><figure class=\"elementor-image-box-img\"><a href=\"https:\/\/angelsharknetwork.com\/canaryislands-es\/\" target=\"_blank\" tabindex=\"-1\" rel=\"noopener\"><img decoding=\"async\" width=\"871\" height=\"343\" src=\"https:\/\/puravidalanzarotediving.com\/wp-content\/uploads\/2024\/07\/angel-shark-project.jpg\" class=\"attachment-full size-full wp-image-2787\" alt=\"Angel Shark Project\" srcset=\"https:\/\/puravidalanzarotediving.com\/wp-content\/uploads\/2024\/07\/angel-shark-project.jpg 871w, https:\/\/puravidalanzarotediving.com\/wp-content\/uploads\/2024\/07\/angel-shark-project-300x118.jpg 300w, https:\/\/puravidalanzarotediving.com\/wp-content\/uploads\/2024\/07\/angel-shark-project-768x302.jpg 768w\" sizes=\"(max-width: 871px) 100vw, 871px\" \/><\/a><\/figure><div class=\"elementor-image-box-content\"><h3 class=\"elementor-image-box-title\"><a href=\"https:\/\/angelsharknetwork.com\/canaryislands-es\/\" target=\"_blank\" rel=\"noopener\">Angel Shark Proyect<\/a><\/h3><p class=\"elementor-image-box-description\">Unser Zentrum entspricht den h\u00f6chsten Sicherheitsstandards und Vorschriften, deshalb sind wir Mitglied bei: BUCO (A. Centros Buceo)|AETUR (Fed Empresarios Tur\u00edsticos)|C\u00e1mara Hiperb\u00e1rica Lanzarote (Lanzarote Hyperbaric Chamber)<\/p><\/div><\/div>\t\t\t\t<\/div>\n\t\t\t\t<\/div>\n\t\t\t\t<div class=\"elementor-element elementor-element-7fab674 elementor-position-top elementor-widget elementor-widget-image-box\" data-id=\"7fab674\" data-element_type=\"widget\" data-e-type=\"widget\" data-widget_type=\"image-box.default\">\n\t\t\t\t<div class=\"elementor-widget-container\">\n\t\t\t\t\t<div class=\"elementor-image-box-wrapper\"><figure class=\"elementor-image-box-img\"><a href=\"https:\/\/redpromar.org\/\" target=\"_blank\" tabindex=\"-1\" rel=\"noopener\"><img decoding=\"async\" width=\"871\" height=\"343\" src=\"https:\/\/puravidalanzarotediving.com\/wp-content\/uploads\/2024\/07\/redpromar-logo.jpg\" class=\"attachment-full size-full wp-image-2792\" alt=\"Redpromar logo\" srcset=\"https:\/\/puravidalanzarotediving.com\/wp-content\/uploads\/2024\/07\/redpromar-logo.jpg 871w, https:\/\/puravidalanzarotediving.com\/wp-content\/uploads\/2024\/07\/redpromar-logo-300x118.jpg 300w, https:\/\/puravidalanzarotediving.com\/wp-content\/uploads\/2024\/07\/redpromar-logo-768x302.jpg 768w\" sizes=\"(max-width: 871px) 100vw, 871px\" \/><\/a><\/figure><div class=\"elementor-image-box-content\"><h3 class=\"elementor-image-box-title\"><a href=\"https:\/\/redpromar.org\/\" target=\"_blank\" rel=\"noopener\">Red Promar<\/a><\/h3><p class=\"elementor-image-box-description\">Wir sind mit der SSI Diving Agency assoziiert, die die besten Standards f\u00fcr Qualit\u00e4t, Sicherheit, Lernen und internationale G\u00fcltigkeit Ihrer Qualifikationen garantiert.<\/p><\/div><\/div>\t\t\t\t<\/div>\n\t\t\t\t<\/div>\n\t\t\t\t<div class=\"elementor-element elementor-element-53df33a elementor-position-top elementor-widget elementor-widget-image-box\" data-id=\"53df33a\" data-element_type=\"widget\" data-e-type=\"widget\" data-widget_type=\"image-box.default\">\n\t\t\t\t<div class=\"elementor-widget-container\">\n\t\t\t\t\t<div class=\"elementor-image-box-wrapper\"><figure class=\"elementor-image-box-img\"><a href=\"https:\/\/bucolanzarote.com\/\" target=\"_blank\" tabindex=\"-1\" rel=\"noopener\"><img decoding=\"async\" width=\"400\" height=\"158\" src=\"https:\/\/puravidalanzarotediving.com\/wp-content\/uploads\/2024\/07\/logo-buco-lanarote.jpg\" class=\"attachment-full size-full wp-image-2807\" alt=\"\" srcset=\"https:\/\/puravidalanzarotediving.com\/wp-content\/uploads\/2024\/07\/logo-buco-lanarote.jpg 400w, https:\/\/puravidalanzarotediving.com\/wp-content\/uploads\/2024\/07\/logo-buco-lanarote-300x119.jpg 300w\" sizes=\"(max-width: 400px) 100vw, 400px\" \/><\/a><\/figure><div class=\"elementor-image-box-content\"><h3 class=\"elementor-image-box-title\"><a href=\"https:\/\/bucolanzarote.com\/\" target=\"_blank\" rel=\"noopener\">Buco Lanzarote<\/a><\/h3><p class=\"elementor-image-box-description\">Ma\u00dfgeschneiderte Kurse | Flexibler Zeitplan | Einfache Bezahlung | Physisches &amp; Online-Material | Unterricht in Ihrer Sprache | Leih-Tauchausr\u00fcstung<\/p><\/div><\/div>\t\t\t\t<\/div>\n\t\t\t\t<\/div>\n\t\t\t\t<div class=\"elementor-element elementor-element-750ccdc elementor-position-top elementor-widget elementor-widget-image-box\" data-id=\"750ccdc\" data-element_type=\"widget\" data-e-type=\"widget\" data-widget_type=\"image-box.default\">\n\t\t\t\t<div class=\"elementor-widget-container\">\n\t\t\t\t\t<div class=\"elementor-image-box-wrapper\"><figure class=\"elementor-image-box-img\"><a href=\"https:\/\/ecoturismo.lanzarotebiosfera.org\/\" target=\"_blank\" tabindex=\"-1\" rel=\"noopener\"><img decoding=\"async\" width=\"400\" height=\"158\" src=\"https:\/\/puravidalanzarotediving.com\/wp-content\/uploads\/2024\/07\/revivir-lanzarote.jpg\" class=\"attachment-full size-full wp-image-2817\" alt=\"Revivir Lanzarote\" srcset=\"https:\/\/puravidalanzarotediving.com\/wp-content\/uploads\/2024\/07\/revivir-lanzarote.jpg 400w, https:\/\/puravidalanzarotediving.com\/wp-content\/uploads\/2024\/07\/revivir-lanzarote-300x119.jpg 300w\" sizes=\"(max-width: 400px) 100vw, 400px\" \/><\/a><\/figure><div class=\"elementor-image-box-content\"><h3 class=\"elementor-image-box-title\"><a href=\"https:\/\/ecoturismo.lanzarotebiosfera.org\/\" target=\"_blank\" rel=\"noopener\">Revivir Lanzarote<\/a><\/h3><p class=\"elementor-image-box-description\">F\u00fcr Ihren Komfort und Ihre Sicherheit beschr\u00e4nken wir die Gruppen auf 4 Sch\u00fcler pro Tauchlehrer \/ DiveMaster.<\/p><\/div><\/div>\t\t\t\t<\/div>\n\t\t\t\t<\/div>\n\t\t\t\t<div class=\"elementor-element elementor-element-3971853 elementor-position-top elementor-widget elementor-widget-image-box\" data-id=\"3971853\" data-element_type=\"widget\" data-e-type=\"widget\" data-widget_type=\"image-box.default\">\n\t\t\t\t<div class=\"elementor-widget-container\">\n\t\t\t\t\t<div class=\"elementor-image-box-wrapper\"><figure class=\"elementor-image-box-img\"><a href=\"https:\/\/lanzaroteesd.com\/\" target=\"_blank\" tabindex=\"-1\" rel=\"noopener\"><img decoding=\"async\" width=\"250\" height=\"99\" src=\"https:\/\/puravidalanzarotediving.com\/wp-content\/uploads\/2024\/07\/lanzarote-sports-destination.jpg\" class=\"attachment-full size-full wp-image-2812\" alt=\"Lanzarote Sports Destination\" \/><\/a><\/figure><div class=\"elementor-image-box-content\"><h3 class=\"elementor-image-box-title\"><a href=\"https:\/\/lanzaroteesd.com\/\" target=\"_blank\" rel=\"noopener\">Lanzarote European Destination <\/a><\/h3><p class=\"elementor-image-box-description\">Moderne Einrichtungen : Rezeption &amp; Shop : Neue Tauchausr\u00fcstung : Schlie\u00dff\u00e4cher : Ausr\u00fcstungswaschplatz : Komfortable Unterrichtsr\u00e4ume : Duschen : Wifi Zone<\/p><\/div><\/div>\t\t\t\t<\/div>\n\t\t\t\t<\/div>\n\t\t\t\t\t<\/div>\n\t\t\t\t<\/div>\n\t\t\t\t\t<\/div>\n\t\t<\/div>\n\t\t\t\t\t<\/div>\n\t\t<\/section>\n\t\t<div class=\"wd-negative-gap elementor-element elementor-element-0503dac e-flex e-con-boxed e-con e-parent\" data-id=\"0503dac\" data-element_type=\"container\" data-e-type=\"container\">\n\t\t\t\t\t<div class=\"e-con-inner\">\n\t\t\t\t<div class=\"elementor-element elementor-element-ae27afd color-scheme-inherit text-left elementor-widget elementor-widget-text-editor\" data-id=\"ae27afd\" data-element_type=\"widget\" data-e-type=\"widget\" data-widget_type=\"text-editor.default\">\n\t\t\t\t<div class=\"elementor-widget-container\">\n\t\t\t\t\t\t\t\t\t<div class=\"wpb_text_column wpb_content_element vc_custom_1581675963960\">\n<div class=\"wpb_wrapper\">\n<div class=\"vc_row wpb_row section vc_row-fluid vc_custom_1565774283376 grid_section\">\n<div class=\" section_inner clearfix\">\n<div class=\"section_inner_margin clearfix\">\n<div class=\"wpb_column vc_column_container vc_col-sm-12\">\n<div class=\"vc_column-inner\">\n<div class=\"wpb_wrapper\">\n<div class=\"wpb_text_column wpb_content_element \">\n<div class=\"wpb_wrapper\">\n<p>Die Meere <strong>bedecken zwei Drittel unseres Planeten<\/strong> und beherbergen 80 % aller lebenden Organismen auf der Erde. <strong>Die H\u00e4lfte des Sauerstoffs<\/strong>, den wir atmen, stammt aus den Ozeanen, die auch das Klima stabilisieren und die N\u00e4hrstoffzirkulation rund um den Planeten erm\u00f6glichen.<\/p>\n<p>Sie regulieren den Wasserhaushalt und sind f\u00fcr d<strong>ie Produktion von S\u00fc\u00dfwasser<\/strong> und die Aufnahme von Kohlenstoff unerl\u00e4sslich. Sie stellen auch Nahrung und andere Ressourcen sowie Handels- und Migrationsrouten bereit. <\/p>\n<p>Die Liste der <strong>Bedrohungen<\/strong> ist lang: zerst\u00f6rerische Fischerei, Ablagerung von Abf\u00e4llen, \u00d6l und Chemikalien, Einsatz akustischer Unterwasserger\u00e4te, milit\u00e4rische Aktivit\u00e4ten, Invasion nicht heimischer Arten, Auswirkungen des Klimawandels, Gewinnung von Sand oder Baumaterialien, Ausbeutung von Kohlenwasserstoffen. Stadterweiterung an der K\u00fcste, als einige Beispiele.<\/p>\n<p><strong>In Zahlen<\/strong> ausgedr\u00fcckt: Jedes Jahr verursacht das Plastikmaterial, das auf dem Meeresgrund landet, den Tod<strong> von einer Million Seev\u00f6geln<\/strong>, <strong>100.000 S\u00e4ugetieren <\/strong>und unz\u00e4hligen Fischen! Im letzten Jahrzehnt wurden durchschnittlich <strong>600.000 Barrel \u00d6l <\/strong>pro Jahr versehentlich versch\u00fcttet. <\/p>\n<p>Die Populationen gro\u00dfer Fische wie Thunfisch, Kabeljau und Schwertfisch sind im letzten Jahrhundert um bis zu <strong>90 % zur\u00fcckgegangen<\/strong>. Es besteht eine reale und nachgewiesene Bedrohung f\u00fcr Haie. W<strong>eltweit werden j<\/strong>\u00e4hrlich 1<strong>00 Millionen Haie (270.000 pro Tag)<\/strong> get\u00f6tet und einige ihrer Arten sind vom Aussterben bedroht, was, wenn es dazu k\u00e4me, verheerende Folgen f\u00fcr das Leben an der Oberfl\u00e4che h\u00e4tte.  <\/p>\n<\/div>\n<\/div>\n<\/div>\n<\/div>\n<\/div>\n<\/div>\n<\/div>\n<\/div>\n<\/div>\n<\/div>\n\t\t\t\t\t\t\t\t<\/div>\n\t\t\t\t<\/div>\n\t\t\t\t\t<\/div>\n\t\t\t\t<\/div>\n\t\t<div class=\"wd-negative-gap elementor-element elementor-element-cb13ecb e-flex e-con-boxed e-con e-parent\" data-id=\"cb13ecb\" data-element_type=\"container\" data-e-type=\"container\">\n\t\t\t\t\t<div class=\"e-con-inner\">\n\t\t<div class=\"elementor-element elementor-element-9f4510e e-con-full e-flex e-con e-child\" data-id=\"9f4510e\" data-element_type=\"container\" data-e-type=\"container\">\n\t\t\t\t<div class=\"elementor-element elementor-element-4e51f49 elementor-widget elementor-widget-heading\" data-id=\"4e51f49\" data-element_type=\"widget\" data-e-type=\"widget\" data-widget_type=\"heading.default\">\n\t\t\t\t<div class=\"elementor-widget-container\">\n\t\t\t\t\t<h2 class=\"elementor-heading-title elementor-size-default\">Monatliche Strandreinigungen<\/h2>\t\t\t\t<\/div>\n\t\t\t\t<\/div>\n\t\t\t\t<div class=\"elementor-element elementor-element-a908104 color-scheme-inherit text-left elementor-widget elementor-widget-text-editor\" data-id=\"a908104\" data-element_type=\"widget\" data-e-type=\"widget\" data-widget_type=\"text-editor.default\">\n\t\t\t\t<div class=\"elementor-widget-container\">\n\t\t\t\t\t\t\t\t\t<div class=\"wpb_text_column wpb_content_element vc_custom_1581675963960\">\n<div class=\"wpb_wrapper\">\n<div class=\"vc_row wpb_row section vc_row-fluid vc_custom_1565774283376 grid_section\">\n<div class=\" section_inner clearfix\">\n<div class=\"section_inner_margin clearfix\">\n<div class=\"wpb_column vc_column_container vc_col-sm-12\">\n<div class=\"vc_column-inner\">\n<div class=\"wpb_wrapper\">\n<div class=\"wpb_text_column wpb_content_element \">\n<div class=\"wpb_wrapper\">\n<p>Am ersten Samstag im M\u00e4rz 2018 starteten wir das Projekt der Strand- und Meeresbodenreinigungen in der Gemeinde Yaiza. Die Idee war, eine feste Regelm\u00e4\u00dfigkeit zu schaffen, damit die Einheimischen und Touristen wissen, dass an jedem ersten Samstag in Playa Blanca Reinigungsaktionen stattfinden, an denen man teilnehmen kann. <\/p>\n<p>Seit <strong>2018 f\u00fchren<\/strong> wir mehr als<strong> 6 j\u00e4hrliche Reinigungen durch<\/strong>, sowohl unter Wasser als auch von der Oberfl\u00e4che aus.<\/p>\n<p>Mit der Genugtuung, im Kalender des S\u00fcdens der Insel einen festen Termin festgelegt zu haben, an dem wir uns am zweiten S<strong>amstag jedes Monats <\/strong>der Pflege unserer Umwelt widmen. Weitere Informationen erhalten <a href=\"https:\/\/puravidalanzarotediving.com\/contacta\/\">Sie hier<\/a> <\/p>\n<p>Die Ziele, die wir uns f\u00fcr dieses Jahr gesetzt haben, sind:<\/p>\n<ul>\n<li><i>Saubere Str\u00e4nde und Meeresboden. <\/i><\/li>\n<\/ul>\n<ul>\n<li>Schaffen Sie einen Raum f\u00fcr kollektives Handeln und Beziehungen zwischen \u00f6ffentlichen Institutionen, Unternehmen, der lokalen Bev\u00f6lkerung und dem Tourismus. <\/li>\n<\/ul>\n<ul>\n<li>Sensibilisierung der \u00f6ffentlichen Verwaltung selbst, anderer Unternehmen, der lokalen Bev\u00f6lkerung und des Tourismus, der uns besucht. <\/li>\n<li>Arbeit an der Gestaltung eines nachhaltigen Tourismus auf Lanzarote.<\/li>\n<\/ul>\n<ul class=\"checkgreen\">\n<li><strong>In den Medien:<\/strong><\/li>\n<li><a href=\"https:\/\/www.lancelotdigital.com\/municipios\/mas-de-cien-voluntarios-en-la-decimoquinta-accion-medioambiental-en-playa-blanca\" target=\"_blank\" rel=\"noopener noreferrer\">Lancelot TV<\/a><\/li>\n<li><a href=\"https:\/\/revistaalsolajero.com\/nueva-limpieza-de-litoral-y-fondo-marino-con-voluntarios-en-playa-flamingo\/\" target=\"_blank\" rel=\"noopener noreferrer\">Revista Alsolajero<\/a><\/li>\n<li><a href=\"https:\/\/yaiza.es\/yaiza-homenajea-al-voluntariado-que-limpia-playas-en-el-primer-aniversario-de-las-jornadas\" target=\"_blank\" rel=\"noopener noreferrer\">Yaiza te Informa<\/a><\/li>\n<\/ul>\n<\/div>\n<\/div>\n<\/div>\n<\/div>\n<\/div>\n<\/div>\n<\/div>\n<\/div>\n<\/div>\n<\/div>\n\t\t\t\t\t\t\t\t<\/div>\n\t\t\t\t<\/div>\n\t\t\t\t<\/div>\n\t\t<div class=\"elementor-element elementor-element-3512a1f e-con-full e-flex e-con e-child\" data-id=\"3512a1f\" data-element_type=\"container\" data-e-type=\"container\">\n\t\t\t\t<div class=\"elementor-element elementor-element-9efbc86 elementor-widget elementor-widget-image\" data-id=\"9efbc86\" data-element_type=\"widget\" data-e-type=\"widget\" data-widget_type=\"image.default\">\n\t\t\t\t<div class=\"elementor-widget-container\">\n\t\t\t\t\t\t\t\t\t\t\t\t\t\t\t<img decoding=\"async\" width=\"2172\" height=\"2250\" src=\"https:\/\/puravidalanzarotediving.com\/wp-content\/uploads\/2024\/07\/Limpieza-de-Playas-Lanzarote.jpg\" class=\"attachment-full size-full wp-image-2797\" alt=\"Limpieza de Playas Lanzarote\" srcset=\"https:\/\/puravidalanzarotediving.com\/wp-content\/uploads\/2024\/07\/Limpieza-de-Playas-Lanzarote.jpg 2172w, https:\/\/puravidalanzarotediving.com\/wp-content\/uploads\/2024\/07\/Limpieza-de-Playas-Lanzarote-290x300.jpg 290w, https:\/\/puravidalanzarotediving.com\/wp-content\/uploads\/2024\/07\/Limpieza-de-Playas-Lanzarote-989x1024.jpg 989w, https:\/\/puravidalanzarotediving.com\/wp-content\/uploads\/2024\/07\/Limpieza-de-Playas-Lanzarote-768x796.jpg 768w, https:\/\/puravidalanzarotediving.com\/wp-content\/uploads\/2024\/07\/Limpieza-de-Playas-Lanzarote-1483x1536.jpg 1483w, https:\/\/puravidalanzarotediving.com\/wp-content\/uploads\/2024\/07\/Limpieza-de-Playas-Lanzarote-1977x2048.jpg 1977w\" sizes=\"(max-width: 2172px) 100vw, 2172px\" \/>\t\t\t\t\t\t\t\t\t\t\t\t\t\t\t<\/div>\n\t\t\t\t<\/div>\n\t\t\t\t<\/div>\n\t\t\t\t\t<\/div>\n\t\t\t\t<\/div>\n\t\t<div class=\"wd-negative-gap elementor-element elementor-element-01f9eec e-flex e-con-boxed e-con e-parent\" data-id=\"01f9eec\" data-element_type=\"container\" data-e-type=\"container\">\n\t\t\t\t\t<div class=\"e-con-inner\">\n\t\t<div class=\"elementor-element elementor-element-709f07c e-con-full e-flex e-con e-child\" data-id=\"709f07c\" data-element_type=\"container\" data-e-type=\"container\">\n\t\t\t\t<div class=\"elementor-element elementor-element-b74d4ad elementor-widget elementor-widget-image\" data-id=\"b74d4ad\" data-element_type=\"widget\" data-e-type=\"widget\" data-widget_type=\"image.default\">\n\t\t\t\t<div class=\"elementor-widget-container\">\n\t\t\t\t\t\t\t\t\t\t\t\t\t\t\t<img decoding=\"async\" width=\"1000\" height=\"1000\" src=\"https:\/\/puravidalanzarotediving.com\/wp-content\/uploads\/2024\/07\/blue-oceans-ssi.jpg\" class=\"attachment-full size-full wp-image-2802\" alt=\"Blue Oceans SSI\" srcset=\"https:\/\/puravidalanzarotediving.com\/wp-content\/uploads\/2024\/07\/blue-oceans-ssi.jpg 1000w, https:\/\/puravidalanzarotediving.com\/wp-content\/uploads\/2024\/07\/blue-oceans-ssi-300x300.jpg 300w, https:\/\/puravidalanzarotediving.com\/wp-content\/uploads\/2024\/07\/blue-oceans-ssi-150x150.jpg 150w, https:\/\/puravidalanzarotediving.com\/wp-content\/uploads\/2024\/07\/blue-oceans-ssi-768x768.jpg 768w, https:\/\/puravidalanzarotediving.com\/wp-content\/uploads\/2024\/07\/blue-oceans-ssi-600x600.jpg 600w\" sizes=\"(max-width: 1000px) 100vw, 1000px\" \/>\t\t\t\t\t\t\t\t\t\t\t\t\t\t\t<\/div>\n\t\t\t\t<\/div>\n\t\t\t\t<\/div>\n\t\t<div class=\"elementor-element elementor-element-62e57c3 e-con-full e-flex e-con e-child\" data-id=\"62e57c3\" data-element_type=\"container\" data-e-type=\"container\">\n\t\t\t\t<div class=\"elementor-element elementor-element-e915126 elementor-widget elementor-widget-heading\" data-id=\"e915126\" data-element_type=\"widget\" data-e-type=\"widget\" data-widget_type=\"heading.default\">\n\t\t\t\t<div class=\"elementor-widget-container\">\n\t\t\t\t\t<h2 class=\"elementor-heading-title elementor-size-default\">Verhaltensregeln f\u00fcr einen engagierten Taucher<\/h2>\t\t\t\t<\/div>\n\t\t\t\t<\/div>\n\t\t\t\t<div class=\"elementor-element elementor-element-862d99d color-scheme-inherit text-left elementor-widget elementor-widget-text-editor\" data-id=\"862d99d\" data-element_type=\"widget\" data-e-type=\"widget\" data-widget_type=\"text-editor.default\">\n\t\t\t\t<div class=\"elementor-widget-container\">\n\t\t\t\t\t\t\t\t\t<ul class=\"checkgreen\">\n<li>Unterst\u00fctze Projekte, die dem Meeresschutz gewidmet sind, wie unsere monatlichen Reinigungsaktionen.<\/li>\n<li>Sammle, wenn m\u00f6glich, M\u00fcll bei deinen Tauchg\u00e4ngen, aber nur, wenn es der Umwelt keinen zus\u00e4tzlichen Schaden zuf\u00fcgt.<\/li>\n<li>Schneide, wenn m\u00f6glich, h\u00e4ngende Seile ab und sammele Netze und Plastikm\u00fcll.<\/li>\n<li>Wirf niemals anorganischen Abfall ins Meer: Kunststoffe zersetzen sich unglaublich langsam.<\/li>\n<li>Minimiere deinen Abfall: Verwende wiederverwendbare Kaffeetassen und Lunchboxen, Flaschen aus Glas oder Metall und Einkaufstaschen.<\/li>\n<li>F\u00fcttere oder st\u00f6re die Meeresbewohner nicht.<\/li>\n<li>Nimm keine Souvenirs aus dem Meer mit: Gebrochene Korallenst\u00fccke oder leere Muscheln dienen immer noch als n\u00fctzlicher Lebensraum.<\/li>\n<\/ul>\n\t\t\t\t\t\t\t\t<\/div>\n\t\t\t\t<\/div>\n\t\t\t\t<\/div>\n\t\t\t\t\t<\/div>\n\t\t\t\t<\/div>\n\t\t\t\t<\/div>\n\t\t","protected":false},"excerpt":{"rendered":"<p>Pura Vida ist Eco Dive Pura Vida Lanzarote praktiziert t\u00e4glich \u00d6ko-Tauchen, um durch unseren Sport dazu beizutragen, unsere Umwelt au\u00dferhalb<\/p>\n","protected":false},"author":1,"featured_media":0,"parent":0,"menu_order":0,"comment_status":"closed","ping_status":"closed","template":"","meta":{"_joinchat":[],"footnotes":""},"class_list":["post-9425","page","type-page","status-publish","hentry"],"_links":{"self":[{"href":"https:\/\/puravidalanzarotediving.com\/de\/wp-json\/wp\/v2\/pages\/9425","targetHints":{"allow":["GET"]}}],"collection":[{"href":"https:\/\/puravidalanzarotediving.com\/de\/wp-json\/wp\/v2\/pages"}],"about":[{"href":"https:\/\/puravidalanzarotediving.com\/de\/wp-json\/wp\/v2\/types\/page"}],"author":[{"embeddable":true,"href":"https:\/\/puravidalanzarotediving.com\/de\/wp-json\/wp\/v2\/users\/1"}],"replies":[{"embeddable":true,"href":"https:\/\/puravidalanzarotediving.com\/de\/wp-json\/wp\/v2\/comments?post=9425"}],"version-history":[{"count":0,"href":"https:\/\/puravidalanzarotediving.com\/de\/wp-json\/wp\/v2\/pages\/9425\/revisions"}],"wp:attachment":[{"href":"https:\/\/puravidalanzarotediving.com\/de\/wp-json\/wp\/v2\/media?parent=9425"}],"curies":[{"name":"wp","href":"https:\/\/api.w.org\/{rel}","templated":true}]}}