{"id":4849,"date":"2024-10-08T16:47:02","date_gmt":"2024-10-08T14:47:02","guid":{"rendered":"https:\/\/divinginadream.com\/aviso-legal\/"},"modified":"2025-08-07T15:16:29","modified_gmt":"2025-08-07T13:16:29","slug":"aviso-legal-pura-vida-diving-lanzarote","status":"publish","type":"page","link":"https:\/\/puravidalanzarotediving.com\/en\/aviso-legal-pura-vida-diving-lanzarote\/","title":{"rendered":"Aviso Legal"},"content":{"rendered":"\t\t<div data-elementor-type=\"wp-page\" data-elementor-id=\"4849\" class=\"elementor elementor-4849 elementor-2427\" data-elementor-post-type=\"page\">\n\t\t\t\t<div class=\"wd-negative-gap elementor-element elementor-element-4da9fbd wd-section-stretch-content e-flex e-con-boxed e-con e-parent\" data-id=\"4da9fbd\" data-element_type=\"container\" data-e-type=\"container\">\n\t\t\t\t\t<div class=\"e-con-inner\">\n\t\t<div class=\"elementor-element elementor-element-88dfa7f e-con-full wd-section-stretch-content e-flex e-con e-child\" data-id=\"88dfa7f\" data-element_type=\"container\" data-e-type=\"container\" data-settings=\"{&quot;background_background&quot;:&quot;classic&quot;}\">\n\t\t<div class=\"elementor-element elementor-element-cdc99a9 e-con-full wd-section-stretch-content e-flex e-con e-child\" data-id=\"cdc99a9\" data-element_type=\"container\" data-e-type=\"container\">\n\t\t\t\t<div class=\"elementor-element elementor-element-48d038c elementor--h-position-center elementor--v-position-middle elementor-arrows-position-inside elementor-pagination-position-inside elementor-widget elementor-widget-slides\" data-id=\"48d038c\" data-element_type=\"widget\" data-e-type=\"widget\" data-settings=\"{&quot;navigation&quot;:&quot;both&quot;,&quot;autoplay&quot;:&quot;yes&quot;,&quot;pause_on_hover&quot;:&quot;yes&quot;,&quot;pause_on_interaction&quot;:&quot;yes&quot;,&quot;autoplay_speed&quot;:5000,&quot;infinite&quot;:&quot;yes&quot;,&quot;transition&quot;:&quot;slide&quot;,&quot;transition_speed&quot;:500}\" data-widget_type=\"slides.default\">\n\t\t\t\t<div class=\"elementor-widget-container\">\n\t\t\t\t\t\t\t\t\t<div class=\"elementor-swiper\">\n\t\t\t\t\t<div class=\"elementor-slides-wrapper elementor-main-swiper swiper\" role=\"region\" aria-roledescription=\"carousel\" aria-label=\"Slides\" dir=\"ltr\" data-animation=\"fadeInUp\">\n\t\t\t\t<div class=\"swiper-wrapper elementor-slides\">\n\t\t\t\t\t\t\t\t\t\t<div class=\"elementor-repeater-item-4094fd2 swiper-slide\" role=\"group\" aria-roledescription=\"slide\"><div class=\"swiper-slide-bg elementor-ken-burns elementor-ken-burns--in\" role=\"img\" aria-label=\"Fondo del mar\"><\/div><div class=\"elementor-background-overlay\"><\/div><div class=\"swiper-slide-inner\" ><div class=\"swiper-slide-contents\"><h1 class=\"elementor-slide-heading\">Aviso Legal<\/h1><\/div><\/div><\/div>\t\t\t\t<\/div>\n\t\t\t\t\t\t\t<\/div>\n\t\t\t\t<\/div>\n\t\t\t\t\t\t\t\t<\/div>\n\t\t\t\t<\/div>\n\t\t\t\t<\/div>\n\t\t\t\t<\/div>\n\t\t\t\t\t<\/div>\n\t\t\t\t<\/div>\n\t\t<div class=\"wd-negative-gap elementor-element elementor-element-d7626b4 e-flex e-con-boxed e-con e-parent\" data-id=\"d7626b4\" data-element_type=\"container\" data-e-type=\"container\">\n\t\t\t\t\t<div class=\"e-con-inner\">\n\t\t\t\t<div class=\"elementor-element elementor-element-5e12ac3 color-scheme-inherit text-left elementor-widget elementor-widget-text-editor\" data-id=\"5e12ac3\" data-element_type=\"widget\" data-e-type=\"widget\" data-widget_type=\"text-editor.default\">\n\t\t\t\t<div class=\"elementor-widget-container\">\n\t\t\t\t\t\t\t\t\t<h3>Aviso Legal Web<\/h3><p><strong><br \/>1. DATOS IDENTIFICATIVOS<\/strong><\/p><p>En cumplimiento del Reglamento General de Protecci\u00f3n de Datos (UE) 2016\/679 del Parlamento Europeo y del Consejo de 27 de abril de 2016, y de la Ley Org\u00e1nica 3\/2018 de 5 de diciembre de Protecci\u00f3n de Datos Personales y de Garant\u00eda de los Derechos Digitales, se reflejan los siguientes datos:<\/p><p>La empresa titular del presente dominio web <a href=\"http:\/\/www.puravidalanzarotediving.com\" target=\"_new\" rel=\"noopener\">www.puravidalanzarotediving.com<\/a> es <strong>PURA VIDA DIVING ISLAS CANARIA SL<\/strong>, n\u00famero de CIF: B76249564, con domicilio a estos efectos en Avda Islas Canarias 1 CC Punta Limones, 33 Playa Blanca (Lanzarote).<\/p><p>Correo electr\u00f3nico de Protecci\u00f3n de Datos: <a rel=\"noopener\">admin@puravidalanzarotediving.com<\/a>.<\/p><p><strong><br \/>2. USUARIOS<\/strong><\/p><p>El acceso y\/o uso de este portal o sitio web le atribuye la condici\u00f3n de USUARIO, que acepta, desde dicho acceso y\/o uso, las Condiciones Generales de Uso reflejadas en el presente aviso.<\/p><p>Las Condiciones ser\u00e1n de aplicaci\u00f3n independientemente de las Condiciones Generales de Contrataci\u00f3n que, en su caso, resulten de obligado cumplimiento. En todo caso, para cualquier fin espec\u00edfico se pedir\u00e1 su consentimiento expreso.<\/p><p><strong><br \/>3. USO DEL PORTAL<\/strong><\/p><p>Nuestra web proporciona el acceso a informaciones, servicios, programas o datos (en adelante denominados como \u201clos contenidos\u201d) en Internet pertenecientes a <strong>PURA VIDA DIVING ISLAS CANARIA SL<\/strong> o a sus licenciantes, a los que el USUARIO pueda tener acceso.<\/p><p>El USUARIO asume la responsabilidad del correcto uso del portal, que se extiende al registro necesario para acceder a determinados servicios o contenidos. En dicho registro, el USUARIO ser\u00e1 responsable de aportar informaci\u00f3n veraz y l\u00edcita. Como consecuencia de este registro, al USUARIO se le puede proporcionar una contrase\u00f1a de la que ser\u00e1 responsable, comprometi\u00e9ndose a hacer un uso diligente, \u00e9tico y confidencial de la misma.<\/p><p>El USUARIO se compromete a hacer un uso adecuado de los contenidos y servicios (como por ejemplo servicios de chat, foros de discusi\u00f3n o grupos de noticias) ofrecidos a trav\u00e9s del portal, y a no emplearlos para:<\/p><ul><li>Incurrir en actividades il\u00edcitas, ilegales o contrarias a la buena fe y al orden p\u00fablico.<\/li><li>Difundir contenidos o propaganda de car\u00e1cter racista, xen\u00f3fobo, pornogr\u00e1fico-ilegal, de apolog\u00eda del terrorismo o atentatorio contra los derechos humanos.<\/li><li>Provocar da\u00f1os en los sistemas f\u00edsicos y l\u00f3gicos del propietario, de sus proveedores o de terceras personas, introducir o difundir en la red virus inform\u00e1ticos o cualquier otro sistema f\u00edsico o l\u00f3gico que sea susceptible de provocar da\u00f1os.<\/li><li>Intentar acceder, y en su caso, utilizar las cuentas de correo electr\u00f3nico de otros usuarios y modificar o manipular sus mensajes.<\/li><\/ul><p>El propietario del portal se reserva el derecho de retirar todos aquellos comentarios y aportaciones que vulneren el respeto a la dignidad de la persona, que sean discriminatorios, xen\u00f3fobos, racistas, pornogr\u00e1ficos, que atenten contra la juventud o la infancia, el orden o la seguridad p\u00fablica o que, a su juicio, no resulten adecuados o convenientes para su publicaci\u00f3n. En cualquier caso, el propietario del portal no ser\u00e1 responsable de las opiniones vertidas por los usuarios a trav\u00e9s de los foros, chats u otras herramientas de participaci\u00f3n.<\/p><p><strong><br \/>4. PROTECCI\u00d3N DE DATOS<\/strong><\/p><p>El uso de los datos personales est\u00e1 definido en base al Reglamento General de Protecci\u00f3n de Datos y la normativa espa\u00f1ola vigente. Con el fin de conseguir la m\u00e1xima transparencia y en base a nuestra pol\u00edtica proactiva, le informamos:<\/p><ul><li><p><strong>\u00bfPor qu\u00e9 solicitamos sus datos?<\/strong><br \/><strong>PURA VIDA DIVING ISLAS CANARIA SL<\/strong> informa al cliente que el tratamiento de los datos se realiza con las siguientes finalidades:<\/p><ul><li>Llevar a cabo todas las gestiones relacionadas con la elaboraci\u00f3n de presupuestos, contrataci\u00f3n y prestaci\u00f3n de servicios de <strong>PURA VIDA DIVING ISLAS CANARIA SL<\/strong> a la empresa a la que pertenece o, en su caso, al interesado que lo solicite.<\/li><li>Atender y contestar las comunicaciones recibidas, as\u00ed como las de prospecci\u00f3n comercial para mantener informado a los usuarios de eventuales promociones.<\/li><\/ul><\/li><li><p><strong>\u00bfQu\u00e9 tipo de datos recabamos?<\/strong><br \/>Datos personales correspondientes a su propia identidad y que sean adecuados, pertinentes, actuales, exactos y verdaderos. El usuario ser\u00e1 el \u00fanico responsable frente a cualquier da\u00f1o, directo y\/o indirecto, que cause a terceros o a <strong>PURA VIDA DIVING ISLAS CANARIA SL<\/strong>, por el uso de datos personales de otra persona o por usar datos personales falsos, err\u00f3neos, no actuales, inadecuados o impertinentes.<\/p><\/li><li><p><strong>\u00bfC\u00f3mo se recogen?<\/strong><br \/>Uso de formularios para la recogida de datos personales. En los formularios de contacto existentes en la web, donde se recogen datos de car\u00e1cter personal, el usuario deber\u00e1 consentir de manera expresa y previa al env\u00edo de los mismos, la aceptaci\u00f3n y conocimiento de la pol\u00edtica de privacidad mediante la cumplimentaci\u00f3n del check \u00abhe le\u00eddo y acepto la pol\u00edtica de privacidad\u00bb, cuyo contenido podr\u00e1 consultar mediante el enlace adjunto en el presente aviso legal. Si el campo check no es marcado por el usuario, no se realizar\u00e1 el env\u00edo de los datos contenidos en dichos formularios.<\/p><\/li><li><p><strong>Uso compartido con terceros:<\/strong><br \/>Los datos no se ceder\u00e1n a terceros salvo en los casos en que exista una obligaci\u00f3n legal. No est\u00e1n previstas transferencias de datos a terceros pa\u00edses.<\/p><\/li><li><p><strong>Derechos:<\/strong><br \/>Tiene derecho a acceder a sus datos, rectificarlos, suprimirlos, limitarlos y oponerse a su tratamiento en cualquier momento. Tambi\u00e9n puede retirar el consentimiento prestado y reclamar ante la autoridad de control (Agencia Espa\u00f1ola de Protecci\u00f3n de Datos, c\/ Jorge Juan n\u00ba6, 28001 Madrid). Para el ejercicio de sus derechos dispone de un canal directo con nuestra empresa en el email de Protecci\u00f3n de Datos <a rel=\"noopener\">admin@puravidalanzarotediving.com<\/a> o en la direcci\u00f3n postal Avda Islas Canarias 1 CC Punta Limones, 33 Playa Blanca (Las Palmas), indicando en el asunto \u201cprotecci\u00f3n de datos\u201d.<\/p><\/li><\/ul><p>Asimismo, <strong>PURA VIDA DIVING ISLAS CANARIA SL<\/strong> informa que da cumplimiento a la Ley 34\/2002 de 11 de julio, de Servicios de la Sociedad de la Informaci\u00f3n y del Comercio Electr\u00f3nico, y solicitar\u00e1 su consentimiento al tratamiento de su correo electr\u00f3nico con fines comerciales en cada momento.<\/p><p><strong><br \/>5. PROPIEDAD INTELECTUAL E INDUSTRIAL<\/strong><\/p><p>El propietario, por s\u00ed o como cesionario, es titular de todos los derechos de propiedad intelectual e industrial de su p\u00e1gina web, as\u00ed como de los elementos contenidos en la misma (a t\u00edtulo enunciativo, im\u00e1genes, sonido, audio, v\u00eddeo, software o textos; marcas o logotipos, combinaciones de colores, estructura y dise\u00f1o, selecci\u00f3n de materiales usados, programas de ordenador necesarios para su funcionamiento, acceso y uso, etc.).<\/p><p>Todos los derechos reservados. En virtud de lo dispuesto en los art\u00edculos 8 y 32.1, p\u00e1rrafo segundo, de la Ley de Propiedad Intelectual, quedan expresamente prohibidas la reproducci\u00f3n, distribuci\u00f3n y comunicaci\u00f3n p\u00fablica, incluida su modalidad de puesta a disposici\u00f3n, de la totalidad o parte de los contenidos de esta p\u00e1gina web con fines comerciales, en cualquier soporte y por cualquier medio t\u00e9cnico, sin la autorizaci\u00f3n de <strong>PURA VIDA DIVING ISLAS CANARIA SL<\/strong>.<\/p><p>El USUARIO se compromete a respetar los derechos de Propiedad Intelectual e Industrial titularidad de <strong>PURA VIDA DIVING ISLAS CANARIA SL<\/strong>. Podr\u00e1 visualizar los elementos del portal e incluso imprimirlos, copiarlos y almacenarlos en el disco duro de su ordenador o en cualquier otro soporte f\u00edsico, siempre y cuando sea \u00fanica y exclusivamente para su uso personal y privado.<\/p><p>El USUARIO deber\u00e1 abstenerse de suprimir, alterar, eludir o manipular cualquier dispositivo de protecci\u00f3n o sistema de seguridad que estuviera instalado en las p\u00e1ginas de <strong>PURA VIDA DIVING ISLAS CANARIA SL<\/strong>.<\/p><p><strong><br \/>6. EXCLUSI\u00d3N DE GARANT\u00cdAS Y RESPONSABILIDAD<\/strong><\/p><p><strong>PURA VIDA DIVING ISLAS CANARIA SL<\/strong> no se hace responsable, en ning\u00fan caso, de los da\u00f1os y perjuicios de cualquier naturaleza que pudieran ocasionar, a t\u00edtulo enunciativo: errores u omisiones en los contenidos, falta de disponibilidad del portal, o la transmisi\u00f3n de virus o programas maliciosos o lesivos en los contenidos, a pesar de haber adoptado todas las medidas tecnol\u00f3gicas necesarias para evitarlo.<\/p><p><strong><br \/>7. MODIFICACIONES<\/strong><\/p><p><strong>PURA VIDA DIVING ISLAS CANARIA SL<\/strong> se reserva el derecho de efectuar sin previo aviso las modificaciones que considere oportunas en su portal, pudiendo cambiar, suprimir o a\u00f1adir tanto los contenidos y servicios que se presten a trav\u00e9s del mismo, como la forma en la que \u00e9stos aparezcan presentados o localizados en el portal.<\/p><p><strong><br \/>8. ENLACES<\/strong><\/p><p>En el caso de que en <strong>PURA VIDA DIVING ISLAS CANARIA SL<\/strong> se dispusiesen enlaces o hiperv\u00ednculos hacia otros sitios de Internet, no ejercer\u00e1 ning\u00fan tipo de control sobre dichos sitios y contenidos. En ning\u00fan caso, <strong>PURA VIDA DIVING ISLAS CANARIA SL<\/strong> asumir\u00e1 responsabilidad alguna por los contenidos de alg\u00fan enlace perteneciente a un sitio web ajeno, ni garantizar\u00e1 la disponibilidad t\u00e9cnica, calidad, fiabilidad, exactitud, amplitud, veracidad, validez y constitucionalidad de cualquier material o informaci\u00f3n contenida en dichos hiperv\u00ednculos u otros sitios de Internet. En caso de usar los enlaces, rogamos que acceda a la pol\u00edtica de privacidad y al aviso legal del sitio visitado.<\/p><p>Igualmente, la inclusi\u00f3n de estas conexiones externas no implicar\u00e1 ning\u00fan tipo de asociaci\u00f3n, fusi\u00f3n o participaci\u00f3n con las entidades conectadas.<\/p><p><strong><br \/>9. DERECHO DE EXCLUSI\u00d3N<\/strong><\/p><p><strong>PURA VIDA DIVING ISLAS CANARIA SL<\/strong> se reserva el derecho a denegar o retirar el acceso a portal y\/o los servicios ofrecidos sin necesidad de preaviso, a instancia propia o de un tercero, a aquellos usuarios que incumplan las presentes Condiciones Generales de Uso.<\/p><p><strong><br \/>10. GENERALIDADES<\/strong><\/p><p><strong>PURA VIDA DIVING ISLAS CANARIA SL<\/strong> perseguir\u00e1 el incumplimiento de las presentes condiciones, as\u00ed como cualquier utilizaci\u00f3n indebida de su portal, ejerciendo todas las acciones civiles y penales que le puedan corresponder en derecho.<\/p><p><strong><br \/>11. MODIFICACI\u00d3N DE LAS PRESENTES CONDICIONES Y DURACI\u00d3N<\/strong><\/p><p><strong>PURA VIDA DIVING ISLAS CANARIA SL<\/strong> podr\u00e1 modificar en cualquier momento las condiciones aqu\u00ed determinadas, siendo debidamente publicadas como aqu\u00ed aparecen.<\/p><p>La vigencia de las citadas condiciones ir\u00e1 en funci\u00f3n de su exposici\u00f3n y estar\u00e1n vigentes hasta que sean modificadas por otras debidamente publicadas.<\/p><p><strong><br \/>12. LEGISLACI\u00d3N APLICABLE Y JURISDICCI\u00d3N<\/strong><\/p><p>La relaci\u00f3n entre <strong>PURA VIDA DIVING ISLAS CANARIA SL<\/strong> y el USUARIO se regir\u00e1 por la normativa espa\u00f1ola vigente y cualquier controversia se someter\u00e1 a los Juzgados y tribunales espa\u00f1oles.<\/p>\t\t\t\t\t\t\t\t<\/div>\n\t\t\t\t<\/div>\n\t\t\t\t\t<\/div>\n\t\t\t\t<\/div>\n\t\t\t\t<\/div>\n\t\t","protected":false},"excerpt":{"rendered":"<p>Aviso Legal Aviso Legal Web 1. DATOS IDENTIFICATIVOS En cumplimiento del Reglamento General de Protecci\u00f3n de Datos (UE) 2016\/679 del<\/p>\n","protected":false},"author":1,"featured_media":0,"parent":0,"menu_order":0,"comment_status":"closed","ping_status":"closed","template":"","meta":{"_joinchat":[],"footnotes":""},"class_list":["post-4849","page","type-page","status-publish","hentry"],"_links":{"self":[{"href":"https:\/\/puravidalanzarotediving.com\/en\/wp-json\/wp\/v2\/pages\/4849","targetHints":{"allow":["GET"]}}],"collection":[{"href":"https:\/\/puravidalanzarotediving.com\/en\/wp-json\/wp\/v2\/pages"}],"about":[{"href":"https:\/\/puravidalanzarotediving.com\/en\/wp-json\/wp\/v2\/types\/page"}],"author":[{"embeddable":true,"href":"https:\/\/puravidalanzarotediving.com\/en\/wp-json\/wp\/v2\/users\/1"}],"replies":[{"embeddable":true,"href":"https:\/\/puravidalanzarotediving.com\/en\/wp-json\/wp\/v2\/comments?post=4849"}],"version-history":[{"count":0,"href":"https:\/\/puravidalanzarotediving.com\/en\/wp-json\/wp\/v2\/pages\/4849\/revisions"}],"wp:attachment":[{"href":"https:\/\/puravidalanzarotediving.com\/en\/wp-json\/wp\/v2\/media?parent=4849"}],"curies":[{"name":"wp","href":"https:\/\/api.w.org\/{rel}","templated":true}]}}