{"id":6210,"date":"2024-08-07T14:06:41","date_gmt":"2024-08-07T12:06:41","guid":{"rendered":"https:\/\/divinginadream.com\/plongees\/el-muellito-et-la-plage\/"},"modified":"2025-08-29T20:25:35","modified_gmt":"2025-08-29T18:25:35","slug":"el-muellito-et-la-plage","status":"publish","type":"page","link":"https:\/\/puravidalanzarotediving.com\/fr\/plongees\/el-muellito-et-la-plage\/","title":{"rendered":"El Muellito et la plage"},"content":{"rendered":"\t\t<div data-elementor-type=\"wp-page\" data-elementor-id=\"6210\" class=\"elementor elementor-6210 elementor-789\" data-elementor-post-type=\"page\">\n\t\t\t\t<div class=\"elementor-element elementor-element-89085c4 e-con-full wd-section-stretch-content e-flex e-con e-parent\" data-id=\"89085c4\" data-element_type=\"container\" data-e-type=\"container\">\n\t\t\t\t<div class=\"elementor-element elementor-element-514135a elementor--h-position-center elementor--v-position-middle elementor-arrows-position-inside elementor-pagination-position-inside elementor-widget elementor-widget-slides\" data-id=\"514135a\" data-element_type=\"widget\" data-e-type=\"widget\" data-settings=\"{&quot;navigation&quot;:&quot;both&quot;,&quot;autoplay&quot;:&quot;yes&quot;,&quot;pause_on_hover&quot;:&quot;yes&quot;,&quot;pause_on_interaction&quot;:&quot;yes&quot;,&quot;autoplay_speed&quot;:5000,&quot;infinite&quot;:&quot;yes&quot;,&quot;transition&quot;:&quot;slide&quot;,&quot;transition_speed&quot;:500}\" data-widget_type=\"slides.default\">\n\t\t\t\t<div class=\"elementor-widget-container\">\n\t\t\t\t\t\t\t\t\t<div class=\"elementor-swiper\">\n\t\t\t\t\t<div class=\"elementor-slides-wrapper elementor-main-swiper swiper\" role=\"region\" aria-roledescription=\"carousel\" aria-label=\"Diapositives\" dir=\"ltr\" data-animation=\"fadeInUp\">\n\t\t\t\t<div class=\"swiper-wrapper elementor-slides\">\n\t\t\t\t\t\t\t\t\t\t<div class=\"elementor-repeater-item-4094fd2 swiper-slide\" role=\"group\" aria-roledescription=\"slide\"><div class=\"swiper-slide-bg elementor-ken-burns elementor-ken-burns--in\" role=\"img\" aria-label=\"Buceo en el Muellito y La Playa\"><\/div><div class=\"elementor-background-overlay\"><\/div><div class=\"swiper-slide-inner\" ><div class=\"swiper-slide-contents\"><h1 class=\"elementor-slide-heading\">El Muellito et la plage<\/h1><p class=\"elementor-slide-description\"><p>Le secret de la plong\u00e9e locale<\/p>\n<\/p><\/div><\/div><\/div>\t\t\t\t<\/div>\n\t\t\t\t\t\t\t<\/div>\n\t\t\t\t<\/div>\n\t\t\t\t\t\t\t\t<\/div>\n\t\t\t\t<\/div>\n\t\t\t\t<\/div>\n\t\t<div class=\"wd-negative-gap elementor-element elementor-element-80892e6 e-flex e-con-boxed e-con e-parent\" data-id=\"80892e6\" data-element_type=\"container\" data-e-type=\"container\">\n\t\t\t\t\t<div class=\"e-con-inner\">\n\t\t\t\t<div class=\"elementor-element elementor-element-4d712eb color-scheme-inherit text-left elementor-widget elementor-widget-text-editor\" data-id=\"4d712eb\" data-element_type=\"widget\" data-e-type=\"widget\" data-widget_type=\"text-editor.default\">\n\t\t\t\t<div class=\"elementor-widget-container\">\n\t\t\t\t\t\t\t\t\t<div class=\"wpb_text_column wpb_content_element \">\n<div class=\"wpb_wrapper\">\n<div class=\"wpb_text_column wpb_content_element \">\n<div class=\"wpb_wrapper\">\n<div class=\"wpb_text_column wpb_content_element \">\n<div class=\"wpb_wrapper\">\n<p>Les environs d&rsquo;El Muellito et les deux brise-lames de Playa Chica forment un lieu magique \u00e0 appr\u00e9cier immerg\u00e9 de jour comme de nuit. C&rsquo;est l&rsquo;endroit id\u00e9al pour observer l&rsquo;\u00e9volution de la faune apr\u00e8s le coucher du soleil. <\/p>\n<p>Cette <strong>plong\u00e9e peu profonde est id\u00e9ale pour le snorkeling, les bapt\u00eames ou les premi\u00e8res initiation<\/strong> ; M\u00eame les personnes exp\u00e9riment\u00e9es en profitent apr\u00e8s des <strong>incursions le long des tombants les plus profonds.<\/strong><\/p>\n<div class=\"wpb_text_column wpb_content_element \">\n<div class=\"wpb_wrapper\">\n<p>Depuis le bord ou en bateau, cet <strong>espace permet de r\u00e9aliser plus de 10 parcours<\/strong> diff\u00e9rents de tous niveaux. Pour ceux qui souhaitent se promener avec masque et tuba, r\u00e9aliser un bapt\u00eame (essayer la plong\u00e9e) ou m\u00eame une plong\u00e9e de nuit, <strong>cet endroit est id\u00e9al en raison de la vie abondante qui se concentre \u00e0 Playa Chica et pr\u00e8s du rivage d&rsquo;El Muellito<\/strong>. <\/p>\n<p>Avec la<strong> lumi\u00e8re du soleil, les bancs de rougets, saupes, sars, marbr\u00e9s, les girelles-paon, et le demoiselles parviennent presque \u00e0 nous hypnotiser<\/strong>. Un regard attentif sur les rochers nous permettra de d\u00e9couvrir des nudibranches color\u00e9s comme l&rsquo;esp\u00e8ce Hypselodoris picta ou le crabe arlequin. <\/p>\n<p>La nuit, le sable h\u00e9berge une faune qui n&rsquo;a rien \u00e0 voir avec ce qui apparait pendant la journ\u00e9e. La zone sablonneuse nocturne devient un<strong> v\u00e9ritable jardin, plein d&rsquo;an\u00e9mones avec toutes sortes d&rsquo;animaux comme des alphonsitos, des poulpes ou des curiosit\u00e9s comme les fabianas, les congres des Bal\u00e9ares et les \u00e9toiles \u00e0 peigne<\/strong>.<br \/>Lorsque le soleil se couche, la plupart des poissons dorment donc c&rsquo;est le tour des invert\u00e9br\u00e9s. Les crevettes narval qui surgissent des profondeurs pour se nourrir, les crevettes \u00e0 pois ou encore le crabe arlequin attirent l&rsquo;attention.   <\/p>\n<\/div>\n<\/div>\n<\/div>\n<\/div>\n<\/div>\n<\/div>\n<\/div>\n<\/div>\n\t\t\t\t\t\t\t\t<\/div>\n\t\t\t\t<\/div>\n\t\t\t\t\t<\/div>\n\t\t\t\t<\/div>\n\t\t\t\t<section class=\"wd-negative-gap elementor-section elementor-top-section elementor-element elementor-element-2364e353 elementor-section-full_width elementor-section-height-default elementor-section-height-default\" data-id=\"2364e353\" data-element_type=\"section\" data-e-type=\"section\" id=\"xs_team_9\">\n\t\t\t\t\t\t<div class=\"elementor-container elementor-column-gap-default\">\n\t\t\t\t\t<div class=\"elementor-column elementor-col-100 elementor-top-column elementor-element elementor-element-425a7d9a\" data-id=\"425a7d9a\" data-element_type=\"column\" data-e-type=\"column\">\n\t\t\t<div class=\"elementor-widget-wrap elementor-element-populated\">\n\t\t\t\t\t\t<div class=\"elementor-element elementor-element-a75f765 elementor-widget elementor-widget-image\" data-id=\"a75f765\" data-element_type=\"widget\" data-e-type=\"widget\" data-widget_type=\"image.default\">\n\t\t\t\t<div class=\"elementor-widget-container\">\n\t\t\t\t\t\t\t\t\t\t\t\t\t\t\t<img decoding=\"async\" width=\"1110\" height=\"654\" src=\"https:\/\/puravidalanzarotediving.com\/wp-content\/uploads\/2024\/08\/Mapa-El-Muellito-y-la-Playa.jpg\" class=\"attachment-full size-full wp-image-3278\" alt=\"\" srcset=\"https:\/\/puravidalanzarotediving.com\/wp-content\/uploads\/2024\/08\/Mapa-El-Muellito-y-la-Playa.jpg 1110w, https:\/\/puravidalanzarotediving.com\/wp-content\/uploads\/2024\/08\/Mapa-El-Muellito-y-la-Playa-300x177.jpg 300w, https:\/\/puravidalanzarotediving.com\/wp-content\/uploads\/2024\/08\/Mapa-El-Muellito-y-la-Playa-1024x603.jpg 1024w, https:\/\/puravidalanzarotediving.com\/wp-content\/uploads\/2024\/08\/Mapa-El-Muellito-y-la-Playa-768x452.jpg 768w\" sizes=\"(max-width: 1110px) 100vw, 1110px\" \/>\t\t\t\t\t\t\t\t\t\t\t\t\t\t\t<\/div>\n\t\t\t\t<\/div>\n\t\t\t\t\t<\/div>\n\t\t<\/div>\n\t\t\t\t\t<\/div>\n\t\t<\/section>\n\t\t\t\t<\/div>\n\t\t","protected":false},"excerpt":{"rendered":"<p>Le secret de la plong\u00e9e locale Les environs d&rsquo;El Muellito et les deux brise-lames de Playa Chica forment un lieu<\/p>\n","protected":false},"author":1,"featured_media":0,"parent":6195,"menu_order":0,"comment_status":"closed","ping_status":"closed","template":"","meta":{"_joinchat":[],"footnotes":""},"class_list":["post-6210","page","type-page","status-publish","hentry"],"_links":{"self":[{"href":"https:\/\/puravidalanzarotediving.com\/fr\/wp-json\/wp\/v2\/pages\/6210","targetHints":{"allow":["GET"]}}],"collection":[{"href":"https:\/\/puravidalanzarotediving.com\/fr\/wp-json\/wp\/v2\/pages"}],"about":[{"href":"https:\/\/puravidalanzarotediving.com\/fr\/wp-json\/wp\/v2\/types\/page"}],"author":[{"embeddable":true,"href":"https:\/\/puravidalanzarotediving.com\/fr\/wp-json\/wp\/v2\/users\/1"}],"replies":[{"embeddable":true,"href":"https:\/\/puravidalanzarotediving.com\/fr\/wp-json\/wp\/v2\/comments?post=6210"}],"version-history":[{"count":0,"href":"https:\/\/puravidalanzarotediving.com\/fr\/wp-json\/wp\/v2\/pages\/6210\/revisions"}],"up":[{"embeddable":true,"href":"https:\/\/puravidalanzarotediving.com\/fr\/wp-json\/wp\/v2\/pages\/6195"}],"wp:attachment":[{"href":"https:\/\/puravidalanzarotediving.com\/fr\/wp-json\/wp\/v2\/media?parent=6210"}],"curies":[{"name":"wp","href":"https:\/\/api.w.org\/{rel}","templated":true}]}}