{"id":6415,"date":"2024-08-07T13:06:22","date_gmt":"2024-08-07T11:06:22","guid":{"rendered":"https:\/\/divinginadream.com\/plongees\/plage-de-jabillo\/"},"modified":"2025-08-29T20:58:05","modified_gmt":"2025-08-29T18:58:05","slug":"plage-de-jabillo","status":"publish","type":"page","link":"https:\/\/puravidalanzarotediving.com\/fr\/plongees\/plage-de-jabillo\/","title":{"rendered":"Plage de Jabillo"},"content":{"rendered":"\t\t<div data-elementor-type=\"wp-page\" data-elementor-id=\"6415\" class=\"elementor elementor-6415 elementor-712\" data-elementor-post-type=\"page\">\n\t\t\t\t<div class=\"elementor-element elementor-element-89085c4 e-con-full wd-section-stretch-content e-flex e-con e-parent\" data-id=\"89085c4\" data-element_type=\"container\" data-e-type=\"container\">\n\t\t\t\t<div class=\"elementor-element elementor-element-514135a elementor--h-position-center elementor--v-position-middle elementor-arrows-position-inside elementor-pagination-position-inside elementor-widget elementor-widget-slides\" data-id=\"514135a\" data-element_type=\"widget\" data-e-type=\"widget\" data-settings=\"{&quot;navigation&quot;:&quot;both&quot;,&quot;autoplay&quot;:&quot;yes&quot;,&quot;pause_on_hover&quot;:&quot;yes&quot;,&quot;pause_on_interaction&quot;:&quot;yes&quot;,&quot;autoplay_speed&quot;:5000,&quot;infinite&quot;:&quot;yes&quot;,&quot;transition&quot;:&quot;slide&quot;,&quot;transition_speed&quot;:500}\" data-widget_type=\"slides.default\">\n\t\t\t\t<div class=\"elementor-widget-container\">\n\t\t\t\t\t\t\t\t\t<div class=\"elementor-swiper\">\n\t\t\t\t\t<div class=\"elementor-slides-wrapper elementor-main-swiper swiper\" role=\"region\" aria-roledescription=\"carousel\" aria-label=\"Diapositivas\" dir=\"ltr\" data-animation=\"fadeInUp\">\n\t\t\t\t<div class=\"swiper-wrapper elementor-slides\">\n\t\t\t\t\t\t\t\t\t\t<div class=\"elementor-repeater-item-4094fd2 swiper-slide\" role=\"group\" aria-roledescription=\"slide\"><div class=\"swiper-slide-bg elementor-ken-burns elementor-ken-burns--in\" role=\"img\" aria-label=\"playa-del-javillo\"><\/div><div class=\"elementor-background-overlay\"><\/div><div class=\"swiper-slide-inner\" ><div class=\"swiper-slide-contents\"><h1 class=\"elementor-slide-heading\">Plage de Jabillo<\/h1><p class=\"elementor-slide-description\"><p>Une plong\u00e9e id\u00e9ale pour la plong\u00e9e en famille<\/p>\n<\/p><\/div><\/div><\/div>\t\t\t\t<\/div>\n\t\t\t\t\t\t\t<\/div>\n\t\t\t\t<\/div>\n\t\t\t\t\t\t\t\t<\/div>\n\t\t\t\t<\/div>\n\t\t\t\t<\/div>\n\t\t<div class=\"wd-negative-gap elementor-element elementor-element-80892e6 e-flex e-con-boxed e-con e-parent\" data-id=\"80892e6\" data-element_type=\"container\" data-e-type=\"container\">\n\t\t\t\t\t<div class=\"e-con-inner\">\n\t\t\t\t<div class=\"elementor-element elementor-element-4d712eb color-scheme-inherit text-left elementor-widget elementor-widget-text-editor\" data-id=\"4d712eb\" data-element_type=\"widget\" data-e-type=\"widget\" data-widget_type=\"text-editor.default\">\n\t\t\t\t<div class=\"elementor-widget-container\">\n\t\t\t\t\t\t\t\t\t<div class=\"wpb_text_column wpb_content_element \">\n<div class=\"wpb_wrapper\">Playa del Jablillo est une baie artificielle abrit\u00e9e qui offre des eaux s\u00fbres et calmes, id\u00e9ales pour d\u00e9buter avec masque et tuba et pour y faire de la plong\u00e9e sous-marine en scaphandre.<\/p>\n<div class=\"wpb_text_column wpb_content_element \">\n<div class=\"wpb_wrapper\">\n<p>La <strong>vie marine est vari\u00e9e et abondante<\/strong> puisque dans cette forteresse y trouvent refuge des groupes de<strong> saupes, sars, les typiques demoiselles, les girelles-paons exotiques et color\u00e9es<\/strong> mais aussi des <strong>araign\u00e9es de mer, des rombous et m\u00eame des raies pastenagues<\/strong>.<\/p>\n<p>L&rsquo;acc\u00e8s se fait depuis la plage elle-m\u00eame et vous pouvez emprunter un itin\u00e9raire circulaire puisque la forme de la baie vous y invite. La r\u00e9gion est parfaite pour profiter du<strong> plaisir de d\u00e9couvrir ses coins en plongeant<\/strong>, sans difficulte. Les eaux calmes permettent de rencontrer les animaux les plus caract\u00e9ristiques des \u00eeles Canaries, ce qui en fait un <strong>lieu id\u00e9al pour apprendre \u00e0 distinguer la vari\u00e9t\u00e9 de la faune sous-marine<\/strong> de <strong>Lanzarote<\/strong>. Les plus aventureux peuvent \u00e9galement essayer d\u2019explorer <strong>l\u2019ext\u00e9rieur du brise-lames<\/strong>.   <\/p>\n<p>La zone de plong\u00e9e \u00e9tant tr\u00e8s vaste, deux itin\u00e9raires sont propos\u00e9s, l&rsquo;un \u00e0 droite du point d&rsquo;entr\u00e9e et l&rsquo;autre \u00e0 gauche. Les deux itin\u00e9raires vous permettent de vous adapter \u00e0 diff\u00e9rents niveaux, en faisant varier la profondeur maximale de plong\u00e9e.<br \/><strong>Dans les grottes et les creux, il est int\u00e9ressant de rechercher des animaux comme les mur\u00e8nes, les poulpes, les an\u00e9mones g\u00e9antes, les bryotes et m\u00eame les crevettes narval.<\/strong>  <\/p>\n<p>Lorsque vous nagez au-dessus du sable, il est important d&rsquo;observer attentivement car <strong>les requins-anges, les raies torpilles et pastenagues<\/strong> y sont souvent pr\u00e9sents.<\/p>\n<\/div>\n<\/div>\n<\/div>\n<\/div>\n\t\t\t\t\t\t\t\t<\/div>\n\t\t\t\t<\/div>\n\t\t\t\t\t<\/div>\n\t\t\t\t<\/div>\n\t\t\t\t<section class=\"wd-negative-gap elementor-section elementor-top-section elementor-element elementor-element-2364e353 elementor-section-full_width elementor-section-height-default elementor-section-height-default\" data-id=\"2364e353\" data-element_type=\"section\" data-e-type=\"section\" id=\"xs_team_9\">\n\t\t\t\t\t\t<div class=\"elementor-container elementor-column-gap-default\">\n\t\t\t\t\t<div class=\"elementor-column elementor-col-100 elementor-top-column elementor-element elementor-element-425a7d9a\" data-id=\"425a7d9a\" data-element_type=\"column\" data-e-type=\"column\">\n\t\t\t<div class=\"elementor-widget-wrap elementor-element-populated\">\n\t\t\t\t\t\t<div class=\"elementor-element elementor-element-a75f765 elementor-widget elementor-widget-image\" data-id=\"a75f765\" data-element_type=\"widget\" data-e-type=\"widget\" data-widget_type=\"image.default\">\n\t\t\t\t<div class=\"elementor-widget-container\">\n\t\t\t\t\t\t\t\t\t\t\t\t\t\t\t<img decoding=\"async\" width=\"1110\" height=\"654\" src=\"https:\/\/puravidalanzarotediving.com\/wp-content\/uploads\/2024\/08\/Mapa-playa-del-Jablillo.jpg\" class=\"attachment-full size-full wp-image-3238\" alt=\"\" srcset=\"https:\/\/puravidalanzarotediving.com\/wp-content\/uploads\/2024\/08\/Mapa-playa-del-Jablillo.jpg 1110w, https:\/\/puravidalanzarotediving.com\/wp-content\/uploads\/2024\/08\/Mapa-playa-del-Jablillo-300x177.jpg 300w, https:\/\/puravidalanzarotediving.com\/wp-content\/uploads\/2024\/08\/Mapa-playa-del-Jablillo-1024x603.jpg 1024w, https:\/\/puravidalanzarotediving.com\/wp-content\/uploads\/2024\/08\/Mapa-playa-del-Jablillo-768x452.jpg 768w\" sizes=\"(max-width: 1110px) 100vw, 1110px\" \/>\t\t\t\t\t\t\t\t\t\t\t\t\t\t\t<\/div>\n\t\t\t\t<\/div>\n\t\t\t\t\t<\/div>\n\t\t<\/div>\n\t\t\t\t\t<\/div>\n\t\t<\/section>\n\t\t\t\t<\/div>\n\t\t","protected":false},"excerpt":{"rendered":"<p>Une plong\u00e9e id\u00e9ale pour la plong\u00e9e en famille Playa del Jablillo est une baie artificielle abrit\u00e9e qui offre des eaux<\/p>\n","protected":false},"author":1,"featured_media":0,"parent":6195,"menu_order":0,"comment_status":"closed","ping_status":"closed","template":"","meta":{"_joinchat":[],"footnotes":""},"class_list":["post-6415","page","type-page","status-publish","hentry"],"_links":{"self":[{"href":"https:\/\/puravidalanzarotediving.com\/fr\/wp-json\/wp\/v2\/pages\/6415","targetHints":{"allow":["GET"]}}],"collection":[{"href":"https:\/\/puravidalanzarotediving.com\/fr\/wp-json\/wp\/v2\/pages"}],"about":[{"href":"https:\/\/puravidalanzarotediving.com\/fr\/wp-json\/wp\/v2\/types\/page"}],"author":[{"embeddable":true,"href":"https:\/\/puravidalanzarotediving.com\/fr\/wp-json\/wp\/v2\/users\/1"}],"replies":[{"embeddable":true,"href":"https:\/\/puravidalanzarotediving.com\/fr\/wp-json\/wp\/v2\/comments?post=6415"}],"version-history":[{"count":0,"href":"https:\/\/puravidalanzarotediving.com\/fr\/wp-json\/wp\/v2\/pages\/6415\/revisions"}],"up":[{"embeddable":true,"href":"https:\/\/puravidalanzarotediving.com\/fr\/wp-json\/wp\/v2\/pages\/6195"}],"wp:attachment":[{"href":"https:\/\/puravidalanzarotediving.com\/fr\/wp-json\/wp\/v2\/media?parent=6415"}],"curies":[{"name":"wp","href":"https:\/\/api.w.org\/{rel}","templated":true}]}}