{"id":6417,"date":"2024-08-07T12:29:56","date_gmt":"2024-08-07T10:29:56","guid":{"rendered":"https:\/\/divinginadream.com\/plongees\/playa-flamingo\/"},"modified":"2025-08-29T21:00:36","modified_gmt":"2025-08-29T19:00:36","slug":"playa-flamingo","status":"publish","type":"page","link":"https:\/\/puravidalanzarotediving.com\/fr\/plongees\/playa-flamingo\/","title":{"rendered":"Playa Flamingo"},"content":{"rendered":"\t\t<div data-elementor-type=\"wp-page\" data-elementor-id=\"6417\" class=\"elementor elementor-6417 elementor-687\" data-elementor-post-type=\"page\">\n\t\t\t\t<div class=\"elementor-element elementor-element-89085c4 e-con-full wd-section-stretch-content e-flex e-con e-parent\" data-id=\"89085c4\" data-element_type=\"container\" data-e-type=\"container\">\n\t\t\t\t<div class=\"elementor-element elementor-element-514135a elementor--h-position-center elementor--v-position-middle elementor-arrows-position-inside elementor-pagination-position-inside elementor-widget elementor-widget-slides\" data-id=\"514135a\" data-element_type=\"widget\" data-e-type=\"widget\" data-settings=\"{&quot;navigation&quot;:&quot;both&quot;,&quot;autoplay&quot;:&quot;yes&quot;,&quot;pause_on_hover&quot;:&quot;yes&quot;,&quot;pause_on_interaction&quot;:&quot;yes&quot;,&quot;autoplay_speed&quot;:5000,&quot;infinite&quot;:&quot;yes&quot;,&quot;transition&quot;:&quot;slide&quot;,&quot;transition_speed&quot;:500}\" data-widget_type=\"slides.default\">\n\t\t\t\t<div class=\"elementor-widget-container\">\n\t\t\t\t\t\t\t\t\t<div class=\"elementor-swiper\">\n\t\t\t\t\t<div class=\"elementor-slides-wrapper elementor-main-swiper swiper\" role=\"region\" aria-roledescription=\"carousel\" aria-label=\"Diapositivas\" dir=\"ltr\" data-animation=\"fadeInUp\">\n\t\t\t\t<div class=\"swiper-wrapper elementor-slides\">\n\t\t\t\t\t\t\t\t\t\t<div class=\"elementor-repeater-item-4094fd2 swiper-slide\" role=\"group\" aria-roledescription=\"slide\"><div class=\"swiper-slide-bg elementor-ken-burns elementor-ken-burns--in\" role=\"img\" aria-label=\"Monta\u00f1a-Amarilla\"><\/div><div class=\"elementor-background-overlay\"><\/div><div class=\"swiper-slide-inner\" ><div class=\"swiper-slide-contents\"><h1 class=\"elementor-slide-heading\">Playa Flamingo<\/h1><p class=\"elementor-slide-description\"><p>La maison des grands bancs de poissons<\/p>\n<\/p><\/div><\/div><\/div>\t\t\t\t<\/div>\n\t\t\t\t\t\t\t<\/div>\n\t\t\t\t<\/div>\n\t\t\t\t\t\t\t\t<\/div>\n\t\t\t\t<\/div>\n\t\t\t\t<\/div>\n\t\t<div class=\"wd-negative-gap elementor-element elementor-element-80892e6 e-flex e-con-boxed e-con e-parent\" data-id=\"80892e6\" data-element_type=\"container\" data-e-type=\"container\">\n\t\t\t\t\t<div class=\"e-con-inner\">\n\t\t\t\t<div class=\"elementor-element elementor-element-4d712eb color-scheme-inherit text-left elementor-widget elementor-widget-text-editor\" data-id=\"4d712eb\" data-element_type=\"widget\" data-e-type=\"widget\" data-widget_type=\"text-editor.default\">\n\t\t\t\t<div class=\"elementor-widget-container\">\n\t\t\t\t\t\t\t\t\t<div class=\"wpb_text_column wpb_content_element \">\n<div class=\"wpb_wrapper\">\n<div class=\"wpb_text_column wpb_content_element \">\n<div class=\"wpb_wrapper\">\n<p>Les \u00e9normes tuyaux sous-marin, perdus dans l&rsquo;immensit\u00e9 de la plateforme, servent de source de vie et de refuge \u00e0 cette plong\u00e9e curieuse et fr\u00e9quent\u00e9e.<\/p>\n<p>C&rsquo;est, sans aucun doute, un endroit diff\u00e9rent qui donne de la vari\u00e9t\u00e9 au large \u00e9ventail d&rsquo;options que Lanzarote pr\u00e9sente.<\/p>\n<div class=\"wpb_text_column wpb_content_element \">\n<div class=\"wpb_wrapper\">\n<p>Le sable blanc sert de cachette aux <strong>raies torpilles, aux requins-anges et aux raies papillon,<\/strong> il ne faut donc pas oublier de chercher leur silhouette en arri\u00e8re-plan.<\/p>\n<p><strong>Accessible aussi bien depuis la c\u00f4te que depuis un bateau<\/strong>, elle est particuli\u00e8rement confortable et id\u00e9ale pour les bapt\u00eames de plong\u00e9e en mer et l&rsquo;initiation.<\/p>\n<p>Les personnes exp\u00e9riment\u00e9es ne manqueront pas d&rsquo;appr\u00e9cier l&rsquo;<strong>abondance de la faune et la luminosit\u00e9<\/strong> des lieux.<\/p>\n<p>Les deux brise-lames qui forment la baie servent de r\u00e9f\u00e9rence pour localiser <strong>les grands bancs de poissons<\/strong> qui se trouvent devant la sortie de la baie.<\/p>\n<p>Les murs de blocage peuvent \u00eatre explor\u00e9s \u00e0 la recherche de <strong>m\u00e9rous, beaux claire de roche, apogons<\/strong> et autres animaux plus timides qui aiment passer inaper\u00e7us.<\/p>\n<\/div>\n<\/div>\n<\/div>\n<\/div>\n<\/div>\n<\/div>\n\t\t\t\t\t\t\t\t<\/div>\n\t\t\t\t<\/div>\n\t\t\t\t\t<\/div>\n\t\t\t\t<\/div>\n\t\t\t\t<section class=\"wd-negative-gap elementor-section elementor-top-section elementor-element elementor-element-2364e353 elementor-section-full_width elementor-section-height-default elementor-section-height-default\" data-id=\"2364e353\" data-element_type=\"section\" data-e-type=\"section\" id=\"xs_team_9\">\n\t\t\t\t\t\t<div class=\"elementor-container elementor-column-gap-default\">\n\t\t\t\t\t<div class=\"elementor-column elementor-col-100 elementor-top-column elementor-element elementor-element-425a7d9a\" data-id=\"425a7d9a\" data-element_type=\"column\" data-e-type=\"column\">\n\t\t\t<div class=\"elementor-widget-wrap elementor-element-populated\">\n\t\t\t\t\t\t<div class=\"elementor-element elementor-element-a75f765 elementor-widget elementor-widget-image\" data-id=\"a75f765\" data-element_type=\"widget\" data-e-type=\"widget\" data-widget_type=\"image.default\">\n\t\t\t\t<div class=\"elementor-widget-container\">\n\t\t\t\t\t\t\t\t\t\t\t\t\t\t\t<img decoding=\"async\" width=\"1053\" height=\"654\" src=\"https:\/\/puravidalanzarotediving.com\/wp-content\/uploads\/2024\/08\/Mapa-Playa-Flamingo-Lanzarote.jpg\" class=\"attachment-full size-full wp-image-3188\" alt=\"\" srcset=\"https:\/\/puravidalanzarotediving.com\/wp-content\/uploads\/2024\/08\/Mapa-Playa-Flamingo-Lanzarote.jpg 1053w, https:\/\/puravidalanzarotediving.com\/wp-content\/uploads\/2024\/08\/Mapa-Playa-Flamingo-Lanzarote-300x186.jpg 300w, https:\/\/puravidalanzarotediving.com\/wp-content\/uploads\/2024\/08\/Mapa-Playa-Flamingo-Lanzarote-1024x636.jpg 1024w, https:\/\/puravidalanzarotediving.com\/wp-content\/uploads\/2024\/08\/Mapa-Playa-Flamingo-Lanzarote-768x477.jpg 768w\" sizes=\"(max-width: 1053px) 100vw, 1053px\" \/>\t\t\t\t\t\t\t\t\t\t\t\t\t\t\t<\/div>\n\t\t\t\t<\/div>\n\t\t\t\t\t<\/div>\n\t\t<\/div>\n\t\t\t\t\t<\/div>\n\t\t<\/section>\n\t\t\t\t<\/div>\n\t\t","protected":false},"excerpt":{"rendered":"<p>Playa Flamingo La maison des grands bancs de poissons Les \u00e9normes tuyaux sous-marin, perdus dans l&rsquo;immensit\u00e9 de la plateforme, servent<\/p>\n","protected":false},"author":1,"featured_media":0,"parent":6195,"menu_order":0,"comment_status":"closed","ping_status":"closed","template":"","meta":{"_joinchat":[],"footnotes":""},"class_list":["post-6417","page","type-page","status-publish","hentry"],"_links":{"self":[{"href":"https:\/\/puravidalanzarotediving.com\/fr\/wp-json\/wp\/v2\/pages\/6417","targetHints":{"allow":["GET"]}}],"collection":[{"href":"https:\/\/puravidalanzarotediving.com\/fr\/wp-json\/wp\/v2\/pages"}],"about":[{"href":"https:\/\/puravidalanzarotediving.com\/fr\/wp-json\/wp\/v2\/types\/page"}],"author":[{"embeddable":true,"href":"https:\/\/puravidalanzarotediving.com\/fr\/wp-json\/wp\/v2\/users\/1"}],"replies":[{"embeddable":true,"href":"https:\/\/puravidalanzarotediving.com\/fr\/wp-json\/wp\/v2\/comments?post=6417"}],"version-history":[{"count":0,"href":"https:\/\/puravidalanzarotediving.com\/fr\/wp-json\/wp\/v2\/pages\/6417\/revisions"}],"up":[{"embeddable":true,"href":"https:\/\/puravidalanzarotediving.com\/fr\/wp-json\/wp\/v2\/pages\/6195"}],"wp:attachment":[{"href":"https:\/\/puravidalanzarotediving.com\/fr\/wp-json\/wp\/v2\/media?parent=6417"}],"curies":[{"name":"wp","href":"https:\/\/api.w.org\/{rel}","templated":true}]}}