{"id":6748,"date":"2024-07-29T16:32:58","date_gmt":"2024-07-29T14:32:58","guid":{"rendered":"https:\/\/divinginadream.com\/voyages\/"},"modified":"2025-08-29T21:29:31","modified_gmt":"2025-08-29T19:29:31","slug":"voyages","status":"publish","type":"page","link":"https:\/\/puravidalanzarotediving.com\/fr\/voyages\/","title":{"rendered":"Voyages"},"content":{"rendered":"\t\t<div data-elementor-type=\"wp-page\" data-elementor-id=\"6748\" class=\"elementor elementor-6748 elementor-459\" data-elementor-post-type=\"page\">\n\t\t\t\t<div class=\"elementor-element elementor-element-fc17a4f e-con-full wd-section-stretch-content e-flex e-con e-parent\" data-id=\"fc17a4f\" data-element_type=\"container\" data-e-type=\"container\">\n\t\t\t\t<div class=\"elementor-element elementor-element-be0f29d elementor--h-position-center elementor--v-position-middle elementor-arrows-position-inside elementor-pagination-position-inside elementor-widget elementor-widget-slides\" data-id=\"be0f29d\" data-element_type=\"widget\" data-e-type=\"widget\" data-settings=\"{&quot;navigation&quot;:&quot;both&quot;,&quot;autoplay&quot;:&quot;yes&quot;,&quot;pause_on_hover&quot;:&quot;yes&quot;,&quot;pause_on_interaction&quot;:&quot;yes&quot;,&quot;autoplay_speed&quot;:5000,&quot;infinite&quot;:&quot;yes&quot;,&quot;transition&quot;:&quot;slide&quot;,&quot;transition_speed&quot;:500}\" data-widget_type=\"slides.default\">\n\t\t\t\t<div class=\"elementor-widget-container\">\n\t\t\t\t\t\t\t\t\t<div class=\"elementor-swiper\">\n\t\t\t\t\t<div class=\"elementor-slides-wrapper elementor-main-swiper swiper\" role=\"region\" aria-roledescription=\"carousel\" aria-label=\"Diapositivas\" dir=\"ltr\" data-animation=\"fadeInUp\">\n\t\t\t\t<div class=\"swiper-wrapper elementor-slides\">\n\t\t\t\t\t\t\t\t\t\t<div class=\"elementor-repeater-item-4094fd2 swiper-slide\" role=\"group\" aria-roledescription=\"slide\"><div class=\"swiper-slide-bg elementor-ken-burns elementor-ken-burns--in\" role=\"img\" aria-label=\"Viajes de Buceo con Pura Vida Lanzarote\"><\/div><div class=\"elementor-background-overlay\"><\/div><div class=\"swiper-slide-inner\" ><div class=\"swiper-slide-contents\"><div class=\"elementor-slide-heading\">Voyages de plongee<\/div><\/div><\/div><\/div>\t\t\t\t<\/div>\n\t\t\t\t\t\t\t<\/div>\n\t\t\t\t<\/div>\n\t\t\t\t\t\t\t\t<\/div>\n\t\t\t\t<\/div>\n\t\t\t\t<\/div>\n\t\t<div class=\"wd-negative-gap elementor-element elementor-element-da03e54 e-flex e-con-boxed e-con e-parent\" data-id=\"da03e54\" data-element_type=\"container\" data-e-type=\"container\">\n\t\t\t\t\t<div class=\"e-con-inner\">\n\t\t<div class=\"elementor-element elementor-element-5c88245 e-con-full e-flex e-con e-child\" data-id=\"5c88245\" data-element_type=\"container\" data-e-type=\"container\">\n\t\t\t\t<div class=\"elementor-element elementor-element-017ff03 elementor-widget elementor-widget-heading\" data-id=\"017ff03\" data-element_type=\"widget\" data-e-type=\"widget\" data-widget_type=\"heading.default\">\n\t\t\t\t<div class=\"elementor-widget-container\">\n\t\t\t\t\t<h2 class=\"elementor-heading-title elementor-size-default\">Pourquoi voyager avec Pura Vida ?<\/h2>\t\t\t\t<\/div>\n\t\t\t\t<\/div>\n\t\t\t\t<div class=\"elementor-element elementor-element-d169112 color-scheme-inherit text-left elementor-widget elementor-widget-text-editor\" data-id=\"d169112\" data-element_type=\"widget\" data-e-type=\"widget\" data-widget_type=\"text-editor.default\">\n\t\t\t\t<div class=\"elementor-widget-container\">\n\t\t\t\t\t\t\t\t\t<div class=\"wpb_text_column wpb_content_element \">\n<div class=\"wpb_wrapper\">\n<div id=\"div_block-1448-156\" class=\"ct-div-block\">\n<div id=\"div_block-1449-156\" class=\"ct-div-block atomic-content-24-checklist-wrapper\">\n<div>Avez-vous une tr\u00e8s longue liste de lieux de plong\u00e9e que vous aimeriez visiter ? Nous aussi ! Et nous serions ravis de nous y rendre avec vous ! Nous allons donc commencer \u00e0 parcourir le monde sous-marin et profiter des merveilles que nous pouvons trouver dans diff\u00e9rents pays \u2013 en commen\u00e7ant par les paysages sous-marins, mais aussi en apprenant \u00e0 conna\u00eetre la culture du lieu.   <\/div>\n<\/div>\n<\/div>\n<div id=\"div_block-1467-156\" class=\"ct-div-block\">\n<div id=\"div_block-1468-156\" class=\"ct-div-block atomic-content-24-checklist-wrapper\">\n<ul>\n<li class=\"ct-text-block atomic-content-24-text\"><b>Service 100% personnalis\u00e9<\/b>. Nous sommes de l&rsquo;autre c\u00f4t\u00e9 pour tout ce dont vous avez besoin. \u00c0 tout moment. N&rsquo;importe o\u00f9.   <\/li>\n<li>Nous proposons uniquement les meilleurs fournisseurs lors de nos voyages de plong\u00e9e. <b>La qualit\u00e9 avant tout.<\/b><\/li>\n<li>Nous promouvons la <b>plong\u00e9e responsable<\/b>pour prendre soin des oc\u00e9ans et de l&rsquo;environnement.<\/li>\n<li> <\/li>\n<\/ul>\n<\/div>\n<\/div>\n<\/div>\n<\/div>\n\t\t\t\t\t\t\t\t<\/div>\n\t\t\t\t<\/div>\n\t\t\t\t<div class=\"elementor-element elementor-element-765926d elementor-widget elementor-widget-wd_image_or_svg\" data-id=\"765926d\" data-element_type=\"widget\" data-e-type=\"widget\" data-widget_type=\"wd_image_or_svg.default\">\n\t\t\t\t<div class=\"elementor-widget-container\">\n\t\t\t\t\t\n\t\t<div class=\"wd-image text-left\">\n\t\t\t\t\t\t\t\t<img decoding=\"async\" width=\"1600\" height=\"1200\" src=\"https:\/\/puravidalanzarotediving.com\/wp-content\/uploads\/2024\/12\/058-Mer-Rouge-Autres-noc-23.jpg\" class=\"attachment-full size-full\" alt=\"Grupo de personas listas para bucear\" srcset=\"https:\/\/puravidalanzarotediving.com\/wp-content\/uploads\/2024\/12\/058-Mer-Rouge-Autres-noc-23.jpg 1600w, https:\/\/puravidalanzarotediving.com\/wp-content\/uploads\/2024\/12\/058-Mer-Rouge-Autres-noc-23-300x225.jpg 300w, https:\/\/puravidalanzarotediving.com\/wp-content\/uploads\/2024\/12\/058-Mer-Rouge-Autres-noc-23-1024x768.jpg 1024w, https:\/\/puravidalanzarotediving.com\/wp-content\/uploads\/2024\/12\/058-Mer-Rouge-Autres-noc-23-768x576.jpg 768w, https:\/\/puravidalanzarotediving.com\/wp-content\/uploads\/2024\/12\/058-Mer-Rouge-Autres-noc-23-1536x1152.jpg 1536w\" sizes=\"(max-width: 1600px) 100vw, 1600px\" \/>\t\t\t\t\t<\/div>\n\n\t\t\t\t\t\t<\/div>\n\t\t\t\t<\/div>\n\t\t\t\t<\/div>\n\t\t<div class=\"elementor-element elementor-element-29b54ea e-con-full e-flex e-con e-child\" data-id=\"29b54ea\" data-element_type=\"container\" data-e-type=\"container\" data-settings=\"{&quot;background_background&quot;:&quot;classic&quot;}\">\n\t\t\t\t<div class=\"elementor-element elementor-element-8314ce5 elementor-widget elementor-widget-heading\" data-id=\"8314ce5\" data-element_type=\"widget\" data-e-type=\"widget\" data-widget_type=\"heading.default\">\n\t\t\t\t<div class=\"elementor-widget-container\">\n\t\t\t\t\t<h2 class=\"elementor-heading-title elementor-size-default\">Prochaines destinations ?<\/h2>\t\t\t\t<\/div>\n\t\t\t\t<\/div>\n\t\t\t\t<div class=\"elementor-element elementor-element-b921fc3 elementor-widget elementor-widget-image\" data-id=\"b921fc3\" data-element_type=\"widget\" data-e-type=\"widget\" data-widget_type=\"image.default\">\n\t\t\t\t<div class=\"elementor-widget-container\">\n\t\t\t\t\t\t\t\t\t\t\t\t\t\t\t<img decoding=\"async\" width=\"1080\" height=\"1080\" src=\"https:\/\/puravidalanzarotediving.com\/wp-content\/uploads\/2024\/12\/Blue-Explore-The-World-Promo-Instagram-Post-4.png\" class=\"attachment-full size-full wp-image-6942\" alt=\"Blue Explore The World Promo Instagram Post\" srcset=\"https:\/\/puravidalanzarotediving.com\/wp-content\/uploads\/2024\/12\/Blue-Explore-The-World-Promo-Instagram-Post-4.png 1080w, https:\/\/puravidalanzarotediving.com\/wp-content\/uploads\/2024\/12\/Blue-Explore-The-World-Promo-Instagram-Post-4-300x300.png 300w, https:\/\/puravidalanzarotediving.com\/wp-content\/uploads\/2024\/12\/Blue-Explore-The-World-Promo-Instagram-Post-4-1024x1024.png 1024w, https:\/\/puravidalanzarotediving.com\/wp-content\/uploads\/2024\/12\/Blue-Explore-The-World-Promo-Instagram-Post-4-150x150.png 150w, https:\/\/puravidalanzarotediving.com\/wp-content\/uploads\/2024\/12\/Blue-Explore-The-World-Promo-Instagram-Post-4-768x768.png 768w\" sizes=\"(max-width: 1080px) 100vw, 1080px\" \/>\t\t\t\t\t\t\t\t\t\t\t\t\t\t\t<\/div>\n\t\t\t\t<\/div>\n\t\t\t\t<div class=\"elementor-element elementor-element-bd419cd elementor-align-center elementor-widget elementor-widget-elementskit-button\" data-id=\"bd419cd\" data-element_type=\"widget\" data-e-type=\"widget\" data-widget_type=\"elementskit-button.default\">\n\t\t\t\t<div class=\"elementor-widget-container\">\n\t\t\t\t\t<div class=\"ekit-wid-con\" >\t\t<div class=\"ekit-btn-wraper\">\n\t\t\t\t\t\t\t<a href=\"https:\/\/puravidalanzarotediving.com\/viajes-de-buceo\/mar-rojo-ruta-norte\/\" class=\"elementskit-btn  whitespace--normal\" id=\"\">\n\t\t\t\t\tPLUS D&#039;INFORMATIONS\t\t\t\t<\/a>\n\t\t\t\t\t<\/div>\n        <\/div>\t\t\t\t<\/div>\n\t\t\t\t<\/div>\n\t\t\t\t<\/div>\n\t\t\t\t\t<\/div>\n\t\t\t\t<\/div>\n\t\t\t\t<\/div>\n\t\t","protected":false},"excerpt":{"rendered":"<p>Voyages de plongee Pourquoi voyager avec Pura Vida ? Avez-vous une tr\u00e8s longue liste de lieux de plong\u00e9e que vous<\/p>\n","protected":false},"author":1,"featured_media":0,"parent":0,"menu_order":0,"comment_status":"closed","ping_status":"closed","template":"","meta":{"_joinchat":[],"footnotes":""},"class_list":["post-6748","page","type-page","status-publish","hentry"],"_links":{"self":[{"href":"https:\/\/puravidalanzarotediving.com\/fr\/wp-json\/wp\/v2\/pages\/6748","targetHints":{"allow":["GET"]}}],"collection":[{"href":"https:\/\/puravidalanzarotediving.com\/fr\/wp-json\/wp\/v2\/pages"}],"about":[{"href":"https:\/\/puravidalanzarotediving.com\/fr\/wp-json\/wp\/v2\/types\/page"}],"author":[{"embeddable":true,"href":"https:\/\/puravidalanzarotediving.com\/fr\/wp-json\/wp\/v2\/users\/1"}],"replies":[{"embeddable":true,"href":"https:\/\/puravidalanzarotediving.com\/fr\/wp-json\/wp\/v2\/comments?post=6748"}],"version-history":[{"count":0,"href":"https:\/\/puravidalanzarotediving.com\/fr\/wp-json\/wp\/v2\/pages\/6748\/revisions"}],"wp:attachment":[{"href":"https:\/\/puravidalanzarotediving.com\/fr\/wp-json\/wp\/v2\/media?parent=6748"}],"curies":[{"name":"wp","href":"https:\/\/api.w.org\/{rel}","templated":true}]}}