{"id":6832,"date":"2024-07-31T13:48:17","date_gmt":"2024-07-31T11:48:17","guid":{"rendered":"https:\/\/divinginadream.com\/offrir-de-la-plongee\/"},"modified":"2025-08-29T20:17:57","modified_gmt":"2025-08-29T18:17:57","slug":"offrir-de-la-plongee","status":"publish","type":"page","link":"https:\/\/puravidalanzarotediving.com\/fr\/offrir-de-la-plongee\/","title":{"rendered":"Offrir de la plong\u00e9e"},"content":{"rendered":"\t\t<div data-elementor-type=\"wp-page\" data-elementor-id=\"6832\" class=\"elementor elementor-6832 elementor-479\" data-elementor-post-type=\"page\">\n\t\t\t\t<div class=\"wd-negative-gap elementor-element elementor-element-b6c5e38 wd-section-stretch-content e-flex e-con-boxed e-con e-parent\" data-id=\"b6c5e38\" data-element_type=\"container\" data-e-type=\"container\">\n\t\t\t\t\t<div class=\"e-con-inner\">\n\t\t\t\t<div class=\"elementor-element elementor-element-b893bdb elementor--h-position-center elementor--v-position-middle elementor-arrows-position-inside elementor-pagination-position-inside elementor-widget elementor-widget-slides\" data-id=\"b893bdb\" data-element_type=\"widget\" data-e-type=\"widget\" data-settings=\"{&quot;navigation&quot;:&quot;both&quot;,&quot;autoplay&quot;:&quot;yes&quot;,&quot;pause_on_hover&quot;:&quot;yes&quot;,&quot;pause_on_interaction&quot;:&quot;yes&quot;,&quot;autoplay_speed&quot;:5000,&quot;infinite&quot;:&quot;yes&quot;,&quot;transition&quot;:&quot;slide&quot;,&quot;transition_speed&quot;:500}\" data-widget_type=\"slides.default\">\n\t\t\t\t<div class=\"elementor-widget-container\">\n\t\t\t\t\t\t\t\t\t<div class=\"elementor-swiper\">\n\t\t\t\t\t<div class=\"elementor-slides-wrapper elementor-main-swiper swiper\" role=\"region\" aria-roledescription=\"carousel\" aria-label=\"Diapositivas\" dir=\"ltr\" data-animation=\"fadeInUp\">\n\t\t\t\t<div class=\"swiper-wrapper elementor-slides\">\n\t\t\t\t\t\t\t\t\t\t<div class=\"elementor-repeater-item-4094fd2 swiper-slide\" role=\"group\" aria-roledescription=\"slide\"><div class=\"swiper-slide-bg elementor-ken-burns elementor-ken-burns--in\" role=\"img\" aria-label=\"regala buceo en pura vida diving lanzarote\"><\/div><div class=\"elementor-background-overlay\"><\/div><a class=\"swiper-slide-inner\" href=\"https:\/\/fareharbor.com\/embeds\/book\/puravidalanzarotediving\/items\/124198\/calendar\/?flow=131814&#038;u=5ae00ee7-ee28-4455-b022-98be1980e05b&#038;from-ssl=yes&#038;ga4t=G-86TFL0C285%2C895130654.1701195923__1723474195%3BG-6WXE90X597%2C895130654.1701195923__1723474195%3B&#038;g4=yes&#038;cp=yes&#038;csp=yes&#038;back=https%3A%2F%2Fpuravidalanzarotediving.com%2Fregala-buceo%2F&#038;language=es-es\" target=\"_blank\"><div class=\"swiper-slide-contents\"><h1 class=\"elementor-slide-heading\">Offrez le cadeau de la plong\u00e9e<\/h1><div  class=\"elementor-button elementor-slide-button elementor-size-sm\">FAITES UN CADEAU MAINTENANT<\/div><\/div><\/a><\/div>\t\t\t\t<\/div>\n\t\t\t\t\t\t\t<\/div>\n\t\t\t\t<\/div>\n\t\t\t\t\t\t\t\t<\/div>\n\t\t\t\t<\/div>\n\t\t\t\t\t<\/div>\n\t\t\t\t<\/div>\n\t\t<div class=\"wd-negative-gap elementor-element elementor-element-41cdd56 e-flex e-con-boxed e-con e-parent\" data-id=\"41cdd56\" data-element_type=\"container\" data-e-type=\"container\">\n\t\t\t\t\t<div class=\"e-con-inner\">\n\t\t<div class=\"elementor-element elementor-element-5f38366 e-con-full e-flex e-con e-child\" data-id=\"5f38366\" data-element_type=\"container\" data-e-type=\"container\">\n\t\t\t\t<div class=\"elementor-element elementor-element-7e1054b elementor-widget elementor-widget-heading\" data-id=\"7e1054b\" data-element_type=\"widget\" data-e-type=\"widget\" data-widget_type=\"heading.default\">\n\t\t\t\t<div class=\"elementor-widget-container\">\n\t\t\t\t\t<h2 class=\"elementor-heading-title elementor-size-default\">Vous cherchez un cadeau pour un mariage, un anniversaire, un anniversaire, un d\u00e9part...<\/h2>\t\t\t\t<\/div>\n\t\t\t\t<\/div>\n\t\t\t\t<div class=\"elementor-element elementor-element-5a2cf9e color-scheme-inherit text-left elementor-widget elementor-widget-text-editor\" data-id=\"5a2cf9e\" data-element_type=\"widget\" data-e-type=\"widget\" data-widget_type=\"text-editor.default\">\n\t\t\t\t<div class=\"elementor-widget-container\">\n\t\t\t\t\t\t\t\t\t<p>Si vous voulez que cela devienne une exp\u00e9rience inoubliable,<\/p>\n<p>Alors offrez de la plong\u00e9e en cadeau ! Vous trouverez ici des ch\u00e8ques cadeaux de toutes sortes : de l&rsquo;initiation \u00e0 la plong\u00e9e pour quelqu&rsquo;un qui ne l&rsquo;a jamais essay\u00e9, en passant par le cours d&rsquo;initiation jusqu&rsquo;aux cours de perfectionnement pour ceux qui sont d\u00e9j\u00e0 plongeurs certifi\u00e9s. <\/p>\n\t\t\t\t\t\t\t\t<\/div>\n\t\t\t\t<\/div>\n\t\t\t\t<div class=\"elementor-element elementor-element-e18e9d0 elementor-align-center elementor-widget elementor-widget-button\" data-id=\"e18e9d0\" data-element_type=\"widget\" data-e-type=\"widget\" data-widget_type=\"button.default\">\n\t\t\t\t<div class=\"elementor-widget-container\">\n\t\t\t\t\t\t\t\t\t<div class=\"elementor-button-wrapper\">\n\t\t\t\t\t<a class=\"elementor-button elementor-button-link elementor-size-sm\" href=\"https:\/\/fareharbor.com\/embeds\/book\/puravidalanzarotediving\/items\/124198\/calendar\/?flow=131814&#038;u=5ae00ee7-ee28-4455-b022-98be1980e05b&#038;from-ssl=yes&#038;ga4t=G-86TFL0C285%2C895130654.1701195923__1723474195%3BG-6WXE90X597%2C895130654.1701195923__1723474195%3B&#038;g4=yes&#038;cp=yes&#038;csp=yes&#038;back=https%3A%2F%2Fpuravidalanzarotediving.com%2Fregala-buceo%2F&#038;language=es-es\">\n\t\t\t\t\t\t<span class=\"elementor-button-content-wrapper\">\n\t\t\t\t\t\t<span class=\"elementor-button-icon\">\n\t\t\t\t<i aria-hidden=\"true\" class=\"icon icon-gift11\"><\/i>\t\t\t<\/span>\n\t\t\t\t\t\t\t\t\t<span class=\"elementor-button-text\">Offrir de la plong\u00e9e<\/span>\n\t\t\t\t\t<\/span>\n\t\t\t\t\t<\/a>\n\t\t\t\t<\/div>\n\t\t\t\t\t\t\t\t<\/div>\n\t\t\t\t<\/div>\n\t\t\t\t<\/div>\n\t\t\t\t\t<\/div>\n\t\t\t\t<\/div>\n\t\t<div class=\"wd-negative-gap elementor-element elementor-element-7487b90 e-flex e-con-boxed e-con e-parent\" data-id=\"7487b90\" data-element_type=\"container\" data-e-type=\"container\">\n\t\t\t\t\t<div class=\"e-con-inner\">\n\t\t<div class=\"elementor-element elementor-element-7e77b29 e-con-full e-flex e-con e-child\" data-id=\"7e77b29\" data-element_type=\"container\" data-e-type=\"container\">\n\t\t\t\t<div class=\"elementor-element elementor-element-9f85604 elementor-hidden-tablet elementor-hidden-mobile elementor-widget elementor-widget-image\" data-id=\"9f85604\" data-element_type=\"widget\" data-e-type=\"widget\" data-widget_type=\"image.default\">\n\t\t\t\t<div class=\"elementor-widget-container\">\n\t\t\t\t\t\t\t\t\t\t\t\t\t\t\t<img decoding=\"async\" width=\"450\" height=\"289\" src=\"https:\/\/puravidalanzarotediving.com\/wp-content\/uploads\/2024\/08\/cupon-WEBconnombre.jpg\" class=\"attachment-full size-full wp-image-3448\" alt=\"\" srcset=\"https:\/\/puravidalanzarotediving.com\/wp-content\/uploads\/2024\/08\/cupon-WEBconnombre.jpg 450w, https:\/\/puravidalanzarotediving.com\/wp-content\/uploads\/2024\/08\/cupon-WEBconnombre-300x193.jpg 300w\" sizes=\"(max-width: 450px) 100vw, 450px\" \/>\t\t\t\t\t\t\t\t\t\t\t\t\t\t\t<\/div>\n\t\t\t\t<\/div>\n\t\t\t\t<div class=\"elementor-element elementor-element-adb8439 elementor-hidden-tablet elementor-hidden-mobile elementor-widget elementor-widget-image\" data-id=\"adb8439\" data-element_type=\"widget\" data-e-type=\"widget\" data-widget_type=\"image.default\">\n\t\t\t\t<div class=\"elementor-widget-container\">\n\t\t\t\t\t\t\t\t\t\t\t\t\t\t\t<img decoding=\"async\" width=\"450\" height=\"289\" src=\"https:\/\/puravidalanzarotediving.com\/wp-content\/uploads\/2024\/08\/cuponkidscon-nombre.jpg\" class=\"attachment-full size-full wp-image-3453\" alt=\"\" srcset=\"https:\/\/puravidalanzarotediving.com\/wp-content\/uploads\/2024\/08\/cuponkidscon-nombre.jpg 450w, https:\/\/puravidalanzarotediving.com\/wp-content\/uploads\/2024\/08\/cuponkidscon-nombre-300x193.jpg 300w\" sizes=\"(max-width: 450px) 100vw, 450px\" \/>\t\t\t\t\t\t\t\t\t\t\t\t\t\t\t<\/div>\n\t\t\t\t<\/div>\n\t\t\t\t<\/div>\n\t\t<div class=\"elementor-element elementor-element-8ad7225 e-con-full e-flex e-con e-child\" data-id=\"8ad7225\" data-element_type=\"container\" data-e-type=\"container\">\n\t\t\t\t<div class=\"elementor-element elementor-element-e9655a2 elementor-widget elementor-widget-heading\" data-id=\"e9655a2\" data-element_type=\"widget\" data-e-type=\"widget\" data-widget_type=\"heading.default\">\n\t\t\t\t<div class=\"elementor-widget-container\">\n\t\t\t\t\t<h2 class=\"elementor-heading-title elementor-size-default\">Offrez de la plong\u00e9e en cadeau avec notre bon d'achat<\/h2>\t\t\t\t<\/div>\n\t\t\t\t<\/div>\n\t\t\t\t<div class=\"elementor-element elementor-element-184e494 color-scheme-inherit text-left elementor-widget elementor-widget-text-editor\" data-id=\"184e494\" data-element_type=\"widget\" data-e-type=\"widget\" data-widget_type=\"text-editor.default\">\n\t\t\t\t<div class=\"elementor-widget-container\">\n\t\t\t\t\t\t\t\t\t<p>Nous avons des cadeaux pour <strong>adultes et enfants.<\/strong><\/p>\n<p>Avec ce bon, <strong>vous pouvez offrir le cours de plong\u00e9e que vous aimez le plus, une plong\u00e9e ou les deux exp\u00e9riences<\/strong>.<\/p>\n<p>Il vous suffit de nous <strong>contacter et de pr\u00e9ciser ce que vous souhaitez offrir en cadeau<\/strong> et nous vous enverrons facilement le ch\u00e8que cadeau afin que vous puissiez le livrer quand vous le souhaitez.<\/p>\n<p>Le ch\u00e8que cadeau <strong>peut \u00eatre utilis\u00e9 quand bon vous semble<\/strong>, m\u00eame si par malchance c&rsquo;est un cadeau que vous poss\u00e9dez d\u00e9j\u00e0, vous pouvez l&rsquo;\u00e9changer contre un autre de m\u00eame valeur.<\/p>\n<p>La personne \u00e0 qui vous le remettrez <strong>n&rsquo;aura qu&rsquo;\u00e0 nous contacter au pr\u00e9alable pour r\u00e9server un jour et une heure pour l&rsquo;activit\u00e9<\/strong>.<\/p>\n<p>Le jour de l&rsquo;activit\u00e9,<strong> il vous suffit d&rsquo;apporter un maillot de bain et une serviette et de profiter de l&rsquo;exp\u00e9rience<\/strong>.<\/p>\n<p><strong>Si vous avez des doutes, offrez un ch\u00e8que cadeau du montant que vous souhaitez<\/strong> afin qu&rsquo;il l&rsquo;\u00e9change contre ce qu&rsquo;il pr\u00e9f\u00e8re dans notre magasin : cours de plong\u00e9e, mat\u00e9riel de plong\u00e9e, snorkeling, natation, apn\u00e9e&#8230;<\/p>\n<p>Commencez \u00e0 offrir des exp\u00e9riences de plong\u00e9e. <strong>Ils ne l\u2019oublieront jamais !<\/strong><\/p>\n\t\t\t\t\t\t\t\t<\/div>\n\t\t\t\t<\/div>\n\t\t\t\t<div class=\"elementor-element elementor-element-809fa55 elementor-hidden-desktop elementor-widget elementor-widget-image\" data-id=\"809fa55\" data-element_type=\"widget\" data-e-type=\"widget\" data-widget_type=\"image.default\">\n\t\t\t\t<div class=\"elementor-widget-container\">\n\t\t\t\t\t\t\t\t\t\t\t\t\t\t\t<img decoding=\"async\" width=\"450\" height=\"289\" src=\"https:\/\/puravidalanzarotediving.com\/wp-content\/uploads\/2024\/08\/cupon-WEBconnombre.jpg\" class=\"attachment-full size-full wp-image-3448\" alt=\"\" srcset=\"https:\/\/puravidalanzarotediving.com\/wp-content\/uploads\/2024\/08\/cupon-WEBconnombre.jpg 450w, https:\/\/puravidalanzarotediving.com\/wp-content\/uploads\/2024\/08\/cupon-WEBconnombre-300x193.jpg 300w\" sizes=\"(max-width: 450px) 100vw, 450px\" \/>\t\t\t\t\t\t\t\t\t\t\t\t\t\t\t<\/div>\n\t\t\t\t<\/div>\n\t\t\t\t<div class=\"elementor-element elementor-element-46167b8 elementor-hidden-desktop elementor-widget elementor-widget-image\" data-id=\"46167b8\" data-element_type=\"widget\" data-e-type=\"widget\" data-widget_type=\"image.default\">\n\t\t\t\t<div class=\"elementor-widget-container\">\n\t\t\t\t\t\t\t\t\t\t\t\t\t\t\t<img decoding=\"async\" width=\"450\" height=\"289\" src=\"https:\/\/puravidalanzarotediving.com\/wp-content\/uploads\/2024\/08\/cuponkidscon-nombre.jpg\" class=\"attachment-full size-full wp-image-3453\" alt=\"\" srcset=\"https:\/\/puravidalanzarotediving.com\/wp-content\/uploads\/2024\/08\/cuponkidscon-nombre.jpg 450w, https:\/\/puravidalanzarotediving.com\/wp-content\/uploads\/2024\/08\/cuponkidscon-nombre-300x193.jpg 300w\" sizes=\"(max-width: 450px) 100vw, 450px\" \/>\t\t\t\t\t\t\t\t\t\t\t\t\t\t\t<\/div>\n\t\t\t\t<\/div>\n\t\t\t\t<\/div>\n\t\t\t\t\t<\/div>\n\t\t\t\t<\/div>\n\t\t<div class=\"wd-negative-gap elementor-element elementor-element-93b08c8 e-flex e-con-boxed e-con e-parent\" data-id=\"93b08c8\" data-element_type=\"container\" data-e-type=\"container\">\n\t\t\t\t\t<div class=\"e-con-inner\">\n\t\t\t\t<div class=\"elementor-element elementor-element-b83323a elementor-align-center elementor-widget elementor-widget-button\" data-id=\"b83323a\" data-element_type=\"widget\" data-e-type=\"widget\" data-widget_type=\"button.default\">\n\t\t\t\t<div class=\"elementor-widget-container\">\n\t\t\t\t\t\t\t\t\t<div class=\"elementor-button-wrapper\">\n\t\t\t\t\t<a class=\"elementor-button elementor-button-link elementor-size-sm\" href=\"https:\/\/fareharbor.com\/embeds\/book\/puravidalanzarotediving\/items\/124198\/calendar\/?flow=131814&#038;u=5ae00ee7-ee28-4455-b022-98be1980e05b&#038;from-ssl=yes&#038;ga4t=G-86TFL0C285%2C895130654.1701195923__1723474195%3BG-6WXE90X597%2C895130654.1701195923__1723474195%3B&#038;g4=yes&#038;cp=yes&#038;csp=yes&#038;back=https%3A%2F%2Fpuravidalanzarotediving.com%2Fregala-buceo%2F&#038;language=es-es\">\n\t\t\t\t\t\t<span class=\"elementor-button-content-wrapper\">\n\t\t\t\t\t\t<span class=\"elementor-button-icon\">\n\t\t\t\t<i aria-hidden=\"true\" class=\"icon icon-gift11\"><\/i>\t\t\t<\/span>\n\t\t\t\t\t\t\t\t\t<span class=\"elementor-button-text\">Offrir de la plong\u00e9e<\/span>\n\t\t\t\t\t<\/span>\n\t\t\t\t\t<\/a>\n\t\t\t\t<\/div>\n\t\t\t\t\t\t\t\t<\/div>\n\t\t\t\t<\/div>\n\t\t\t\t\t<\/div>\n\t\t\t\t<\/div>\n\t\t\t\t<\/div>\n\t\t","protected":false},"excerpt":{"rendered":"<p>Offrez le cadeau de la plong\u00e9e FAITES UN CADEAU MAINTENANT Vous cherchez un cadeau pour un mariage, un anniversaire, un<\/p>\n","protected":false},"author":1,"featured_media":0,"parent":0,"menu_order":0,"comment_status":"closed","ping_status":"closed","template":"","meta":{"_joinchat":[],"footnotes":""},"class_list":["post-6832","page","type-page","status-publish","hentry"],"_links":{"self":[{"href":"https:\/\/puravidalanzarotediving.com\/fr\/wp-json\/wp\/v2\/pages\/6832","targetHints":{"allow":["GET"]}}],"collection":[{"href":"https:\/\/puravidalanzarotediving.com\/fr\/wp-json\/wp\/v2\/pages"}],"about":[{"href":"https:\/\/puravidalanzarotediving.com\/fr\/wp-json\/wp\/v2\/types\/page"}],"author":[{"embeddable":true,"href":"https:\/\/puravidalanzarotediving.com\/fr\/wp-json\/wp\/v2\/users\/1"}],"replies":[{"embeddable":true,"href":"https:\/\/puravidalanzarotediving.com\/fr\/wp-json\/wp\/v2\/comments?post=6832"}],"version-history":[{"count":0,"href":"https:\/\/puravidalanzarotediving.com\/fr\/wp-json\/wp\/v2\/pages\/6832\/revisions"}],"wp:attachment":[{"href":"https:\/\/puravidalanzarotediving.com\/fr\/wp-json\/wp\/v2\/media?parent=6832"}],"curies":[{"name":"wp","href":"https:\/\/api.w.org\/{rel}","templated":true}]}}