{"id":6838,"date":"2024-08-07T13:05:31","date_gmt":"2024-08-07T11:05:31","guid":{"rendered":"https:\/\/divinginadream.com\/plongees\/lascenseur-et-puerto-moro\/"},"modified":"2025-08-29T20:33:34","modified_gmt":"2025-08-29T18:33:34","slug":"lascenseur-et-puerto-moro","status":"publish","type":"page","link":"https:\/\/puravidalanzarotediving.com\/fr\/plongees\/lascenseur-et-puerto-moro\/","title":{"rendered":"L&rsquo;Ascenseur et Puerto Moro"},"content":{"rendered":"\t\t<div data-elementor-type=\"wp-page\" data-elementor-id=\"6838\" class=\"elementor elementor-6838 elementor-708\" data-elementor-post-type=\"page\">\n\t\t\t\t<div class=\"elementor-element elementor-element-89085c4 e-con-full wd-section-stretch-content e-flex e-con e-parent\" data-id=\"89085c4\" data-element_type=\"container\" data-e-type=\"container\">\n\t\t\t\t<div class=\"elementor-element elementor-element-514135a elementor--h-position-center elementor--v-position-middle elementor-arrows-position-inside elementor-pagination-position-inside elementor-widget elementor-widget-slides\" data-id=\"514135a\" data-element_type=\"widget\" data-e-type=\"widget\" data-settings=\"{&quot;navigation&quot;:&quot;both&quot;,&quot;autoplay&quot;:&quot;yes&quot;,&quot;pause_on_hover&quot;:&quot;yes&quot;,&quot;pause_on_interaction&quot;:&quot;yes&quot;,&quot;autoplay_speed&quot;:5000,&quot;infinite&quot;:&quot;yes&quot;,&quot;transition&quot;:&quot;slide&quot;,&quot;transition_speed&quot;:500}\" data-widget_type=\"slides.default\">\n\t\t\t\t<div class=\"elementor-widget-container\">\n\t\t\t\t\t\t\t\t\t<div class=\"elementor-swiper\">\n\t\t\t\t\t<div class=\"elementor-slides-wrapper elementor-main-swiper swiper\" role=\"region\" aria-roledescription=\"carousel\" aria-label=\"Diapositives\" dir=\"ltr\" data-animation=\"fadeInUp\">\n\t\t\t\t<div class=\"swiper-wrapper elementor-slides\">\n\t\t\t\t\t\t\t\t\t\t<div class=\"elementor-repeater-item-4094fd2 swiper-slide\" role=\"group\" aria-roledescription=\"slide\"><div class=\"swiper-slide-bg elementor-ken-burns elementor-ken-burns--in\" role=\"img\" aria-label=\"El ascensor y puerto moro\"><\/div><div class=\"elementor-background-overlay\"><\/div><div class=\"swiper-slide-inner\" ><div class=\"swiper-slide-contents\"><h1 class=\"elementor-slide-heading\">L&rsquo;Ascenseur et Puerto Moro<\/h1><p class=\"elementor-slide-description\"><p>Voyage dans les entrailles du volcan<\/p>\n<\/p><\/div><\/div><\/div>\t\t\t\t<\/div>\n\t\t\t\t\t\t\t<\/div>\n\t\t\t\t<\/div>\n\t\t\t\t\t\t\t\t<\/div>\n\t\t\t\t<\/div>\n\t\t\t\t<\/div>\n\t\t<div class=\"wd-negative-gap elementor-element elementor-element-80892e6 e-flex e-con-boxed e-con e-parent\" data-id=\"80892e6\" data-element_type=\"container\" data-e-type=\"container\">\n\t\t\t\t\t<div class=\"e-con-inner\">\n\t\t\t\t<div class=\"elementor-element elementor-element-4d712eb color-scheme-inherit text-left elementor-widget elementor-widget-text-editor\" data-id=\"4d712eb\" data-element_type=\"widget\" data-e-type=\"widget\" data-widget_type=\"text-editor.default\">\n\t\t\t\t<div class=\"elementor-widget-container\">\n\t\t\t\t\t\t\t\t\t<div class=\"wpb_text_column wpb_content_element \">\n<div class=\"wpb_wrapper\">\n<div class=\"wpb_text_column wpb_content_element \">\n<div class=\"wpb_wrapper\">\n<p>Les \u00e9normes tuyaux sous-marin, perdus dans l&rsquo;immensit\u00e9 de la plateforme, servent de source de vie et de refuge \u00e0 cette plong\u00e9e curieuse et fr\u00e9quent\u00e9e.<\/p>\n<p>C&rsquo;est, sans aucun doute, un endroit diff\u00e9rent qui donne de la vari\u00e9t\u00e9 au large \u00e9ventail d&rsquo;options que Lanzarote pr\u00e9sente.<\/p>\n<div class=\"wpb_text_column wpb_content_element \">\n<div class=\"wpb_wrapper\">\n<p>Dans la r\u00e9gion, il y a d&rsquo;autres points \u00e0 visiter, comme l<strong>&lsquo;Ascenseur Chico ou Puerto Moro<\/strong>, caract\u00e9ris\u00e9s par un paysage volcanique avec des cavit\u00e9s, des tunnels et de grandes arches.<\/p>\n<p>Depuis le point d&rsquo;entr\u00e9e, il existe deux itin\u00e9raires alternatifs. Le premier nous am\u00e8ne au <strong>Grand Ascenseur<\/strong>. Nous y arrivons en nageant sur pr\u00e8s de 200 m\u00e8tres \u00e0 170\u00ba. Le tube volcanique descend de 15 m \u00e0 30 m et pr\u00e9sente plusieurs fen\u00eatres le long du parcours qui \u00e9clairent l&rsquo;int\u00e9rieur. Dans ses parois recouvertes d&rsquo;\u00e9ponges se cachent un grand nombre de crevettes narval. Cette plong\u00e9e n\u00e9cessite un<a href=\"http:\/\/curso-avanzado-de-buceo\/\" target=\"_blank\" rel=\"noopener\"> niveau de plong\u00e9e avanc\u00e9<\/a>.     <\/p>\n<p>Le deuxi\u00e8me itin\u00e9raire nous m\u00e8ne \u00e0 la zone connue sous le nom de <strong>Puerto Moro et de l&rsquo;Ascenseur Chico<\/strong>. En nageant 100 m dans une direction de 65\u00ba, nous atteignons la baja, un rocher qui d\u00e9passe de l&rsquo;eau. C&rsquo;est une alternative tr\u00e8s int\u00e9ressante pour les personnes moins exp\u00e9riment\u00e9es car elle poss\u00e8de en dessous une grotte spectaculaire ainsi que des passages et des arches. En continuant <strong>jusqu&rsquo;\u00e0 30 m, nous trouvons un petit tube volcanique<\/strong> de moins de 10 m de longueur \u00e9galement dot\u00e9 de plusieurs lucarnes connu sous le nom d&rsquo;El Ascensor Chico.   <\/p>\n<p>La zone de plong\u00e9e \u00e9tant tr\u00e8s vaste, deux itin\u00e9raires sont propos\u00e9s, l&rsquo;un \u00e0 droite du point d&rsquo;entr\u00e9e et l&rsquo;autre \u00e0 gauche.<strong>. Ambas rutas permiten adaptarse a diferentes niveles, variando la profundidad m\u00e1xima de la inmersi\u00f3n <\/strong>. Dans les grottes et les creux, il est int\u00e9ressant de rechercher des esp\u00e8ces telles que les<strong> mur\u00e8nes, poulpes, an\u00e9mones g\u00e9antes, bryotes et m\u00eame les crevettes narval.<\/strong><\/p>\n<p>Lorsque vous nagez au-dessus du sable, il est important d&rsquo;observer attentivement car <strong>les requins-anges, les raies torpilles et pastenagues<\/strong> y sont souvent pr\u00e9sents.<\/p>\n<\/div>\n<\/div>\n<\/div>\n<\/div>\n<\/div>\n<\/div>\n\t\t\t\t\t\t\t\t<\/div>\n\t\t\t\t<\/div>\n\t\t\t\t\t<\/div>\n\t\t\t\t<\/div>\n\t\t\t\t<section class=\"wd-negative-gap elementor-section elementor-top-section elementor-element elementor-element-2364e353 elementor-section-full_width elementor-section-height-default elementor-section-height-default\" data-id=\"2364e353\" data-element_type=\"section\" data-e-type=\"section\" id=\"xs_team_9\">\n\t\t\t\t\t\t<div class=\"elementor-container elementor-column-gap-default\">\n\t\t\t\t\t<div class=\"elementor-column elementor-col-100 elementor-top-column elementor-element elementor-element-425a7d9a\" data-id=\"425a7d9a\" data-element_type=\"column\" data-e-type=\"column\">\n\t\t\t<div class=\"elementor-widget-wrap elementor-element-populated\">\n\t\t\t\t\t\t<div class=\"elementor-element elementor-element-a75f765 elementor-widget elementor-widget-image\" data-id=\"a75f765\" data-element_type=\"widget\" data-e-type=\"widget\" data-widget_type=\"image.default\">\n\t\t\t\t<div class=\"elementor-widget-container\">\n\t\t\t\t\t\t\t\t\t\t\t\t\t\t\t<img decoding=\"async\" width=\"1038\" height=\"124\" src=\"https:\/\/puravidalanzarotediving.com\/wp-content\/uploads\/2024\/08\/Mapa-ascensor-y-puerto-moro.jpg\" class=\"attachment-full size-full wp-image-3248\" alt=\"\" srcset=\"https:\/\/puravidalanzarotediving.com\/wp-content\/uploads\/2024\/08\/Mapa-ascensor-y-puerto-moro.jpg 1038w, https:\/\/puravidalanzarotediving.com\/wp-content\/uploads\/2024\/08\/Mapa-ascensor-y-puerto-moro-300x36.jpg 300w, https:\/\/puravidalanzarotediving.com\/wp-content\/uploads\/2024\/08\/Mapa-ascensor-y-puerto-moro-1024x122.jpg 1024w, https:\/\/puravidalanzarotediving.com\/wp-content\/uploads\/2024\/08\/Mapa-ascensor-y-puerto-moro-768x92.jpg 768w\" sizes=\"(max-width: 1038px) 100vw, 1038px\" \/>\t\t\t\t\t\t\t\t\t\t\t\t\t\t\t<\/div>\n\t\t\t\t<\/div>\n\t\t\t\t\t<\/div>\n\t\t<\/div>\n\t\t\t\t\t<\/div>\n\t\t<\/section>\n\t\t\t\t<\/div>\n\t\t","protected":false},"excerpt":{"rendered":"<p>Voyage dans les entrailles du volcan Les \u00e9normes tuyaux sous-marin, perdus dans l&rsquo;immensit\u00e9 de la plateforme, servent de source de<\/p>\n","protected":false},"author":1,"featured_media":0,"parent":6195,"menu_order":0,"comment_status":"closed","ping_status":"closed","template":"","meta":{"_joinchat":[],"footnotes":""},"class_list":["post-6838","page","type-page","status-publish","hentry"],"_links":{"self":[{"href":"https:\/\/puravidalanzarotediving.com\/fr\/wp-json\/wp\/v2\/pages\/6838","targetHints":{"allow":["GET"]}}],"collection":[{"href":"https:\/\/puravidalanzarotediving.com\/fr\/wp-json\/wp\/v2\/pages"}],"about":[{"href":"https:\/\/puravidalanzarotediving.com\/fr\/wp-json\/wp\/v2\/types\/page"}],"author":[{"embeddable":true,"href":"https:\/\/puravidalanzarotediving.com\/fr\/wp-json\/wp\/v2\/users\/1"}],"replies":[{"embeddable":true,"href":"https:\/\/puravidalanzarotediving.com\/fr\/wp-json\/wp\/v2\/comments?post=6838"}],"version-history":[{"count":0,"href":"https:\/\/puravidalanzarotediving.com\/fr\/wp-json\/wp\/v2\/pages\/6838\/revisions"}],"up":[{"embeddable":true,"href":"https:\/\/puravidalanzarotediving.com\/fr\/wp-json\/wp\/v2\/pages\/6195"}],"wp:attachment":[{"href":"https:\/\/puravidalanzarotediving.com\/fr\/wp-json\/wp\/v2\/media?parent=6838"}],"curies":[{"name":"wp","href":"https:\/\/api.w.org\/{rel}","templated":true}]}}