{"id":6840,"date":"2024-08-07T14:06:15","date_gmt":"2024-08-07T12:06:15","guid":{"rendered":"https:\/\/divinginadream.com\/plongees\/la-cathedrale\/"},"modified":"2025-08-29T20:34:58","modified_gmt":"2025-08-29T18:34:58","slug":"la-cathedrale","status":"publish","type":"page","link":"https:\/\/puravidalanzarotediving.com\/fr\/plongees\/la-cathedrale\/","title":{"rendered":"La Cath\u00e9drale"},"content":{"rendered":"\t\t<div data-elementor-type=\"wp-page\" data-elementor-id=\"6840\" class=\"elementor elementor-6840 elementor-791\" data-elementor-post-type=\"page\">\n\t\t\t\t<div class=\"elementor-element elementor-element-89085c4 e-con-full wd-section-stretch-content e-flex e-con e-parent\" data-id=\"89085c4\" data-element_type=\"container\" data-e-type=\"container\">\n\t\t\t\t<div class=\"elementor-element elementor-element-514135a elementor--h-position-center elementor--v-position-middle elementor-arrows-position-inside elementor-pagination-position-inside elementor-widget elementor-widget-slides\" data-id=\"514135a\" data-element_type=\"widget\" data-e-type=\"widget\" data-settings=\"{&quot;navigation&quot;:&quot;both&quot;,&quot;autoplay&quot;:&quot;yes&quot;,&quot;pause_on_hover&quot;:&quot;yes&quot;,&quot;pause_on_interaction&quot;:&quot;yes&quot;,&quot;autoplay_speed&quot;:5000,&quot;infinite&quot;:&quot;yes&quot;,&quot;transition&quot;:&quot;slide&quot;,&quot;transition_speed&quot;:500}\" data-widget_type=\"slides.default\">\n\t\t\t\t<div class=\"elementor-widget-container\">\n\t\t\t\t\t\t\t\t\t<div class=\"elementor-swiper\">\n\t\t\t\t\t<div class=\"elementor-slides-wrapper elementor-main-swiper swiper\" role=\"region\" aria-roledescription=\"carousel\" aria-label=\"Diapositives\" dir=\"ltr\" data-animation=\"fadeInUp\">\n\t\t\t\t<div class=\"swiper-wrapper elementor-slides\">\n\t\t\t\t\t\t\t\t\t\t<div class=\"elementor-repeater-item-4094fd2 swiper-slide\" role=\"group\" aria-roledescription=\"slide\"><div class=\"swiper-slide-bg elementor-ken-burns elementor-ken-burns--in\" role=\"img\" aria-label=\"buceo en la catedral de lanzarote\"><\/div><div class=\"elementor-background-overlay\"><\/div><div class=\"swiper-slide-inner\" ><div class=\"swiper-slide-contents\"><h1 class=\"elementor-slide-heading\">La Cath\u00e9drale<\/h1><p class=\"elementor-slide-description\"><p>Le m\u00e9rou F\u00e9lix nous montre son manoir<\/p>\n<\/p><\/div><\/div><\/div>\t\t\t\t<\/div>\n\t\t\t\t\t\t\t<\/div>\n\t\t\t\t<\/div>\n\t\t\t\t\t\t\t\t<\/div>\n\t\t\t\t<\/div>\n\t\t\t\t<\/div>\n\t\t<div class=\"wd-negative-gap elementor-element elementor-element-80892e6 e-flex e-con-boxed e-con e-parent\" data-id=\"80892e6\" data-element_type=\"container\" data-e-type=\"container\">\n\t\t\t\t\t<div class=\"e-con-inner\">\n\t\t\t\t<div class=\"elementor-element elementor-element-4d712eb color-scheme-inherit text-left elementor-widget elementor-widget-text-editor\" data-id=\"4d712eb\" data-element_type=\"widget\" data-e-type=\"widget\" data-widget_type=\"text-editor.default\">\n\t\t\t\t<div class=\"elementor-widget-container\">\n\t\t\t\t\t\t\t\t\t<div class=\"wpb_text_column wpb_content_element \">\n<div class=\"wpb_wrapper\">\n<div class=\"wpb_text_column wpb_content_element \">\n<div class=\"wpb_wrapper\">\n<div class=\"wpb_text_column wpb_content_element \">\n<div class=\"wpb_wrapper\">\n<p>C&rsquo;est l&rsquo;une des plong\u00e9es les plus populaires de Lanzarote et peut-\u00eatre parce que, dans la grotte appel\u00e9e la Cath\u00e9drale, vit l&rsquo;animal le plus c\u00e9l\u00e8bre de l&rsquo;\u00eele, le grand m\u00e9rou que les plongeurs locaux appellent F\u00e9lix.<\/p>\n<p>La <strong>plong\u00e9e est confortable et tr\u00e8s compl\u00e8te<\/strong> ; Nous avons des <strong>tombants verticaux<\/strong> o\u00f9 nous pouvons chercher de la vie cach\u00e9e, d&rsquo;immenses bancs de sable o\u00f9 nous pouvons <strong>observer des raies pastenagues et des requins anges<\/strong>, des grottes avec toutes sortes de faune et m\u00eame une petite \u00e9pave au cas o\u00f9 nous souhaiterions nous en rapprocher.<\/p>\n<div class=\"wpb_text_column wpb_content_element \">\n<div class=\"wpb_wrapper\">\n<p>La route pour aller \u00e0 la grotte traverse un espace naturel qui offre des surprises avec la quantit\u00e9 de vie qu&rsquo;il h\u00e9berge alors qu&rsquo;a premi\u00e8re vue, il s&rsquo;agit d&rsquo;un d\u00e9sert. Nous pouvons <strong>observer des anguilles jardini\u00e8res, vives, poissons l\u00e9zards, rombous, crabes araign\u00e9e, requins anges et des bancs de poissons tels que des mulets, marbres ou saupes<\/strong>. <\/p>\n<p>Il est fort probable qu&rsquo;un m\u00e9rou curieux nous attende et nous accompagne durant une partie du trajet. Avant la grotte, nous pouvons rencontrer un <strong>petit rameau de corail noir<\/strong> qui nous permettra de d&rsquo;avoir une id\u00e9e de ce a quoi ressemble les grandes for\u00eats en profondeur. <\/p>\n<p>Le retour se fait <strong>devant Playa Chica<\/strong>, sur un fond peu profond que nous decouvrirons pendant le pallier de securite.<\/p>\n<\/div>\n<\/div>\n<\/div>\n<\/div>\n<\/div>\n<\/div>\n<\/div>\n<\/div>\n\t\t\t\t\t\t\t\t<\/div>\n\t\t\t\t<\/div>\n\t\t\t\t\t<\/div>\n\t\t\t\t<\/div>\n\t\t\t\t<section class=\"wd-negative-gap elementor-section elementor-top-section elementor-element elementor-element-2364e353 elementor-section-full_width elementor-section-height-default elementor-section-height-default\" data-id=\"2364e353\" data-element_type=\"section\" data-e-type=\"section\" id=\"xs_team_9\">\n\t\t\t\t\t\t<div class=\"elementor-container elementor-column-gap-default\">\n\t\t\t\t\t<div class=\"elementor-column elementor-col-100 elementor-top-column elementor-element elementor-element-425a7d9a\" data-id=\"425a7d9a\" data-element_type=\"column\" data-e-type=\"column\">\n\t\t\t<div class=\"elementor-widget-wrap elementor-element-populated\">\n\t\t\t\t\t\t<div class=\"elementor-element elementor-element-a75f765 elementor-widget elementor-widget-image\" data-id=\"a75f765\" data-element_type=\"widget\" data-e-type=\"widget\" data-widget_type=\"image.default\">\n\t\t\t\t<div class=\"elementor-widget-container\">\n\t\t\t\t\t\t\t\t\t\t\t\t\t\t\t<img decoding=\"async\" width=\"1110\" height=\"654\" src=\"https:\/\/puravidalanzarotediving.com\/wp-content\/uploads\/2024\/08\/La-Catedral-Mapa-Punto-de-Buceo-Lanzarote.jpg\" class=\"attachment-full size-full wp-image-3273\" alt=\"\" srcset=\"https:\/\/puravidalanzarotediving.com\/wp-content\/uploads\/2024\/08\/La-Catedral-Mapa-Punto-de-Buceo-Lanzarote.jpg 1110w, https:\/\/puravidalanzarotediving.com\/wp-content\/uploads\/2024\/08\/La-Catedral-Mapa-Punto-de-Buceo-Lanzarote-300x177.jpg 300w, https:\/\/puravidalanzarotediving.com\/wp-content\/uploads\/2024\/08\/La-Catedral-Mapa-Punto-de-Buceo-Lanzarote-1024x603.jpg 1024w, https:\/\/puravidalanzarotediving.com\/wp-content\/uploads\/2024\/08\/La-Catedral-Mapa-Punto-de-Buceo-Lanzarote-768x452.jpg 768w\" sizes=\"(max-width: 1110px) 100vw, 1110px\" \/>\t\t\t\t\t\t\t\t\t\t\t\t\t\t\t<\/div>\n\t\t\t\t<\/div>\n\t\t\t\t\t<\/div>\n\t\t<\/div>\n\t\t\t\t\t<\/div>\n\t\t<\/section>\n\t\t\t\t<\/div>\n\t\t","protected":false},"excerpt":{"rendered":"<p>Le m\u00e9rou F\u00e9lix nous montre son manoir C&rsquo;est l&rsquo;une des plong\u00e9es les plus populaires de Lanzarote et peut-\u00eatre parce que,<\/p>\n","protected":false},"author":1,"featured_media":0,"parent":6195,"menu_order":0,"comment_status":"closed","ping_status":"closed","template":"","meta":{"_joinchat":[],"footnotes":""},"class_list":["post-6840","page","type-page","status-publish","hentry"],"_links":{"self":[{"href":"https:\/\/puravidalanzarotediving.com\/fr\/wp-json\/wp\/v2\/pages\/6840","targetHints":{"allow":["GET"]}}],"collection":[{"href":"https:\/\/puravidalanzarotediving.com\/fr\/wp-json\/wp\/v2\/pages"}],"about":[{"href":"https:\/\/puravidalanzarotediving.com\/fr\/wp-json\/wp\/v2\/types\/page"}],"author":[{"embeddable":true,"href":"https:\/\/puravidalanzarotediving.com\/fr\/wp-json\/wp\/v2\/users\/1"}],"replies":[{"embeddable":true,"href":"https:\/\/puravidalanzarotediving.com\/fr\/wp-json\/wp\/v2\/comments?post=6840"}],"version-history":[{"count":0,"href":"https:\/\/puravidalanzarotediving.com\/fr\/wp-json\/wp\/v2\/pages\/6840\/revisions"}],"up":[{"embeddable":true,"href":"https:\/\/puravidalanzarotediving.com\/fr\/wp-json\/wp\/v2\/pages\/6195"}],"wp:attachment":[{"href":"https:\/\/puravidalanzarotediving.com\/fr\/wp-json\/wp\/v2\/media?parent=6840"}],"curies":[{"name":"wp","href":"https:\/\/api.w.org\/{rel}","templated":true}]}}