{"id":6848,"date":"2024-08-07T12:29:04","date_gmt":"2024-08-07T10:29:04","guid":{"rendered":"https:\/\/divinginadream.com\/plongees\/las-coloradas\/"},"modified":"2025-08-29T20:47:22","modified_gmt":"2025-08-29T18:47:22","slug":"las-coloradas","status":"publish","type":"page","link":"https:\/\/puravidalanzarotediving.com\/fr\/plongees\/las-coloradas\/","title":{"rendered":"Las Coloradas"},"content":{"rendered":"\t\t<div data-elementor-type=\"wp-page\" data-elementor-id=\"6848\" class=\"elementor elementor-6848 elementor-681\" data-elementor-post-type=\"page\">\n\t\t\t\t<div class=\"elementor-element elementor-element-89085c4 e-con-full wd-section-stretch-content e-flex e-con e-parent\" data-id=\"89085c4\" data-element_type=\"container\" data-e-type=\"container\">\n\t\t\t\t<div class=\"elementor-element elementor-element-514135a elementor--h-position-center elementor--v-position-middle elementor-arrows-position-inside elementor-pagination-position-inside elementor-widget elementor-widget-slides\" data-id=\"514135a\" data-element_type=\"widget\" data-e-type=\"widget\" data-settings=\"{&quot;navigation&quot;:&quot;both&quot;,&quot;autoplay&quot;:&quot;yes&quot;,&quot;pause_on_hover&quot;:&quot;yes&quot;,&quot;pause_on_interaction&quot;:&quot;yes&quot;,&quot;autoplay_speed&quot;:5000,&quot;infinite&quot;:&quot;yes&quot;,&quot;transition&quot;:&quot;slide&quot;,&quot;transition_speed&quot;:500}\" data-widget_type=\"slides.default\">\n\t\t\t\t<div class=\"elementor-widget-container\">\n\t\t\t\t\t\t\t\t\t<div class=\"elementor-swiper\">\n\t\t\t\t\t<div class=\"elementor-slides-wrapper elementor-main-swiper swiper\" role=\"region\" aria-roledescription=\"carousel\" aria-label=\"Diapositives\" dir=\"ltr\" data-animation=\"fadeInUp\">\n\t\t\t\t<div class=\"swiper-wrapper elementor-slides\">\n\t\t\t\t\t\t\t\t\t\t<div class=\"elementor-repeater-item-4094fd2 swiper-slide\" role=\"group\" aria-roledescription=\"slide\"><div class=\"swiper-slide-bg elementor-ken-burns elementor-ken-burns--in\" role=\"img\" aria-label=\"las coloradas punto de inmersion en lanzarote\"><\/div><div class=\"elementor-background-overlay\"><\/div><div class=\"swiper-slide-inner\" ><div class=\"swiper-slide-contents\"><h1 class=\"elementor-slide-heading\">Las Coloradas<\/h1><p class=\"elementor-slide-description\"><p>Sculpture unique de la nature<\/p>\n<\/p><\/div><\/div><\/div>\t\t\t\t<\/div>\n\t\t\t\t\t\t\t<\/div>\n\t\t\t\t<\/div>\n\t\t\t\t\t\t\t\t<\/div>\n\t\t\t\t<\/div>\n\t\t\t\t<\/div>\n\t\t<div class=\"wd-negative-gap elementor-element elementor-element-80892e6 e-flex e-con-boxed e-con e-parent\" data-id=\"80892e6\" data-element_type=\"container\" data-e-type=\"container\">\n\t\t\t\t\t<div class=\"e-con-inner\">\n\t\t\t\t<div class=\"elementor-element elementor-element-4d712eb color-scheme-inherit text-left elementor-widget elementor-widget-text-editor\" data-id=\"4d712eb\" data-element_type=\"widget\" data-e-type=\"widget\" data-widget_type=\"text-editor.default\">\n\t\t\t\t<div class=\"elementor-widget-container\">\n\t\t\t\t\t\t\t\t\t<div class=\"wpb_text_column wpb_content_element \">\n<div class=\"wpb_wrapper\">\n<div class=\"wpb_text_column wpb_content_element \">\n<div class=\"wpb_wrapper\">\n<p>Dans l&rsquo;immense zone sablonneuse appara\u00eet un mur sous lequel se g\u00e9n\u00e8re un <strong>rebord qui cache une mer de vie.<\/strong><\/p>\n<p>Raies pastenagues, merous canariens, carangues dentues, mur\u00e8nes, chapons, an\u00e9mones g\u00e9antes, crevettes nettoyeuses, coquillages ou poulpes sont quelques-unes des <strong>esp\u00e8ces que l&rsquo;on peut admirer<\/strong> en fouillant sous la corniche.<\/p>\n<div class=\"wpb_text_column wpb_content_element \">\n<div class=\"wpb_wrapper\">\n<p>Profiter de la <strong>simplicit\u00e9 de cette plongee<\/strong> et du plaisir de plonger en toute s\u00e9curit\u00e9 nous fait prendre conscience qu&rsquo;il existe de nombreuses raisons de qualifier les \u00eeles Canaries d&rsquo;\u00ab <strong>\u00eeles chanceuses<\/strong> \u00bb.<\/p>\n<p>Deux itin\u00e9raires sont propos\u00e9s qui ont l&rsquo;arche rocheuse comme point de d\u00e9part commun.<\/p>\n<p>De l\u00e0, une alternative est de suivre le chemin en laissant le mur du c\u00f4te de l&rsquo;\u00e9paule droite, tandis que l&rsquo;autre itin\u00e9raire est dans la direction oppos\u00e9e, en le laissant sur la gauche.<\/p>\n<p>Les formes des <strong>rochers semblent sculpt\u00e9es<\/strong> et sont tr\u00e8s diff\u00e9rentes dans chacune des deux plong\u00e9es.<\/p>\n<p>Cet endroit <strong>ne nous laissera pas indiff\u00e9ren<\/strong>t lorsque nous accumulerons plus d&rsquo;exp\u00e9rience, de par sa simplicit\u00e9 et son confort.<\/p>\n<p>C&rsquo;est aussi tr\u00e8s int\u00e9ressant quand on a peu d&rsquo;exp\u00e9rience car les eaux sont assez peu profondes.<\/p>\n<\/div>\n<\/div>\n<\/div>\n<\/div>\n<\/div>\n<\/div>\n\t\t\t\t\t\t\t\t<\/div>\n\t\t\t\t<\/div>\n\t\t\t\t\t<\/div>\n\t\t\t\t<\/div>\n\t\t\t\t<section class=\"wd-negative-gap elementor-section elementor-top-section elementor-element elementor-element-2364e353 elementor-section-full_width elementor-section-height-default elementor-section-height-default\" data-id=\"2364e353\" data-element_type=\"section\" data-e-type=\"section\" id=\"xs_team_9\">\n\t\t\t\t\t\t<div class=\"elementor-container elementor-column-gap-default\">\n\t\t\t\t\t<div class=\"elementor-column elementor-col-100 elementor-top-column elementor-element elementor-element-425a7d9a\" data-id=\"425a7d9a\" data-element_type=\"column\" data-e-type=\"column\">\n\t\t\t<div class=\"elementor-widget-wrap elementor-element-populated\">\n\t\t\t\t\t\t<div class=\"elementor-element elementor-element-a75f765 elementor-widget elementor-widget-image\" data-id=\"a75f765\" data-element_type=\"widget\" data-e-type=\"widget\" data-widget_type=\"image.default\">\n\t\t\t\t<div class=\"elementor-widget-container\">\n\t\t\t\t\t\t\t\t\t\t\t\t\t\t\t<img decoding=\"async\" width=\"1110\" height=\"654\" src=\"https:\/\/puravidalanzarotediving.com\/wp-content\/uploads\/2024\/08\/Mapa-Las-Coloradas.jpg\" class=\"attachment-full size-full wp-image-3218\" alt=\"\" srcset=\"https:\/\/puravidalanzarotediving.com\/wp-content\/uploads\/2024\/08\/Mapa-Las-Coloradas.jpg 1110w, https:\/\/puravidalanzarotediving.com\/wp-content\/uploads\/2024\/08\/Mapa-Las-Coloradas-300x177.jpg 300w, https:\/\/puravidalanzarotediving.com\/wp-content\/uploads\/2024\/08\/Mapa-Las-Coloradas-1024x603.jpg 1024w, https:\/\/puravidalanzarotediving.com\/wp-content\/uploads\/2024\/08\/Mapa-Las-Coloradas-768x452.jpg 768w\" sizes=\"(max-width: 1110px) 100vw, 1110px\" \/>\t\t\t\t\t\t\t\t\t\t\t\t\t\t\t<\/div>\n\t\t\t\t<\/div>\n\t\t\t\t\t<\/div>\n\t\t<\/div>\n\t\t\t\t\t<\/div>\n\t\t<\/section>\n\t\t\t\t<\/div>\n\t\t","protected":false},"excerpt":{"rendered":"<p>Sculpture unique de la nature Dans l&rsquo;immense zone sablonneuse appara\u00eet un mur sous lequel se g\u00e9n\u00e8re un rebord qui cache<\/p>\n","protected":false},"author":1,"featured_media":0,"parent":6195,"menu_order":0,"comment_status":"closed","ping_status":"closed","template":"","meta":{"_joinchat":[],"footnotes":""},"class_list":["post-6848","page","type-page","status-publish","hentry"],"_links":{"self":[{"href":"https:\/\/puravidalanzarotediving.com\/fr\/wp-json\/wp\/v2\/pages\/6848","targetHints":{"allow":["GET"]}}],"collection":[{"href":"https:\/\/puravidalanzarotediving.com\/fr\/wp-json\/wp\/v2\/pages"}],"about":[{"href":"https:\/\/puravidalanzarotediving.com\/fr\/wp-json\/wp\/v2\/types\/page"}],"author":[{"embeddable":true,"href":"https:\/\/puravidalanzarotediving.com\/fr\/wp-json\/wp\/v2\/users\/1"}],"replies":[{"embeddable":true,"href":"https:\/\/puravidalanzarotediving.com\/fr\/wp-json\/wp\/v2\/comments?post=6848"}],"version-history":[{"count":0,"href":"https:\/\/puravidalanzarotediving.com\/fr\/wp-json\/wp\/v2\/pages\/6848\/revisions"}],"up":[{"embeddable":true,"href":"https:\/\/puravidalanzarotediving.com\/fr\/wp-json\/wp\/v2\/pages\/6195"}],"wp:attachment":[{"href":"https:\/\/puravidalanzarotediving.com\/fr\/wp-json\/wp\/v2\/media?parent=6848"}],"curies":[{"name":"wp","href":"https:\/\/api.w.org\/{rel}","templated":true}]}}