{"id":6856,"date":"2024-08-07T12:28:45","date_gmt":"2024-08-07T10:28:45","guid":{"rendered":"https:\/\/divinginadream.com\/plongees\/punta-berrugo\/"},"modified":"2025-08-29T21:04:55","modified_gmt":"2025-08-29T19:04:55","slug":"punta-berrugo","status":"publish","type":"page","link":"https:\/\/puravidalanzarotediving.com\/fr\/plongees\/punta-berrugo\/","title":{"rendered":"Punta Berrugo"},"content":{"rendered":"\t\t<div data-elementor-type=\"wp-page\" data-elementor-id=\"6856\" class=\"elementor elementor-6856 elementor-683\" data-elementor-post-type=\"page\">\n\t\t\t\t<div class=\"elementor-element elementor-element-89085c4 e-con-full wd-section-stretch-content e-flex e-con e-parent\" data-id=\"89085c4\" data-element_type=\"container\" data-e-type=\"container\">\n\t\t\t\t<div class=\"elementor-element elementor-element-514135a elementor--h-position-center elementor--v-position-middle elementor-arrows-position-inside elementor-pagination-position-inside elementor-widget elementor-widget-slides\" data-id=\"514135a\" data-element_type=\"widget\" data-e-type=\"widget\" data-settings=\"{&quot;navigation&quot;:&quot;both&quot;,&quot;autoplay&quot;:&quot;yes&quot;,&quot;pause_on_hover&quot;:&quot;yes&quot;,&quot;pause_on_interaction&quot;:&quot;yes&quot;,&quot;autoplay_speed&quot;:5000,&quot;infinite&quot;:&quot;yes&quot;,&quot;transition&quot;:&quot;slide&quot;,&quot;transition_speed&quot;:500}\" data-widget_type=\"slides.default\">\n\t\t\t\t<div class=\"elementor-widget-container\">\n\t\t\t\t\t\t\t\t\t<div class=\"elementor-swiper\">\n\t\t\t\t\t<div class=\"elementor-slides-wrapper elementor-main-swiper swiper\" role=\"region\" aria-roledescription=\"carousel\" aria-label=\"Diapositives\" dir=\"ltr\" data-animation=\"fadeInUp\">\n\t\t\t\t<div class=\"swiper-wrapper elementor-slides\">\n\t\t\t\t\t\t\t\t\t\t<div class=\"elementor-repeater-item-4094fd2 swiper-slide\" role=\"group\" aria-roledescription=\"slide\"><div class=\"swiper-slide-bg elementor-ken-burns elementor-ken-burns--in\" role=\"img\" aria-label=\"punta berrugo lanzarote\"><\/div><div class=\"elementor-background-overlay\"><\/div><div class=\"swiper-slide-inner\" ><div class=\"swiper-slide-contents\"><h1 class=\"elementor-slide-heading\">Punta Berrugo<\/h1><p class=\"elementor-slide-description\"><p>Des cachettes infinies \u00e0 explorer<\/p>\n<\/p><\/div><\/div><\/div>\t\t\t\t<\/div>\n\t\t\t\t\t\t\t<\/div>\n\t\t\t\t<\/div>\n\t\t\t\t\t\t\t\t<\/div>\n\t\t\t\t<\/div>\n\t\t\t\t<\/div>\n\t\t<div class=\"wd-negative-gap elementor-element elementor-element-80892e6 e-flex e-con-boxed e-con e-parent\" data-id=\"80892e6\" data-element_type=\"container\" data-e-type=\"container\">\n\t\t\t\t\t<div class=\"e-con-inner\">\n\t\t\t\t<div class=\"elementor-element elementor-element-4d712eb color-scheme-inherit text-left elementor-widget elementor-widget-text-editor\" data-id=\"4d712eb\" data-element_type=\"widget\" data-e-type=\"widget\" data-widget_type=\"text-editor.default\">\n\t\t\t\t<div class=\"elementor-widget-container\">\n\t\t\t\t\t\t\t\t\t<div class=\"wpb_text_column wpb_content_element \">\n<div class=\"wpb_wrapper\">\n<div class=\"wpb_text_column wpb_content_element \">\n<div class=\"wpb_wrapper\">\n<p>Cette plong\u00e9e, c&rsquo;est comme partir \u00e0 la recherche d&rsquo;un tr\u00e9sor cach\u00e9.<\/p>\n<p>La plong\u00e9e s&rsquo;effectue \u00e0 la limite entre le sable et les rochers, en suivant le petit tombant qui s&rsquo;est form\u00e9.<\/p>\n<div class=\"wpb_column vc_column_container vc_col-sm-9\">\n<div class=\"vc_column-inner\">\n<div class=\"wpb_wrapper\">\n<div class=\"wpb_text_column wpb_content_element \">\n<div class=\"wpb_wrapper\">\n<p>Le paysage adopte <strong>des formes artistiques<\/strong> cr\u00e9ant de petits espaces dans lesquels il est irr\u00e9sistible de jeter un regard \u00e0 la recherche d&rsquo;habitants. On peut \u00e9galement reconna\u00eetre les quelques vestiges d&rsquo;une <strong>ancienne \u00e9pave<\/strong> que la mer a presque d\u00e9sint\u00e9gr\u00e9e. <\/p>\n<p>C&rsquo;est une plong\u00e9e simple, divertissante et vari\u00e9e car on peut profiter d&rsquo;environnements tr\u00e8s vari\u00e9s comme des grottes, des petits bancs de sable et des grands bancs de sable.<\/p>\n<p>Cette plong\u00e9e n&rsquo;a pas <strong>un seul itin\u00e9raire<\/strong>. Pour faciliter l&rsquo;orientation, le plus simple est de partir du point d&rsquo;ancrage et de suivre le chemin en laissant toujours le rocher du m\u00eame c\u00f4t\u00e9. <\/p>\n<p>Pour revenir, il suffit de continuer le chemin avec le rocher du c\u00f4t\u00e9 oppos\u00e9. Si nous le voulons, nous pouvons m\u00eame atteindre l\u2019\u00e9pave. <\/p>\n<p>La profondeur est parfaite pour plonger puisque nous nagerons entre <strong>12 et 18 m<\/strong>, la r\u00e9serve d&rsquo;air nous permettra donc de profiter d&rsquo;une plong\u00e9e relativement longue et confortable.<\/p>\n<\/div>\n<\/div>\n<\/div>\n<\/div>\n<\/div>\n<\/div>\n<\/div>\n<\/div>\n<\/div>\n\t\t\t\t\t\t\t\t<\/div>\n\t\t\t\t<\/div>\n\t\t\t\t\t<\/div>\n\t\t\t\t<\/div>\n\t\t\t\t<section class=\"wd-negative-gap elementor-section elementor-top-section elementor-element elementor-element-2364e353 elementor-section-full_width elementor-section-height-default elementor-section-height-default\" data-id=\"2364e353\" data-element_type=\"section\" data-e-type=\"section\" id=\"xs_team_9\">\n\t\t\t\t\t\t<div class=\"elementor-container elementor-column-gap-default\">\n\t\t\t\t\t<div class=\"elementor-column elementor-col-100 elementor-top-column elementor-element elementor-element-425a7d9a\" data-id=\"425a7d9a\" data-element_type=\"column\" data-e-type=\"column\">\n\t\t\t<div class=\"elementor-widget-wrap elementor-element-populated\">\n\t\t\t\t\t\t<div class=\"elementor-element elementor-element-a75f765 elementor-widget elementor-widget-image\" data-id=\"a75f765\" data-element_type=\"widget\" data-e-type=\"widget\" data-widget_type=\"image.default\">\n\t\t\t\t<div class=\"elementor-widget-container\">\n\t\t\t\t\t\t\t\t\t\t\t\t\t\t\t<img decoding=\"async\" width=\"1110\" height=\"654\" src=\"https:\/\/puravidalanzarotediving.com\/wp-content\/uploads\/2024\/08\/Mapa-Punta-Berrugo.jpg\" class=\"attachment-full size-full wp-image-3223\" alt=\"\" srcset=\"https:\/\/puravidalanzarotediving.com\/wp-content\/uploads\/2024\/08\/Mapa-Punta-Berrugo.jpg 1110w, https:\/\/puravidalanzarotediving.com\/wp-content\/uploads\/2024\/08\/Mapa-Punta-Berrugo-300x177.jpg 300w, https:\/\/puravidalanzarotediving.com\/wp-content\/uploads\/2024\/08\/Mapa-Punta-Berrugo-1024x603.jpg 1024w, https:\/\/puravidalanzarotediving.com\/wp-content\/uploads\/2024\/08\/Mapa-Punta-Berrugo-768x452.jpg 768w\" sizes=\"(max-width: 1110px) 100vw, 1110px\" \/>\t\t\t\t\t\t\t\t\t\t\t\t\t\t\t<\/div>\n\t\t\t\t<\/div>\n\t\t\t\t\t<\/div>\n\t\t<\/div>\n\t\t\t\t\t<\/div>\n\t\t<\/section>\n\t\t\t\t<\/div>\n\t\t","protected":false},"excerpt":{"rendered":"<p>Des cachettes infinies \u00e0 explorer Cette plong\u00e9e, c&rsquo;est comme partir \u00e0 la recherche d&rsquo;un tr\u00e9sor cach\u00e9. La plong\u00e9e s&rsquo;effectue \u00e0<\/p>\n","protected":false},"author":1,"featured_media":0,"parent":6195,"menu_order":0,"comment_status":"closed","ping_status":"closed","template":"","meta":{"_joinchat":[],"footnotes":""},"class_list":["post-6856","page","type-page","status-publish","hentry"],"_links":{"self":[{"href":"https:\/\/puravidalanzarotediving.com\/fr\/wp-json\/wp\/v2\/pages\/6856","targetHints":{"allow":["GET"]}}],"collection":[{"href":"https:\/\/puravidalanzarotediving.com\/fr\/wp-json\/wp\/v2\/pages"}],"about":[{"href":"https:\/\/puravidalanzarotediving.com\/fr\/wp-json\/wp\/v2\/types\/page"}],"author":[{"embeddable":true,"href":"https:\/\/puravidalanzarotediving.com\/fr\/wp-json\/wp\/v2\/users\/1"}],"replies":[{"embeddable":true,"href":"https:\/\/puravidalanzarotediving.com\/fr\/wp-json\/wp\/v2\/comments?post=6856"}],"version-history":[{"count":0,"href":"https:\/\/puravidalanzarotediving.com\/fr\/wp-json\/wp\/v2\/pages\/6856\/revisions"}],"up":[{"embeddable":true,"href":"https:\/\/puravidalanzarotediving.com\/fr\/wp-json\/wp\/v2\/pages\/6195"}],"wp:attachment":[{"href":"https:\/\/puravidalanzarotediving.com\/fr\/wp-json\/wp\/v2\/media?parent=6856"}],"curies":[{"name":"wp","href":"https:\/\/api.w.org\/{rel}","templated":true}]}}