{"id":7076,"date":"2024-10-08T18:39:08","date_gmt":"2024-10-08T16:39:08","guid":{"rendered":"https:\/\/divinginadream.com\/politica-de-cookies\/"},"modified":"2025-08-06T21:00:10","modified_gmt":"2025-08-06T19:00:10","slug":"politica-de-cookies","status":"publish","type":"page","link":"https:\/\/puravidalanzarotediving.com\/fr\/politica-de-cookies\/","title":{"rendered":"Pol\u00edtica de Cookies"},"content":{"rendered":"\t\t<div data-elementor-type=\"wp-page\" data-elementor-id=\"7076\" class=\"elementor elementor-7076 elementor-2439\" data-elementor-post-type=\"page\">\n\t\t\t\t<div class=\"elementor-element elementor-element-22631cf e-con-full wd-section-stretch-content e-flex e-con e-parent\" data-id=\"22631cf\" data-element_type=\"container\" data-e-type=\"container\">\n\t\t\t\t<div class=\"elementor-element elementor-element-5da3a5c elementor--h-position-center elementor--v-position-middle elementor-arrows-position-inside elementor-pagination-position-inside elementor-widget elementor-widget-slides\" data-id=\"5da3a5c\" data-element_type=\"widget\" data-e-type=\"widget\" data-settings=\"{&quot;navigation&quot;:&quot;both&quot;,&quot;autoplay&quot;:&quot;yes&quot;,&quot;pause_on_hover&quot;:&quot;yes&quot;,&quot;pause_on_interaction&quot;:&quot;yes&quot;,&quot;autoplay_speed&quot;:5000,&quot;infinite&quot;:&quot;yes&quot;,&quot;transition&quot;:&quot;slide&quot;,&quot;transition_speed&quot;:500}\" data-widget_type=\"slides.default\">\n\t\t\t\t<div class=\"elementor-widget-container\">\n\t\t\t\t\t\t\t\t\t<div class=\"elementor-swiper\">\n\t\t\t\t\t<div class=\"elementor-slides-wrapper elementor-main-swiper swiper\" role=\"region\" aria-roledescription=\"carousel\" aria-label=\"Diapositives\" dir=\"ltr\" data-animation=\"fadeInUp\">\n\t\t\t\t<div class=\"swiper-wrapper elementor-slides\">\n\t\t\t\t\t\t\t\t\t\t<div class=\"elementor-repeater-item-4094fd2 swiper-slide\" role=\"group\" aria-roledescription=\"slide\"><div class=\"swiper-slide-bg elementor-ken-burns elementor-ken-burns--in\" role=\"img\" aria-label=\"Fondo del mar\"><\/div><div class=\"elementor-background-overlay\"><\/div><div class=\"swiper-slide-inner\" ><div class=\"swiper-slide-contents\"><h1 class=\"elementor-slide-heading\">Pol\u00edtica de Cookies<\/h1><\/div><\/div><\/div>\t\t\t\t<\/div>\n\t\t\t\t\t\t\t<\/div>\n\t\t\t\t<\/div>\n\t\t\t\t\t\t\t\t<\/div>\n\t\t\t\t<\/div>\n\t\t\t\t<\/div>\n\t\t<div class=\"wd-negative-gap elementor-element elementor-element-b4bdf58 e-flex e-con-boxed e-con e-parent\" data-id=\"b4bdf58\" data-element_type=\"container\" data-e-type=\"container\">\n\t\t\t\t\t<div class=\"e-con-inner\">\n\t\t\t\t<div class=\"elementor-element elementor-element-7deeebe color-scheme-inherit text-left elementor-widget elementor-widget-text-editor\" data-id=\"7deeebe\" data-element_type=\"widget\" data-e-type=\"widget\" data-widget_type=\"text-editor.default\">\n\t\t\t\t<div class=\"elementor-widget-container\">\n\t\t\t\t\t\t\t\t\t<h2>Pol\u00edtica de Cookies<\/h2><p>Una cookie es un fichero que se descarga en su ordenador al acceder a determinadas p\u00e1ginas web. Las cookies permiten a una p\u00e1gina web, entre otras cosas, almacenar y recuperar informaci\u00f3n sobre los h\u00e1bitos de navegaci\u00f3n de un usuario o de su equipo y, dependiendo de la informaci\u00f3n que contengan y de la forma en que utilice su equipo, pueden utilizarse para reconocer al usuario.<\/p><p>Las cookies son esenciales para el funcionamiento de Internet, aportando innumerables ventajas en la prestaci\u00f3n de servicios interactivos, facilit\u00e1ndole la navegaci\u00f3n y usabilidad de nuestra web. La informaci\u00f3n que le proporcionamos a continuaci\u00f3n le ayudar\u00e1 a comprender los diferentes tipos de cookies:<\/p><h3>Tipos de Cookies<\/h3><h4>Seg\u00fan la entidad que las gestione<\/h4><ul><li><strong>Cookies propias:<\/strong> Son aquellas que se recaban por el propio editor para prestar el servicio solicitado por el usuario.<\/li><li><strong>Cookies de tercero:<\/strong> Son aquellas que son recabadas y gestionadas por un tercero, estas no se pueden considerar propias.<\/li><\/ul><h4>Seg\u00fan el plazo de tiempo que permanezcan activadas<\/h4><ul><li><strong>Cookies de sesi\u00f3n:<\/strong> Recaban datos mientras el usuario navega por la red con la finalidad de prestar el servicio solicitado.<\/li><li><strong>Cookies persistentes:<\/strong> Se almacenan en el terminal y la informaci\u00f3n obtenida ser\u00e1 utilizada por el responsable de la cookie con la finalidad de prestar el servicio solicitado.<\/li><\/ul><h4>Seg\u00fan su finalidad<\/h4><ul><li><strong>Cookies t\u00e9cnicas:<\/strong> Son las necesarias para la correcta navegaci\u00f3n por la web.<\/li><li><strong>Cookies de personalizaci\u00f3n:<\/strong> Permiten al usuario las caracter\u00edsticas (idioma) para la navegaci\u00f3n por la website.<\/li><li><strong>Cookies de an\u00e1lisis:<\/strong> Permiten al prestador el an\u00e1lisis vinculado a la navegaci\u00f3n realizada por el usuario, con la finalidad de llevar un seguimiento de uso de la p\u00e1gina web, as\u00ed como realizar estad\u00edsticas de los contenidos m\u00e1s visitados, n\u00famero de visitantes, etc.<\/li><li><strong>Cookies publicitarias:<\/strong> Permiten al editor incluir en la web, espacios publicitarios, seg\u00fan el contenido de la propia web.<\/li><li><strong>Cookies de publicidad comportamental:<\/strong> Permiten al editor incluir en la p\u00e1gina web espacios publicitarios seg\u00fan la informaci\u00f3n obtenida a trav\u00e9s de los h\u00e1bitos de navegaci\u00f3n del usuario.<\/li><\/ul><h3>Uso de cookies seg\u00fan la LSSI-CE<\/h3><p>Seg\u00fan lo dispuesto en el art\u00edculo 22.2 de la Ley 34\/2002, de 11 de julio, de Servicios de la Sociedad de la Informaci\u00f3n y de Comercio Electr\u00f3nico (LSSI-CE), PURA VIDA DIVING ISLAS CANARIAS SL informa de las cookies utilizadas en nuestra website:<\/p><table border=\"1\"><thead><tr><th>Tipo de Cookies<\/th><th>Cookies propias<\/th><th>Cookies de tercero<\/th><th>Cookies de sesi\u00f3n<\/th><th>Cookies persistentes<\/th><\/tr><\/thead><tbody><tr><td>Cookies t\u00e9cnicas<\/td><td>X<\/td><td>X<\/td><td>X<\/td><td>X<\/td><\/tr><tr><td>Cookies de personalizaci\u00f3n<\/td><td>X<\/td><td>X<\/td><td>X<\/td><td>X<\/td><\/tr><tr><td>Cookies de an\u00e1lisis<\/td><td>X<\/td><td>X<\/td><td>X<\/td><td>X<\/td><\/tr><tr><td>Cookies publicitarias<\/td><td>X<\/td><td>\u00a0<\/td><td>\u00a0<\/td><td>\u00a0<\/td><\/tr><tr><td>Cookies de publicidad comportamental<\/td><td>\u00a0<\/td><td>\u00a0<\/td><td>\u00a0<\/td><td>\u00a0<\/td><\/tr><\/tbody><\/table><h3>Google Analytics<\/h3><p>Almacena cookies para poder elaborar estad\u00edsticas sobre el tr\u00e1fico y volumen de visitas de esta web. Al utilizar este sitio web est\u00e1 consintiendo el tratamiento de informaci\u00f3n acerca de usted por Google. Por tanto, el ejercicio de cualquier derecho en este sentido deber\u00e1 hacerlo comunicando directamente con Google.<\/p><p>Las cookies de Google Analytics se almacenan en servidores ubicados en Estados Unidos y se compromete a no compartirla con terceros, excepto en los casos en los que sea necesario para el funcionamiento del sistema o cuando la ley obligue a tal efecto. Seg\u00fan Google, no guarda su direcci\u00f3n IP.<\/p><p>Google Inc. es una compa\u00f1\u00eda adherida al Acuerdo de Puerto Seguro que garantiza que todos los datos transferidos ser\u00e1n tratados con un nivel de protecci\u00f3n acorde a la normativa europea. Puede consultar informaci\u00f3n detallada a este respecto a trav\u00e9s del siguiente enlace: <a href=\"https:\/\/support.google.com\/analytics\/answer\/6004245\" target=\"_blank\" rel=\"noopener\">https:\/\/support.google.com\/analytics\/answer\/6004245<\/a>.<\/p><p>Si lo desea, puede utilizar el <a href=\"https:\/\/tools.google.com\/dlpage\/gaoptout\" target=\"_blank\" rel=\"noopener\">Complemento de inhabilitaci\u00f3n para navegadores de Google Analytics<\/a> a trav\u00e9s de cuyas instrucciones pueden rechazarse las cookies anal\u00edticas de dicho servicio en todos los navegadores.<\/p><h3>\u00bfC\u00f3mo borrar, habilitar y administrar cookies en el navegador?<\/h3><p>Puede configurar su navegador de modo que se le informe de la recepci\u00f3n de cookies, pudiendo, si as\u00ed lo desea, impedir que sean instaladas en su disco duro. A continuaci\u00f3n le proporcionamos los enlaces de diversos navegadores, a trav\u00e9s de los cuales podr\u00e1 realizar dicha configuraci\u00f3n:<\/p><ul><li><a href=\"https:\/\/support.mozilla.org\/es\/kb\/habilitar-y-deshabilitar-cookies-que-los-sitios-we\" target=\"_blank\" rel=\"noopener\">Firefox<\/a><\/li><li><a href=\"https:\/\/support.google.com\/chrome\/bin\/answer.py?hl=es&amp;answer=95647\" target=\"_blank\" rel=\"noopener\">Chrome<\/a><\/li><li><a href=\"https:\/\/windows.microsoft.com\/es-es\/internet-explorer\/delete-manage-cookies#ie=ie-10\" target=\"_blank\" rel=\"noopener\">Explorer<\/a><\/li><li><a href=\"https:\/\/support.apple.com\/kb\/ph17191?locale=es_ES\" target=\"_blank\" rel=\"noopener\">Safari<\/a><\/li><li><a href=\"https:\/\/help.opera.com\/Windows\/11.50\/es-ES\/cookies.html\" target=\"_blank\" rel=\"noopener\">Opera<\/a><\/li><\/ul><h3>\u00bfQu\u00e9 ocurre si se deshabilitan las cookies?<\/h3><p>Si rechaza las cookies, podr\u00e1 seguir usando nuestro sitio web, pero es posible que algunos de los servicios y\/o enlaces dejen de funcionar correctamente, y no podremos obtener informaci\u00f3n valiosa para ofrecerle contenidos acordes a sus intereses.<\/p><h3>Cambios en la pol\u00edtica de cookies<\/h3><p>La presente pol\u00edtica de cookies es la versi\u00f3n 2.0, vigente desde el 1 de octubre de 2020. El titular de la web se reserva el derecho de modificar esta pol\u00edtica por nuevas exigencias legales o la incorporaci\u00f3n de nuevas cookies necesarias para el funcionamiento del sitio.<\/p><h3>Ejercicio de derechos en materia de cookies<\/h3><p>Puede conocer y ejercer sus derechos en materia de protecci\u00f3n de datos personales accediendo a la <a href=\"\/politica-de-privacidad\">Pol\u00edtica de Privacidad<\/a> de esta web.<\/p><p>Si tiene dudas sobre esta pol\u00edtica de cookies, puede contactar con nosotros a trav\u00e9s de <a href=\"mailto:info@puravidalanzarotediving.com\">info@puravidalanzarotediving.com<\/a>.<\/p>\t\t\t\t\t\t\t\t<\/div>\n\t\t\t\t<\/div>\n\t\t\t\t\t<\/div>\n\t\t\t\t<\/div>\n\t\t\t\t<\/div>\n\t\t","protected":false},"excerpt":{"rendered":"<p>Pol\u00edtica de Cookies Pol\u00edtica de Cookies Una cookie es un fichero que se descarga en su ordenador al acceder a<\/p>\n","protected":false},"author":1,"featured_media":0,"parent":0,"menu_order":0,"comment_status":"closed","ping_status":"closed","template":"elementor_header_footer","meta":{"_joinchat":[],"footnotes":""},"class_list":["post-7076","page","type-page","status-publish","hentry"],"_links":{"self":[{"href":"https:\/\/puravidalanzarotediving.com\/fr\/wp-json\/wp\/v2\/pages\/7076","targetHints":{"allow":["GET"]}}],"collection":[{"href":"https:\/\/puravidalanzarotediving.com\/fr\/wp-json\/wp\/v2\/pages"}],"about":[{"href":"https:\/\/puravidalanzarotediving.com\/fr\/wp-json\/wp\/v2\/types\/page"}],"author":[{"embeddable":true,"href":"https:\/\/puravidalanzarotediving.com\/fr\/wp-json\/wp\/v2\/users\/1"}],"replies":[{"embeddable":true,"href":"https:\/\/puravidalanzarotediving.com\/fr\/wp-json\/wp\/v2\/comments?post=7076"}],"version-history":[{"count":0,"href":"https:\/\/puravidalanzarotediving.com\/fr\/wp-json\/wp\/v2\/pages\/7076\/revisions"}],"wp:attachment":[{"href":"https:\/\/puravidalanzarotediving.com\/fr\/wp-json\/wp\/v2\/media?parent=7076"}],"curies":[{"name":"wp","href":"https:\/\/api.w.org\/{rel}","templated":true}]}}