{"id":9418,"date":"2024-07-09T16:27:42","date_gmt":"2024-07-09T14:27:42","guid":{"rendered":"https:\/\/puravidalanzarotediving.com\/eco-dive\/"},"modified":"2025-08-29T20:07:44","modified_gmt":"2025-08-29T18:07:44","slug":"eco-dive","status":"publish","type":"page","link":"https:\/\/puravidalanzarotediving.com\/fr\/eco-dive\/","title":{"rendered":"Eco Dive"},"content":{"rendered":"\t\t<div data-elementor-type=\"wp-page\" data-elementor-id=\"9418\" class=\"elementor elementor-9418 elementor-274\" data-elementor-post-type=\"page\">\n\t\t\t\t<div class=\"elementor-element elementor-element-89085c4 e-con-full wd-section-stretch-content e-flex e-con e-parent\" data-id=\"89085c4\" data-element_type=\"container\" data-e-type=\"container\">\n\t\t\t\t<div class=\"elementor-element elementor-element-514135a elementor--h-position-center elementor--v-position-middle elementor-arrows-position-inside elementor-pagination-position-inside elementor-widget elementor-widget-slides\" data-id=\"514135a\" data-element_type=\"widget\" data-e-type=\"widget\" data-settings=\"{&quot;navigation&quot;:&quot;both&quot;,&quot;autoplay&quot;:&quot;yes&quot;,&quot;pause_on_hover&quot;:&quot;yes&quot;,&quot;pause_on_interaction&quot;:&quot;yes&quot;,&quot;autoplay_speed&quot;:5000,&quot;infinite&quot;:&quot;yes&quot;,&quot;transition&quot;:&quot;slide&quot;,&quot;transition_speed&quot;:500}\" data-widget_type=\"slides.default\">\n\t\t\t\t<div class=\"elementor-widget-container\">\n\t\t\t\t\t\t\t\t\t<div class=\"elementor-swiper\">\n\t\t\t\t\t<div class=\"elementor-slides-wrapper elementor-main-swiper swiper\" role=\"region\" aria-roledescription=\"carousel\" aria-label=\"Diapositivas\" dir=\"ltr\" data-animation=\"fadeInUp\">\n\t\t\t\t<div class=\"swiper-wrapper elementor-slides\">\n\t\t\t\t\t\t\t\t\t\t<div class=\"elementor-repeater-item-4094fd2 swiper-slide\" role=\"group\" aria-roledescription=\"slide\"><div class=\"swiper-slide-bg elementor-ken-burns elementor-ken-burns--in\" role=\"img\" aria-label=\"Pura vida Eco dive\"><\/div><div class=\"elementor-background-overlay\"><\/div><div class=\"swiper-slide-inner\" ><div class=\"swiper-slide-contents\"><h1 class=\"elementor-slide-heading\">Pura Vida est Eco Dive<\/h1><\/div><\/div><\/div>\t\t\t\t<\/div>\n\t\t\t\t\t\t\t<\/div>\n\t\t\t\t<\/div>\n\t\t\t\t\t\t\t\t<\/div>\n\t\t\t\t<\/div>\n\t\t\t\t<\/div>\n\t\t<div class=\"wd-negative-gap elementor-element elementor-element-80892e6 e-flex e-con-boxed e-con e-parent\" data-id=\"80892e6\" data-element_type=\"container\" data-e-type=\"container\">\n\t\t\t\t\t<div class=\"e-con-inner\">\n\t\t\t\t<div class=\"elementor-element elementor-element-4d712eb color-scheme-inherit text-left elementor-widget elementor-widget-text-editor\" data-id=\"4d712eb\" data-element_type=\"widget\" data-e-type=\"widget\" data-widget_type=\"text-editor.default\">\n\t\t\t\t<div class=\"elementor-widget-container\">\n\t\t\t\t\t\t\t\t\t<div class=\"wpb_text_column wpb_content_element vc_custom_1581675963960\">\n<div class=\"wpb_wrapper\">\n<p>Pura Vida Lanzarote pratique la <strong>plong\u00e9e \u00e9coresponsable <\/strong>chaque jour pour contribuer, \u00e0 travers notre sport, \u00e0 pr\u00e9server notre environnement, sous l\u2019eau et \u00e0 la surface, afin de continuer \u00e0 profiter des merveilles de la nature en harmonie.<\/p>\n<p><em>Le d\u00e9veloppement qui r\u00e9pond aux besoins de la g\u00e9n\u00e9ration actuelle sans compromettre la capacit\u00e9 des g\u00e9n\u00e9rations futures \u00e0 r\u00e9pondre aux leurs.<\/em><\/p>\n<p>Pura Vida est bien plus qu&rsquo;un centre de plong\u00e9e, c&rsquo;est une philosophie bas\u00e9e sur le respect de l&rsquo;environnement naturel, culturel et social, ainsi que sur les valeurs d&rsquo;une communaut\u00e9. Elle permet de profiter d&rsquo;un \u00e9change d&rsquo;exp\u00e9riences positif, o\u00f9 la relation entre le touriste et la communaut\u00e9 est \u00e9quitable et o\u00f9 les b\u00e9n\u00e9fices de l&rsquo;activit\u00e9 sont r\u00e9partis de mani\u00e8re juste.<\/p>\n<\/div>\n<\/div>\n\t\t\t\t\t\t\t\t<\/div>\n\t\t\t\t<\/div>\n\t\t\t\t\t<\/div>\n\t\t\t\t<\/div>\n\t\t\t\t<section class=\"wd-negative-gap elementor-section elementor-top-section elementor-element elementor-element-2364e353 elementor-section-full_width elementor-section-height-default elementor-section-height-default\" data-id=\"2364e353\" data-element_type=\"section\" data-e-type=\"section\" id=\"xs_team_9\">\n\t\t\t\t\t\t<div class=\"elementor-container elementor-column-gap-default\">\n\t\t\t\t\t<div class=\"elementor-column elementor-col-100 elementor-top-column elementor-element elementor-element-425a7d9a\" data-id=\"425a7d9a\" data-element_type=\"column\" data-e-type=\"column\">\n\t\t\t<div class=\"elementor-widget-wrap elementor-element-populated\">\n\t\t\t\t<div class=\"wd-negative-gap elementor-element elementor-element-52b24d7 e-grid e-con-boxed e-con e-parent\" data-id=\"52b24d7\" data-element_type=\"container\" data-e-type=\"container\">\n\t\t\t\t\t<div class=\"e-con-inner\">\n\t\t\t\t<div class=\"elementor-element elementor-element-2bde375 elementor-position-top elementor-widget elementor-widget-image-box\" data-id=\"2bde375\" data-element_type=\"widget\" data-e-type=\"widget\" data-widget_type=\"image-box.default\">\n\t\t\t\t<div class=\"elementor-widget-container\">\n\t\t\t\t\t<div class=\"elementor-image-box-wrapper\"><figure class=\"elementor-image-box-img\"><a href=\"https:\/\/www.divessi.com\/es\/get-certified\/environment\/blue-oceans\" target=\"_blank\" tabindex=\"-1\" rel=\"noopener\"><img decoding=\"async\" width=\"871\" height=\"343\" src=\"https:\/\/puravidalanzarotediving.com\/wp-content\/uploads\/2024\/07\/blue-ocean.jpg\" class=\"attachment-full size-full wp-image-2781\" alt=\"Blue Ocean\" srcset=\"https:\/\/puravidalanzarotediving.com\/wp-content\/uploads\/2024\/07\/blue-ocean.jpg 871w, https:\/\/puravidalanzarotediving.com\/wp-content\/uploads\/2024\/07\/blue-ocean-300x118.jpg 300w, https:\/\/puravidalanzarotediving.com\/wp-content\/uploads\/2024\/07\/blue-ocean-768x302.jpg 768w\" sizes=\"(max-width: 871px) 100vw, 871px\" \/><\/a><\/figure><div class=\"elementor-image-box-content\"><h3 class=\"elementor-image-box-title\"><a href=\"https:\/\/www.divessi.com\/es\/get-certified\/environment\/blue-oceans\" target=\"_blank\" rel=\"noopener\">SSI Blue Oceans <\/a><\/h3><p class=\"elementor-image-box-description\">Nous pratiquons la plong\u00e9e depuis 2000 et g\u00e9rons depuis 2008 des centres de plong\u00e9e dans diff\u00e9rents pays. + Plus de 17 000 \u00e9tudiants sont pass\u00e9s entre nos mains depuis lors. <\/p><\/div><\/div>\t\t\t\t<\/div>\n\t\t\t\t<\/div>\n\t\t\t\t<div class=\"elementor-element elementor-element-9874911 elementor-position-top elementor-widget elementor-widget-image-box\" data-id=\"9874911\" data-element_type=\"widget\" data-e-type=\"widget\" data-widget_type=\"image-box.default\">\n\t\t\t\t<div class=\"elementor-widget-container\">\n\t\t\t\t\t<div class=\"elementor-image-box-wrapper\"><figure class=\"elementor-image-box-img\"><a href=\"https:\/\/angelsharknetwork.com\/canaryislands-es\/\" target=\"_blank\" tabindex=\"-1\" rel=\"noopener\"><img decoding=\"async\" width=\"871\" height=\"343\" src=\"https:\/\/puravidalanzarotediving.com\/wp-content\/uploads\/2024\/07\/angel-shark-project.jpg\" class=\"attachment-full size-full wp-image-2786\" alt=\"Angel Shark Project\" srcset=\"https:\/\/puravidalanzarotediving.com\/wp-content\/uploads\/2024\/07\/angel-shark-project.jpg 871w, https:\/\/puravidalanzarotediving.com\/wp-content\/uploads\/2024\/07\/angel-shark-project-300x118.jpg 300w, https:\/\/puravidalanzarotediving.com\/wp-content\/uploads\/2024\/07\/angel-shark-project-768x302.jpg 768w\" sizes=\"(max-width: 871px) 100vw, 871px\" \/><\/a><\/figure><div class=\"elementor-image-box-content\"><h3 class=\"elementor-image-box-title\"><a href=\"https:\/\/angelsharknetwork.com\/canaryislands-es\/\" target=\"_blank\" rel=\"noopener\">Angel Shark Proyect<\/a><\/h3><p class=\"elementor-image-box-description\">Notre centre respecte au maximum la s\u00e9curit\u00e9 et la r\u00e8glementation, c'est pourquoi nous appartenons \u00e0 : BUCO (A. Centros Buceo) | AETUR (Fed Empresarios Tur\u00edsticos) | C\u00e1mara Hiperb\u00e1rica Lanzarote (Lanzarote Hyperbaric Chamber)<\/p><\/div><\/div>\t\t\t\t<\/div>\n\t\t\t\t<\/div>\n\t\t\t\t<div class=\"elementor-element elementor-element-7fab674 elementor-position-top elementor-widget elementor-widget-image-box\" data-id=\"7fab674\" data-element_type=\"widget\" data-e-type=\"widget\" data-widget_type=\"image-box.default\">\n\t\t\t\t<div class=\"elementor-widget-container\">\n\t\t\t\t\t<div class=\"elementor-image-box-wrapper\"><figure class=\"elementor-image-box-img\"><a href=\"https:\/\/redpromar.org\/\" target=\"_blank\" tabindex=\"-1\" rel=\"noopener\"><img decoding=\"async\" width=\"871\" height=\"343\" src=\"https:\/\/puravidalanzarotediving.com\/wp-content\/uploads\/2024\/07\/redpromar-logo.jpg\" class=\"attachment-full size-full wp-image-2791\" alt=\"Redpromar logo\" srcset=\"https:\/\/puravidalanzarotediving.com\/wp-content\/uploads\/2024\/07\/redpromar-logo.jpg 871w, https:\/\/puravidalanzarotediving.com\/wp-content\/uploads\/2024\/07\/redpromar-logo-300x118.jpg 300w, https:\/\/puravidalanzarotediving.com\/wp-content\/uploads\/2024\/07\/redpromar-logo-768x302.jpg 768w\" sizes=\"(max-width: 871px) 100vw, 871px\" \/><\/a><\/figure><div class=\"elementor-image-box-content\"><h3 class=\"elementor-image-box-title\"><a href=\"https:\/\/redpromar.org\/\" target=\"_blank\" rel=\"noopener\">Red Promar<\/a><\/h3><p class=\"elementor-image-box-description\">Nous sommes associ\u00e9s \u00e0 l'agence de plong\u00e9e SSI, qui garantit les meilleures normes de qualit\u00e9, de s\u00e9curit\u00e9, d'apprentissage et de validit\u00e9 internationale de vos qualifications.<\/p><\/div><\/div>\t\t\t\t<\/div>\n\t\t\t\t<\/div>\n\t\t\t\t<div class=\"elementor-element elementor-element-53df33a elementor-position-top elementor-widget elementor-widget-image-box\" data-id=\"53df33a\" data-element_type=\"widget\" data-e-type=\"widget\" data-widget_type=\"image-box.default\">\n\t\t\t\t<div class=\"elementor-widget-container\">\n\t\t\t\t\t<div class=\"elementor-image-box-wrapper\"><figure class=\"elementor-image-box-img\"><a href=\"https:\/\/bucolanzarote.com\/\" target=\"_blank\" tabindex=\"-1\" rel=\"noopener\"><img decoding=\"async\" width=\"400\" height=\"158\" src=\"https:\/\/puravidalanzarotediving.com\/wp-content\/uploads\/2024\/07\/logo-buco-lanarote.jpg\" class=\"attachment-full size-full wp-image-2806\" alt=\"\" srcset=\"https:\/\/puravidalanzarotediving.com\/wp-content\/uploads\/2024\/07\/logo-buco-lanarote.jpg 400w, https:\/\/puravidalanzarotediving.com\/wp-content\/uploads\/2024\/07\/logo-buco-lanarote-300x119.jpg 300w\" sizes=\"(max-width: 400px) 100vw, 400px\" \/><\/a><\/figure><div class=\"elementor-image-box-content\"><h3 class=\"elementor-image-box-title\"><a href=\"https:\/\/bucolanzarote.com\/\" target=\"_blank\" rel=\"noopener\">Buco Lanzarote<\/a><\/h3><p class=\"elementor-image-box-description\">Cours sur mesure | Horaires flexibles | Paiement facile | Mat\u00e9riel physique et en ligne | Enseignement dans votre langue | Pr\u00eat d'\u00e9quipement de plong\u00e9e<\/p><\/div><\/div>\t\t\t\t<\/div>\n\t\t\t\t<\/div>\n\t\t\t\t<div class=\"elementor-element elementor-element-750ccdc elementor-position-top elementor-widget elementor-widget-image-box\" data-id=\"750ccdc\" data-element_type=\"widget\" data-e-type=\"widget\" data-widget_type=\"image-box.default\">\n\t\t\t\t<div class=\"elementor-widget-container\">\n\t\t\t\t\t<div class=\"elementor-image-box-wrapper\"><figure class=\"elementor-image-box-img\"><a href=\"https:\/\/ecoturismo.lanzarotebiosfera.org\/\" target=\"_blank\" tabindex=\"-1\" rel=\"noopener\"><img decoding=\"async\" width=\"400\" height=\"158\" src=\"https:\/\/puravidalanzarotediving.com\/wp-content\/uploads\/2024\/07\/revivir-lanzarote.jpg\" class=\"attachment-full size-full wp-image-2816\" alt=\"Revivir Lanzarote\" srcset=\"https:\/\/puravidalanzarotediving.com\/wp-content\/uploads\/2024\/07\/revivir-lanzarote.jpg 400w, https:\/\/puravidalanzarotediving.com\/wp-content\/uploads\/2024\/07\/revivir-lanzarote-300x119.jpg 300w\" sizes=\"(max-width: 400px) 100vw, 400px\" \/><\/a><\/figure><div class=\"elementor-image-box-content\"><h3 class=\"elementor-image-box-title\"><a href=\"https:\/\/ecoturismo.lanzarotebiosfera.org\/\" target=\"_blank\" rel=\"noopener\">Revivir Lanzarote<\/a><\/h3><p class=\"elementor-image-box-description\">Pour votre confort et votre s\u00e9curit\u00e9, nous limitons les groupes \u00e0 4 \u00e9l\u00e8ves par instructeur \/ DiveMaster.<\/p><\/div><\/div>\t\t\t\t<\/div>\n\t\t\t\t<\/div>\n\t\t\t\t<div class=\"elementor-element elementor-element-3971853 elementor-position-top elementor-widget elementor-widget-image-box\" data-id=\"3971853\" data-element_type=\"widget\" data-e-type=\"widget\" data-widget_type=\"image-box.default\">\n\t\t\t\t<div class=\"elementor-widget-container\">\n\t\t\t\t\t<div class=\"elementor-image-box-wrapper\"><figure class=\"elementor-image-box-img\"><a href=\"https:\/\/lanzaroteesd.com\/\" target=\"_blank\" tabindex=\"-1\" rel=\"noopener\"><img decoding=\"async\" width=\"250\" height=\"99\" src=\"https:\/\/puravidalanzarotediving.com\/wp-content\/uploads\/2024\/07\/lanzarote-sports-destination.jpg\" class=\"attachment-full size-full wp-image-2811\" alt=\"Lanzarote Sports Destination\" \/><\/a><\/figure><div class=\"elementor-image-box-content\"><h3 class=\"elementor-image-box-title\"><a href=\"https:\/\/lanzaroteesd.com\/\" target=\"_blank\" rel=\"noopener\">Lanzarote European Destination <\/a><\/h3><p class=\"elementor-image-box-description\">Installations modernes | R\u00e9ception et boutique | Mat\u00e9riel de plong\u00e9e neuf | Casiers | Aire de lavage du mat\u00e9riel | Salles de classe confortables | Douches | Zone Wifi<\/p><\/div><\/div>\t\t\t\t<\/div>\n\t\t\t\t<\/div>\n\t\t\t\t\t<\/div>\n\t\t\t\t<\/div>\n\t\t\t\t\t<\/div>\n\t\t<\/div>\n\t\t\t\t\t<\/div>\n\t\t<\/section>\n\t\t<div class=\"wd-negative-gap elementor-element elementor-element-0503dac e-flex e-con-boxed e-con e-parent\" data-id=\"0503dac\" data-element_type=\"container\" data-e-type=\"container\">\n\t\t\t\t\t<div class=\"e-con-inner\">\n\t\t\t\t<div class=\"elementor-element elementor-element-ae27afd color-scheme-inherit text-left elementor-widget elementor-widget-text-editor\" data-id=\"ae27afd\" data-element_type=\"widget\" data-e-type=\"widget\" data-widget_type=\"text-editor.default\">\n\t\t\t\t<div class=\"elementor-widget-container\">\n\t\t\t\t\t\t\t\t\t<div class=\"wpb_text_column wpb_content_element vc_custom_1581675963960\">\n<div class=\"wpb_wrapper\">\n<div class=\"vc_row wpb_row section vc_row-fluid vc_custom_1565774283376 grid_section\">\n<div class=\" section_inner clearfix\">\n<div class=\"section_inner_margin clearfix\">\n<div class=\"wpb_column vc_column_container vc_col-sm-12\">\n<div class=\"vc_column-inner\">\n<div class=\"wpb_wrapper\">\n<div class=\"wpb_text_column wpb_content_element \">\n<div class=\"wpb_wrapper\">\n<p>Recouvrant les <strong>deux tiers de notre plan\u00e8te<\/strong>, les mers abritent 80 % des organismes vivants de la Terre. <strong>La moiti\u00e9 de l\u2019oxyg\u00e8ne <\/strong>que nous respirons provient des oc\u00e9ans, qui, de plus, stabilisent le climat et permettent la circulation des nutriments \u00e0 travers la plan\u00e8te.<\/p>\n<p>Ils r\u00e9gulent l&rsquo;eau et <strong>sont essentiels \u00e0 la production d&rsquo;eau douce <\/strong>ainsi qu&rsquo;\u00e0 l&rsquo;absorption du carbone. Ils fournissent \u00e9galement des aliments et d&rsquo;autres ressources, favorisent le commerce et servent de routes de migration. <\/p>\n<p>La liste des <strong>menaces <\/strong>est longue : p\u00eache destructrice, rejets de d\u00e9chets, p\u00e9trole et produits chimiques, utilisation d&rsquo;appareils acoustiques sous-marins, activit\u00e9s militaires, invasion d&rsquo;esp\u00e8ces non indig\u00e8nes, impact du changement climatique, extraction de sable ou de mat\u00e9riaux de construction, exploitation des hydrocarbures, urbanisation croissante des littoraux, pour n\u2019en citer que quelques exemples.<\/p>\n<p><strong>En chiffres<\/strong>, chaque ann\u00e9e, les d\u00e9chets plastiques ayant atteint le fond de la mer causent la mort d\u2019un <strong>million d\u2019oiseaux marins<\/strong>, de <strong>100 000 mammif\u00e8res <\/strong>marins et d\u2019un nombre incalculable de poissons ! Au cours de la derni\u00e8re d\u00e9cennie, une moyenne de <strong>600 000 barils <\/strong>de p\u00e9trole a \u00e9t\u00e9 d\u00e9vers\u00e9e accidentellement chaque ann\u00e9e. <\/p>\n<p>Les populations de grands poissons tels que le thon, le cabillaud ou l&rsquo;espadon ont <strong>diminu\u00e9 jusqu&rsquo;\u00e0 90 %<\/strong> au cours du dernier si\u00e8cle. Il existe une menace r\u00e9elle et prouv\u00e9e pour les requins. Chaque <strong>ann\u00e9e<\/strong>, <strong>100 millions de requins (270 000 par jour) <\/strong>sont tu\u00e9s dans le monde entier, et certaines de leurs esp\u00e8ces sont en danger d&rsquo;extinction, ce qui, si cela se produisait, aurait des cons\u00e9quences d\u00e9sastreuses sur la vie en surface.  <\/p>\n<\/div>\n<\/div>\n<\/div>\n<\/div>\n<\/div>\n<\/div>\n<\/div>\n<\/div>\n<\/div>\n<\/div>\n\t\t\t\t\t\t\t\t<\/div>\n\t\t\t\t<\/div>\n\t\t\t\t\t<\/div>\n\t\t\t\t<\/div>\n\t\t<div class=\"wd-negative-gap elementor-element elementor-element-cb13ecb e-flex e-con-boxed e-con e-parent\" data-id=\"cb13ecb\" data-element_type=\"container\" data-e-type=\"container\">\n\t\t\t\t\t<div class=\"e-con-inner\">\n\t\t<div class=\"elementor-element elementor-element-9f4510e e-con-full e-flex e-con e-child\" data-id=\"9f4510e\" data-element_type=\"container\" data-e-type=\"container\">\n\t\t\t\t<div class=\"elementor-element elementor-element-4e51f49 elementor-widget elementor-widget-heading\" data-id=\"4e51f49\" data-element_type=\"widget\" data-e-type=\"widget\" data-widget_type=\"heading.default\">\n\t\t\t\t<div class=\"elementor-widget-container\">\n\t\t\t\t\t<h2 class=\"elementor-heading-title elementor-size-default\">Nettoyages de plage mensuels<\/h2>\t\t\t\t<\/div>\n\t\t\t\t<\/div>\n\t\t\t\t<div class=\"elementor-element elementor-element-a908104 color-scheme-inherit text-left elementor-widget elementor-widget-text-editor\" data-id=\"a908104\" data-element_type=\"widget\" data-e-type=\"widget\" data-widget_type=\"text-editor.default\">\n\t\t\t\t<div class=\"elementor-widget-container\">\n\t\t\t\t\t\t\t\t\t<div class=\"wpb_text_column wpb_content_element vc_custom_1581675963960\">\n<div class=\"wpb_wrapper\">\n<div class=\"vc_row wpb_row section vc_row-fluid vc_custom_1565774283376 grid_section\">\n<div class=\" section_inner clearfix\">\n<div class=\"section_inner_margin clearfix\">\n<div class=\"wpb_column vc_column_container vc_col-sm-12\">\n<div class=\"vc_column-inner\">\n<div class=\"wpb_wrapper\">\n<div class=\"wpb_text_column wpb_content_element \">\n<div class=\"wpb_wrapper\">\n<p>Le premier samedi de mars 2018, nous avons lanc\u00e9 le projet de nettoyages de plages et de fonds marins dans la municipalit\u00e9 de Yaiza. L&rsquo;id\u00e9e \u00e9tait de cr\u00e9er une fr\u00e9quence r\u00e9guli\u00e8re, afin que la population locale et les touristes sachent qu&rsquo;\u00e0 Playa Blanca, chaque premier samedi du mois, des nettoyages ont lieu auxquels ils peuvent participer. <\/p>\n<p><strong>Depuis 2018<\/strong>, nous avons organis\u00e9 <strong>plus de 6 nettoyages annuels<\/strong>, tant sous l&rsquo;eau qu&rsquo;en surface.<\/p>\n<p>Avec la satisfaction d&rsquo;avoir \u00e9tabli une date fixe dans le calendrier du sud de l&rsquo;\u00eele, consacr\u00e9e \u00e0 prendre soin de notre environnement, chaque deuxi\u00e8me <strong>samedi du mois<\/strong>. Pour plus d&rsquo;infos, <a href=\"https:\/\/puravidalanzarotediving.com\/contacta\/\">contactez ici.<\/a> <\/p>\n<p>Les objectifs que nous nous fixons pour cette ann\u00e9e sont :<\/p>\n<ul>\n<li><i>Nettoyer les plages et les fonds marins. <\/i><\/li>\n<\/ul>\n<ul>\n<li>Cr\u00e9er un espace d&rsquo;action collective et de relation entre les institutions publiques, les entreprises, la population locale et les touristes. <\/li>\n<\/ul>\n<ul>\n<li>Sensibiliser l&rsquo;administration publique, d&rsquo;autres entreprises, la population locale et les touristes qui nous visitent. <\/li>\n<li>Travailler \u00e0 la mise en place d&rsquo;un tourisme durable \u00e0 Lanzarote.<\/li>\n<\/ul>\n<ul class=\"checkgreen\">\n<li><strong>Dans les m\u00e9dias :<\/strong><\/li>\n<li><a href=\"https:\/\/www.lancelotdigital.com\/municipios\/mas-de-cien-voluntarios-en-la-decimoquinta-accion-medioambiental-en-playa-blanca\" target=\"_blank\" rel=\"noopener noreferrer\">Lancelot TV<\/a><\/li>\n<li><a href=\"https:\/\/revistaalsolajero.com\/nueva-limpieza-de-litoral-y-fondo-marino-con-voluntarios-en-playa-flamingo\/\" target=\"_blank\" rel=\"noopener noreferrer\">Revista Alsolajero<\/a><\/li>\n<li><a href=\"https:\/\/yaiza.es\/yaiza-homenajea-al-voluntariado-que-limpia-playas-en-el-primer-aniversario-de-las-jornadas\" target=\"_blank\" rel=\"noopener noreferrer\">Yaiza te Informa<\/a><\/li>\n<\/ul>\n<\/div>\n<\/div>\n<\/div>\n<\/div>\n<\/div>\n<\/div>\n<\/div>\n<\/div>\n<\/div>\n<\/div>\n\t\t\t\t\t\t\t\t<\/div>\n\t\t\t\t<\/div>\n\t\t\t\t<\/div>\n\t\t<div class=\"elementor-element elementor-element-3512a1f e-con-full e-flex e-con e-child\" data-id=\"3512a1f\" data-element_type=\"container\" data-e-type=\"container\">\n\t\t\t\t<div class=\"elementor-element elementor-element-9efbc86 elementor-widget elementor-widget-image\" data-id=\"9efbc86\" data-element_type=\"widget\" data-e-type=\"widget\" data-widget_type=\"image.default\">\n\t\t\t\t<div class=\"elementor-widget-container\">\n\t\t\t\t\t\t\t\t\t\t\t\t\t\t\t<img decoding=\"async\" width=\"2172\" height=\"2250\" src=\"https:\/\/puravidalanzarotediving.com\/wp-content\/uploads\/2024\/07\/Limpieza-de-Playas-Lanzarote.jpg\" class=\"attachment-full size-full wp-image-2796\" alt=\"Limpieza de Playas Lanzarote\" srcset=\"https:\/\/puravidalanzarotediving.com\/wp-content\/uploads\/2024\/07\/Limpieza-de-Playas-Lanzarote.jpg 2172w, https:\/\/puravidalanzarotediving.com\/wp-content\/uploads\/2024\/07\/Limpieza-de-Playas-Lanzarote-290x300.jpg 290w, https:\/\/puravidalanzarotediving.com\/wp-content\/uploads\/2024\/07\/Limpieza-de-Playas-Lanzarote-989x1024.jpg 989w, https:\/\/puravidalanzarotediving.com\/wp-content\/uploads\/2024\/07\/Limpieza-de-Playas-Lanzarote-768x796.jpg 768w, https:\/\/puravidalanzarotediving.com\/wp-content\/uploads\/2024\/07\/Limpieza-de-Playas-Lanzarote-1483x1536.jpg 1483w, https:\/\/puravidalanzarotediving.com\/wp-content\/uploads\/2024\/07\/Limpieza-de-Playas-Lanzarote-1977x2048.jpg 1977w\" sizes=\"(max-width: 2172px) 100vw, 2172px\" \/>\t\t\t\t\t\t\t\t\t\t\t\t\t\t\t<\/div>\n\t\t\t\t<\/div>\n\t\t\t\t<\/div>\n\t\t\t\t\t<\/div>\n\t\t\t\t<\/div>\n\t\t<div class=\"wd-negative-gap elementor-element elementor-element-01f9eec e-flex e-con-boxed e-con e-parent\" data-id=\"01f9eec\" data-element_type=\"container\" data-e-type=\"container\">\n\t\t\t\t\t<div class=\"e-con-inner\">\n\t\t<div class=\"elementor-element elementor-element-709f07c e-con-full e-flex e-con e-child\" data-id=\"709f07c\" data-element_type=\"container\" data-e-type=\"container\">\n\t\t\t\t<div class=\"elementor-element elementor-element-b74d4ad elementor-widget elementor-widget-image\" data-id=\"b74d4ad\" data-element_type=\"widget\" data-e-type=\"widget\" data-widget_type=\"image.default\">\n\t\t\t\t<div class=\"elementor-widget-container\">\n\t\t\t\t\t\t\t\t\t\t\t\t\t\t\t<img decoding=\"async\" width=\"1000\" height=\"1000\" src=\"https:\/\/puravidalanzarotediving.com\/wp-content\/uploads\/2024\/07\/blue-oceans-ssi.jpg\" class=\"attachment-full size-full wp-image-2801\" alt=\"Blue Oceans SSI\" srcset=\"https:\/\/puravidalanzarotediving.com\/wp-content\/uploads\/2024\/07\/blue-oceans-ssi.jpg 1000w, https:\/\/puravidalanzarotediving.com\/wp-content\/uploads\/2024\/07\/blue-oceans-ssi-300x300.jpg 300w, https:\/\/puravidalanzarotediving.com\/wp-content\/uploads\/2024\/07\/blue-oceans-ssi-150x150.jpg 150w, https:\/\/puravidalanzarotediving.com\/wp-content\/uploads\/2024\/07\/blue-oceans-ssi-768x768.jpg 768w, https:\/\/puravidalanzarotediving.com\/wp-content\/uploads\/2024\/07\/blue-oceans-ssi-600x600.jpg 600w\" sizes=\"(max-width: 1000px) 100vw, 1000px\" \/>\t\t\t\t\t\t\t\t\t\t\t\t\t\t\t<\/div>\n\t\t\t\t<\/div>\n\t\t\t\t<\/div>\n\t\t<div class=\"elementor-element elementor-element-62e57c3 e-con-full e-flex e-con e-child\" data-id=\"62e57c3\" data-element_type=\"container\" data-e-type=\"container\">\n\t\t\t\t<div class=\"elementor-element elementor-element-e915126 elementor-widget elementor-widget-heading\" data-id=\"e915126\" data-element_type=\"widget\" data-e-type=\"widget\" data-widget_type=\"heading.default\">\n\t\t\t\t<div class=\"elementor-widget-container\">\n\t\t\t\t\t<h2 class=\"elementor-heading-title elementor-size-default\">R\u00e8gles d'un plongeur engag\u00e9<\/h2>\t\t\t\t<\/div>\n\t\t\t\t<\/div>\n\t\t\t\t<div class=\"elementor-element elementor-element-862d99d color-scheme-inherit text-left elementor-widget elementor-widget-text-editor\" data-id=\"862d99d\" data-element_type=\"widget\" data-e-type=\"widget\" data-widget_type=\"text-editor.default\">\n\t\t\t\t<div class=\"elementor-widget-container\">\n\t\t\t\t\t\t\t\t\t<ul class=\"checkgreen\">\n<li>Soutiens des projets d\u00e9di\u00e9s \u00e0 la protection marine, comme nos nettoyages mensuels.<\/li>\n<li>Si possible, ramasse les d\u00e9chets lors de tes immersions, mais uniquement si cela ne cause pas plus de tort \u00e0 l&rsquo;environnement.<\/li>\n<li>Si possible, coupe les cordes suspendues et collecte les filets et plastiques.<\/li>\n<li>Ne jette jamais de d\u00e9chets inorganiques dans la mer : les plastiques se d\u00e9composent de mani\u00e8re incroyablement lente.<\/li>\n<li>Minimise tes d\u00e9chets : utilise des tasses \u00e0 caf\u00e9 et des bo\u00eetes \u00e0 lunch r\u00e9utilisables, des bouteilles en verre ou en m\u00e9tal et des sacs de courses.<\/li>\n<li>Ne nourris pas et ne d\u00e9range pas les animaux marins.<\/li>\n<li>Ne prends pas de souvenirs de la mer : les morceaux de corail bris\u00e9s ou les coquilles vides servent encore de refuges utiles.<\/li>\n<\/ul>\n\t\t\t\t\t\t\t\t<\/div>\n\t\t\t\t<\/div>\n\t\t\t\t<\/div>\n\t\t\t\t\t<\/div>\n\t\t\t\t<\/div>\n\t\t\t\t<\/div>\n\t\t","protected":false},"excerpt":{"rendered":"<p>Pura Vida est Eco Dive Pura Vida Lanzarote pratique la plong\u00e9e \u00e9coresponsable chaque jour pour contribuer, \u00e0 travers notre sport,<\/p>\n","protected":false},"author":1,"featured_media":0,"parent":0,"menu_order":0,"comment_status":"closed","ping_status":"closed","template":"","meta":{"_joinchat":[],"footnotes":""},"class_list":["post-9418","page","type-page","status-publish","hentry"],"_links":{"self":[{"href":"https:\/\/puravidalanzarotediving.com\/fr\/wp-json\/wp\/v2\/pages\/9418","targetHints":{"allow":["GET"]}}],"collection":[{"href":"https:\/\/puravidalanzarotediving.com\/fr\/wp-json\/wp\/v2\/pages"}],"about":[{"href":"https:\/\/puravidalanzarotediving.com\/fr\/wp-json\/wp\/v2\/types\/page"}],"author":[{"embeddable":true,"href":"https:\/\/puravidalanzarotediving.com\/fr\/wp-json\/wp\/v2\/users\/1"}],"replies":[{"embeddable":true,"href":"https:\/\/puravidalanzarotediving.com\/fr\/wp-json\/wp\/v2\/comments?post=9418"}],"version-history":[{"count":0,"href":"https:\/\/puravidalanzarotediving.com\/fr\/wp-json\/wp\/v2\/pages\/9418\/revisions"}],"wp:attachment":[{"href":"https:\/\/puravidalanzarotediving.com\/fr\/wp-json\/wp\/v2\/media?parent=9418"}],"curies":[{"name":"wp","href":"https:\/\/api.w.org\/{rel}","templated":true}]}}