{"id":4852,"date":"2024-10-08T16:47:02","date_gmt":"2024-10-08T14:47:02","guid":{"rendered":"https:\/\/divinginadream.com\/aviso-legal\/"},"modified":"2025-08-13T11:50:12","modified_gmt":"2025-08-13T09:50:12","slug":"aviso-legal","status":"publish","type":"page","link":"https:\/\/puravidalanzarotediving.com\/it\/aviso-legal\/","title":{"rendered":"Avviso legale"},"content":{"rendered":"\t\t<div data-elementor-type=\"wp-page\" data-elementor-id=\"4852\" class=\"elementor elementor-4852 elementor-2427\" data-elementor-post-type=\"page\">\n\t\t\t\t<div class=\"wd-negative-gap elementor-element elementor-element-4da9fbd wd-section-stretch-content e-flex e-con-boxed e-con e-parent\" data-id=\"4da9fbd\" data-element_type=\"container\" data-e-type=\"container\">\n\t\t\t\t\t<div class=\"e-con-inner\">\n\t\t<div class=\"elementor-element elementor-element-88dfa7f e-con-full wd-section-stretch-content e-flex e-con e-child\" data-id=\"88dfa7f\" data-element_type=\"container\" data-e-type=\"container\" data-settings=\"{&quot;background_background&quot;:&quot;classic&quot;}\">\n\t\t<div class=\"elementor-element elementor-element-cdc99a9 e-con-full wd-section-stretch-content e-flex e-con e-child\" data-id=\"cdc99a9\" data-element_type=\"container\" data-e-type=\"container\">\n\t\t\t\t<div class=\"elementor-element elementor-element-48d038c elementor--h-position-center elementor--v-position-middle elementor-arrows-position-inside elementor-pagination-position-inside elementor-widget elementor-widget-slides\" data-id=\"48d038c\" data-element_type=\"widget\" data-e-type=\"widget\" data-settings=\"{&quot;navigation&quot;:&quot;both&quot;,&quot;autoplay&quot;:&quot;yes&quot;,&quot;pause_on_hover&quot;:&quot;yes&quot;,&quot;pause_on_interaction&quot;:&quot;yes&quot;,&quot;autoplay_speed&quot;:5000,&quot;infinite&quot;:&quot;yes&quot;,&quot;transition&quot;:&quot;slide&quot;,&quot;transition_speed&quot;:500}\" data-widget_type=\"slides.default\">\n\t\t\t\t<div class=\"elementor-widget-container\">\n\t\t\t\t\t\t\t\t\t<div class=\"elementor-swiper\">\n\t\t\t\t\t<div class=\"elementor-slides-wrapper elementor-main-swiper swiper\" role=\"region\" aria-roledescription=\"carousel\" aria-label=\"Slides\" dir=\"ltr\" data-animation=\"fadeInUp\">\n\t\t\t\t<div class=\"swiper-wrapper elementor-slides\">\n\t\t\t\t\t\t\t\t\t\t<div class=\"elementor-repeater-item-4094fd2 swiper-slide\" role=\"group\" aria-roledescription=\"slide\"><div class=\"swiper-slide-bg elementor-ken-burns elementor-ken-burns--in\" role=\"img\" aria-label=\"Fondo del mar\"><\/div><div class=\"elementor-background-overlay\"><\/div><div class=\"swiper-slide-inner\" ><div class=\"swiper-slide-contents\"><h1 class=\"elementor-slide-heading\">Avviso legale<\/h1><\/div><\/div><\/div>\t\t\t\t<\/div>\n\t\t\t\t\t\t\t<\/div>\n\t\t\t\t<\/div>\n\t\t\t\t\t\t\t\t<\/div>\n\t\t\t\t<\/div>\n\t\t\t\t<\/div>\n\t\t\t\t<\/div>\n\t\t\t\t\t<\/div>\n\t\t\t\t<\/div>\n\t\t<div class=\"wd-negative-gap elementor-element elementor-element-d7626b4 e-flex e-con-boxed e-con e-parent\" data-id=\"d7626b4\" data-element_type=\"container\" data-e-type=\"container\">\n\t\t\t\t\t<div class=\"e-con-inner\">\n\t\t\t\t<div class=\"elementor-element elementor-element-5e12ac3 color-scheme-inherit text-left elementor-widget elementor-widget-text-editor\" data-id=\"5e12ac3\" data-element_type=\"widget\" data-e-type=\"widget\" data-widget_type=\"text-editor.default\">\n\t\t\t\t<div class=\"elementor-widget-container\">\n\t\t\t\t\t\t\t\t\t<h3>Avviso legale sul Web<\/h3><p><strong><br>1. DATI IDENTIFICATIVI<\/strong><\/p><p>In conformit\u00e0 con il Regolamento Generale sulla Protezione dei Dati (UE) 2016\/679 del Parlamento Europeo e del Consiglio del 27 aprile 2016 e la Legge Organica 3\/2018 del 5 dicembre sulla protezione dei dati personali e la garanzia dei diritti digitali, si riflettono i seguenti dati:<\/p><p>La societ\u00e0 proprietaria di questo dominio web<a href=\"http:\/\/www.puravidalanzarotediving.com\" target=\"_new\" rel=\"noopener\"> www.puravidalanzarotediving.com<\/a> \u00e8 <strong>PURA VIDA DIVING ISLAS CANARIA SL,<\/strong> numero CIF: B76249564, con indirizzo a tal fine in Avda Islas Canarias 1 CC Punta Limones, 33 Playa Blanca (Lanzarote).<\/p><p>E-mail di protezione dei dati: <a rel=\"noopener\">admin@puravidalanzarotediving.com.<\/a><\/p><p><strong><br>2. UTENTI<\/strong><\/p><p>L&#8217;accesso e\/o l&#8217;utilizzo di questo portale o sito web attribuisce la condizione di UTENTE, che accetta, da detto accesso e\/o utilizzo, le Condizioni Generali d&#8217;uso riportate nel presente avviso.<\/p><p>Le Condizioni si applicheranno indipendentemente dalle Condizioni Generali di Contratto che, ove applicabili, sono obbligatorie. In ogni caso, per qualsiasi finalit\u00e0 specifica sar\u00e0 richiesto il tuo consenso espresso. <\/p><p><strong><br>3. UTILIZZO DEL PORTALE<\/strong><\/p><p>Il nostro sito Web fornisce l&#8217;accesso a informazioni, servizi, programmi o dati (di seguito denominati &#8220;i contenuti&#8221;) su Internet appartenenti a <strong>PURA VIDA DIVING ISLAS CANARIA SL<\/strong> o ai suoi licenziatari, a cui l&#8217;UTENTE pu\u00f2 avere accesso.<\/p><p>L&#8217;UTENTE si assume la responsabilit\u00e0 del corretto utilizzo del portale, che si estende alla registrazione necessaria per accedere a determinati servizi o contenuti. In detta registrazione, l&#8217;UTENTE sar\u00e0 responsabile di fornire informazioni veritiere e legittime. Come conseguenza di tale registrazione, all&#8217;UTENTE potr\u00e0 essere fornita una password della quale sar\u00e0 responsabile, impegnandosi a farne un uso diligente, etico e confidenziale.  <\/p><p>L&#8217;UTENTE si impegna a fare un uso appropriato dei contenuti e dei servizi (come servizi di chat, forum di discussione o newsgroup) offerti attraverso il portale, e a non utilizzarli per:<\/p><ul><li>Coinvolgersi in attivit\u00e0 illecite, illegali o contrarie alla buona fede e all\u2019ordine pubblico.<\/li><li>Diffondere contenuti o propaganda di natura razzista, xenofoba, pornografico-illegale, che incitano al terrorismo o violano i diritti umani.<\/li><li>Causare danni ai sistemi fisici e logici del Titolare, dei suoi fornitori o di terzi, introdurre o diffondere virus informatici o qualsiasi altro sistema fisico o logico che possa causare danni alla rete.<\/li><li>Tentare di accedere e, se del caso, utilizzare gli account di posta elettronica di altri utenti e modificare o manipolare i loro messaggi.<\/li><\/ul><p>Il proprietario del portale si riserva il diritto di ritirare tutti i commenti e contributi che violino il rispetto della dignit\u00e0 della persona, che siano discriminatori, xenofobi, razzisti, pornografici, che attacchino la giovent\u00f9 o l&#8217;infanzia, l&#8217;ordine o la sicurezza pubblica o che, nella sua opinione, non sono appropriati o convenienti per la pubblicazione. In ogni caso, il titolare del portale non sar\u00e0 responsabile delle opinioni espresse dagli utenti attraverso forum, chat o altri strumenti di partecipazione. <\/p><p><strong><br>4. PROTEZIONE DEI DATI<\/strong><\/p><p>L&#8217;uso dei dati personali \u00e8 definito in base al Regolamento generale sulla protezione dei dati e alla normativa spagnola vigente. Al fine di ottenere la massima trasparenza e in base alla nostra politica pro attiva, vi informiamo: <\/p><ul><li><p><strong>Perch\u00e9 richiediamo i tuoi dati?<\/strong><br><strong>PURA VIDA DIVING ISLAS CANARIA SL<\/strong> informa il cliente che il trattamento dei dati viene effettuato per i seguenti scopi:<\/p><ul><li>Eseguire tutte le procedure relative alla preparazione dei budget, alla contrattazione e alla fornitura di servizi da parte di <strong>PURA VIDA DIVING ISLAS CANARIA SL<\/strong> alla societ\u00e0 a cui appartiene o, se del caso, alla parte interessata che lo richiede.<\/li><li>Partecipare e rispondere alle comunicazioni ricevute, nonch\u00e9 alle comunicazioni di prospezione commerciale per tenere informati gli utenti su possibili promozioni.<\/li><\/ul><\/li><li><p><strong>Che tipo di dati raccogliamo?<\/strong><br>Dati personali corrispondenti alla tua identit\u00e0 e che siano adeguati, pertinenti, attuali, accurati e veritieri. L&#8217;utente sar\u00e0 l&#8217;unico responsabile per eventuali danni, diretti e\/o indiretti, causati a terzi o a <strong>PURA VIDA DIVING ISLAS CANARIA SL<\/strong>, a causa dell&#8217;utilizzo dei dati personali di un&#8217;altra persona o per l&#8217;utilizzo di dati personali falsi, errati e non aggiornati , inappropriato o impertinente. <\/p><\/li><li><p><strong>Come vengono raccolti?<\/strong><br>Utilizzo di moduli per raccogliere dati personali. Nei moduli di contatto esistenti sul sito, dove vengono raccolti dati personali, l&#8217;utente deve acconsentire espressamente, prima dell&#8217;invio degli stessi, all&#8217;accettazione e alla conoscenza della privacy policy completando il check &#8220;Ho letto e accetto la privacy policy&#8221; , il cui contenuto \u00e8 consultabile tramite il link allegato alla presente nota legale.  Qualora il campo di spunta non venga contrassegnato dall&#8217;utente, i dati contenuti nei suddetti moduli non verranno inviati.<\/p><\/li><li><p><strong>Condivisione con terze parti<\/strong>:<br>I dati non saranno ceduti a terzi tranne nei casi in cui sussista un obbligo legale. Non sono previsti trasferimenti di dati verso paesi terzi. <\/p><\/li><li><p><br>D<strong>iritti:<\/strong> hai il diritto di accedere, rettificare, cancellare, limitare e opporti al trattamento dei tuoi dati in qualsiasi momento. Puoi anche revocare il tuo consenso e presentare un reclamo all&#8217;autorit\u00e0 di controllo (Agenzia Spagnola per la Protezione dei Dati, c\/ Jorge Juan n\u00ba6, 28001 Madrid). Per esercitare i tuoi diritti, hai a disposizione un canale diretto con la nostra azienda all&#8217;indirizzo e-mail di protezione dei dati<a rel=\"noopener\">admin@puravidalanzarotediving.com<\/a> o all&#8217;indirizzo postale Avda Islas Canarias 1 CC Punta Limones, 33 Playa Blanca (Las Palmas), indicando &#8220;protezione dei dati&#8221; nell&#8217;oggetto.  <\/p><\/li><\/ul><p>Allo stesso modo, <strong>PURA VIDA DIVING ISLAS CANARIA SL<\/strong> informa che rispetta la Legge 34\/2002 dell&#8217;11 luglio, sui servizi della societ\u00e0 dell&#8217;informazione e sul commercio elettronico, e richieder\u00e0 il tuo consenso al trattamento della tua posta elettronica per scopi commerciali in ogni momento.<\/p><p><strong><br>5. PROPRIET\u00c0 INTELLETTUALE E INDUSTRIALE<\/strong><\/p><p>Il titolare, da solo o in qualit\u00e0 di avente causa, \u00e8 titolare di tutti i diritti di propriet\u00e0 intellettuale e industriale del proprio sito web, nonch\u00e9 degli elementi in esso contenuti (a titolo esemplificativo, immagini, suoni, audio, video, software o testi); marchi o loghi, combinazioni di colori, struttura e design, selezione dei materiali utilizzati, programmi informatici necessari per il suo funzionamento, accesso e utilizzo, ecc.).<\/p><p>Tutti i diritti riservati. In virt\u00f9 delle disposizioni degli articoli 8 e 32.1, secondo comma, della Legge sulla Propriet\u00e0 Intellettuale, \u00e8 vietata la riproduzione, distribuzione e comunicazione pubblica, compresa la modalit\u00e0 di messa a disposizione, di tutto o parte del contenuto di questo sito web per scopi commerciali, su con qualsiasi mezzo e con qualsiasi mezzo tecnico, senza l&#8217;autorizzazione di <strong>PURA VIDA DIVING ISLAS CANARIA SL.<\/strong> <\/p><p>L&#8217;UTENTE si impegna a rispettare i diritti di propriet\u00e0 intellettuale e industriale di propriet\u00e0 di PURA <strong>VIDA DIVING ISLAS CANARIA SL<\/strong>. Potrai visualizzare gli elementi del portale e anche stamparli, copiarli e memorizzarli sul disco rigido del tuo computer o su qualsiasi altro supporto fisico, purch\u00e9 solo ed esclusivamente per il tuo uso personale e privato. <\/p><p>L&#8217;UTENTE deve astenersi dal cancellare, alterare, eludere o manipolare qualsiasi dispositivo di protezione o sistema di sicurezza installato sulle pagine di <strong>PURA VIDA DIVING ISLAS CANARIA SL<\/strong>.<\/p><p><strong><br>6. ESCLUSIONE DI GARANZIE E RESPONSABILIT\u00c0<\/strong><\/p><p><strong>PURA VIDA DIVING ISLAS CANARIA SL<\/strong> non \u00e8 responsabile, in ogni caso, per danni di qualsiasi natura che possano essere causati, a titolo esemplificativo: errori o omissioni nei contenuti, mancanza di disponibilit\u00e0 del portale o trasmissione di virus o programmi dannosi o programmi dannosi nei contenuti, pur avendo adottato tutte le misure tecnologiche necessarie per evitarlo.<\/p><p><strong><br>7. MODIFICHE<\/strong><\/p><p><strong>PURA VIDA DIVING ISLAS CANARIA SL<\/strong> si riserva il diritto di apportare, senza preavviso, tutte le modifiche che ritiene opportune al proprio portale e pu\u00f2 modificare, eliminare o aggiungere sia il contenuto che i servizi forniti attraverso di esso, nonch\u00e9 il modo in cui questi sono forniti appaiono presentati o localizzati sul portale.<\/p><p><strong><br>8. LINK<\/strong><\/p><p>Nel caso in cui <strong>PURA VIDA DIVING ISLAS CANARIA SL<\/strong> fornisca link o collegamenti ipertestuali ad altri siti Internet, non eserciter\u00e0 alcun tipo di controllo su detti siti e contenuti. In nessun caso<strong> PURA VIDA DIVING ISLAS CANARIA SL<\/strong> si assumer\u00e0 alcuna responsabilit\u00e0 per il contenuto di qualsiasi collegamento appartenente a un sito Web di terzi, n\u00e9 garantir\u00e0 la disponibilit\u00e0 tecnica, qualit\u00e0, affidabilit\u00e0, accuratezza, ampiezza, veridicit\u00e0, validit\u00e0 e costituzionalit\u00e0 di qualsiasi materiale o informazioni contenuti in detti collegamenti ipertestuali o altri siti Internet. Se si utilizzano i collegamenti, accedere alla politica sulla privacy e alle note legali del sito visitato.  <\/p><p>Allo stesso modo, l&#8217;inclusione di questi collegamenti esterni non implicher\u00e0 alcun tipo di associazione, fusione o partecipazione con le entit\u00e0 collegate.<\/p><p><strong><br>9. DIRITTO DI ESCLUSIONE<\/strong><\/p><p><strong>PURA VIDA DIVING ISLAS CANARIA SL<\/strong> si riserva il diritto di negare o revocare l&#8217;accesso al portale e\/o ai servizi offerti senza preavviso, su richiesta propria o di terzi, a quegli utenti che non rispettano le presenti Condizioni Generali di Utilizzo.<\/p><p><strong><br>10. GENERALIT\u00c0<\/strong><\/p><p><strong>PURA VIDA DIVING ISLAS CANARIA SL<\/strong> perseguir\u00e0 il mancato rispetto di queste condizioni, nonch\u00e9 qualsiasi uso improprio del suo portale, esercitando tutte le azioni civili e penali che potrebbero corrispondergli per legge.<\/p><p><strong><br>11. MODIFICA DI QUESTE CONDIZIONI E DURATA<\/strong><\/p><p><strong>PURA VIDA DIVING ISLAS CANARIA SL <\/strong>pu\u00f2 modificare le condizioni qui stabilite in qualsiasi momento, essendo debitamente pubblicate cos\u00ec come appaiono qui.<\/p><p>La validit\u00e0 delle predette condizioni dipender\u00e0 dalla loro esposizione e rimarranno in vigore finch\u00e9 non saranno modificate da altre debitamente pubblicate.<\/p><p><strong><br>12. LEGISLAZIONE APPLICABILE E GIURISDIZIONE<\/strong><\/p><p>Il rapporto tra <strong>PURA VIDA DIVING ISLAS CANARIA SL <\/strong>e l&#8217;UTENTE sar\u00e0 regolato dalle attuali normative spagnole e qualsiasi controversia sar\u00e0 sottoposta alle corti e ai tribunali spagnoli.<\/p>\t\t\t\t\t\t\t\t<\/div>\n\t\t\t\t<\/div>\n\t\t\t\t\t<\/div>\n\t\t\t\t<\/div>\n\t\t\t\t<\/div>\n\t\t","protected":false},"excerpt":{"rendered":"<p>Avviso legale Avviso legale sul Web 1. DATI IDENTIFICATIVI In conformit\u00e0 con il Regolamento Generale sulla Protezione dei Dati (UE)<\/p>\n","protected":false},"author":1,"featured_media":0,"parent":0,"menu_order":0,"comment_status":"closed","ping_status":"closed","template":"","meta":{"_joinchat":[],"footnotes":""},"class_list":["post-4852","page","type-page","status-publish","hentry"],"_links":{"self":[{"href":"https:\/\/puravidalanzarotediving.com\/it\/wp-json\/wp\/v2\/pages\/4852","targetHints":{"allow":["GET"]}}],"collection":[{"href":"https:\/\/puravidalanzarotediving.com\/it\/wp-json\/wp\/v2\/pages"}],"about":[{"href":"https:\/\/puravidalanzarotediving.com\/it\/wp-json\/wp\/v2\/types\/page"}],"author":[{"embeddable":true,"href":"https:\/\/puravidalanzarotediving.com\/it\/wp-json\/wp\/v2\/users\/1"}],"replies":[{"embeddable":true,"href":"https:\/\/puravidalanzarotediving.com\/it\/wp-json\/wp\/v2\/comments?post=4852"}],"version-history":[{"count":0,"href":"https:\/\/puravidalanzarotediving.com\/it\/wp-json\/wp\/v2\/pages\/4852\/revisions"}],"wp:attachment":[{"href":"https:\/\/puravidalanzarotediving.com\/it\/wp-json\/wp\/v2\/media?parent=4852"}],"curies":[{"name":"wp","href":"https:\/\/api.w.org\/{rel}","templated":true}]}}