{"id":5937,"date":"2024-08-08T19:24:27","date_gmt":"2024-08-08T17:24:27","guid":{"rendered":"https:\/\/divinginadream.com\/immersioni\/las-canas\/"},"modified":"2024-11-19T17:23:04","modified_gmt":"2024-11-19T16:23:04","slug":"las-canas","status":"publish","type":"page","link":"https:\/\/puravidalanzarotediving.com\/it\/immersioni\/las-canas\/","title":{"rendered":"Las Ca\u00f1as"},"content":{"rendered":"\t\t<div data-elementor-type=\"wp-page\" data-elementor-id=\"5937\" class=\"elementor elementor-5937 elementor-881\" data-elementor-post-type=\"page\">\n\t\t\t\t<div class=\"elementor-element elementor-element-89085c4 e-con-full wd-section-stretch-content e-flex e-con e-parent\" data-id=\"89085c4\" data-element_type=\"container\" data-e-type=\"container\">\n\t\t\t\t<div class=\"elementor-element elementor-element-514135a elementor--h-position-center elementor--v-position-middle elementor-arrows-position-inside elementor-pagination-position-inside elementor-widget elementor-widget-slides\" data-id=\"514135a\" data-element_type=\"widget\" data-e-type=\"widget\" data-settings=\"{&quot;navigation&quot;:&quot;both&quot;,&quot;autoplay&quot;:&quot;yes&quot;,&quot;pause_on_hover&quot;:&quot;yes&quot;,&quot;pause_on_interaction&quot;:&quot;yes&quot;,&quot;autoplay_speed&quot;:5000,&quot;infinite&quot;:&quot;yes&quot;,&quot;transition&quot;:&quot;slide&quot;,&quot;transition_speed&quot;:500}\" data-widget_type=\"slides.default\">\n\t\t\t\t<div class=\"elementor-widget-container\">\n\t\t\t\t\t\t\t\t\t<div class=\"elementor-swiper\">\n\t\t\t\t\t<div class=\"elementor-slides-wrapper elementor-main-swiper swiper\" role=\"region\" aria-roledescription=\"carousel\" aria-label=\"Slides\" dir=\"ltr\" data-animation=\"fadeInUp\">\n\t\t\t\t<div class=\"swiper-wrapper elementor-slides\">\n\t\t\t\t\t\t\t\t\t\t<div class=\"elementor-repeater-item-4094fd2 swiper-slide\" role=\"group\" aria-roledescription=\"slide\"><div class=\"swiper-slide-bg elementor-ken-burns elementor-ken-burns--in\" role=\"img\" aria-label=\"Buceo en Las Ca\u00f1as Lanzarote\"><\/div><div class=\"elementor-background-overlay\"><\/div><div class=\"swiper-slide-inner\" ><div class=\"swiper-slide-contents\"><h1 class=\"elementor-slide-heading\">Las Ca\u00f1as<\/h1><p class=\"elementor-slide-description\"><p>Infiniti nascondigli da esplorare<\/p>\n<\/p><\/div><\/div><\/div>\t\t\t\t<\/div>\n\t\t\t\t\t\t\t<\/div>\n\t\t\t\t<\/div>\n\t\t\t\t\t\t\t\t<\/div>\n\t\t\t\t<\/div>\n\t\t\t\t<\/div>\n\t\t<div class=\"wd-negative-gap elementor-element elementor-element-80892e6 e-flex e-con-boxed e-con e-parent\" data-id=\"80892e6\" data-element_type=\"container\" data-e-type=\"container\">\n\t\t\t\t\t<div class=\"e-con-inner\">\n\t\t\t\t<div class=\"elementor-element elementor-element-4d712eb color-scheme-inherit text-left elementor-widget elementor-widget-text-editor\" data-id=\"4d712eb\" data-element_type=\"widget\" data-e-type=\"widget\" data-widget_type=\"text-editor.default\">\n\t\t\t\t<div class=\"elementor-widget-container\">\n\t\t\t\t\t\t\t\t\t<div class=\"wpb_text_column wpb_content_element \">\n<div class=\"wpb_wrapper\">\n<div class=\"wpb_text_column wpb_content_element \">\n<div class=\"wpb_wrapper\">\n<div class=\"wpb_text_column wpb_content_element \">\n<div class=\"wpb_wrapper\">\n<p>Poter immergersi in questo labirinto scavato nella roccia \u00e8 un vero privilegio. Qui troveremo passaggi, grotte con grandi colonne e molteplici uscite, archi e pareti rocciose ricoperte da un colorato manto di alghe che ospitano un&#8217;oasi di vita. <\/p>\n<p>Banchi di acciughe, boghe e russatori giocano a nascondersi negli angoli e nelle grotte, mentre nuotano armoniosamente al suono del mormorio delle onde.<\/p>\n<div class=\"wpb_text_column wpb_content_element \">\n<div class=\"wpb_wrapper\">\n<p>Sono poche le occasioni in cui il mare permette di immergersi in questa zona, motivo per cui forse <strong>ci riserva momenti particolarmente magici<\/strong> per conoscerla.<\/p>\n<p>In questa immersione \u00e8 meglio farsi accompagnare da una persona che conosca la zona perch\u00e9 il <strong>percorso \u00e8 un po&#8217; complesso ed \u00e8 relativamente facile disorientarsi<\/strong>.<\/p>\n<p>Inoltre la visibilit\u00e0 potrebbe non essere molto buona in quanto si tratta di una zona con forti correnti e fondali bassi. In esso possiamo vedere<strong> gorgonie, cernie, bicuda, ombrine nere, sama e molte altre specie<\/strong>. <\/p>\n<p>\u00c8 importante programmare in anticipo questa immersione, <strong>assicurandosi che le condizioni oceanografiche e meteorologiche siano adeguate<\/strong>.<\/p>\n<p>\u00c8 un posto spettacolare anche se con fondale molto basso, per cui la corrente e il moto ondoso influiscono enormemente, rendendo consigliabile la sua navigazione solo nelle giornate con previsioni ottimali.<\/p>\n<\/div>\n<\/div>\n<\/div>\n<\/div>\n<\/div>\n<\/div>\n<\/div>\n<\/div>\n\t\t\t\t\t\t\t\t<\/div>\n\t\t\t\t<\/div>\n\t\t\t\t\t<\/div>\n\t\t\t\t<\/div>\n\t\t\t\t<section class=\"wd-negative-gap elementor-section elementor-top-section elementor-element elementor-element-2364e353 elementor-section-full_width elementor-section-height-default elementor-section-height-default\" data-id=\"2364e353\" data-element_type=\"section\" data-e-type=\"section\" id=\"xs_team_9\">\n\t\t\t\t\t\t<div class=\"elementor-container elementor-column-gap-default\">\n\t\t\t\t\t<div class=\"elementor-column elementor-col-100 elementor-top-column elementor-element elementor-element-425a7d9a\" data-id=\"425a7d9a\" data-element_type=\"column\" data-e-type=\"column\">\n\t\t\t<div class=\"elementor-widget-wrap elementor-element-populated\">\n\t\t\t\t\t\t<div class=\"elementor-element elementor-element-a75f765 elementor-widget elementor-widget-image\" data-id=\"a75f765\" data-element_type=\"widget\" data-e-type=\"widget\" data-widget_type=\"image.default\">\n\t\t\t\t<div class=\"elementor-widget-container\">\n\t\t\t\t\t\t\t\t\t\t\t\t\t\t\t<img decoding=\"async\" width=\"1110\" height=\"136\" src=\"https:\/\/puravidalanzarotediving.com\/wp-content\/uploads\/2024\/08\/Mapa-Las-canas.jpg\" class=\"attachment-full size-full wp-image-3345\" alt=\"\" srcset=\"https:\/\/puravidalanzarotediving.com\/wp-content\/uploads\/2024\/08\/Mapa-Las-canas.jpg 1110w, https:\/\/puravidalanzarotediving.com\/wp-content\/uploads\/2024\/08\/Mapa-Las-canas-300x37.jpg 300w, https:\/\/puravidalanzarotediving.com\/wp-content\/uploads\/2024\/08\/Mapa-Las-canas-1024x125.jpg 1024w, https:\/\/puravidalanzarotediving.com\/wp-content\/uploads\/2024\/08\/Mapa-Las-canas-768x94.jpg 768w\" sizes=\"(max-width: 1110px) 100vw, 1110px\" \/>\t\t\t\t\t\t\t\t\t\t\t\t\t\t\t<\/div>\n\t\t\t\t<\/div>\n\t\t\t\t\t<\/div>\n\t\t<\/div>\n\t\t\t\t\t<\/div>\n\t\t<\/section>\n\t\t\t\t<\/div>\n\t\t","protected":false},"excerpt":{"rendered":"<p>Infiniti nascondigli da esplorare Poter immergersi in questo labirinto scavato nella roccia \u00e8 un vero privilegio. Qui troveremo passaggi, grotte<\/p>\n","protected":false},"author":1,"featured_media":0,"parent":5904,"menu_order":0,"comment_status":"closed","ping_status":"closed","template":"","meta":{"_joinchat":[],"footnotes":""},"class_list":["post-5937","page","type-page","status-publish","hentry"],"_links":{"self":[{"href":"https:\/\/puravidalanzarotediving.com\/it\/wp-json\/wp\/v2\/pages\/5937","targetHints":{"allow":["GET"]}}],"collection":[{"href":"https:\/\/puravidalanzarotediving.com\/it\/wp-json\/wp\/v2\/pages"}],"about":[{"href":"https:\/\/puravidalanzarotediving.com\/it\/wp-json\/wp\/v2\/types\/page"}],"author":[{"embeddable":true,"href":"https:\/\/puravidalanzarotediving.com\/it\/wp-json\/wp\/v2\/users\/1"}],"replies":[{"embeddable":true,"href":"https:\/\/puravidalanzarotediving.com\/it\/wp-json\/wp\/v2\/comments?post=5937"}],"version-history":[{"count":0,"href":"https:\/\/puravidalanzarotediving.com\/it\/wp-json\/wp\/v2\/pages\/5937\/revisions"}],"up":[{"embeddable":true,"href":"https:\/\/puravidalanzarotediving.com\/it\/wp-json\/wp\/v2\/pages\/5904"}],"wp:attachment":[{"href":"https:\/\/puravidalanzarotediving.com\/it\/wp-json\/wp\/v2\/media?parent=5937"}],"curies":[{"name":"wp","href":"https:\/\/api.w.org\/{rel}","templated":true}]}}