{"id":5978,"date":"2024-08-07T13:05:31","date_gmt":"2024-08-07T11:05:31","guid":{"rendered":"https:\/\/divinginadream.com\/immersioni\/el-ascensor-y-puerto-moro\/"},"modified":"2024-11-19T17:07:00","modified_gmt":"2024-11-19T16:07:00","slug":"el-ascensor-y-puerto-moro","status":"publish","type":"page","link":"https:\/\/puravidalanzarotediving.com\/it\/immersioni\/el-ascensor-y-puerto-moro\/","title":{"rendered":"El Ascensor y Puerto Moro"},"content":{"rendered":"\t\t<div data-elementor-type=\"wp-page\" data-elementor-id=\"5978\" class=\"elementor elementor-5978 elementor-708\" data-elementor-post-type=\"page\">\n\t\t\t\t<div class=\"elementor-element elementor-element-89085c4 e-con-full wd-section-stretch-content e-flex e-con e-parent\" data-id=\"89085c4\" data-element_type=\"container\" data-e-type=\"container\">\n\t\t\t\t<div class=\"elementor-element elementor-element-514135a elementor--h-position-center elementor--v-position-middle elementor-arrows-position-inside elementor-pagination-position-inside elementor-widget elementor-widget-slides\" data-id=\"514135a\" data-element_type=\"widget\" data-e-type=\"widget\" data-settings=\"{&quot;navigation&quot;:&quot;both&quot;,&quot;autoplay&quot;:&quot;yes&quot;,&quot;pause_on_hover&quot;:&quot;yes&quot;,&quot;pause_on_interaction&quot;:&quot;yes&quot;,&quot;autoplay_speed&quot;:5000,&quot;infinite&quot;:&quot;yes&quot;,&quot;transition&quot;:&quot;slide&quot;,&quot;transition_speed&quot;:500}\" data-widget_type=\"slides.default\">\n\t\t\t\t<div class=\"elementor-widget-container\">\n\t\t\t\t\t\t\t\t\t<div class=\"elementor-swiper\">\n\t\t\t\t\t<div class=\"elementor-slides-wrapper elementor-main-swiper swiper\" role=\"region\" aria-roledescription=\"carousel\" aria-label=\"Slides\" dir=\"ltr\" data-animation=\"fadeInUp\">\n\t\t\t\t<div class=\"swiper-wrapper elementor-slides\">\n\t\t\t\t\t\t\t\t\t\t<div class=\"elementor-repeater-item-4094fd2 swiper-slide\" role=\"group\" aria-roledescription=\"slide\"><div class=\"swiper-slide-bg elementor-ken-burns elementor-ken-burns--in\" role=\"img\" aria-label=\"El ascensor y puerto moro\"><\/div><div class=\"elementor-background-overlay\"><\/div><div class=\"swiper-slide-inner\" ><div class=\"swiper-slide-contents\"><h1 class=\"elementor-slide-heading\">El Ascensor y Puerto Moro<\/h1><p class=\"elementor-slide-description\"><p>Viaggio nelle viscere del vulcano<\/p>\n<\/p><\/div><\/div><\/div>\t\t\t\t<\/div>\n\t\t\t\t\t\t\t<\/div>\n\t\t\t\t<\/div>\n\t\t\t\t\t\t\t\t<\/div>\n\t\t\t\t<\/div>\n\t\t\t\t<\/div>\n\t\t<div class=\"wd-negative-gap elementor-element elementor-element-80892e6 e-flex e-con-boxed e-con e-parent\" data-id=\"80892e6\" data-element_type=\"container\" data-e-type=\"container\">\n\t\t\t\t\t<div class=\"e-con-inner\">\n\t\t\t\t<div class=\"elementor-element elementor-element-4d712eb color-scheme-inherit text-left elementor-widget elementor-widget-text-editor\" data-id=\"4d712eb\" data-element_type=\"widget\" data-e-type=\"widget\" data-widget_type=\"text-editor.default\">\n\t\t\t\t<div class=\"elementor-widget-container\">\n\t\t\t\t\t\t\t\t\t<div class=\"wpb_text_column wpb_content_element \">\n<div class=\"wpb_wrapper\">\n<div class=\"wpb_text_column wpb_content_element \">\n<div class=\"wpb_wrapper\">\n<p>Gli enormi tubi di uno sbocco sottomarino, che si perdono nell&#8217;immensit\u00e0 della piattaforma, servono come fonti di vita e rifugio in questa immersione curiosa e frequentata.<\/p>\n<p>\u00c8, senza dubbio, un luogo diverso che d\u00e0 variet\u00e0 all&#8217;ampia gamma di opzioni che Lanzarote presenta.<\/p>\n<div class=\"wpb_text_column wpb_content_element \">\n<div class=\"wpb_wrapper\">\n<p>Nella zona ci sono altri punti da visitare, come <strong>l&#8217;Ascensor Chico o Puerto Moro<\/strong>, caratterizzati da un paesaggio vulcanico con cavit\u00e0, tunnel e grandi archi.<\/p>\n<p>Dal punto di ingresso ci sono due percorsi alternativi. Il primo ci porta al <strong>Grande Ascensore<\/strong>. L&#8217;abbiamo trovato nuotando per quasi 200 metri in direzione di 170\u00ba. Il tubo vulcanico scende da 15 m a 30 m e presenta lungo il percorso diverse finestre che illuminano l&#8217;interno. Nelle sue pareti, ricoperte di spugne, si nascondono un gran numero di gamberetti narvali. Questa immersione richiede un <a href=\"http:\/\/curso-avanzado-de-buceo\/\" target=\"_blank\" rel=\"noopener\">livello avanzato di immersione<\/a>.     <\/p>\n<p>Il secondo itinerario ci porta nella zona conosciuta come <strong>Puerto Moro e l&#8217;Ascensor Chico<\/strong>. Nuotando per 100 metri in direzione 65\u00ba raggiungiamo la baja, una roccia che sporge dall&#8217;acqua. \u00c8 un&#8217;alternativa molto interessante per i meno esperti poich\u00e9 al suo interno si trova una grotta spettacolare, oltre a passaggi e archi. Proseguendo <strong>fino a 30 m, troviamo un piccolo tubo vulcanico<\/strong> di meno di 10 m di lunghezza anch&#8217;esso con diversi lucernari noto come El Ascensor Chico.   <\/p>\n<p>Dato che l&#8217;area di immersione \u00e8 molto ampia, si consigliano due percorsi, uno a destra dell&#8217;ingresso e l&#8217;altro a sinistra.<strong>. Ambas rutas permiten adaptarse a diferentes niveles, variando la profundidad m\u00e1xima de la inmersi\u00f3n <\/strong>. En cuevas y oquedades resulta interesante buscar animales como <strong>morenas, pulpos, an\u00e9monas gigantes, briotas e incluso camarones narval<\/strong>. <\/p>\n<p>Quando ti svegli, \u00e8 importante notare attentamente che gli squali angelo le razze e le torpedini<strong>sono comuni.<\/strong><\/p>\n<\/div>\n<\/div>\n<\/div>\n<\/div>\n<\/div>\n<\/div>\n\t\t\t\t\t\t\t\t<\/div>\n\t\t\t\t<\/div>\n\t\t\t\t\t<\/div>\n\t\t\t\t<\/div>\n\t\t\t\t<section class=\"wd-negative-gap elementor-section elementor-top-section elementor-element elementor-element-2364e353 elementor-section-full_width elementor-section-height-default elementor-section-height-default\" data-id=\"2364e353\" data-element_type=\"section\" data-e-type=\"section\" id=\"xs_team_9\">\n\t\t\t\t\t\t<div class=\"elementor-container elementor-column-gap-default\">\n\t\t\t\t\t<div class=\"elementor-column elementor-col-100 elementor-top-column elementor-element elementor-element-425a7d9a\" data-id=\"425a7d9a\" data-element_type=\"column\" data-e-type=\"column\">\n\t\t\t<div class=\"elementor-widget-wrap elementor-element-populated\">\n\t\t\t\t\t\t<div class=\"elementor-element elementor-element-a75f765 elementor-widget elementor-widget-image\" data-id=\"a75f765\" data-element_type=\"widget\" data-e-type=\"widget\" data-widget_type=\"image.default\">\n\t\t\t\t<div class=\"elementor-widget-container\">\n\t\t\t\t\t\t\t\t\t\t\t\t\t\t\t<img decoding=\"async\" width=\"1038\" height=\"124\" src=\"https:\/\/puravidalanzarotediving.com\/wp-content\/uploads\/2024\/08\/Mapa-ascensor-y-puerto-moro.jpg\" class=\"attachment-full size-full wp-image-3250\" alt=\"\" srcset=\"https:\/\/puravidalanzarotediving.com\/wp-content\/uploads\/2024\/08\/Mapa-ascensor-y-puerto-moro.jpg 1038w, https:\/\/puravidalanzarotediving.com\/wp-content\/uploads\/2024\/08\/Mapa-ascensor-y-puerto-moro-300x36.jpg 300w, https:\/\/puravidalanzarotediving.com\/wp-content\/uploads\/2024\/08\/Mapa-ascensor-y-puerto-moro-1024x122.jpg 1024w, https:\/\/puravidalanzarotediving.com\/wp-content\/uploads\/2024\/08\/Mapa-ascensor-y-puerto-moro-768x92.jpg 768w\" sizes=\"(max-width: 1038px) 100vw, 1038px\" \/>\t\t\t\t\t\t\t\t\t\t\t\t\t\t\t<\/div>\n\t\t\t\t<\/div>\n\t\t\t\t\t<\/div>\n\t\t<\/div>\n\t\t\t\t\t<\/div>\n\t\t<\/section>\n\t\t\t\t<\/div>\n\t\t","protected":false},"excerpt":{"rendered":"<p>Viaggio nelle viscere del vulcano Gli enormi tubi di uno sbocco sottomarino, che si perdono nell&#8217;immensit\u00e0 della piattaforma, servono come<\/p>\n","protected":false},"author":1,"featured_media":0,"parent":5904,"menu_order":0,"comment_status":"closed","ping_status":"closed","template":"","meta":{"_joinchat":[],"footnotes":""},"class_list":["post-5978","page","type-page","status-publish","hentry"],"_links":{"self":[{"href":"https:\/\/puravidalanzarotediving.com\/it\/wp-json\/wp\/v2\/pages\/5978","targetHints":{"allow":["GET"]}}],"collection":[{"href":"https:\/\/puravidalanzarotediving.com\/it\/wp-json\/wp\/v2\/pages"}],"about":[{"href":"https:\/\/puravidalanzarotediving.com\/it\/wp-json\/wp\/v2\/types\/page"}],"author":[{"embeddable":true,"href":"https:\/\/puravidalanzarotediving.com\/it\/wp-json\/wp\/v2\/users\/1"}],"replies":[{"embeddable":true,"href":"https:\/\/puravidalanzarotediving.com\/it\/wp-json\/wp\/v2\/comments?post=5978"}],"version-history":[{"count":0,"href":"https:\/\/puravidalanzarotediving.com\/it\/wp-json\/wp\/v2\/pages\/5978\/revisions"}],"up":[{"embeddable":true,"href":"https:\/\/puravidalanzarotediving.com\/it\/wp-json\/wp\/v2\/pages\/5904"}],"wp:attachment":[{"href":"https:\/\/puravidalanzarotediving.com\/it\/wp-json\/wp\/v2\/media?parent=5978"}],"curies":[{"name":"wp","href":"https:\/\/api.w.org\/{rel}","templated":true}]}}