{"id":5992,"date":"2024-07-09T16:27:42","date_gmt":"2024-07-09T14:27:42","guid":{"rendered":"https:\/\/divinginadream.com\/eco-dive\/"},"modified":"2024-12-17T21:08:16","modified_gmt":"2024-12-17T20:08:16","slug":"eco-dive","status":"publish","type":"page","link":"https:\/\/puravidalanzarotediving.com\/it\/eco-dive\/","title":{"rendered":"Eco Dive"},"content":{"rendered":"\t\t<div data-elementor-type=\"wp-page\" data-elementor-id=\"5992\" class=\"elementor elementor-5992 elementor-274\" data-elementor-post-type=\"page\">\n\t\t\t\t<div class=\"elementor-element elementor-element-89085c4 e-con-full wd-section-stretch-content e-flex e-con e-parent\" data-id=\"89085c4\" data-element_type=\"container\" data-e-type=\"container\">\n\t\t\t\t<div class=\"elementor-element elementor-element-514135a elementor--h-position-center elementor--v-position-middle elementor-arrows-position-inside elementor-pagination-position-inside elementor-widget elementor-widget-slides\" data-id=\"514135a\" data-element_type=\"widget\" data-e-type=\"widget\" data-settings=\"{&quot;navigation&quot;:&quot;both&quot;,&quot;autoplay&quot;:&quot;yes&quot;,&quot;pause_on_hover&quot;:&quot;yes&quot;,&quot;pause_on_interaction&quot;:&quot;yes&quot;,&quot;autoplay_speed&quot;:5000,&quot;infinite&quot;:&quot;yes&quot;,&quot;transition&quot;:&quot;slide&quot;,&quot;transition_speed&quot;:500}\" data-widget_type=\"slides.default\">\n\t\t\t\t<div class=\"elementor-widget-container\">\n\t\t\t\t\t\t\t\t\t<div class=\"elementor-swiper\">\n\t\t\t\t\t<div class=\"elementor-slides-wrapper elementor-main-swiper swiper\" role=\"region\" aria-roledescription=\"carousel\" aria-label=\"Diapositivas\" dir=\"ltr\" data-animation=\"fadeInUp\">\n\t\t\t\t<div class=\"swiper-wrapper elementor-slides\">\n\t\t\t\t\t\t\t\t\t\t<div class=\"elementor-repeater-item-4094fd2 swiper-slide\" role=\"group\" aria-roledescription=\"slide\"><div class=\"swiper-slide-bg elementor-ken-burns elementor-ken-burns--in\" role=\"img\" aria-label=\"Pura vida Eco dive\"><\/div><div class=\"elementor-background-overlay\"><\/div><div class=\"swiper-slide-inner\" ><div class=\"swiper-slide-contents\"><h1 class=\"elementor-slide-heading\">Pura Vida \u00e8 Eco Dive<\/h1><\/div><\/div><\/div>\t\t\t\t<\/div>\n\t\t\t\t\t\t\t<\/div>\n\t\t\t\t<\/div>\n\t\t\t\t\t\t\t\t<\/div>\n\t\t\t\t<\/div>\n\t\t\t\t<\/div>\n\t\t<div class=\"wd-negative-gap elementor-element elementor-element-80892e6 e-flex e-con-boxed e-con e-parent\" data-id=\"80892e6\" data-element_type=\"container\" data-e-type=\"container\">\n\t\t\t\t\t<div class=\"e-con-inner\">\n\t\t\t\t<div class=\"elementor-element elementor-element-4d712eb color-scheme-inherit text-left elementor-widget elementor-widget-text-editor\" data-id=\"4d712eb\" data-element_type=\"widget\" data-e-type=\"widget\" data-widget_type=\"text-editor.default\">\n\t\t\t\t<div class=\"elementor-widget-container\">\n\t\t\t\t\t\t\t\t\t<div class=\"wpb_text_column wpb_content_element vc_custom_1581675963960\">\n<div class=\"wpb_wrapper\">\n<p>Pura Vida Lanzarote pratica l&#8217;<strong>eco diving ogni <\/strong>giorno per contribuire, attraverso il nostro sport, a preservare il nostro ambiente sopra e sotto l&#8217;acqua, per continuare a godere delle meraviglie della natura in armonia.<\/p>\n<p><em>Uno sviluppo che soddisfi i bisogni della generazione presente senza compromettere la capacit\u00e0 delle generazioni future di soddisfare i propri bisogni.<\/em><\/p>\n<p>Pura Vida \u00e8 molto pi\u00f9 di un diving center, \u00e8 una filosofia basata sul rispetto dell&#8217;ambiente naturale, culturale e sociale e dei valori di una comunit\u00e0, che permette di godere di uno scambio positivo di esperienze, dove il rapporto tra il turista e la comunit\u00e0 sono equi e i benefici dell\u2019attivit\u00e0 sono distribuiti equamente.<\/p>\n<\/div>\n<\/div>\n\t\t\t\t\t\t\t\t<\/div>\n\t\t\t\t<\/div>\n\t\t\t\t\t<\/div>\n\t\t\t\t<\/div>\n\t\t\t\t<section class=\"wd-negative-gap elementor-section elementor-top-section elementor-element elementor-element-2364e353 elementor-section-full_width elementor-section-height-default elementor-section-height-default\" data-id=\"2364e353\" data-element_type=\"section\" data-e-type=\"section\" id=\"xs_team_9\">\n\t\t\t\t\t\t<div class=\"elementor-container elementor-column-gap-default\">\n\t\t\t\t\t<div class=\"elementor-column elementor-col-100 elementor-top-column elementor-element elementor-element-425a7d9a\" data-id=\"425a7d9a\" data-element_type=\"column\" data-e-type=\"column\">\n\t\t\t<div class=\"elementor-widget-wrap elementor-element-populated\">\n\t\t\t\t<div class=\"wd-negative-gap elementor-element elementor-element-52b24d7 e-grid e-con-boxed e-con e-parent\" data-id=\"52b24d7\" data-element_type=\"container\" data-e-type=\"container\">\n\t\t\t\t\t<div class=\"e-con-inner\">\n\t\t\t\t<div class=\"elementor-element elementor-element-2bde375 elementor-position-top elementor-widget elementor-widget-image-box\" data-id=\"2bde375\" data-element_type=\"widget\" data-e-type=\"widget\" data-widget_type=\"image-box.default\">\n\t\t\t\t<div class=\"elementor-widget-container\">\n\t\t\t\t\t<div class=\"elementor-image-box-wrapper\"><figure class=\"elementor-image-box-img\"><a href=\"https:\/\/www.divessi.com\/es\/get-certified\/environment\/blue-oceans\" target=\"_blank\" tabindex=\"-1\" rel=\"noopener\"><img decoding=\"async\" width=\"871\" height=\"343\" src=\"https:\/\/puravidalanzarotediving.com\/wp-content\/uploads\/2024\/07\/blue-ocean.jpg\" class=\"attachment-full size-full wp-image-2783\" alt=\"Blue Ocean\" srcset=\"https:\/\/puravidalanzarotediving.com\/wp-content\/uploads\/2024\/07\/blue-ocean.jpg 871w, https:\/\/puravidalanzarotediving.com\/wp-content\/uploads\/2024\/07\/blue-ocean-300x118.jpg 300w, https:\/\/puravidalanzarotediving.com\/wp-content\/uploads\/2024\/07\/blue-ocean-768x302.jpg 768w\" sizes=\"(max-width: 871px) 100vw, 871px\" \/><\/a><\/figure><div class=\"elementor-image-box-content\"><h3 class=\"elementor-image-box-title\"><a href=\"https:\/\/www.divessi.com\/es\/get-certified\/environment\/blue-oceans\" target=\"_blank\" rel=\"noopener\">SSI Blue Oceans <\/a><\/h3><p class=\"elementor-image-box-description\">Facciamo immersioni dal 2000 e dal 2008 gestiamo centri di immersione in diversi paesi. + Da allora pi\u00f9 di 17.000 studenti sono passati per le nostre mani. <\/p><\/div><\/div>\t\t\t\t<\/div>\n\t\t\t\t<\/div>\n\t\t\t\t<div class=\"elementor-element elementor-element-9874911 elementor-position-top elementor-widget elementor-widget-image-box\" data-id=\"9874911\" data-element_type=\"widget\" data-e-type=\"widget\" data-widget_type=\"image-box.default\">\n\t\t\t\t<div class=\"elementor-widget-container\">\n\t\t\t\t\t<div class=\"elementor-image-box-wrapper\"><figure class=\"elementor-image-box-img\"><a href=\"https:\/\/angelsharknetwork.com\/canaryislands-es\/\" target=\"_blank\" tabindex=\"-1\" rel=\"noopener\"><img decoding=\"async\" width=\"871\" height=\"343\" src=\"https:\/\/puravidalanzarotediving.com\/wp-content\/uploads\/2024\/07\/angel-shark-project.jpg\" class=\"attachment-full size-full wp-image-2788\" alt=\"Angel Shark Project\" srcset=\"https:\/\/puravidalanzarotediving.com\/wp-content\/uploads\/2024\/07\/angel-shark-project.jpg 871w, https:\/\/puravidalanzarotediving.com\/wp-content\/uploads\/2024\/07\/angel-shark-project-300x118.jpg 300w, https:\/\/puravidalanzarotediving.com\/wp-content\/uploads\/2024\/07\/angel-shark-project-768x302.jpg 768w\" sizes=\"(max-width: 871px) 100vw, 871px\" \/><\/a><\/figure><div class=\"elementor-image-box-content\"><h3 class=\"elementor-image-box-title\"><a href=\"https:\/\/angelsharknetwork.com\/canaryislands-es\/\" target=\"_blank\" rel=\"noopener\">Angel Shark Proyect<\/a><\/h3><p class=\"elementor-image-box-description\">Il nostro centro rispetta al massimo le norme di sicurezza e i regolamenti, per questo facciamo parte di: BUCO (A. Centros Buceo)|AETUR (Fed Empresarios Tur\u00edsticos)|C\u00e1mara Hiperb\u00e1rica Lanzarote (Camera Iperbarica Lanzarote)<\/p><\/div><\/div>\t\t\t\t<\/div>\n\t\t\t\t<\/div>\n\t\t\t\t<div class=\"elementor-element elementor-element-7fab674 elementor-position-top elementor-widget elementor-widget-image-box\" data-id=\"7fab674\" data-element_type=\"widget\" data-e-type=\"widget\" data-widget_type=\"image-box.default\">\n\t\t\t\t<div class=\"elementor-widget-container\">\n\t\t\t\t\t<div class=\"elementor-image-box-wrapper\"><figure class=\"elementor-image-box-img\"><a href=\"https:\/\/redpromar.org\/\" target=\"_blank\" tabindex=\"-1\" rel=\"noopener\"><img decoding=\"async\" width=\"871\" height=\"343\" src=\"https:\/\/puravidalanzarotediving.com\/wp-content\/uploads\/2024\/07\/redpromar-logo.jpg\" class=\"attachment-full size-full wp-image-2793\" alt=\"Redpromar logo\" srcset=\"https:\/\/puravidalanzarotediving.com\/wp-content\/uploads\/2024\/07\/redpromar-logo.jpg 871w, https:\/\/puravidalanzarotediving.com\/wp-content\/uploads\/2024\/07\/redpromar-logo-300x118.jpg 300w, https:\/\/puravidalanzarotediving.com\/wp-content\/uploads\/2024\/07\/redpromar-logo-768x302.jpg 768w\" sizes=\"(max-width: 871px) 100vw, 871px\" \/><\/a><\/figure><div class=\"elementor-image-box-content\"><h3 class=\"elementor-image-box-title\"><a href=\"https:\/\/redpromar.org\/\" target=\"_blank\" rel=\"noopener\">Red Promar<\/a><\/h3><p class=\"elementor-image-box-description\">Siamo associati alla SSI Diving Agency, che garantisce i migliori standard di qualit\u00e0, sicurezza, apprendimento e validit\u00e0 internazionale delle tue qualifiche.<\/p><\/div><\/div>\t\t\t\t<\/div>\n\t\t\t\t<\/div>\n\t\t\t\t<div class=\"elementor-element elementor-element-53df33a elementor-position-top elementor-widget elementor-widget-image-box\" data-id=\"53df33a\" data-element_type=\"widget\" data-e-type=\"widget\" data-widget_type=\"image-box.default\">\n\t\t\t\t<div class=\"elementor-widget-container\">\n\t\t\t\t\t<div class=\"elementor-image-box-wrapper\"><figure class=\"elementor-image-box-img\"><a href=\"https:\/\/bucolanzarote.com\/\" target=\"_blank\" tabindex=\"-1\" rel=\"noopener\"><img decoding=\"async\" width=\"400\" height=\"158\" src=\"https:\/\/puravidalanzarotediving.com\/wp-content\/uploads\/2024\/07\/logo-buco-lanarote.jpg\" class=\"attachment-full size-full wp-image-2808\" alt=\"\" srcset=\"https:\/\/puravidalanzarotediving.com\/wp-content\/uploads\/2024\/07\/logo-buco-lanarote.jpg 400w, https:\/\/puravidalanzarotediving.com\/wp-content\/uploads\/2024\/07\/logo-buco-lanarote-300x119.jpg 300w\" sizes=\"(max-width: 400px) 100vw, 400px\" \/><\/a><\/figure><div class=\"elementor-image-box-content\"><h3 class=\"elementor-image-box-title\"><a href=\"https:\/\/bucolanzarote.com\/\" target=\"_blank\" rel=\"noopener\">Buco Lanzarote<\/a><\/h3><p class=\"elementor-image-box-description\">Corsi su misura | Orari flessibili | Pagamenti facili | Materiale fisico e online | Insegnamento nella tua lingua | Prestito di attrezzatura subacquea<\/p><\/div><\/div>\t\t\t\t<\/div>\n\t\t\t\t<\/div>\n\t\t\t\t<div class=\"elementor-element elementor-element-750ccdc elementor-position-top elementor-widget elementor-widget-image-box\" data-id=\"750ccdc\" data-element_type=\"widget\" data-e-type=\"widget\" data-widget_type=\"image-box.default\">\n\t\t\t\t<div class=\"elementor-widget-container\">\n\t\t\t\t\t<div class=\"elementor-image-box-wrapper\"><figure class=\"elementor-image-box-img\"><a href=\"https:\/\/ecoturismo.lanzarotebiosfera.org\/\" target=\"_blank\" tabindex=\"-1\" rel=\"noopener\"><img decoding=\"async\" width=\"400\" height=\"158\" src=\"https:\/\/puravidalanzarotediving.com\/wp-content\/uploads\/2024\/07\/revivir-lanzarote.jpg\" class=\"attachment-full size-full wp-image-2818\" alt=\"Revivir Lanzarote\" srcset=\"https:\/\/puravidalanzarotediving.com\/wp-content\/uploads\/2024\/07\/revivir-lanzarote.jpg 400w, https:\/\/puravidalanzarotediving.com\/wp-content\/uploads\/2024\/07\/revivir-lanzarote-300x119.jpg 300w\" sizes=\"(max-width: 400px) 100vw, 400px\" \/><\/a><\/figure><div class=\"elementor-image-box-content\"><h3 class=\"elementor-image-box-title\"><a href=\"https:\/\/ecoturismo.lanzarotebiosfera.org\/\" target=\"_blank\" rel=\"noopener\">Revivir Lanzarote<\/a><\/h3><p class=\"elementor-image-box-description\">Per il tuo comfort e la tua sicurezza limitiamo i gruppi a 4 studenti per Istruttore \/ DiveMaster.<\/p><\/div><\/div>\t\t\t\t<\/div>\n\t\t\t\t<\/div>\n\t\t\t\t<div class=\"elementor-element elementor-element-3971853 elementor-position-top elementor-widget elementor-widget-image-box\" data-id=\"3971853\" data-element_type=\"widget\" data-e-type=\"widget\" data-widget_type=\"image-box.default\">\n\t\t\t\t<div class=\"elementor-widget-container\">\n\t\t\t\t\t<div class=\"elementor-image-box-wrapper\"><figure class=\"elementor-image-box-img\"><a href=\"https:\/\/lanzaroteesd.com\/\" target=\"_blank\" tabindex=\"-1\" rel=\"noopener\"><img decoding=\"async\" width=\"250\" height=\"99\" src=\"https:\/\/puravidalanzarotediving.com\/wp-content\/uploads\/2024\/07\/lanzarote-sports-destination.jpg\" class=\"attachment-full size-full wp-image-2813\" alt=\"Lanzarote Sports Destination\" \/><\/a><\/figure><div class=\"elementor-image-box-content\"><h3 class=\"elementor-image-box-title\"><a href=\"https:\/\/lanzaroteesd.com\/\" target=\"_blank\" rel=\"noopener\">Lanzarote European Destination <\/a><\/h3><p class=\"elementor-image-box-description\">Strutture moderne : Reception e negozio : Nuova attrezzatura subacquea : Armadietti : Area lavaggio attrezzatura : Aule confortevoli : Docce : Zona Wifi<\/p><\/div><\/div>\t\t\t\t<\/div>\n\t\t\t\t<\/div>\n\t\t\t\t\t<\/div>\n\t\t\t\t<\/div>\n\t\t\t\t\t<\/div>\n\t\t<\/div>\n\t\t\t\t\t<\/div>\n\t\t<\/section>\n\t\t<div class=\"wd-negative-gap elementor-element elementor-element-0503dac e-flex e-con-boxed e-con e-parent\" data-id=\"0503dac\" data-element_type=\"container\" data-e-type=\"container\">\n\t\t\t\t\t<div class=\"e-con-inner\">\n\t\t\t\t<div class=\"elementor-element elementor-element-ae27afd color-scheme-inherit text-left elementor-widget elementor-widget-text-editor\" data-id=\"ae27afd\" data-element_type=\"widget\" data-e-type=\"widget\" data-widget_type=\"text-editor.default\">\n\t\t\t\t<div class=\"elementor-widget-container\">\n\t\t\t\t\t\t\t\t\t<div class=\"wpb_text_column wpb_content_element vc_custom_1581675963960\">\n<div class=\"wpb_wrapper\">\n<div class=\"vc_row wpb_row section vc_row-fluid vc_custom_1565774283376 grid_section\">\n<div class=\" section_inner clearfix\">\n<div class=\"section_inner_margin clearfix\">\n<div class=\"wpb_column vc_column_container vc_col-sm-12\">\n<div class=\"vc_column-inner\">\n<div class=\"wpb_wrapper\">\n<div class=\"wpb_text_column wpb_content_element \">\n<div class=\"wpb_wrapper\">\n<p>Coprendo <strong>due terzi del nostro pianeta<\/strong>, i mari contengono l&#8217;80% degli organismi viventi della Terra.<strong> La met\u00e0 dell\u2019ossigen<\/strong>o che respiriamo proviene dagli oceani, che stabilizzano anche il clima e consentono la circolazione dei nutrienti in tutto il pianeta.<\/p>\n<p>Regolano l&#8217;acqua e sono <strong>essenziali per la produzione di acqua dolce <\/strong>e per l&#8217;assorbimento del carbonio. Forniscono anche cibo e altre risorse, commercio e rotte migratorie. <\/p>\n<p>L\u2019elenco delle <strong>minacce<\/strong> \u00e8 lungo: pesca distruttiva, scarico di rifiuti, petrolio e prodotti chimici, uso di dispositivi acustici subacquei, attivit\u00e0 militare, invasione di specie non autoctone, impatto del cambiamento climatico, estrazione di sabbia o materiali da costruzione, sfruttamento di idrocarburi, espansione urbana sulla costa, come alcuni esempi.<\/p>\n<p><strong>In cifre<\/strong>, ogni anno il materiale plastico finito in fondo al mare ha causato la morte di <strong>un milione di uccelli<\/strong> marini,<strong> 100.000 mammiferi<\/strong> e innumerevoli pesci! Negli ultimi dieci anni sono stati fuoriusciti accidentalmente in media <strong>600.000 barili<\/strong> di petrolio all\u2019anno. <\/p>\n<p>Le popolazioni di pesci di grandi dimensioni come il tonno, il merluzzo e il pesce spada sono <strong>diminuite fino al 90%<\/strong> nell&#8217;ultimo secolo. Esiste una minaccia reale e comprovata per gli squali. Ogni anno nel mondo <strong>vengono uccisi<\/strong> <strong>100 milioni di squali (270.000 al giorno)<\/strong> e alcune delle loro specie sono a rischio di estinzione che, se dovesse verificarsi, avrebbe conseguenze disastrose sulla vita in superficie.  <\/p>\n<\/div>\n<\/div>\n<\/div>\n<\/div>\n<\/div>\n<\/div>\n<\/div>\n<\/div>\n<\/div>\n<\/div>\n\t\t\t\t\t\t\t\t<\/div>\n\t\t\t\t<\/div>\n\t\t\t\t\t<\/div>\n\t\t\t\t<\/div>\n\t\t<div class=\"wd-negative-gap elementor-element elementor-element-cb13ecb e-flex e-con-boxed e-con e-parent\" data-id=\"cb13ecb\" data-element_type=\"container\" data-e-type=\"container\">\n\t\t\t\t\t<div class=\"e-con-inner\">\n\t\t<div class=\"elementor-element elementor-element-9f4510e e-con-full e-flex e-con e-child\" data-id=\"9f4510e\" data-element_type=\"container\" data-e-type=\"container\">\n\t\t\t\t<div class=\"elementor-element elementor-element-4e51f49 elementor-widget elementor-widget-heading\" data-id=\"4e51f49\" data-element_type=\"widget\" data-e-type=\"widget\" data-widget_type=\"heading.default\">\n\t\t\t\t<div class=\"elementor-widget-container\">\n\t\t\t\t\t<h2 class=\"elementor-heading-title elementor-size-default\">Pulizia mensile della spiaggia<\/h2>\t\t\t\t<\/div>\n\t\t\t\t<\/div>\n\t\t\t\t<div class=\"elementor-element elementor-element-a908104 color-scheme-inherit text-left elementor-widget elementor-widget-text-editor\" data-id=\"a908104\" data-element_type=\"widget\" data-e-type=\"widget\" data-widget_type=\"text-editor.default\">\n\t\t\t\t<div class=\"elementor-widget-container\">\n\t\t\t\t\t\t\t\t\t<div class=\"wpb_text_column wpb_content_element vc_custom_1581675963960\">\n<div class=\"wpb_wrapper\">\n<div class=\"vc_row wpb_row section vc_row-fluid vc_custom_1565774283376 grid_section\">\n<div class=\" section_inner clearfix\">\n<div class=\"section_inner_margin clearfix\">\n<div class=\"wpb_column vc_column_container vc_col-sm-12\">\n<div class=\"vc_column-inner\">\n<div class=\"wpb_wrapper\">\n<div class=\"wpb_text_column wpb_content_element \">\n<div class=\"wpb_wrapper\">\n<p>Il primo sabato di marzo 2018 abbiamo avviato il progetto di pulizia delle spiagge e dei fondali marini nel comune di Yaiza. L&#8217;idea era di generare una periodicit\u00e0 fissa in cui la popolazione e il turismo finissero per sapere che a Playa Blanca ogni primo sabato si svolgono pulizie a cui possono partecipare. <\/p>\n<p><strong>Dal 2018 <\/strong>organizziamo <strong>pi\u00f9 di 6 pulizie annuali<\/strong>, sia sott&#8217;acqua che dalla superficie.<\/p>\n<p>Con la soddisfazione di aver stabilito una data fissa nel calendario del sud dell&#8217;isola da dedicare alla cura del nostro ambiente il<strong> 2\u00b0 sabato di ogni mese<\/strong>. Per ulteriori informazioni <a href=\"https:\/\/puravidalanzarotediving.com\/contacta\/\">contattare qui<\/a> <\/p>\n<p>Gli Obiettivi che ci siamo prefissati quest\u2019anno sono:<\/p>\n<ul>\n<li><i>Spiagge e fondali puliti. <\/i><\/li>\n<\/ul>\n<ul>\n<li>Creare uno spazio di azione collettiva e di relazione tra istituzioni pubbliche, imprese, popolazione locale e turismo. <\/li>\n<\/ul>\n<ul>\n<li>Sensibilizzare la stessa Pubblica Amministrazione, le altre aziende, la popolazione locale e il turismo che ci visita. <\/li>\n<li>Lavoro sulla configurazione del turismo sostenibile a Lanzarote.<\/li>\n<\/ul>\n<ul class=\"checkgreen\">\n<li><strong>Nei media:<\/strong><\/li>\n<li><a href=\"https:\/\/www.lancelotdigital.com\/municipios\/mas-de-cien-voluntarios-en-la-decimoquinta-accion-medioambiental-en-playa-blanca\" target=\"_blank\" rel=\"noopener noreferrer\">Lancelot TV<\/a><\/li>\n<li><a href=\"https:\/\/revistaalsolajero.com\/nueva-limpieza-de-litoral-y-fondo-marino-con-voluntarios-en-playa-flamingo\/\" target=\"_blank\" rel=\"noopener noreferrer\">Rivista Anchelajero<\/a><\/li>\n<li><a href=\"https:\/\/yaiza.es\/yaiza-homenajea-al-voluntariado-que-limpia-playas-en-el-primer-aniversario-de-las-jornadas\" target=\"_blank\" rel=\"noopener noreferrer\">Yaiza te Informa<\/a><\/li>\n<\/ul>\n<\/div>\n<\/div>\n<\/div>\n<\/div>\n<\/div>\n<\/div>\n<\/div>\n<\/div>\n<\/div>\n<\/div>\n\t\t\t\t\t\t\t\t<\/div>\n\t\t\t\t<\/div>\n\t\t\t\t<\/div>\n\t\t<div class=\"elementor-element elementor-element-3512a1f e-con-full e-flex e-con e-child\" data-id=\"3512a1f\" data-element_type=\"container\" data-e-type=\"container\">\n\t\t\t\t<div class=\"elementor-element elementor-element-9efbc86 elementor-widget elementor-widget-image\" data-id=\"9efbc86\" data-element_type=\"widget\" data-e-type=\"widget\" data-widget_type=\"image.default\">\n\t\t\t\t<div class=\"elementor-widget-container\">\n\t\t\t\t\t\t\t\t\t\t\t\t\t\t\t<img decoding=\"async\" width=\"2172\" height=\"2250\" src=\"https:\/\/puravidalanzarotediving.com\/wp-content\/uploads\/2024\/07\/Limpieza-de-Playas-Lanzarote.jpg\" class=\"attachment-full size-full wp-image-2798\" alt=\"Limpieza de Playas Lanzarote\" srcset=\"https:\/\/puravidalanzarotediving.com\/wp-content\/uploads\/2024\/07\/Limpieza-de-Playas-Lanzarote.jpg 2172w, https:\/\/puravidalanzarotediving.com\/wp-content\/uploads\/2024\/07\/Limpieza-de-Playas-Lanzarote-290x300.jpg 290w, https:\/\/puravidalanzarotediving.com\/wp-content\/uploads\/2024\/07\/Limpieza-de-Playas-Lanzarote-989x1024.jpg 989w, https:\/\/puravidalanzarotediving.com\/wp-content\/uploads\/2024\/07\/Limpieza-de-Playas-Lanzarote-768x796.jpg 768w, https:\/\/puravidalanzarotediving.com\/wp-content\/uploads\/2024\/07\/Limpieza-de-Playas-Lanzarote-1483x1536.jpg 1483w, https:\/\/puravidalanzarotediving.com\/wp-content\/uploads\/2024\/07\/Limpieza-de-Playas-Lanzarote-1977x2048.jpg 1977w\" sizes=\"(max-width: 2172px) 100vw, 2172px\" \/>\t\t\t\t\t\t\t\t\t\t\t\t\t\t\t<\/div>\n\t\t\t\t<\/div>\n\t\t\t\t<\/div>\n\t\t\t\t\t<\/div>\n\t\t\t\t<\/div>\n\t\t<div class=\"wd-negative-gap elementor-element elementor-element-01f9eec e-flex e-con-boxed e-con e-parent\" data-id=\"01f9eec\" data-element_type=\"container\" data-e-type=\"container\">\n\t\t\t\t\t<div class=\"e-con-inner\">\n\t\t<div class=\"elementor-element elementor-element-709f07c e-con-full e-flex e-con e-child\" data-id=\"709f07c\" data-element_type=\"container\" data-e-type=\"container\">\n\t\t\t\t<div class=\"elementor-element elementor-element-b74d4ad elementor-widget elementor-widget-image\" data-id=\"b74d4ad\" data-element_type=\"widget\" data-e-type=\"widget\" data-widget_type=\"image.default\">\n\t\t\t\t<div class=\"elementor-widget-container\">\n\t\t\t\t\t\t\t\t\t\t\t\t\t\t\t<img decoding=\"async\" width=\"1000\" height=\"1000\" src=\"https:\/\/puravidalanzarotediving.com\/wp-content\/uploads\/2024\/07\/blue-oceans-ssi.jpg\" class=\"attachment-full size-full wp-image-2803\" alt=\"Blue Oceans SSI\" srcset=\"https:\/\/puravidalanzarotediving.com\/wp-content\/uploads\/2024\/07\/blue-oceans-ssi.jpg 1000w, https:\/\/puravidalanzarotediving.com\/wp-content\/uploads\/2024\/07\/blue-oceans-ssi-300x300.jpg 300w, https:\/\/puravidalanzarotediving.com\/wp-content\/uploads\/2024\/07\/blue-oceans-ssi-150x150.jpg 150w, https:\/\/puravidalanzarotediving.com\/wp-content\/uploads\/2024\/07\/blue-oceans-ssi-768x768.jpg 768w, https:\/\/puravidalanzarotediving.com\/wp-content\/uploads\/2024\/07\/blue-oceans-ssi-600x600.jpg 600w\" sizes=\"(max-width: 1000px) 100vw, 1000px\" \/>\t\t\t\t\t\t\t\t\t\t\t\t\t\t\t<\/div>\n\t\t\t\t<\/div>\n\t\t\t\t<\/div>\n\t\t<div class=\"elementor-element elementor-element-62e57c3 e-con-full e-flex e-con e-child\" data-id=\"62e57c3\" data-element_type=\"container\" data-e-type=\"container\">\n\t\t\t\t<div class=\"elementor-element elementor-element-e915126 elementor-widget elementor-widget-heading\" data-id=\"e915126\" data-element_type=\"widget\" data-e-type=\"widget\" data-widget_type=\"heading.default\">\n\t\t\t\t<div class=\"elementor-widget-container\">\n\t\t\t\t\t<h2 class=\"elementor-heading-title elementor-size-default\">Regole di un subacqueo impegnato<\/h2>\t\t\t\t<\/div>\n\t\t\t\t<\/div>\n\t\t\t\t<div class=\"elementor-element elementor-element-862d99d color-scheme-inherit text-left elementor-widget elementor-widget-text-editor\" data-id=\"862d99d\" data-element_type=\"widget\" data-e-type=\"widget\" data-widget_type=\"text-editor.default\">\n\t\t\t\t<div class=\"elementor-widget-container\">\n\t\t\t\t\t\t\t\t\t<ul class=\"checkgreen\">\n<li>Sostieni progetti dedicati alla protezione marina, come le nostre pulizie mensili.<\/li>\n<li>Se possibile, raccogli la spazzatura durante le tue immersioni, ma solo se ci\u00f2 non causa ulteriori danni all&#8217;ambiente.<\/li>\n<li>Se possibile, tagliare le corde sospese e raccogliere reti e plastica.<\/li>\n<li>Non gettare mai i rifiuti inorganici in mare: la plastica si decompone con una lentezza incredibile.<\/li>\n<li>Riduci al minimo i tuoi rifiuti: utilizza tazze da caff\u00e8 e contenitori per il pranzo riutilizzabili, bottiglie di vetro o metallo e borse della spesa<\/li>\n<li>Non dare da mangiare o disturbare gli animali marini<\/li>\n<li>Non prendere souvenir dal mare: pezzi di corallo rotti o conchiglie vuote servono ancora come habitat utile<\/li>\n<\/ul>\n\t\t\t\t\t\t\t\t<\/div>\n\t\t\t\t<\/div>\n\t\t\t\t<\/div>\n\t\t\t\t\t<\/div>\n\t\t\t\t<\/div>\n\t\t\t\t<\/div>\n\t\t","protected":false},"excerpt":{"rendered":"<p>Pura Vida \u00e8 Eco Dive Pura Vida Lanzarote pratica l&#8217;eco diving ogni giorno per contribuire, attraverso il nostro sport, a<\/p>\n","protected":false},"author":1,"featured_media":0,"parent":0,"menu_order":0,"comment_status":"closed","ping_status":"closed","template":"","meta":{"_joinchat":[],"footnotes":""},"class_list":["post-5992","page","type-page","status-publish","hentry"],"_links":{"self":[{"href":"https:\/\/puravidalanzarotediving.com\/it\/wp-json\/wp\/v2\/pages\/5992","targetHints":{"allow":["GET"]}}],"collection":[{"href":"https:\/\/puravidalanzarotediving.com\/it\/wp-json\/wp\/v2\/pages"}],"about":[{"href":"https:\/\/puravidalanzarotediving.com\/it\/wp-json\/wp\/v2\/types\/page"}],"author":[{"embeddable":true,"href":"https:\/\/puravidalanzarotediving.com\/it\/wp-json\/wp\/v2\/users\/1"}],"replies":[{"embeddable":true,"href":"https:\/\/puravidalanzarotediving.com\/it\/wp-json\/wp\/v2\/comments?post=5992"}],"version-history":[{"count":0,"href":"https:\/\/puravidalanzarotediving.com\/it\/wp-json\/wp\/v2\/pages\/5992\/revisions"}],"wp:attachment":[{"href":"https:\/\/puravidalanzarotediving.com\/it\/wp-json\/wp\/v2\/media?parent=5992"}],"curies":[{"name":"wp","href":"https:\/\/api.w.org\/{rel}","templated":true}]}}